{"id":4154,"date":"2025-05-06T17:26:56","date_gmt":"2025-05-06T17:26:56","guid":{"rendered":"https:\/\/coletivoamarelo.com\/?post_type=product&#038;p=4154"},"modified":"2025-07-18T15:46:24","modified_gmt":"2025-07-18T15:46:24","slug":"colar-o-conto-com-cristina-helcias","status":"publish","type":"product","link":"https:\/\/coletivoamarelo.com\/nl\/product\/colar-o-conto-com-cristina-helcias\/","title":{"rendered":"Het verhaal plakken, met Cristina H\u00e9lcias"},"content":{"rendered":"<p>Braziliaans van Recife, <strong>Cris H\u00e9lcias<\/strong> Portugal is haar zesde land van verblijf. Als juriste met een achtergrond in de mode stelt ze zich graag voor aan de hand van haar eerste beroep: in de eerste plaats is Cris een lezer. Sinds 2022 promoot en bemiddelt ze leesclubs in Portugal en cre\u00ebert ze gevoelige ontmoetingsplaatsen tussen mensen en boeken. <img loading=\"lazy\" decoding=\"async\" class=\"alignnone wp-image-4157\" src=\"https:\/\/coletivoamarelo.com\/wp-content\/uploads\/2025\/05\/Cris-Helcias-300x200.jpg\" alt=\"\" width=\"412\" height=\"274\" \/><\/p>","protected":false},"excerpt":{"rendered":"<blockquote><p>Workshop reeds gehouden. Als je ge\u00efnteresseerd bent in deelname aan een toekomstige workshop, <a href=\"https:\/\/forms.gle\/marWADNXDX97weh79\">klik hier<\/a> om op de hoogte te blijven van nieuwe lessen.<\/p><\/blockquote>\n<p><strong>LEZEN, KNIPPEN EN PLAKKEN, <\/strong>of <strong>PLAK EEN KORT VERHAAL,<\/strong> is een tweetalige collageworkshop gebaseerd op een kort verhaal. We beginnen met het lezen van een kort verhaal (beschikbaar in het Portugees en Engels), en van daaruit maakt elke deelnemer een visuele reactie met behulp van collage en tekeningen. Ervaring met kunst of schrijven is niet nodig - alleen de bereidheid om te ontdekken.<\/p>\n<p>Deelnemers zijn welkom om zichzelf uit te drukken, te cre\u00ebren en te delen in beide talen.<\/p>\n<p>De workshop vindt persoonlijk plaats bij Galeria Coletivo Amarelo, in Marvila, Lissabon.<\/p>","protected":false},"featured_media":4155,"template":"","meta":{"_et_pb_use_builder":"off","_et_pb_old_content":"Brasileira do Recife, <strong>Cris H\u00e9lcias<\/strong> faz de Portugal o seu sexto pa\u00eds de resid\u00eancia. Advogada com passagem pela moda, gosta de se apresentar pela sua primeira ocupa\u00e7\u00e3o: antes de qualquer coisa, Cris \u00e9 leitora. Desde 2022, fomenta e media clubes de leitura em Portugal, criando espa\u00e7os sens\u00edveis de encontro entre pessoas e livros.\r\n\r\n<img class=\"alignnone wp-image-4157\" src=\"https:\/\/coletivoamarelo.com\/wp-content\/uploads\/2025\/05\/Cris-Helcias-300x200.jpg\" alt=\"\" width=\"412\" height=\"274\" \/>","_et_gb_content_width":""},"product_brand":[],"product_cat":[130],"product_tag":[136],"class_list":{"0":"post-4154","1":"product","2":"type-product","3":"status-publish","4":"has-post-thumbnail","6":"product_cat-workshops","7":"product_tag-workshops","8":"cla-colections-workshops","10":"first","11":"outofstock","12":"purchasable","13":"product-type-simple"},"acf":[],"yoast_head":"<!-- This site is optimized with the Yoast SEO Premium plugin v15.3 - https:\/\/yoast.com\/wordpress\/plugins\/seo\/ -->\n<title>Colar o Conto, com Cristina H\u00e9lcias &mdash; Coletivo Amarelo<\/title>\n<meta name=\"robots\" content=\"index, follow, max-snippet:-1, max-image-preview:large, max-video-preview:-1\" \/>\n<link rel=\"canonical\" href=\"https:\/\/coletivoamarelo.com\/nl\/product\/colar-o-conto-com-cristina-helcias\/\" \/>\n<meta property=\"og:locale\" content=\"nl_NL\" \/>\n<meta property=\"og:type\" content=\"article\" \/>\n<meta property=\"og:title\" content=\"Colar o Conto, com Cristina H\u00e9lcias &mdash; Coletivo Amarelo\" \/>\n<meta property=\"og:description\" content=\"Oficina j\u00e1 realizada. Se tiver interesse em fazer parte de uma pr\u00f3xima turma, clique aqui para ser informado sobre novas turmas. READ, CUT &amp; PASTE, ou COLAR UM CONTO, \u00e9 uma oficina bil\u00edngue de colagem a partir de um conto. Come\u00e7aremos com a leitura de um conto (dispon\u00edvel em portugu\u00eas e ingl\u00eas), e a partir dele, cada participante criar\u00e1 uma resposta visual usando colagem e desenho. N\u00e3o \u00e9 necess\u00e1rio ter experi\u00eancia pr\u00e9via com arte ou escrita\u2014basta vontade de explorar.  Os participantes s\u00e3o bem-vindos a se expressar, criar e compartilhar em qualquer um dos dois idiomas.  A oficina ocorre de forma presencial no espa\u00e7o da Galeria Coletivo Amarelo, em Marvila, Lisboa\" \/>\n<meta property=\"og:url\" content=\"https:\/\/coletivoamarelo.com\/nl\/product\/colar-o-conto-com-cristina-helcias\/\" \/>\n<meta property=\"og:site_name\" content=\"Coletivo Amarelo\" \/>\n<meta property=\"article:modified_time\" content=\"2025-07-18T15:46:24+00:00\" \/>\n<meta property=\"og:image\" content=\"https:\/\/coletivoamarelo.com\/wp-content\/uploads\/2025\/05\/capa.jpg\" \/>\n\t<meta property=\"og:image:width\" content=\"1280\" \/>\n\t<meta property=\"og:image:height\" content=\"1600\" \/>\n<meta name=\"twitter:card\" content=\"summary_large_image\" \/>\n<meta name=\"twitter:label1\" content=\"Geschreven door\">\n\t<meta name=\"twitter:data1\" content=\"Alexandre Cagnoni\">\n\t<meta name=\"twitter:label2\" content=\"Geschatte leestijd\">\n\t<meta name=\"twitter:data2\" content=\"0 minuten\">\n<script type=\"application\/ld+json\" class=\"yoast-schema-graph\">{\"@context\":\"https:\/\/schema.org\",\"@graph\":[{\"@type\":\"Organization\",\"@id\":\"https:\/\/coletivoamarelo.com\/#organization\",\"name\":\"Coletivo Amarelo\",\"url\":\"https:\/\/coletivoamarelo.com\/\",\"sameAs\":[],\"logo\":{\"@type\":\"ImageObject\",\"@id\":\"https:\/\/coletivoamarelo.com\/#logo\",\"inLanguage\":\"nl-NL\",\"url\":\"https:\/\/coletivoamarelo.com\/wp-content\/uploads\/2023\/01\/coletivo-amarelo-logo-04.svg\",\"caption\":\"Coletivo Amarelo\"},\"image\":{\"@id\":\"https:\/\/coletivoamarelo.com\/#logo\"}},{\"@type\":\"WebSite\",\"@id\":\"https:\/\/coletivoamarelo.com\/#website\",\"url\":\"https:\/\/coletivoamarelo.com\/\",\"name\":\"Coletivo Amarelo\",\"description\":\"\",\"publisher\":{\"@id\":\"https:\/\/coletivoamarelo.com\/#organization\"},\"potentialAction\":[{\"@type\":\"SearchAction\",\"target\":\"https:\/\/coletivoamarelo.com\/?s={search_term_string}\",\"query-input\":\"required name=search_term_string\"}],\"inLanguage\":\"nl-NL\"},{\"@type\":\"ImageObject\",\"@id\":\"https:\/\/coletivoamarelo.com\/produto\/colar-o-conto-com-cristina-helcias\/#primaryimage\",\"inLanguage\":\"nl-NL\",\"url\":\"https:\/\/coletivoamarelo.com\/wp-content\/uploads\/2025\/05\/capa.jpg\",\"width\":1280,\"height\":1600},{\"@type\":\"WebPage\",\"@id\":\"https:\/\/coletivoamarelo.com\/produto\/colar-o-conto-com-cristina-helcias\/#webpage\",\"url\":\"https:\/\/coletivoamarelo.com\/produto\/colar-o-conto-com-cristina-helcias\/\",\"name\":\"Colar o Conto, com Cristina H\\u00e9lcias &mdash; Coletivo Amarelo\",\"isPartOf\":{\"@id\":\"https:\/\/coletivoamarelo.com\/#website\"},\"primaryImageOfPage\":{\"@id\":\"https:\/\/coletivoamarelo.com\/produto\/colar-o-conto-com-cristina-helcias\/#primaryimage\"},\"datePublished\":\"2025-05-06T17:26:56+00:00\",\"dateModified\":\"2025-07-18T15:46:24+00:00\",\"breadcrumb\":{\"@id\":\"https:\/\/coletivoamarelo.com\/produto\/colar-o-conto-com-cristina-helcias\/#breadcrumb\"},\"inLanguage\":\"nl-NL\",\"potentialAction\":[{\"@type\":\"ReadAction\",\"target\":[\"https:\/\/coletivoamarelo.com\/produto\/colar-o-conto-com-cristina-helcias\/\"]}]},{\"@type\":\"BreadcrumbList\",\"@id\":\"https:\/\/coletivoamarelo.com\/produto\/colar-o-conto-com-cristina-helcias\/#breadcrumb\",\"itemListElement\":[{\"@type\":\"ListItem\",\"position\":1,\"item\":{\"@type\":\"WebPage\",\"@id\":\"https:\/\/coletivoamarelo.com\/\",\"url\":\"https:\/\/coletivoamarelo.com\/\",\"name\":\"Home\"}},{\"@type\":\"ListItem\",\"position\":2,\"item\":{\"@type\":\"WebPage\",\"@id\":\"https:\/\/coletivoamarelo.com\/colecao\/\",\"url\":\"https:\/\/coletivoamarelo.com\/colecao\/\",\"name\":\"Cole\\u00e7\\u00e3o\"}},{\"@type\":\"ListItem\",\"position\":3,\"item\":{\"@type\":\"WebPage\",\"@id\":\"https:\/\/coletivoamarelo.com\/produto\/colar-o-conto-com-cristina-helcias\/\",\"url\":\"https:\/\/coletivoamarelo.com\/produto\/colar-o-conto-com-cristina-helcias\/\",\"name\":\"Colar o Conto, com Cristina H\\u00e9lcias\"}}]}]}<\/script>\n<!-- \/ Yoast SEO Premium plugin. -->","jetpack_sharing_enabled":true,"_links":{"self":[{"href":"https:\/\/coletivoamarelo.com\/nl\/wp-json\/wp\/v2\/product\/4154","targetHints":{"allow":["GET"]}}],"collection":[{"href":"https:\/\/coletivoamarelo.com\/nl\/wp-json\/wp\/v2\/product"}],"about":[{"href":"https:\/\/coletivoamarelo.com\/nl\/wp-json\/wp\/v2\/types\/product"}],"wp:featuredmedia":[{"embeddable":true,"href":"https:\/\/coletivoamarelo.com\/nl\/wp-json\/wp\/v2\/media\/4155"}],"wp:attachment":[{"href":"https:\/\/coletivoamarelo.com\/nl\/wp-json\/wp\/v2\/media?parent=4154"}],"wp:term":[{"taxonomy":"product_brand","embeddable":true,"href":"https:\/\/coletivoamarelo.com\/nl\/wp-json\/wp\/v2\/product_brand?post=4154"},{"taxonomy":"product_cat","embeddable":true,"href":"https:\/\/coletivoamarelo.com\/nl\/wp-json\/wp\/v2\/product_cat?post=4154"},{"taxonomy":"product_tag","embeddable":true,"href":"https:\/\/coletivoamarelo.com\/nl\/wp-json\/wp\/v2\/product_tag?post=4154"}],"curies":[{"name":"wp","href":"https:\/\/api.w.org\/{rel}","templated":true}]}}