{"id":4058,"date":"2025-05-02T11:24:03","date_gmt":"2025-05-02T11:24:03","guid":{"rendered":"https:\/\/coletivoamarelo.com\/?post_type=product&#038;p=4058"},"modified":"2025-07-18T15:50:22","modified_gmt":"2025-07-18T15:50:22","slug":"o_verso_da_casa","status":"publish","type":"product","link":"https:\/\/coletivoamarelo.com\/nl\/product\/o_verso_da_casa\/","title":{"rendered":"De achterkant van het huis, met Luiza Baldan"},"content":{"rendered":"<p><span class=\"tutor-fs-6 tutor-fw-bold tutor-color-black\"><strong>Luiza Baldan<\/strong> \u00e9<\/span> Ze heeft een doctoraat en een master in visuele talen van de UFRJ en een bachelor in visuele kunsten van de Florida International University (VS). Als kunstenaar werkt ze met multisensori\u00eble observatie-oefeningen en produceert ze teksten, foto's en audio- en video-installaties. Ze werkt ook samen met kunstinstellingen en onafhankelijke ruimtes als projectbegeleider en curator. Momenteel is ze co-manager van NowHere Lisboa.<\/p>\n<p><img loading=\"lazy\" decoding=\"async\" class=\"alignnone size-medium wp-image-4066\" src=\"https:\/\/coletivoamarelo.com\/wp-content\/uploads\/2025\/05\/Luiza-Baldan-300x300.webp\" alt=\"\" width=\"300\" height=\"300\" \/><\/p>","protected":false},"excerpt":{"rendered":"<blockquote><p>Workshop reeds gehouden. Als je ge\u00efnteresseerd bent in deelname aan een toekomstige workshop, <a href=\"https:\/\/forms.gle\/marWADNXDX97weh79\">klik hier<\/a> om op de hoogte te blijven van nieuwe lessen.<\/p><\/blockquote>\n<p><strong>DE ACHTERKANT VAN HET HUIS<\/strong> is een online cursus die een onderdompeling voorstelt in het geheugen van bewoonde ruimtes - vooral ouderlijke huizen - als een manier om te begrijpen hoe we ruimte vandaag de dag waarnemen en cre\u00ebren. Door middel van teksten, beelden en creatieve oefeningen verkennen we het geheugen als een fabulatie en een startpunt voor de artistieke praktijk.<\/p>\n<p>In vier online bijeenkomsten brengen we fotografische teksten en verbale beelden samen. Het voorstel is gebaseerd op het principe dat het geheugen nooit puur is: het wordt altijd doorkruist door het heden. Elke keer dat we terugkeren naar een beeld uit het verleden, wordt het bemiddeld door de blik die we nu hebben, door de taal die ons nu kruist, door de ervaringen die we in de loop der tijd hebben opgedaan.<\/p>\n<p>De cursus is gebaseerd op het lezen van werken zoals The Poetics of Space en The Poetics of Reverie van Gaston Bachelard, het masteronderzoek van de kunstenaar Luiza Baldan (Places that Inhabit Places), evenals teksten van Braziliaanse auteurs zoals Graciliano Ramos, Ana Martins Marques, Ad\u00e9lia Prado, Cora Coralina, Manoel de Barros, onder anderen.<\/p>\n<blockquote>\n<h4><em>De cursus wordt afgesloten met een pop-up tentoonstelling in de Coletivo Amarelo Gallery in Lissabon, met deelname van \u00e9\u00e9n werk per deelnemer.<\/em><\/h4>\n<\/blockquote>","protected":false},"featured_media":4147,"template":"","meta":{"_et_pb_use_builder":"off","_et_pb_old_content":"<span class=\"tutor-fs-6 tutor-fw-bold tutor-color-black\"><strong>Luiza Baldan<\/strong> \u00e9<\/span>\u00a0doutora e mestra em Linguagens Visuais pela UFRJ e bacharel em Artes Visuais pela Florida International University (EUA). Como artista, trabalha com exerci\u0301cios de observac\u0327a\u0303o multissensorial, produzindo textos, fotografias e instalac\u0327o\u0303es de a\u0301udio e vi\u0301deo. Tamb\u00e9m colabora com instituic\u0327o\u0303es de arte e espac\u0327os independentes como orientadora de projetos e curadora. Atualmente e\u0301 co-gestora do NowHere Lisboa.\r\n\r\n<img class=\"alignnone size-medium wp-image-4066\" src=\"https:\/\/coletivoamarelo.com\/wp-content\/uploads\/2025\/05\/Luiza-Baldan-300x300.webp\" alt=\"\" width=\"300\" height=\"300\" \/>","_et_gb_content_width":""},"product_brand":[],"product_cat":[130],"product_tag":[136],"class_list":{"0":"post-4058","1":"product","2":"type-product","3":"status-publish","4":"has-post-thumbnail","6":"product_cat-workshops","7":"product_tag-workshops","8":"cla-colections-workshops","10":"first","11":"outofstock","12":"virtual","13":"purchasable","14":"product-type-simple"},"acf":[],"yoast_head":"<!-- This site is optimized with the Yoast SEO Premium plugin v15.3 - https:\/\/yoast.com\/wordpress\/plugins\/seo\/ -->\n<title>O Verso da Casa, com Luiza Baldan &mdash; Coletivo Amarelo<\/title>\n<meta name=\"robots\" content=\"index, follow, max-snippet:-1, max-image-preview:large, max-video-preview:-1\" \/>\n<link rel=\"canonical\" href=\"https:\/\/coletivoamarelo.com\/nl\/product\/o_verso_da_casa\/\" \/>\n<meta property=\"og:locale\" content=\"nl_NL\" \/>\n<meta property=\"og:type\" content=\"article\" \/>\n<meta property=\"og:title\" content=\"O Verso da Casa, com Luiza Baldan &mdash; Coletivo Amarelo\" \/>\n<meta property=\"og:description\" content=\"Oficina j\u00e1 realizada. Se tiver interesse em fazer parte de uma pr\u00f3xima turma, clique aqui para ser informado sobre novas turmas. O VERSO DA CASA \u00e9 um curso online que prop\u00f5e uma imers\u00e3o na mem\u00f3ria dos espa\u00e7os habitados \u2013 especialmente as casas da inf\u00e2ncia \u2013 como forma de compreender como percebemos e criamos espa\u00e7o hoje. Atrav\u00e9s de textos, imagens e exerc\u00edcios criativos, exploramos a mem\u00f3ria como fabula\u00e7\u00e3o e ponto de partida para a pr\u00e1tica art\u00edstica.  Em quatro encontros online, reuniremos textos fotogr\u00e1ficos e imagens verbais. A proposta parte do princ\u00edpio de que a mem\u00f3ria nunca \u00e9 pura: \u00e9 sempre atravessada pelo presente. Cada vez que retornamos a uma imagem do passado, ela vem mediada pelo olhar que temos hoje, pela linguagem que nos atravessa agora, pelas experi\u00eancias acumuladas ao longo do tempo.  O curso parte da leitura de obras como A Po\u00e9tica do Espa\u00e7o e A Po\u00e9tica do Devaneio, de Gaston Bachelard, da pesquisa de mestrado da artista Luiza Baldan (Lugares que Habitam Lugares), al\u00e9m de textos de autores brasileiros como Graciliano Ramos, Ana Martins Marques, Ad\u00e9lia Prado, Cora Coralina, Manoel de Barros, entre outros.  O curso culmina em uma exposi\u00e7\u00e3o pop-up na Galeria Coletivo Amarelo, em Lisboa, com a participa\u00e7\u00e3o de 1 trabalho por integrante.\" \/>\n<meta property=\"og:url\" content=\"https:\/\/coletivoamarelo.com\/nl\/product\/o_verso_da_casa\/\" \/>\n<meta property=\"og:site_name\" content=\"Coletivo Amarelo\" \/>\n<meta property=\"article:modified_time\" content=\"2025-07-18T15:50:22+00:00\" \/>\n<meta property=\"og:image\" content=\"https:\/\/coletivoamarelo.com\/wp-content\/uploads\/2025\/05\/o-verso-da-casa-luizabaldan.jpeg\" \/>\n\t<meta property=\"og:image:width\" content=\"1280\" \/>\n\t<meta property=\"og:image:height\" content=\"1600\" \/>\n<meta name=\"twitter:card\" content=\"summary_large_image\" \/>\n<meta name=\"twitter:label1\" content=\"Geschreven door\">\n\t<meta name=\"twitter:data1\" content=\"veruscka\">\n\t<meta name=\"twitter:label2\" content=\"Geschatte leestijd\">\n\t<meta name=\"twitter:data2\" content=\"0 minuten\">\n<script type=\"application\/ld+json\" class=\"yoast-schema-graph\">{\"@context\":\"https:\/\/schema.org\",\"@graph\":[{\"@type\":\"Organization\",\"@id\":\"https:\/\/coletivoamarelo.com\/#organization\",\"name\":\"Coletivo Amarelo\",\"url\":\"https:\/\/coletivoamarelo.com\/\",\"sameAs\":[],\"logo\":{\"@type\":\"ImageObject\",\"@id\":\"https:\/\/coletivoamarelo.com\/#logo\",\"inLanguage\":\"nl-NL\",\"url\":\"https:\/\/coletivoamarelo.com\/wp-content\/uploads\/2023\/01\/coletivo-amarelo-logo-04.svg\",\"caption\":\"Coletivo Amarelo\"},\"image\":{\"@id\":\"https:\/\/coletivoamarelo.com\/#logo\"}},{\"@type\":\"WebSite\",\"@id\":\"https:\/\/coletivoamarelo.com\/#website\",\"url\":\"https:\/\/coletivoamarelo.com\/\",\"name\":\"Coletivo Amarelo\",\"description\":\"\",\"publisher\":{\"@id\":\"https:\/\/coletivoamarelo.com\/#organization\"},\"potentialAction\":[{\"@type\":\"SearchAction\",\"target\":\"https:\/\/coletivoamarelo.com\/?s={search_term_string}\",\"query-input\":\"required name=search_term_string\"}],\"inLanguage\":\"nl-NL\"},{\"@type\":\"ImageObject\",\"@id\":\"https:\/\/coletivoamarelo.com\/produto\/o_verso_da_casa\/#primaryimage\",\"inLanguage\":\"nl-NL\",\"url\":\"https:\/\/coletivoamarelo.com\/wp-content\/uploads\/2025\/05\/o-verso-da-casa-luizabaldan.jpeg\",\"width\":1280,\"height\":1600},{\"@type\":\"WebPage\",\"@id\":\"https:\/\/coletivoamarelo.com\/produto\/o_verso_da_casa\/#webpage\",\"url\":\"https:\/\/coletivoamarelo.com\/produto\/o_verso_da_casa\/\",\"name\":\"O Verso da Casa, com Luiza Baldan &mdash; Coletivo Amarelo\",\"isPartOf\":{\"@id\":\"https:\/\/coletivoamarelo.com\/#website\"},\"primaryImageOfPage\":{\"@id\":\"https:\/\/coletivoamarelo.com\/produto\/o_verso_da_casa\/#primaryimage\"},\"datePublished\":\"2025-05-02T11:24:03+00:00\",\"dateModified\":\"2025-07-18T15:50:22+00:00\",\"breadcrumb\":{\"@id\":\"https:\/\/coletivoamarelo.com\/produto\/o_verso_da_casa\/#breadcrumb\"},\"inLanguage\":\"nl-NL\",\"potentialAction\":[{\"@type\":\"ReadAction\",\"target\":[\"https:\/\/coletivoamarelo.com\/produto\/o_verso_da_casa\/\"]}]},{\"@type\":\"BreadcrumbList\",\"@id\":\"https:\/\/coletivoamarelo.com\/produto\/o_verso_da_casa\/#breadcrumb\",\"itemListElement\":[{\"@type\":\"ListItem\",\"position\":1,\"item\":{\"@type\":\"WebPage\",\"@id\":\"https:\/\/coletivoamarelo.com\/\",\"url\":\"https:\/\/coletivoamarelo.com\/\",\"name\":\"Home\"}},{\"@type\":\"ListItem\",\"position\":2,\"item\":{\"@type\":\"WebPage\",\"@id\":\"https:\/\/coletivoamarelo.com\/colecao\/\",\"url\":\"https:\/\/coletivoamarelo.com\/colecao\/\",\"name\":\"Cole\\u00e7\\u00e3o\"}},{\"@type\":\"ListItem\",\"position\":3,\"item\":{\"@type\":\"WebPage\",\"@id\":\"https:\/\/coletivoamarelo.com\/produto\/o_verso_da_casa\/\",\"url\":\"https:\/\/coletivoamarelo.com\/produto\/o_verso_da_casa\/\",\"name\":\"O Verso da Casa, com Luiza Baldan\"}}]}]}<\/script>\n<!-- \/ Yoast SEO Premium plugin. -->","jetpack_sharing_enabled":true,"_links":{"self":[{"href":"https:\/\/coletivoamarelo.com\/nl\/wp-json\/wp\/v2\/product\/4058","targetHints":{"allow":["GET"]}}],"collection":[{"href":"https:\/\/coletivoamarelo.com\/nl\/wp-json\/wp\/v2\/product"}],"about":[{"href":"https:\/\/coletivoamarelo.com\/nl\/wp-json\/wp\/v2\/types\/product"}],"wp:featuredmedia":[{"embeddable":true,"href":"https:\/\/coletivoamarelo.com\/nl\/wp-json\/wp\/v2\/media\/4147"}],"wp:attachment":[{"href":"https:\/\/coletivoamarelo.com\/nl\/wp-json\/wp\/v2\/media?parent=4058"}],"wp:term":[{"taxonomy":"product_brand","embeddable":true,"href":"https:\/\/coletivoamarelo.com\/nl\/wp-json\/wp\/v2\/product_brand?post=4058"},{"taxonomy":"product_cat","embeddable":true,"href":"https:\/\/coletivoamarelo.com\/nl\/wp-json\/wp\/v2\/product_cat?post=4058"},{"taxonomy":"product_tag","embeddable":true,"href":"https:\/\/coletivoamarelo.com\/nl\/wp-json\/wp\/v2\/product_tag?post=4058"}],"curies":[{"name":"wp","href":"https:\/\/api.w.org\/{rel}","templated":true}]}}