{"id":3731,"date":"2024-10-31T18:11:35","date_gmt":"2024-10-31T18:11:35","guid":{"rendered":"https:\/\/coletivoamarelo.com\/?post_type=product&#038;p=3731"},"modified":"2025-10-18T11:13:07","modified_gmt":"2025-10-18T11:13:07","slug":"adraga-em-azul-escuro-2024","status":"publish","type":"product","link":"https:\/\/coletivoamarelo.com\/nl\/product\/adraga-em-azul-escuro-2024\/","title":{"rendered":"Adraga in donkerblauw, 2024"},"content":{"rendered":"<p>Olieverfschilderij op papier (50 x 70 cm)<\/p>","protected":false},"excerpt":{"rendered":"<p>Olieverfschilderij op papier (50 x 70 cm), uit een serie van 4 schilderijen die het strand van Adraga in Portugal illustreren.<\/p>\n<blockquote><p>Meer dan tien jaar geleden verliet ik Brazili\u00eb en sindsdien is tijdens mijn reizen over de hele wereld het landschap altijd mijn eerste toevluchtsoord geweest. Toen ik in Portugal aankwam, was het de Atlantische Oceaan - met zijn immense, levende en ontembare aanwezigheid - die me verwelkomde. Het was de Atlantische Oceaan die ervoor zorgde dat ik bleef, me vestigde en een thuis cre\u00eberde. Het landschap dat mij omringt is een constante aanwezigheid geworden in mijn artistieke praktijk. Ik observeer de subtiele variaties in het licht, de bewegingen van de getijden, de bijna onmerkbare veranderingen die de tijd in de vormen aanbrengt. Dit alles voedt mijn blik. In deze serie van vier schilderijen op Adraga Beach probeer ik vast te leggen wat mij van nature ontgaat: het moment dat verandert, de kleur die oplost, de schaduw die verschuift. Het is een poging - misschien tevergeefs, maar ten diepste noodzakelijk - om de tijd te bedwingen, om permanente landschappen te maken die in hun essentie vluchtig zijn.<\/p>\n<p><strong>- Gabriela Albuquerque<\/strong><\/p><\/blockquote>\n<div style=\"width: 480px;\" class=\"wp-video\"><video class=\"wp-video-shortcode\" id=\"video-3731-1\" width=\"480\" height=\"848\" preload=\"metadata\" controls=\"controls\"><source type=\"video\/mp4\" src=\"https:\/\/coletivoamarelo.com\/wp-content\/uploads\/2024\/10\/Video-Adraga.mp4?_=1\" \/><a href=\"https:\/\/coletivoamarelo.com\/wp-content\/uploads\/2024\/10\/Video-Adraga.mp4\">https:\/\/coletivoamarelo.com\/wp-content\/uploads\/2024\/10\/Video-Adraga.mp4<\/a><\/video><\/div>","protected":false},"featured_media":3732,"template":"","meta":{"_et_pb_use_builder":"","_et_pb_old_content":"","_et_gb_content_width":""},"product_brand":[],"product_cat":[62],"product_tag":[],"class_list":{"0":"post-3731","1":"product","2":"type-product","3":"status-publish","4":"has-post-thumbnail","6":"product_cat-pintura","7":"cla-autores-gabriela-albuquerque","8":"cla-colections-aaf-brussels-2025","9":"cla-colections-aaf-hamburg-2025","11":"first","12":"instock","13":"featured","14":"sold-individually","15":"shipping-taxable","16":"product-type-simple"},"acf":[],"yoast_head":"<!-- This site is optimized with the Yoast SEO Premium plugin v15.3 - https:\/\/yoast.com\/wordpress\/plugins\/seo\/ -->\n<title>Adraga em azul escuro, 2024 &mdash; Coletivo Amarelo<\/title>\n<meta name=\"robots\" content=\"index, follow, max-snippet:-1, max-image-preview:large, max-video-preview:-1\" \/>\n<link rel=\"canonical\" href=\"https:\/\/coletivoamarelo.com\/nl\/product\/adraga-em-azul-escuro-2024\/\" \/>\n<meta property=\"og:locale\" content=\"nl_NL\" \/>\n<meta property=\"og:type\" content=\"article\" \/>\n<meta property=\"og:title\" content=\"Adraga em azul escuro, 2024 &mdash; Coletivo Amarelo\" \/>\n<meta property=\"og:description\" content=\"Pintura a \u00f3leo sobre papel (50 x 70 cm), de s\u00e9rie de 4 pinturas ilustrando a praia da Adraga, em Portugal. H\u00e1 mais de uma d\u00e9cada deixei o Brasil, e desde ent\u00e3o, nas minhas travessias pelo mundo, a paisagem tem sido sempre meu primeiro abrigo. Ao chegar a Portugal, foi o Atl\u00e2ntico \u2014 com sua presen\u00e7a imensa, viva e indom\u00e1vel \u2014 que me acolheu. Foi ele quem me fez permanecer, fincar ra\u00edzes, criar casa. A paisagem que me cerca tornou-se presen\u00e7a constante na minha pr\u00e1tica art\u00edstica. Observo as varia\u00e7\u00f5es sutis de luz, os movimentos das mar\u00e9s, as mudan\u00e7as quase impercept\u00edveis que o tempo imprime sobre as formas. Tudo isso alimenta o meu olhar. Nesta s\u00e9rie de quatro pinturas sobre a Praia da Adraga, busco capturar aquilo que, por natureza, escapa: o instante que muda, a cor que se dissolve, a sombra que se desloca. \u00c9 uma tentativa \u2014 talvez v\u00e3, mas profundamente necess\u00e1ria \u2014 de conter o tempo, de tornar permanentes as paisagens que, em sua ess\u00eancia, s\u00e3o ef\u00eameras.  - Gabriela Albuquerque\" \/>\n<meta property=\"og:url\" content=\"https:\/\/coletivoamarelo.com\/nl\/product\/adraga-em-azul-escuro-2024\/\" \/>\n<meta property=\"og:site_name\" content=\"Coletivo Amarelo\" \/>\n<meta property=\"article:modified_time\" content=\"2025-10-18T11:13:07+00:00\" \/>\n<meta property=\"og:image\" content=\"https:\/\/coletivoamarelo.com\/wp-content\/uploads\/2024\/10\/Adraga-in-Deep-Blue.jpg\" \/>\n\t<meta property=\"og:image:width\" content=\"820\" \/>\n\t<meta property=\"og:image:height\" content=\"1124\" \/>\n<meta name=\"twitter:card\" content=\"summary_large_image\" \/>\n<meta name=\"twitter:label1\" content=\"Geschreven door\">\n\t<meta name=\"twitter:data1\" content=\"Alexandre Cagnoni\">\n\t<meta name=\"twitter:label2\" content=\"Geschatte leestijd\">\n\t<meta name=\"twitter:data2\" content=\"0 minuten\">\n<script type=\"application\/ld+json\" class=\"yoast-schema-graph\">{\"@context\":\"https:\/\/schema.org\",\"@graph\":[{\"@type\":\"Organization\",\"@id\":\"https:\/\/coletivoamarelo.com\/#organization\",\"name\":\"Coletivo Amarelo\",\"url\":\"https:\/\/coletivoamarelo.com\/\",\"sameAs\":[],\"logo\":{\"@type\":\"ImageObject\",\"@id\":\"https:\/\/coletivoamarelo.com\/#logo\",\"inLanguage\":\"nl-NL\",\"url\":\"https:\/\/coletivoamarelo.com\/wp-content\/uploads\/2023\/01\/coletivo-amarelo-logo-04.svg\",\"caption\":\"Coletivo Amarelo\"},\"image\":{\"@id\":\"https:\/\/coletivoamarelo.com\/#logo\"}},{\"@type\":\"WebSite\",\"@id\":\"https:\/\/coletivoamarelo.com\/#website\",\"url\":\"https:\/\/coletivoamarelo.com\/\",\"name\":\"Coletivo Amarelo\",\"description\":\"\",\"publisher\":{\"@id\":\"https:\/\/coletivoamarelo.com\/#organization\"},\"potentialAction\":[{\"@type\":\"SearchAction\",\"target\":\"https:\/\/coletivoamarelo.com\/?s={search_term_string}\",\"query-input\":\"required name=search_term_string\"}],\"inLanguage\":\"nl-NL\"},{\"@type\":\"ImageObject\",\"@id\":\"https:\/\/coletivoamarelo.com\/produto\/adraga-em-azul-escuro-2024\/#primaryimage\",\"inLanguage\":\"nl-NL\",\"url\":\"https:\/\/coletivoamarelo.com\/wp-content\/uploads\/2024\/10\/Adraga-in-Deep-Blue.jpg\",\"width\":820,\"height\":1124},{\"@type\":\"WebPage\",\"@id\":\"https:\/\/coletivoamarelo.com\/produto\/adraga-em-azul-escuro-2024\/#webpage\",\"url\":\"https:\/\/coletivoamarelo.com\/produto\/adraga-em-azul-escuro-2024\/\",\"name\":\"Adraga em azul escuro, 2024 &mdash; Coletivo Amarelo\",\"isPartOf\":{\"@id\":\"https:\/\/coletivoamarelo.com\/#website\"},\"primaryImageOfPage\":{\"@id\":\"https:\/\/coletivoamarelo.com\/produto\/adraga-em-azul-escuro-2024\/#primaryimage\"},\"datePublished\":\"2024-10-31T18:11:35+00:00\",\"dateModified\":\"2025-10-18T11:13:07+00:00\",\"breadcrumb\":{\"@id\":\"https:\/\/coletivoamarelo.com\/produto\/adraga-em-azul-escuro-2024\/#breadcrumb\"},\"inLanguage\":\"nl-NL\",\"potentialAction\":[{\"@type\":\"ReadAction\",\"target\":[\"https:\/\/coletivoamarelo.com\/produto\/adraga-em-azul-escuro-2024\/\"]}]},{\"@type\":\"BreadcrumbList\",\"@id\":\"https:\/\/coletivoamarelo.com\/produto\/adraga-em-azul-escuro-2024\/#breadcrumb\",\"itemListElement\":[{\"@type\":\"ListItem\",\"position\":1,\"item\":{\"@type\":\"WebPage\",\"@id\":\"https:\/\/coletivoamarelo.com\/\",\"url\":\"https:\/\/coletivoamarelo.com\/\",\"name\":\"Home\"}},{\"@type\":\"ListItem\",\"position\":2,\"item\":{\"@type\":\"WebPage\",\"@id\":\"https:\/\/coletivoamarelo.com\/colecao\/\",\"url\":\"https:\/\/coletivoamarelo.com\/colecao\/\",\"name\":\"Cole\\u00e7\\u00e3o\"}},{\"@type\":\"ListItem\",\"position\":3,\"item\":{\"@type\":\"WebPage\",\"@id\":\"https:\/\/coletivoamarelo.com\/produto\/adraga-em-azul-escuro-2024\/\",\"url\":\"https:\/\/coletivoamarelo.com\/produto\/adraga-em-azul-escuro-2024\/\",\"name\":\"Adraga em azul escuro, 2024\"}}]}]}<\/script>\n<!-- \/ Yoast SEO Premium plugin. -->","jetpack_sharing_enabled":true,"_links":{"self":[{"href":"https:\/\/coletivoamarelo.com\/nl\/wp-json\/wp\/v2\/product\/3731","targetHints":{"allow":["GET"]}}],"collection":[{"href":"https:\/\/coletivoamarelo.com\/nl\/wp-json\/wp\/v2\/product"}],"about":[{"href":"https:\/\/coletivoamarelo.com\/nl\/wp-json\/wp\/v2\/types\/product"}],"wp:featuredmedia":[{"embeddable":true,"href":"https:\/\/coletivoamarelo.com\/nl\/wp-json\/wp\/v2\/media\/3732"}],"wp:attachment":[{"href":"https:\/\/coletivoamarelo.com\/nl\/wp-json\/wp\/v2\/media?parent=3731"}],"wp:term":[{"taxonomy":"product_brand","embeddable":true,"href":"https:\/\/coletivoamarelo.com\/nl\/wp-json\/wp\/v2\/product_brand?post=3731"},{"taxonomy":"product_cat","embeddable":true,"href":"https:\/\/coletivoamarelo.com\/nl\/wp-json\/wp\/v2\/product_cat?post=3731"},{"taxonomy":"product_tag","embeddable":true,"href":"https:\/\/coletivoamarelo.com\/nl\/wp-json\/wp\/v2\/product_tag?post=3731"}],"curies":[{"name":"wp","href":"https:\/\/api.w.org\/{rel}","templated":true}]}}