{"id":3700,"date":"2024-10-03T16:43:37","date_gmt":"2024-10-03T16:43:37","guid":{"rendered":"https:\/\/coletivoamarelo.com\/?post_type=product&#038;p=3700"},"modified":"2025-01-29T16:18:35","modified_gmt":"2025-01-29T16:18:35","slug":"tarot-2022-2024-prints","status":"publish","type":"product","link":"https:\/\/coletivoamarelo.com\/nl\/product\/tarot-2022-2024-prints\/","title":{"rendered":"Tarot, 2022-2024 (Afdrukken)"},"content":{"rendered":"<p>Fine art print van elk werk uit de originele Tarot serie, met 22 schilderijen, op Hahnem\u00fchle Matt Fibre 200 g\/m2 papier, geserialiseerd in maximaal 7 edities, 29,7 x 42 cm.<\/p>","protected":false},"excerpt":{"rendered":"<p>Fine art print van elk stuk uit de originele Tarot-serie, met 22 stukken, waarin Manoel zijn interpretatie van de grote arcana van de tarotkaarten presenteert.<\/p>\n<p>Fijndruk op Hahnem\u00fchle Matt Fibre 200 g\/m2 papier, geserialiseerd in maximaal 7 edities, 29,7 x 42 cm<\/p>","protected":false},"featured_media":3008,"template":"","meta":{"_et_pb_use_builder":"","_et_pb_old_content":"","_et_gb_content_width":""},"product_brand":[],"product_cat":[124],"product_tag":[],"class_list":{"0":"post-3700","1":"product","2":"type-product","3":"status-publish","4":"has-post-thumbnail","6":"product_cat-print","7":"cla-autores-manoel-quiterio","9":"first","10":"instock","11":"shipping-taxable","12":"product-type-simple"},"acf":[],"yoast_head":"<!-- This site is optimized with the Yoast SEO Premium plugin v15.3 - https:\/\/yoast.com\/wordpress\/plugins\/seo\/ -->\n<title>Tarot, 2022-2024 (Prints) &mdash; Coletivo Amarelo<\/title>\n<meta name=\"robots\" content=\"index, follow, max-snippet:-1, max-image-preview:large, max-video-preview:-1\" \/>\n<link rel=\"canonical\" href=\"https:\/\/coletivoamarelo.com\/nl\/product\/tarot-2022-2024-prints\/\" \/>\n<meta property=\"og:locale\" content=\"nl_NL\" \/>\n<meta property=\"og:type\" content=\"article\" \/>\n<meta property=\"og:title\" content=\"Tarot, 2022-2024 (Prints) &mdash; Coletivo Amarelo\" \/>\n<meta property=\"og:description\" content=\"Print fine art de cada obra da s\u00e9rie original Tarot, com 22\u00a0pe\u00e7as, em que Manoel apresenta sua interpreta\u00e7\u00e3o dos arcanos maiores das cartas de tar\u00f4.  Fine print em papel Hahnem\u00fchle Matt Fibre 200 g\/m2, seriada em at\u00e9 7 edi\u00e7\u00f5es cada obra, 29.7 x 42 cm\" \/>\n<meta property=\"og:url\" content=\"https:\/\/coletivoamarelo.com\/nl\/product\/tarot-2022-2024-prints\/\" \/>\n<meta property=\"og:site_name\" content=\"Coletivo Amarelo\" \/>\n<meta property=\"article:modified_time\" content=\"2025-01-29T16:18:35+00:00\" \/>\n<meta property=\"og:image\" content=\"https:\/\/coletivoamarelo.com\/wp-content\/uploads\/2024\/05\/expo1.jpg\" \/>\n\t<meta property=\"og:image:width\" content=\"1894\" \/>\n\t<meta property=\"og:image:height\" content=\"1074\" \/>\n<meta name=\"twitter:card\" content=\"summary_large_image\" \/>\n<meta name=\"twitter:label1\" content=\"Geschreven door\">\n\t<meta name=\"twitter:data1\" content=\"Alexandre Cagnoni\">\n\t<meta name=\"twitter:label2\" content=\"Geschatte leestijd\">\n\t<meta name=\"twitter:data2\" content=\"0 minuten\">\n<script type=\"application\/ld+json\" class=\"yoast-schema-graph\">{\"@context\":\"https:\/\/schema.org\",\"@graph\":[{\"@type\":\"Organization\",\"@id\":\"https:\/\/coletivoamarelo.com\/#organization\",\"name\":\"Coletivo Amarelo\",\"url\":\"https:\/\/coletivoamarelo.com\/\",\"sameAs\":[],\"logo\":{\"@type\":\"ImageObject\",\"@id\":\"https:\/\/coletivoamarelo.com\/#logo\",\"inLanguage\":\"nl-NL\",\"url\":\"https:\/\/coletivoamarelo.com\/wp-content\/uploads\/2023\/01\/coletivo-amarelo-logo-04.svg\",\"caption\":\"Coletivo Amarelo\"},\"image\":{\"@id\":\"https:\/\/coletivoamarelo.com\/#logo\"}},{\"@type\":\"WebSite\",\"@id\":\"https:\/\/coletivoamarelo.com\/#website\",\"url\":\"https:\/\/coletivoamarelo.com\/\",\"name\":\"Coletivo Amarelo\",\"description\":\"\",\"publisher\":{\"@id\":\"https:\/\/coletivoamarelo.com\/#organization\"},\"potentialAction\":[{\"@type\":\"SearchAction\",\"target\":\"https:\/\/coletivoamarelo.com\/?s={search_term_string}\",\"query-input\":\"required name=search_term_string\"}],\"inLanguage\":\"nl-NL\"},{\"@type\":\"ImageObject\",\"@id\":\"https:\/\/coletivoamarelo.com\/produto\/tarot-2022-2024-prints\/#primaryimage\",\"inLanguage\":\"nl-NL\",\"url\":\"https:\/\/coletivoamarelo.com\/wp-content\/uploads\/2024\/05\/expo1.jpg\",\"width\":1894,\"height\":1074},{\"@type\":\"WebPage\",\"@id\":\"https:\/\/coletivoamarelo.com\/produto\/tarot-2022-2024-prints\/#webpage\",\"url\":\"https:\/\/coletivoamarelo.com\/produto\/tarot-2022-2024-prints\/\",\"name\":\"Tarot, 2022-2024 (Prints) &mdash; Coletivo Amarelo\",\"isPartOf\":{\"@id\":\"https:\/\/coletivoamarelo.com\/#website\"},\"primaryImageOfPage\":{\"@id\":\"https:\/\/coletivoamarelo.com\/produto\/tarot-2022-2024-prints\/#primaryimage\"},\"datePublished\":\"2024-10-03T16:43:37+00:00\",\"dateModified\":\"2025-01-29T16:18:35+00:00\",\"breadcrumb\":{\"@id\":\"https:\/\/coletivoamarelo.com\/produto\/tarot-2022-2024-prints\/#breadcrumb\"},\"inLanguage\":\"nl-NL\",\"potentialAction\":[{\"@type\":\"ReadAction\",\"target\":[\"https:\/\/coletivoamarelo.com\/produto\/tarot-2022-2024-prints\/\"]}]},{\"@type\":\"BreadcrumbList\",\"@id\":\"https:\/\/coletivoamarelo.com\/produto\/tarot-2022-2024-prints\/#breadcrumb\",\"itemListElement\":[{\"@type\":\"ListItem\",\"position\":1,\"item\":{\"@type\":\"WebPage\",\"@id\":\"https:\/\/coletivoamarelo.com\/\",\"url\":\"https:\/\/coletivoamarelo.com\/\",\"name\":\"Home\"}},{\"@type\":\"ListItem\",\"position\":2,\"item\":{\"@type\":\"WebPage\",\"@id\":\"https:\/\/coletivoamarelo.com\/colecao\/\",\"url\":\"https:\/\/coletivoamarelo.com\/colecao\/\",\"name\":\"Cole\\u00e7\\u00e3o\"}},{\"@type\":\"ListItem\",\"position\":3,\"item\":{\"@type\":\"WebPage\",\"@id\":\"https:\/\/coletivoamarelo.com\/produto\/tarot-2022-2024-prints\/\",\"url\":\"https:\/\/coletivoamarelo.com\/produto\/tarot-2022-2024-prints\/\",\"name\":\"Tarot, 2022-2024 (Prints)\"}}]}]}<\/script>\n<!-- \/ Yoast SEO Premium plugin. -->","jetpack_sharing_enabled":true,"_links":{"self":[{"href":"https:\/\/coletivoamarelo.com\/nl\/wp-json\/wp\/v2\/product\/3700","targetHints":{"allow":["GET"]}}],"collection":[{"href":"https:\/\/coletivoamarelo.com\/nl\/wp-json\/wp\/v2\/product"}],"about":[{"href":"https:\/\/coletivoamarelo.com\/nl\/wp-json\/wp\/v2\/types\/product"}],"wp:featuredmedia":[{"embeddable":true,"href":"https:\/\/coletivoamarelo.com\/nl\/wp-json\/wp\/v2\/media\/3008"}],"wp:attachment":[{"href":"https:\/\/coletivoamarelo.com\/nl\/wp-json\/wp\/v2\/media?parent=3700"}],"wp:term":[{"taxonomy":"product_brand","embeddable":true,"href":"https:\/\/coletivoamarelo.com\/nl\/wp-json\/wp\/v2\/product_brand?post=3700"},{"taxonomy":"product_cat","embeddable":true,"href":"https:\/\/coletivoamarelo.com\/nl\/wp-json\/wp\/v2\/product_cat?post=3700"},{"taxonomy":"product_tag","embeddable":true,"href":"https:\/\/coletivoamarelo.com\/nl\/wp-json\/wp\/v2\/product_tag?post=3700"}],"curies":[{"name":"wp","href":"https:\/\/api.w.org\/{rel}","templated":true}]}}