{"id":2488,"date":"2023-11-03T18:26:07","date_gmt":"2023-11-03T18:26:07","guid":{"rendered":"https:\/\/coletivoamarelo.com\/?post_type=product&#038;p=2488"},"modified":"2025-10-18T10:43:38","modified_gmt":"2025-10-18T10:43:38","slug":"casa-de-praia-2023","status":"publish","type":"product","link":"https:\/\/coletivoamarelo.com\/nl\/product\/casa-de-praia-2023\/","title":{"rendered":"Strandhuis, 2023"},"content":{"rendered":"<p>Veelluik bestaande uit 25 werken in olieverf op doek, elk 27 x 13 cm, met een houten lijst.<\/p>\n<p>A &quot;<strong>Strandhuis<\/strong>\u201d is eigenlijk een interactief werk. Het is een verhaal zonder lineariteit; je kunt de volgorde van de gebeurtenissen veranderen. De hier gepresenteerde lay-out is slechts \u00e9\u00e9n manier om het verhaal weer te geven.<\/p>\n<p>Het gaat vergezeld van een video van 3 minuten en 59 seconden, opgenomen door de kunstenaar zelf, waarin het verhaal achter Casa de Praia wordt verteld. In het Portugees, met Engelse ondertitels.<\/p>","protected":false},"excerpt":{"rendered":"<p>Veelluik bestaande uit 25 werken in olieverf op doek, elk 27 x 13 cm, met een houten lijst.<\/p>\n<p>A &quot;<strong>Strandhuis<\/strong>\u201d is eigenlijk een interactief werk. Het is een verhaal zonder lineariteit; je kunt de volgorde van de gebeurtenissen veranderen. De hier gepresenteerde lay-out is slechts \u00e9\u00e9n manier om het verhaal weer te geven.<\/p>","protected":false},"featured_media":2490,"template":"","meta":{"_et_pb_use_builder":"","_et_pb_old_content":"","_et_gb_content_width":""},"product_brand":[],"product_cat":[62],"product_tag":[],"class_list":{"0":"post-2488","1":"product","2":"type-product","3":"status-publish","4":"has-post-thumbnail","6":"product_cat-pintura","7":"cla-autores-gabriela-albuquerque","8":"cla-colections-aaf-berlin-2025","9":"cla-colections-aaf-hamburg-2025","10":"cla-colections-escolha-do-curador","12":"first","13":"instock","14":"featured","15":"sold-individually","16":"shipping-taxable","17":"product-type-simple"},"acf":[],"yoast_head":"<!-- This site is optimized with the Yoast SEO Premium plugin v15.3 - https:\/\/yoast.com\/wordpress\/plugins\/seo\/ -->\n<title>Casa de praia, 2023 &mdash; Coletivo Amarelo<\/title>\n<meta name=\"robots\" content=\"index, follow, max-snippet:-1, max-image-preview:large, max-video-preview:-1\" \/>\n<link rel=\"canonical\" href=\"https:\/\/coletivoamarelo.com\/nl\/product\/casa-de-praia-2023\/\" \/>\n<meta property=\"og:locale\" content=\"nl_NL\" \/>\n<meta property=\"og:type\" content=\"article\" \/>\n<meta property=\"og:title\" content=\"Casa de praia, 2023 &mdash; Coletivo Amarelo\" \/>\n<meta property=\"og:description\" content=\"Pol\u00edptico composto por 25 obras em \u00f3leo sobre tela, de 27 x 13 cm cada, com moldura de madeira.  A &quot;Casa de Praia&quot; \u00e9 na verdade uma obra interativa. \u00c9 uma narrativa que n\u00e3o tem linearidade, voc\u00ea pode alterar a sequ\u00eancia dos acontecimentos. A disposi\u00e7\u00e3o aqui apresentada \u00e9 apenas uma forma de mostrar a hist\u00f3ria.\" \/>\n<meta property=\"og:url\" content=\"https:\/\/coletivoamarelo.com\/nl\/product\/casa-de-praia-2023\/\" \/>\n<meta property=\"og:site_name\" content=\"Coletivo Amarelo\" \/>\n<meta property=\"article:modified_time\" content=\"2025-10-18T10:43:38+00:00\" \/>\n<meta property=\"og:image\" content=\"https:\/\/coletivoamarelo.com\/wp-content\/uploads\/2023\/11\/GALBPAINT033.jpg\" \/>\n\t<meta property=\"og:image:width\" content=\"1414\" \/>\n\t<meta property=\"og:image:height\" content=\"816\" \/>\n<meta name=\"twitter:card\" content=\"summary_large_image\" \/>\n<meta name=\"twitter:label1\" content=\"Geschreven door\">\n\t<meta name=\"twitter:data1\" content=\"Alexandre Cagnoni\">\n\t<meta name=\"twitter:label2\" content=\"Geschatte leestijd\">\n\t<meta name=\"twitter:data2\" content=\"0 minuten\">\n<script type=\"application\/ld+json\" class=\"yoast-schema-graph\">{\"@context\":\"https:\/\/schema.org\",\"@graph\":[{\"@type\":\"Organization\",\"@id\":\"https:\/\/coletivoamarelo.com\/#organization\",\"name\":\"Coletivo Amarelo\",\"url\":\"https:\/\/coletivoamarelo.com\/\",\"sameAs\":[],\"logo\":{\"@type\":\"ImageObject\",\"@id\":\"https:\/\/coletivoamarelo.com\/#logo\",\"inLanguage\":\"nl-NL\",\"url\":\"https:\/\/coletivoamarelo.com\/wp-content\/uploads\/2023\/01\/coletivo-amarelo-logo-04.svg\",\"caption\":\"Coletivo Amarelo\"},\"image\":{\"@id\":\"https:\/\/coletivoamarelo.com\/#logo\"}},{\"@type\":\"WebSite\",\"@id\":\"https:\/\/coletivoamarelo.com\/#website\",\"url\":\"https:\/\/coletivoamarelo.com\/\",\"name\":\"Coletivo Amarelo\",\"description\":\"\",\"publisher\":{\"@id\":\"https:\/\/coletivoamarelo.com\/#organization\"},\"potentialAction\":[{\"@type\":\"SearchAction\",\"target\":\"https:\/\/coletivoamarelo.com\/?s={search_term_string}\",\"query-input\":\"required name=search_term_string\"}],\"inLanguage\":\"nl-NL\"},{\"@type\":\"ImageObject\",\"@id\":\"https:\/\/coletivoamarelo.com\/produto\/casa-de-praia-2023\/#primaryimage\",\"inLanguage\":\"nl-NL\",\"url\":\"https:\/\/coletivoamarelo.com\/wp-content\/uploads\/2023\/11\/GALBPAINT033.jpg\",\"width\":1414,\"height\":816},{\"@type\":\"WebPage\",\"@id\":\"https:\/\/coletivoamarelo.com\/produto\/casa-de-praia-2023\/#webpage\",\"url\":\"https:\/\/coletivoamarelo.com\/produto\/casa-de-praia-2023\/\",\"name\":\"Casa de praia, 2023 &mdash; Coletivo Amarelo\",\"isPartOf\":{\"@id\":\"https:\/\/coletivoamarelo.com\/#website\"},\"primaryImageOfPage\":{\"@id\":\"https:\/\/coletivoamarelo.com\/produto\/casa-de-praia-2023\/#primaryimage\"},\"datePublished\":\"2023-11-03T18:26:07+00:00\",\"dateModified\":\"2025-10-18T10:43:38+00:00\",\"breadcrumb\":{\"@id\":\"https:\/\/coletivoamarelo.com\/produto\/casa-de-praia-2023\/#breadcrumb\"},\"inLanguage\":\"nl-NL\",\"potentialAction\":[{\"@type\":\"ReadAction\",\"target\":[\"https:\/\/coletivoamarelo.com\/produto\/casa-de-praia-2023\/\"]}]},{\"@type\":\"BreadcrumbList\",\"@id\":\"https:\/\/coletivoamarelo.com\/produto\/casa-de-praia-2023\/#breadcrumb\",\"itemListElement\":[{\"@type\":\"ListItem\",\"position\":1,\"item\":{\"@type\":\"WebPage\",\"@id\":\"https:\/\/coletivoamarelo.com\/\",\"url\":\"https:\/\/coletivoamarelo.com\/\",\"name\":\"Home\"}},{\"@type\":\"ListItem\",\"position\":2,\"item\":{\"@type\":\"WebPage\",\"@id\":\"https:\/\/coletivoamarelo.com\/colecao\/\",\"url\":\"https:\/\/coletivoamarelo.com\/colecao\/\",\"name\":\"Cole\\u00e7\\u00e3o\"}},{\"@type\":\"ListItem\",\"position\":3,\"item\":{\"@type\":\"WebPage\",\"@id\":\"https:\/\/coletivoamarelo.com\/produto\/casa-de-praia-2023\/\",\"url\":\"https:\/\/coletivoamarelo.com\/produto\/casa-de-praia-2023\/\",\"name\":\"Casa de praia, 2023\"}}]}]}<\/script>\n<!-- \/ Yoast SEO Premium plugin. -->","jetpack_sharing_enabled":true,"_links":{"self":[{"href":"https:\/\/coletivoamarelo.com\/nl\/wp-json\/wp\/v2\/product\/2488","targetHints":{"allow":["GET"]}}],"collection":[{"href":"https:\/\/coletivoamarelo.com\/nl\/wp-json\/wp\/v2\/product"}],"about":[{"href":"https:\/\/coletivoamarelo.com\/nl\/wp-json\/wp\/v2\/types\/product"}],"wp:featuredmedia":[{"embeddable":true,"href":"https:\/\/coletivoamarelo.com\/nl\/wp-json\/wp\/v2\/media\/2490"}],"wp:attachment":[{"href":"https:\/\/coletivoamarelo.com\/nl\/wp-json\/wp\/v2\/media?parent=2488"}],"wp:term":[{"taxonomy":"product_brand","embeddable":true,"href":"https:\/\/coletivoamarelo.com\/nl\/wp-json\/wp\/v2\/product_brand?post=2488"},{"taxonomy":"product_cat","embeddable":true,"href":"https:\/\/coletivoamarelo.com\/nl\/wp-json\/wp\/v2\/product_cat?post=2488"},{"taxonomy":"product_tag","embeddable":true,"href":"https:\/\/coletivoamarelo.com\/nl\/wp-json\/wp\/v2\/product_tag?post=2488"}],"curies":[{"name":"wp","href":"https:\/\/api.w.org\/{rel}","templated":true}]}}