{"id":3,"date":"2023-01-20T16:46:02","date_gmt":"2023-01-20T16:46:02","guid":{"rendered":"https:\/\/dev.coletivoamarelo.pt\/?page_id=3"},"modified":"2023-05-12T18:34:53","modified_gmt":"2023-05-12T18:34:53","slug":"politica_de_privacidade","status":"publish","type":"page","link":"https:\/\/coletivoamarelo.com\/nl\/politica_de_privacidade\/","title":{"rendered":"Privacybeleid"},"content":{"rendered":"<p id=\"tw-target-text\" class=\"tw-data-text tw-text-large tw-ta\"><span class=\"Y2IQFc\">Dit privacybeleid beschrijft hoe colectivoamarelo.com (de \u201cSite\u201d of \u201cwij\u201d) uw persoonlijke gegevens verzamelt, gebruikt en openbaar maakt wanneer u de site bezoekt of een aankoop doet.<\/span><\/p>\r\n<h3 id=\"tw-target-text\" class=\"tw-data-text tw-text-large tw-ta wp-block-heading\"><span class=\"Y2IQFc\">VERZAMELEN VAN PERSOONLIJKE INFORMATIE<\/span><\/h3>\r\n<p class=\"tw-data-text tw-text-large tw-ta\"><span class=\"Y2IQFc\">Wanneer u de Site bezoekt, verzamelen wij bepaalde informatie over uw apparaat, uw interactie met de Site en informatie die nodig is om uw aankopen te verwerken. We kunnen ook aanvullende informatie verzamelen als u contact met ons opneemt voor klantenondersteuning. In dit Privacybeleid verwijzen we naar alle informatie die een individu op unieke wijze kan identificeren (inclusief de onderstaande informatie) als \u201cPersoonlijke Informatie\u201d. Zie de onderstaande lijst voor meer informatie over welke persoonlijke gegevens we verzamelen en waarom.<\/span><\/p>\r\n<p><span class=\"Y2IQFc\">Apparaat informatie<\/span><\/p>\r\n<ul>\r\n<li><span class=\"Y2IQFc\"><strong>Voorbeelden van verzamelde persoonlijke informatie:<\/strong>\u00a0webbrowserversie, IP-adres, tijdzone, cookie-informatie, welke websites of producten u bekijkt, zoektermen en hoe u met de site omgaat.<\/span><\/li>\r\n<li><span class=\"Y2IQFc\"><strong>Verzameldoel:<\/strong>\u00a0de site nauwkeurig voor u laden en analyses uitvoeren op het gebruik van onze site voor optimalisatiedoeleinden.<\/span><\/li>\r\n<li><span class=\"Y2IQFc\"><strong>Verzamelbron:<\/strong>\u00a0automatisch verzameld wanneer u onze site bezoekt met behulp van cookies, logbestanden, webbakens, tags of pixels.<\/span><\/li>\r\n<li><span class=\"Y2IQFc\"><strong>Openbaarmaking voor commerci\u00eble doeleinden:<\/strong>\u00a0gedeeld met onze verwerker Shopify.<\/span><\/li>\r\n<\/ul>\r\n<p><span class=\"Y2IQFc\">order informatie<\/span><\/p>\r\n<ul>\r\n<li><span class=\"Y2IQFc\"><strong>Voorbeelden van verzamelde persoonlijke informatie:<\/strong>\u00a0naam, factuuradres, verzendadres, betalingsgegevens (inclusief creditcardnummers), e-mailadres en telefoonnummer.<\/span><\/li>\r\n<li><span class=\"Y2IQFc\"><strong>Doel van verzameling:<\/strong>\u00a0om producten of diensten aan u te leveren om aan ons contract te voldoen, uw betalingsgegevens te verwerken, verzending te regelen en facturen en\/of orderbevestigingen te verstrekken, met u te communiceren, onze bestellingen te screenen op mogelijk risico of fraude, en wanneer dit in overeenstemming is met de voorkeuren die u hebt gedeeld bij ons, u voorzien van informatie of reclame met betrekking tot onze producten of diensten.<\/span><\/li>\r\n<li><span class=\"Y2IQFc\"><strong>Verzamelbron:<\/strong>\u00a0bij u verzameld.<\/span><\/li>\r\n<li><span class=\"Y2IQFc\"><strong>Openbaarmaking voor commerci\u00eble doeleinden:<\/strong>\u00a0gedeeld met onze verwerker Shopify, adresgegevens van de vervoerder.<\/span><\/li>\r\n<\/ul>\r\n<p><u>Informatie voor klantenondersteuning<\/u><\/p>\r\n<ul>\r\n<li><span class=\"Y2IQFc\"><strong>Voorbeelden van verzamelde persoonlijke informatie:<\/strong>\u00a0contactgegevens zoals naam, e-mailadres en telefoonnummer<\/span><\/li>\r\n<li><span class=\"Y2IQFc\"><strong>Verzameldoel:<\/strong>\u00a0klantenondersteuning bieden.<\/span><\/li>\r\n<li><span class=\"Y2IQFc\"><strong>Verzamelbron:<\/strong>\u00a0bij u verzameld.<\/span><\/li>\r\n<li><span class=\"Y2IQFc\"><strong>Openbaarmaking voor commerci\u00eble doeleinden:<\/strong>\u00a0niet gedeeld met derden<\/span><\/li>\r\n<\/ul>\r\n<p><u>Bloginformatie<\/u><\/p>\r\n<ul>\r\n<li><span class=\"Y2IQFc\"><strong>Voorbeelden van verzamelde persoonlijke informatie:<\/strong>\u00a0contactgegevens zoals naam, e-mailadres en telefoonnummer<\/span><\/li>\r\n<li><span class=\"Y2IQFc\"><strong>Verzameldoel:<\/strong>\u00a0blogupdates verzenden of blogreacties toestaan.<\/span><\/li>\r\n<li><span class=\"Y2IQFc\"><strong>Verzamelbron:<\/strong>\u00a0bij u verzameld.<\/span><\/li>\r\n<li><span class=\"Y2IQFc\"><strong>Openbaarmaking voor commerci\u00eble doeleinden:<\/strong>\u00a0niet gedeeld met derden<\/span><\/li>\r\n<\/ul>\r\n<h3>PERSOONLIJKE INFORMATIE DELEN<\/h3>\r\n<p>We delen uw persoonlijke gegevens met dienstverleners om ons te helpen onze diensten te verlenen en onze contracten met u uit te voeren, zoals hierboven beschreven. Bijvoorbeeld:<\/p>\r\n<ul>\r\n<li>We gebruiken Shopify om onze online winkel te ondersteunen. U kunt hier meer lezen over hoe Shopify uw persoonlijke gegevens gebruikt:\u00a0<a href=\"https:\/\/www.shopify.com\/legal\/privacy\" target=\"_blank\" rel=\"null noopener\" aria-describedby=\"a11y-new-window-external-message\">https:\/\/www.shopify.com\/legal\/privacy<\/a>.<\/li>\r\n<li>We kunnen uw persoonlijke gegevens delen om te voldoen aan toepasselijke wet- en regelgeving, om te reageren op een dagvaarding, huiszoekingsbevel of ander wettig verzoek om informatie die we ontvangen, of om onze rechten te beschermen.<\/li>\r\n<\/ul>\r\n<h3>GEDRAGSRECLAME<\/h3>\r\n<p>Zoals hierboven beschreven, gebruiken wij uw persoonlijke gegevens om gerichte advertenties of marketingcommunicatie aan te bieden waarvan wij denken dat deze voor u interessant zullen zijn. Bijvoorbeeld:<\/p>\r\n<ul>\r\n<li>We gebruiken Google Analytics om ons te helpen begrijpen hoe onze klanten de site gebruiken. U kunt hier meer lezen over hoe Google uw persoonlijke gegevens gebruikt:\u00a0<a href=\"https:\/\/policies.google.com\/privacy\" target=\"_blank\" rel=\"null noopener\" aria-describedby=\"a11y-new-window-external-message\">https:\/\/policies.google.com\/privacy<\/a>.U kunt zich hier ook afmelden voor Google Analytics:\u00a0<a href=\"https:\/\/tools.google.com\/%20dlpage\/gaoptout\" target=\"_blank\" rel=\"null noopener\" aria-describedby=\"a11y-new-window-external-message\">https:\/\/tools.google.com\/dlpage\/gaoptout<\/a>.<\/li>\r\n<\/ul>\r\n<p>Voor meer informatie over hoe doelgericht adverteren werkt, kunt u de educatieve pagina van het Network Advertising Initiative (\u201cNAI\u201d) bezoeken op\u00a0<a href=\"http:\/\/www.networkadvertising.org\/understanding-online-advertising\/how-does-it-work\" target=\"_blank\" rel=\"null noopener\" aria-describedby=\"a11y-new-window-external-message\">http:\/\/www.networkadvertising.org\/understanding-online-advertising\/how-does-it-work<\/a>.<br \/><br \/>U kunt zich afmelden voor gerichte advertenties:<\/p>\r\n<ul>\r\n<li>FACEBOOK -\u00a0<a href=\"https:\/\/www.facebook.com\/settings\/?tab=ads\" target=\"_blank\" rel=\"null noopener\" aria-describedby=\"a11y-new-window-external-message\">https:\/\/www.facebook.com\/settings\/?tab=ads<\/a><\/li>\r\n<li>GOOGLE -\u00a0<a href=\"https:\/\/www.google.com\/settings\/ads\/anonymous\" target=\"_blank\" rel=\"null noopener\" aria-describedby=\"a11y-new-window-external-message\">https:\/\/www.google.com\/settings\/ads\/anonymous<\/a><\/li>\r\n<li>BING \u2013\u00a0<a href=\"https:\/\/advertise.bingads.microsoft.com\/en-us\/resources\/policies\/personalized-ads\" target=\"_blank\" rel=\"null noopener\" aria-describedby=\"a11y-new-window-external-message\">https:\/\/advertise.bingads.microsoft.com\/en-us\/resources\/policies\/personalized-ads<\/a><\/li>\r\n<\/ul>\r\n<p>Bovendien kunt u zich afmelden voor sommige van deze diensten door naar het opt-outportaal van de Digital Advertising Alliance te gaan op:\u00a0<a href=\"http:\/\/optout.aboutads.info\/\" target=\"_blank\" rel=\"null noopener\" aria-describedby=\"a11y-new-window-external-message\">http:\/\/optout.aboutads.info\/<\/a>.<\/p>\r\n<h3>GEBRUIK VAN PERSOONLIJKE INFORMATIE<\/h3>\r\n<p>Wij gebruiken uw persoonlijke gegevens om onze diensten aan u te leveren, waaronder: het te koop aanbieden van producten, het verwerken van betalingen, het verzenden en uitvoeren van uw bestelling, en het u op de hoogte houden van nieuwe producten, diensten en aanbiedingen.<\/p>\r\n<h3>RECHTSGRONDSLAG<\/h3>\r\n<p>In overeenstemming met de Algemene Verordening Gegevensbescherming (\u201cAVG\u201d) verwerken wij, als u inwoner bent van de Europese Economische Ruimte (\u201cEER\u201d), uw persoonlijke gegevens op basis van de volgende rechtsgronden:<\/p>\r\n<ul>\r\n<li>Jouw toestemming;<\/li>\r\n<li>De uitvoering van het contract tussen u en de Site;<\/li>\r\n<li>Naleving van onze wettelijke verplichtingen;<\/li>\r\n<li>Om uw vitale belangen te beschermen;<\/li>\r\n<li>Een taak van algemeen belang uitvoeren;<\/li>\r\n<li>Voor onze legitieme belangen, die uw fundamentele rechten en vrijheden niet teniet doen.<\/li>\r\n<\/ul>\r\n<h4>BEHOUD<\/h4>\r\n<p>Wanneer u via de Site een bestelling plaatst, bewaren wij uw persoonlijke gegevens voor onze administratie, tenzij en totdat u ons vraagt deze gegevens te verwijderen. Voor meer informatie over uw recht op verwijdering, zie het gedeelte &#039;Uw rechten&#039; hieronder.<\/p>\r\n<h4>AUTOMATISCHE BESLUITVORMING<\/h4>\r\n<p>Als u een inwoner van de EER bent, heeft u het recht om bezwaar te maken tegen verwerking die uitsluitend is gebaseerd op geautomatiseerde besluitvorming (waaronder profilering) indien een dergelijke besluitvorming juridische gevolgen voor u heeft of anderszins aanzienlijke gevolgen voor u heeft.<br \/><br \/>Wij maken gebruik van volledig geautomatiseerde besluitvorming die een juridisch of aanzienlijk effect heeft met behulp van klantgegevens.<br \/><br \/>Onze Shopify-verwerker maakt gebruik van beperkte geautomatiseerde besluitvorming om fraude te voorkomen die geen juridische of materi\u00eble gevolgen voor u heeft.<br \/><br \/>Diensten die geautomatiseerde besluitvormingselementen bevatten, zijn onder meer:<\/p>\r\n<ul>\r\n<li>Tijdelijke weigeringslijst met IP-adressen die zijn gekoppeld aan herhaalde mislukte transacties. Deze weigeringslijst blijft een klein aantal uren bestaan.<\/li>\r\n<li>Tijdelijke weigeringslijst met creditcards die zijn gekoppeld aan geweigerde IP-adressen. Deze weigeringslijst blijft een klein aantal dagen bestaan.<\/li>\r\n<\/ul>\r\n<h3 id=\"tw-target-text\" class=\"tw-data-text tw-text-large tw-ta\"><span class=\"Y2IQFc\">JOU RECHTEN<br \/><\/span><\/h3>\r\n<h4 class=\"tw-data-text tw-text-large tw-ta\"><span class=\"Y2IQFc\">AVG<\/span><\/h4>\r\n<p class=\"tw-data-text tw-text-large tw-ta\"><span class=\"Y2IQFc\">Als u een inwoner van de EER bent, heeft u recht op toegang tot de persoonlijke gegevens die wij over u bewaren, deze over te dragen naar een nieuwe dienst en te verzoeken dat uw persoonlijke gegevens worden gecorrigeerd, bijgewerkt of verwijderd. Als u deze rechten wilt uitoefenen, kunt u contact met ons opnemen via de contactgegevens op onze website.<\/span><\/p>\r\n<p class=\"tw-data-text tw-text-large tw-ta\"><span class=\"Y2IQFc\">Uw persoonlijke gegevens worden in eerste instantie verwerkt in Ierland en vervolgens buiten Europa overgedragen voor verdere opslag en verwerking, inclusief naar Canada en de Verenigde Staten. Voor meer informatie over hoe gegevensoverdrachten voldoen aan de AVG, zie de AVG-whitepaper van Shopify:\u00a0<a href=\"https:\/\/help.shopify.com\/pt-BR\/manual\/your-account\/privacy\/GDPR\" target=\"_blank\" rel=\"noopener noreferrer\" aria-describedby=\"a11y-new-window-external-message\">https:\/\/help.shopify.com\/pt-BR\/manual\/your-account\/privacy\/GDPR<\/a>.<\/span><\/p>\r\n<h4 class=\"tw-data-text tw-text-large tw-ta\"><span class=\"Y2IQFc\">CCPA<\/span><\/h4>\r\n<p class=\"tw-data-text tw-text-large tw-ta\"><span class=\"Y2IQFc\">Als u in Californi\u00eb woont, heeft u het recht op toegang tot de persoonlijke gegevens die wij over u bijhouden (ook bekend als het &#039;Right to Know&#039;), deze over te dragen naar een nieuwe dienst en te verzoeken dat uw persoonlijke gegevens worden gecorrigeerd, bijgewerkt of verwijderd. Als u deze rechten wilt uitoefenen, kunt u contact met ons opnemen via de contactgegevens op onze website.<\/span><\/p>\r\n<p class=\"tw-data-text tw-text-large tw-ta\"><span class=\"Y2IQFc\">Als u een gemachtigde agent wilt aanwijzen om deze verzoeken namens u in te dienen, kunt u contact met ons opnemen op hetzelfde adres.<\/span><\/p>\r\n<h3>KOEKJES<\/h3>\r\n<p>Een cookie is een kleine hoeveelheid informatie die naar uw computer of apparaat wordt gedownload wanneer u onze site bezoekt. We gebruiken een aantal verschillende cookies, waaronder functionele, prestatie-, advertentie- en sociale media- of inhoudscookies. Cookies maken uw surfervaring beter doordat de website uw acties en voorkeuren (zoals inloggen en regioselectie) kan onthouden. Dit betekent dat u deze informatie niet elke keer opnieuw hoeft in te voeren wanneer u terugkeert naar de site of van de ene pagina naar de andere navigeert. Cookies geven ook informatie over hoe mensen de website gebruiken, bijvoorbeeld of het de eerste keer is dat ze de website bezoeken of dat ze terugkerende bezoekers zijn.<br \/><br \/>Wij gebruiken de volgende cookies om uw ervaring op onze site te optimaliseren en om onze diensten aan te bieden.<br \/><br \/><strong>Cookies die nodig zijn om de winkel te laten functioneren<\/strong><\/p>\r\n<table>\r\n<thead>\r\n<tr>\r\n<th><strong>Naam<\/strong><\/th>\r\n<th><strong>Functie<\/strong><\/th>\r\n<\/tr>\r\n<\/thead>\r\n<tbody>\r\n<tr>\r\n<td><i>_ab<\/i><\/td>\r\n<td>Gebruikt in verband met beheerderstoegang.<\/td>\r\n<\/tr>\r\n<tr>\r\n<td><i>_secure_session_id<\/i><\/td>\r\n<td>Gebruikt in combinatie met winkelpaginanavigatie.<\/td>\r\n<\/tr>\r\n<tr>\r\n<td><i>kaart<\/i><\/td>\r\n<td>Gebruikt in combinatie met het winkelwagentje.<\/td>\r\n<\/tr>\r\n<tr>\r\n<td><i>winkelwagen_sig<\/i><\/td>\r\n<td>Gebruikt in verband met afrekenen.<\/td>\r\n<\/tr>\r\n<tr>\r\n<td><i>winkelwagen_ts<\/i><\/td>\r\n<td>Gebruikt in verband met afrekenen.<\/td>\r\n<\/tr>\r\n<tr>\r\n<td><i>checkout_token<\/i><\/td>\r\n<td>Gebruikt in verband met afrekenen.<\/td>\r\n<\/tr>\r\n<tr>\r\n<td><i>geheim<\/i><\/td>\r\n<td>Gebruikt in verband met afrekenen.<\/td>\r\n<\/tr>\r\n<tr>\r\n<td><i>beveiligde_klant_sig<\/i><\/td>\r\n<td>Gebruikt in verband met klantlogin.<\/td>\r\n<\/tr>\r\n<tr>\r\n<td><i>storefront_digest<\/i><\/td>\r\n<td>Gebruikt in verband met klantlogin.<\/td>\r\n<\/tr>\r\n<tr>\r\n<td><i>_shopify_u<\/i><\/td>\r\n<td>Wordt gebruikt om het bijwerken van klantaccountgegevens te vergemakkelijken.<\/td>\r\n<\/tr>\r\n<\/tbody>\r\n<\/table>\r\n<h4>\u00a0<\/h4>\r\n<h4>RAPPORTEN EN ANALYSE<\/h4>\r\n<table>\r\n<tbody>\r\n<tr>\r\n<th><strong>Naam<\/strong><\/th>\r\n<th><strong>Functie<\/strong><\/th>\r\n<\/tr>\r\n<tr>\r\n<td><i>_tracking_toestemming<\/i><\/td>\r\n<td>Voorkeuren bijhouden.<\/td>\r\n<\/tr>\r\n<tr>\r\n<td><i>_landingspagina<\/i><\/td>\r\n<td>Landingspagina&#039;s crawlen.<\/td>\r\n<\/tr>\r\n<tr>\r\n<td><i>_orig_referrer<\/i><\/td>\r\n<td>Landingspagina&#039;s crawlen.<\/td>\r\n<\/tr>\r\n<tr>\r\n<td><i>_S<\/i><\/td>\r\n<td>Shopify-analyses.<\/td>\r\n<\/tr>\r\n<tr>\r\n<td><i>_shopify_fs<\/i><\/td>\r\n<td>Shopify-analyses.<\/td>\r\n<\/tr>\r\n<tr>\r\n<td><i>_shopify_s<\/i><\/td>\r\n<td>Shopify-analyses.<\/td>\r\n<\/tr>\r\n<tr>\r\n<td><i>_shopify_sa_p<\/i><\/td>\r\n<td>Shopify-analyses met betrekking tot marketing, marketing en verwijzingen.<\/td>\r\n<\/tr>\r\n<tr>\r\n<td><i>_shopify_sa_t<\/i><\/td>\r\n<td>Shopify-analyses met betrekking tot marketing, marketing en verwijzingen.<\/td>\r\n<\/tr>\r\n<tr>\r\n<td><i>_shopify_y<\/i><\/td>\r\n<td>Shopify-analyses.<\/td>\r\n<\/tr>\r\n<tr>\r\n<td><i>_j<\/i><\/td>\r\n<td>Shopify-analyses.<\/td>\r\n<\/tr>\r\n<\/tbody>\r\n<\/table>\r\n<p>&nbsp;<\/p>\r\n<p>Hoe lang een cookie op uw computer of mobiele apparaat blijft staan, hangt af van het feit of het een \u2018persistent\u2019 of een \u2018sessiecookie\u2019 is. Sessiecookies blijven bestaan totdat u stopt met browsen en permanente cookies blijven bestaan totdat ze verlopen of worden verwijderd. De meeste cookies die we gebruiken zijn persistent en verlopen tussen 30 minuten en twee jaar vanaf de datum waarop ze naar uw apparaat zijn gedownload.<br \/><br \/>U kunt cookies op verschillende manieren beheren en beheren. Houd er rekening mee dat het verwijderen of blokkeren van cookies uw gebruikerservaring negatief kan be\u00efnvloeden en dat delen van onze website mogelijk niet meer volledig toegankelijk zijn.<br \/><br \/>De meeste browsers accepteren cookies automatisch, maar u kunt kiezen of u cookies wel of niet accepteert via uw browserinstellingen, meestal te vinden in het menu &#039;Extra&#039; of &#039;Voorkeuren&#039; van uw browser. Voor meer informatie over hoe u uw browserinstellingen kunt wijzigen of hoe u cookies kunt blokkeren, beheren of filteren, kunt u deze vinden in het helpbestand van uw browser of op sites zoals\u00a0<a href=\"http:\/\/www.allaboutcookies.org\/\" target=\"_blank\" rel=\"noopener noreferrer\" aria-describedby=\"a11y-new-window-external-message\">www.allaboutcookies.org<\/a>.<br \/><br \/>Houd er bovendien rekening mee dat het blokkeren van cookies mogelijk niet volledig verhindert hoe we informatie delen met derden, zoals onze advertentiepartners. Om uw rechten uit te oefenen of u af te melden voor bepaald gebruik van uw gegevens door deze partijen, volgt u de instructies in het gedeelte &#039;Gedragsreclame&#039; hierboven.<\/p>\r\n<h3>NIET TRACEREN<\/h3>\r\n<p>Houd er rekening mee dat, omdat er in de sector geen consistent begrip bestaat over hoe te reageren op \u2018Do Not Track\u2019-signalen, we onze gegevensverzameling en gebruikspraktijken niet wijzigen wanneer we een dergelijk signaal van uw browser detecteren.<\/p>\r\n<h3>VERANDERINGEN<\/h3>\r\n<p>We kunnen dit privacybeleid van tijd tot tijd bijwerken om bijvoorbeeld wijzigingen in onze praktijken weer te geven of om andere operationele, wettelijke of regelgevende redenen.<\/p>\r\n<h3>CONTACT<\/h3>\r\n<p>Voor meer informatie over onze privacypraktijken, als u vragen heeft of een klacht wilt indienen, kunt u contact met ons opnemen via e-mail op contact@coletivoamarelo.com of per post met behulp van de onderstaande gegevens:<br \/><br \/>R. Kapitein Leit\u00e3o 74, Lissabon, 1950-19052, Portugal<br \/><br \/>Laatst bijgewerkt: 9 mei 2023<br \/><br \/><br \/>Als u niet tevreden bent met ons antwoord op uw klacht, heeft u het recht om uw klacht in te dienen bij de relevante gegevensbeschermingsautoriteit. U kunt contact opnemen met uw lokale gegevensbeschermingsautoriteit.<\/p>","protected":false},"excerpt":{"rendered":"<p>Esta Pol\u00edtica de Privacidade descreve como coletivoamarelo.com (o \u201cSite\u201d ou \u201cn\u00f3s\u201d) coleta, usa e divulga suas Informa\u00e7\u00f5es Pessoais quando voc\u00ea visita ou faz uma compra no Site. COLETANDO INFORMA\u00c7\u00d5ES PESSOAIS Quando voc\u00ea visita o Site, coletamos certas informa\u00e7\u00f5es sobre seu dispositivo, sua intera\u00e7\u00e3o com o Site e informa\u00e7\u00f5es necess\u00e1rias para processar suas compras. Tamb\u00e9m podemos [&hellip;]<\/p>\n","protected":false},"author":4,"featured_media":0,"parent":0,"menu_order":0,"comment_status":"closed","ping_status":"open","template":"","meta":{"_et_pb_use_builder":"","_et_pb_old_content":"","_et_gb_content_width":"","footnotes":""},"class_list":["post-3","page","type-page","status-publish","hentry"],"acf":[],"yoast_head":"<!-- This site is optimized with the Yoast SEO Premium plugin v15.3 - https:\/\/yoast.com\/wordpress\/plugins\/seo\/ -->\n<title>Pol\u00edtica de Privacidade &mdash; Coletivo Amarelo<\/title>\n<meta name=\"robots\" content=\"index, follow, max-snippet:-1, max-image-preview:large, max-video-preview:-1\" \/>\n<link rel=\"canonical\" href=\"https:\/\/coletivoamarelo.com\/nl\/politica_de_privacidade\/\" \/>\n<meta property=\"og:locale\" content=\"nl_NL\" \/>\n<meta property=\"og:type\" content=\"article\" \/>\n<meta property=\"og:title\" content=\"Pol\u00edtica de Privacidade &mdash; Coletivo Amarelo\" \/>\n<meta property=\"og:description\" content=\"Esta Pol\u00edtica de Privacidade descreve como coletivoamarelo.com (o \u201cSite\u201d ou \u201cn\u00f3s\u201d) coleta, usa e divulga suas Informa\u00e7\u00f5es Pessoais quando voc\u00ea visita ou faz uma compra no Site. COLETANDO INFORMA\u00c7\u00d5ES PESSOAIS Quando voc\u00ea visita o Site, coletamos certas informa\u00e7\u00f5es sobre seu dispositivo, sua intera\u00e7\u00e3o com o Site e informa\u00e7\u00f5es necess\u00e1rias para processar suas compras. Tamb\u00e9m podemos [&hellip;]\" \/>\n<meta property=\"og:url\" content=\"https:\/\/coletivoamarelo.com\/nl\/politica_de_privacidade\/\" \/>\n<meta property=\"og:site_name\" content=\"Coletivo Amarelo\" \/>\n<meta property=\"article:modified_time\" content=\"2023-05-12T18:34:53+00:00\" \/>\n<meta name=\"twitter:card\" content=\"summary_large_image\" \/>\n<meta name=\"twitter:label1\" content=\"Geschreven door\">\n\t<meta name=\"twitter:data1\" content=\"Alexandre Cagnoni\">\n\t<meta name=\"twitter:label2\" content=\"Geschatte leestijd\">\n\t<meta name=\"twitter:data2\" content=\"8 minuten\">\n<script type=\"application\/ld+json\" class=\"yoast-schema-graph\">{\"@context\":\"https:\/\/schema.org\",\"@graph\":[{\"@type\":\"Organization\",\"@id\":\"https:\/\/coletivoamarelo.com\/#organization\",\"name\":\"Coletivo Amarelo\",\"url\":\"https:\/\/coletivoamarelo.com\/\",\"sameAs\":[],\"logo\":{\"@type\":\"ImageObject\",\"@id\":\"https:\/\/coletivoamarelo.com\/#logo\",\"inLanguage\":\"nl-NL\",\"url\":\"https:\/\/coletivoamarelo.com\/wp-content\/uploads\/2023\/01\/coletivo-amarelo-logo-04.svg\",\"caption\":\"Coletivo Amarelo\"},\"image\":{\"@id\":\"https:\/\/coletivoamarelo.com\/#logo\"}},{\"@type\":\"WebSite\",\"@id\":\"https:\/\/coletivoamarelo.com\/#website\",\"url\":\"https:\/\/coletivoamarelo.com\/\",\"name\":\"Coletivo Amarelo\",\"description\":\"\",\"publisher\":{\"@id\":\"https:\/\/coletivoamarelo.com\/#organization\"},\"potentialAction\":[{\"@type\":\"SearchAction\",\"target\":\"https:\/\/coletivoamarelo.com\/?s={search_term_string}\",\"query-input\":\"required name=search_term_string\"}],\"inLanguage\":\"nl-NL\"},{\"@type\":\"WebPage\",\"@id\":\"https:\/\/coletivoamarelo.com\/politica_de_privacidade\/#webpage\",\"url\":\"https:\/\/coletivoamarelo.com\/politica_de_privacidade\/\",\"name\":\"Pol\\u00edtica de Privacidade &mdash; Coletivo Amarelo\",\"isPartOf\":{\"@id\":\"https:\/\/coletivoamarelo.com\/#website\"},\"datePublished\":\"2023-01-20T16:46:02+00:00\",\"dateModified\":\"2023-05-12T18:34:53+00:00\",\"breadcrumb\":{\"@id\":\"https:\/\/coletivoamarelo.com\/politica_de_privacidade\/#breadcrumb\"},\"inLanguage\":\"nl-NL\",\"potentialAction\":[{\"@type\":\"ReadAction\",\"target\":[\"https:\/\/coletivoamarelo.com\/politica_de_privacidade\/\"]}]},{\"@type\":\"BreadcrumbList\",\"@id\":\"https:\/\/coletivoamarelo.com\/politica_de_privacidade\/#breadcrumb\",\"itemListElement\":[{\"@type\":\"ListItem\",\"position\":1,\"item\":{\"@type\":\"WebPage\",\"@id\":\"https:\/\/coletivoamarelo.com\/\",\"url\":\"https:\/\/coletivoamarelo.com\/\",\"name\":\"Home\"}},{\"@type\":\"ListItem\",\"position\":2,\"item\":{\"@type\":\"WebPage\",\"@id\":\"https:\/\/coletivoamarelo.com\/politica_de_privacidade\/\",\"url\":\"https:\/\/coletivoamarelo.com\/politica_de_privacidade\/\",\"name\":\"Pol\\u00edtica de Privacidade\"}}]}]}<\/script>\n<!-- \/ Yoast SEO Premium plugin. -->","jetpack_sharing_enabled":true,"_links":{"self":[{"href":"https:\/\/coletivoamarelo.com\/nl\/wp-json\/wp\/v2\/pages\/3","targetHints":{"allow":["GET"]}}],"collection":[{"href":"https:\/\/coletivoamarelo.com\/nl\/wp-json\/wp\/v2\/pages"}],"about":[{"href":"https:\/\/coletivoamarelo.com\/nl\/wp-json\/wp\/v2\/types\/page"}],"author":[{"embeddable":true,"href":"https:\/\/coletivoamarelo.com\/nl\/wp-json\/wp\/v2\/users\/4"}],"replies":[{"embeddable":true,"href":"https:\/\/coletivoamarelo.com\/nl\/wp-json\/wp\/v2\/comments?post=3"}],"version-history":[{"count":0,"href":"https:\/\/coletivoamarelo.com\/nl\/wp-json\/wp\/v2\/pages\/3\/revisions"}],"wp:attachment":[{"href":"https:\/\/coletivoamarelo.com\/nl\/wp-json\/wp\/v2\/media?parent=3"}],"curies":[{"name":"wp","href":"https:\/\/api.w.org\/{rel}","templated":true}]}}