{"id":4434,"date":"2025-06-28T14:29:54","date_gmt":"2025-06-28T14:29:54","guid":{"rendered":"https:\/\/coletivoamarelo.com\/?post_type=product&#038;p=4434"},"modified":"2025-10-18T11:12:12","modified_gmt":"2025-10-18T11:12:12","slug":"sonho-de-ontem-a-noite-2023","status":"publish","type":"product","link":"https:\/\/coletivoamarelo.com\/fr\/produit\/sonho-de-ontem-a-noite-2023\/","title":{"rendered":"R\u00eave de la nuit derni\u00e8re, 2023"},"content":{"rendered":"<p>Peinture acrylique sur tapisserie<\/p>","protected":false},"excerpt":{"rendered":"<p>Peinture acrylique sur tapisserie, 85 x 66 cm.<\/p>\n<blockquote><p>J'avais fait une s\u00e9rie de r\u00eaves \u00e9tranges, mais ils m'avaient aussi donn\u00e9 un bon sentiment. Je ne savais pas exactement de quoi il s'agissait, mais je voulais les enregistrer, alors je suis all\u00e9e en studio pour les travailler. J'ai fini par y ajouter beaucoup d'intensit\u00e9, d'intuition et d'exp\u00e9rimentation, des caract\u00e9ristiques toujours pr\u00e9sentes dans mon travail, et j'ai utilis\u00e9 une couverture que j'avais dans le studio, qui fait directement r\u00e9f\u00e9rence au sommeil. J'ai utilis\u00e9 une couverture que j'avais dans le studio, qui fait directement r\u00e9f\u00e9rence au sommeil. J'\u00e9tais heureuse parce que, finalement, j'ai r\u00e9ussi \u00e0 enregistrer le sentiment que je recherchais.<\/p>\n<p><strong>- Diego Garcez<\/strong><\/p><\/blockquote>\n<div style=\"width: 480px;\" class=\"wp-video\"><video class=\"wp-video-shortcode\" id=\"video-4434-1\" width=\"480\" height=\"848\" preload=\"metadata\" controls=\"controls\"><source type=\"video\/mp4\" src=\"https:\/\/coletivoamarelo.com\/wp-content\/uploads\/2025\/07\/Artist-Speaks-Diego.mp4?_=1\" \/><a href=\"https:\/\/coletivoamarelo.com\/wp-content\/uploads\/2025\/07\/Artist-Speaks-Diego.mp4\">https:\/\/coletivoamarelo.com\/wp-content\/uploads\/2025\/07\/Artist-Speaks-Diego.mp4<\/a><\/video><\/div>","protected":false},"featured_media":4435,"template":"","meta":{"_et_pb_use_builder":"","_et_pb_old_content":"","_et_gb_content_width":""},"product_brand":[],"product_cat":[62],"product_tag":[],"class_list":{"0":"post-4434","1":"product","2":"type-product","3":"status-publish","4":"has-post-thumbnail","6":"product_cat-pintura","7":"cla-autores-diego-garcez","9":"first","10":"instock","11":"featured","12":"sold-individually","13":"shipping-taxable","14":"product-type-simple"},"acf":[],"yoast_head":"<!-- This site is optimized with the Yoast SEO Premium plugin v15.3 - https:\/\/yoast.com\/wordpress\/plugins\/seo\/ -->\n<title>Sonho de ontem \u00e0 noite, 2023 &mdash; Coletivo Amarelo<\/title>\n<meta name=\"robots\" content=\"index, follow, max-snippet:-1, max-image-preview:large, max-video-preview:-1\" \/>\n<link rel=\"canonical\" href=\"https:\/\/coletivoamarelo.com\/fr\/produit\/sonho-de-ontem-a-noite-2023\/\" \/>\n<meta property=\"og:locale\" content=\"fr_FR\" \/>\n<meta property=\"og:type\" content=\"article\" \/>\n<meta property=\"og:title\" content=\"Sonho de ontem \u00e0 noite, 2023 &mdash; Coletivo Amarelo\" \/>\n<meta property=\"og:description\" content=\"Tinta acr\u00edlica sobre tape\u00e7aria, 85 x 66 cm. Eu havia tido uma s\u00e9rie de sonhos estranhos, mas que por outro lado tamb\u00e9m me traziam uma sensa\u00e7\u00e3o boa. N\u00e3o sabia bem do que se tratava, mas queria registr\u00e1-los, ent\u00e3o fui para o ateli\u00ea trabalhar em cima disso. Acabei por colocar bastante intensidade, intui\u00e7\u00e3o e experimenta\u00e7\u00e3o, caracter\u00edsticas sempre presentes em meu trabalho, e utilizei um cobertor que tinha no ateli\u00ea, o que remete diretamente ao sono. Fiquei feliz porque, ao final, consegui registrar a sensa\u00e7\u00e3o que buscava.  - Diego Garcez\" \/>\n<meta property=\"og:url\" content=\"https:\/\/coletivoamarelo.com\/fr\/produit\/sonho-de-ontem-a-noite-2023\/\" \/>\n<meta property=\"og:site_name\" content=\"Coletivo Amarelo\" \/>\n<meta property=\"article:modified_time\" content=\"2025-10-18T11:12:12+00:00\" \/>\n<meta property=\"og:image\" content=\"https:\/\/coletivoamarelo.com\/wp-content\/uploads\/2025\/06\/Sonho-de-ontem-a-noite.jpg\" \/>\n\t<meta property=\"og:image:width\" content=\"1400\" \/>\n\t<meta property=\"og:image:height\" content=\"1092\" \/>\n<meta name=\"twitter:card\" content=\"summary_large_image\" \/>\n<meta name=\"twitter:label1\" content=\"\u00c9crit par\">\n\t<meta name=\"twitter:data1\" content=\"Alexandre Cagnoni\">\n\t<meta name=\"twitter:label2\" content=\"Dur\u00e9e de lecture estim\u00e9e\">\n\t<meta name=\"twitter:data2\" content=\"0 minute\">\n<script type=\"application\/ld+json\" class=\"yoast-schema-graph\">{\"@context\":\"https:\/\/schema.org\",\"@graph\":[{\"@type\":\"Organization\",\"@id\":\"https:\/\/coletivoamarelo.com\/#organization\",\"name\":\"Coletivo Amarelo\",\"url\":\"https:\/\/coletivoamarelo.com\/\",\"sameAs\":[],\"logo\":{\"@type\":\"ImageObject\",\"@id\":\"https:\/\/coletivoamarelo.com\/#logo\",\"inLanguage\":\"fr-FR\",\"url\":\"https:\/\/coletivoamarelo.com\/wp-content\/uploads\/2023\/01\/coletivo-amarelo-logo-04.svg\",\"caption\":\"Coletivo Amarelo\"},\"image\":{\"@id\":\"https:\/\/coletivoamarelo.com\/#logo\"}},{\"@type\":\"WebSite\",\"@id\":\"https:\/\/coletivoamarelo.com\/#website\",\"url\":\"https:\/\/coletivoamarelo.com\/\",\"name\":\"Coletivo Amarelo\",\"description\":\"\",\"publisher\":{\"@id\":\"https:\/\/coletivoamarelo.com\/#organization\"},\"potentialAction\":[{\"@type\":\"SearchAction\",\"target\":\"https:\/\/coletivoamarelo.com\/?s={search_term_string}\",\"query-input\":\"required name=search_term_string\"}],\"inLanguage\":\"fr-FR\"},{\"@type\":\"ImageObject\",\"@id\":\"https:\/\/coletivoamarelo.com\/produto\/sonho-de-ontem-a-noite-2023\/#primaryimage\",\"inLanguage\":\"fr-FR\",\"url\":\"https:\/\/coletivoamarelo.com\/wp-content\/uploads\/2025\/06\/Sonho-de-ontem-a-noite.jpg\",\"width\":1400,\"height\":1092},{\"@type\":\"WebPage\",\"@id\":\"https:\/\/coletivoamarelo.com\/produto\/sonho-de-ontem-a-noite-2023\/#webpage\",\"url\":\"https:\/\/coletivoamarelo.com\/produto\/sonho-de-ontem-a-noite-2023\/\",\"name\":\"Sonho de ontem \\u00e0 noite, 2023 &mdash; Coletivo Amarelo\",\"isPartOf\":{\"@id\":\"https:\/\/coletivoamarelo.com\/#website\"},\"primaryImageOfPage\":{\"@id\":\"https:\/\/coletivoamarelo.com\/produto\/sonho-de-ontem-a-noite-2023\/#primaryimage\"},\"datePublished\":\"2025-06-28T14:29:54+00:00\",\"dateModified\":\"2025-10-18T11:12:12+00:00\",\"breadcrumb\":{\"@id\":\"https:\/\/coletivoamarelo.com\/produto\/sonho-de-ontem-a-noite-2023\/#breadcrumb\"},\"inLanguage\":\"fr-FR\",\"potentialAction\":[{\"@type\":\"ReadAction\",\"target\":[\"https:\/\/coletivoamarelo.com\/produto\/sonho-de-ontem-a-noite-2023\/\"]}]},{\"@type\":\"BreadcrumbList\",\"@id\":\"https:\/\/coletivoamarelo.com\/produto\/sonho-de-ontem-a-noite-2023\/#breadcrumb\",\"itemListElement\":[{\"@type\":\"ListItem\",\"position\":1,\"item\":{\"@type\":\"WebPage\",\"@id\":\"https:\/\/coletivoamarelo.com\/\",\"url\":\"https:\/\/coletivoamarelo.com\/\",\"name\":\"Home\"}},{\"@type\":\"ListItem\",\"position\":2,\"item\":{\"@type\":\"WebPage\",\"@id\":\"https:\/\/coletivoamarelo.com\/colecao\/\",\"url\":\"https:\/\/coletivoamarelo.com\/colecao\/\",\"name\":\"Cole\\u00e7\\u00e3o\"}},{\"@type\":\"ListItem\",\"position\":3,\"item\":{\"@type\":\"WebPage\",\"@id\":\"https:\/\/coletivoamarelo.com\/produto\/sonho-de-ontem-a-noite-2023\/\",\"url\":\"https:\/\/coletivoamarelo.com\/produto\/sonho-de-ontem-a-noite-2023\/\",\"name\":\"Sonho de ontem \\u00e0 noite, 2023\"}}]}]}<\/script>\n<!-- \/ Yoast SEO Premium plugin. -->","jetpack_sharing_enabled":true,"_links":{"self":[{"href":"https:\/\/coletivoamarelo.com\/fr\/wp-json\/wp\/v2\/product\/4434","targetHints":{"allow":["GET"]}}],"collection":[{"href":"https:\/\/coletivoamarelo.com\/fr\/wp-json\/wp\/v2\/product"}],"about":[{"href":"https:\/\/coletivoamarelo.com\/fr\/wp-json\/wp\/v2\/types\/product"}],"wp:featuredmedia":[{"embeddable":true,"href":"https:\/\/coletivoamarelo.com\/fr\/wp-json\/wp\/v2\/media\/4435"}],"wp:attachment":[{"href":"https:\/\/coletivoamarelo.com\/fr\/wp-json\/wp\/v2\/media?parent=4434"}],"wp:term":[{"taxonomy":"product_brand","embeddable":true,"href":"https:\/\/coletivoamarelo.com\/fr\/wp-json\/wp\/v2\/product_brand?post=4434"},{"taxonomy":"product_cat","embeddable":true,"href":"https:\/\/coletivoamarelo.com\/fr\/wp-json\/wp\/v2\/product_cat?post=4434"},{"taxonomy":"product_tag","embeddable":true,"href":"https:\/\/coletivoamarelo.com\/fr\/wp-json\/wp\/v2\/product_tag?post=4434"}],"curies":[{"name":"wp","href":"https:\/\/api.w.org\/{rel}","templated":true}]}}