{"id":4430,"date":"2025-06-28T14:12:30","date_gmt":"2025-06-28T14:12:30","guid":{"rendered":"https:\/\/coletivoamarelo.com\/?post_type=product&#038;p=4430"},"modified":"2025-10-18T11:12:33","modified_gmt":"2025-10-18T11:12:33","slug":"principe-galo-2021","status":"publish","type":"product","link":"https:\/\/coletivoamarelo.com\/fr\/produit\/principe-galo-2021\/","title":{"rendered":"Pr\u00edncipe Galo, 2021"},"content":{"rendered":"<p>Acrylique sur toile - 136 x 153cm<\/p>","protected":false},"excerpt":{"rendered":"<p>Acrylique sur toile - 136 x 153cm<\/p>\n<blockquote><p>O \"<strong>Prince Gallo<\/strong>\"r\u00e9sulte d'une recherche de la non-significativit\u00e9 de l'image, d'une r\u00e9sistance \u00e0 un r\u00e9sultat plausible, m\u00eame en sachant qu'en fin de compte les stimuli zoomorphes l'emporteraient, parce qu'inconsciemment ils \u00e9taient d\u00e9j\u00e0 l\u00e0, quelle que soit l'orientation. Un mouvement circulaire d'intentions. Ce que je veux dire, c'est que je ne me souviens m\u00eame pas de la raison pour laquelle cette image a \u00e9t\u00e9 r\u00e9alis\u00e9e, si ce n'est la dilution de mon temps dans la dilution des couleurs et des peintures et dans la recherche d'un sens ou, dans ce cas, d'aucun sens... il n'y a pas de sens, il n'y a pas de pourquoi, si ce n'est celui de repasser le temps en vain.<\/p>\n<p><strong>- Chico Diaz<\/strong><\/p><\/blockquote>\n<div style=\"width: 480px;\" class=\"wp-video\"><video class=\"wp-video-shortcode\" id=\"video-4430-1\" width=\"480\" height=\"848\" preload=\"metadata\" controls=\"controls\"><source type=\"video\/mp4\" src=\"https:\/\/coletivoamarelo.com\/wp-content\/uploads\/2025\/06\/Artist-Speaks-Principe-Galo.mp4?_=1\" \/><a href=\"https:\/\/coletivoamarelo.com\/wp-content\/uploads\/2025\/06\/Artist-Speaks-Principe-Galo.mp4\">https:\/\/coletivoamarelo.com\/wp-content\/uploads\/2025\/06\/Artist-Speaks-Principe-Galo.mp4<\/a><\/video><\/div>","protected":false},"featured_media":4431,"template":"","meta":{"_et_pb_use_builder":"","_et_pb_old_content":"","_et_gb_content_width":""},"product_brand":[],"product_cat":[62],"product_tag":[],"class_list":{"0":"post-4430","1":"product","2":"type-product","3":"status-publish","4":"has-post-thumbnail","6":"product_cat-pintura","7":"cla-autores-chico-diaz","9":"first","10":"instock","11":"shipping-taxable","12":"product-type-simple"},"acf":[],"yoast_head":"<!-- This site is optimized with the Yoast SEO Premium plugin v15.3 - https:\/\/yoast.com\/wordpress\/plugins\/seo\/ -->\n<title>Pr\u00edncipe Galo, 2021 &mdash; Coletivo Amarelo<\/title>\n<meta name=\"robots\" content=\"index, follow, max-snippet:-1, max-image-preview:large, max-video-preview:-1\" \/>\n<link rel=\"canonical\" href=\"https:\/\/coletivoamarelo.com\/fr\/produit\/principe-galo-2021\/\" \/>\n<meta property=\"og:locale\" content=\"fr_FR\" \/>\n<meta property=\"og:type\" content=\"article\" \/>\n<meta property=\"og:title\" content=\"Pr\u00edncipe Galo, 2021 &mdash; Coletivo Amarelo\" \/>\n<meta property=\"og:description\" content=\"Acr\u00edlica sobre tela - 136 x 153cm O \u201cPr\u00edncipe-Galo\u201d resulta de uma busca pela n\u00e3o significa\u00e7\u00e3o da imagem ,uma resist\u00eancia ao resultado plaus\u00edvel, mesmo sabendo que ao final os est\u00edmulos zoom\u00f3rficos preponderariam, porque inconscientemente ali j\u00e1 estavam independentemente at\u00e9 mesmo da orienta\u00e7\u00e3o. Movimento circular nas inten\u00e7\u00f5es. O que eu quero dizer que nem mesmo me \u00e9 poss\u00edvel lembrar o porque dessa imagem ter sido elaborada, a n\u00e3o ser a dilui\u00e7\u00e3o de meu tempo na dilui\u00e7\u00e3o das cores e das tintas e na procura de algum ou, no caso, nenhum significado\u2026 n\u00e3o h\u00e1 um sentido, n\u00e3o h\u00e1 um porque, a n\u00e3o ser passar em v\u00e3o, a ferro, o tempo.  - Chico Diaz\" \/>\n<meta property=\"og:url\" content=\"https:\/\/coletivoamarelo.com\/fr\/produit\/principe-galo-2021\/\" \/>\n<meta property=\"og:site_name\" content=\"Coletivo Amarelo\" \/>\n<meta property=\"article:modified_time\" content=\"2025-10-18T11:12:33+00:00\" \/>\n<meta property=\"og:image\" content=\"https:\/\/coletivoamarelo.com\/wp-content\/uploads\/2025\/06\/Principe-Galo.jpg\" \/>\n\t<meta property=\"og:image:width\" content=\"1436\" \/>\n\t<meta property=\"og:image:height\" content=\"1626\" \/>\n<meta name=\"twitter:card\" content=\"summary_large_image\" \/>\n<meta name=\"twitter:label1\" content=\"\u00c9crit par\">\n\t<meta name=\"twitter:data1\" content=\"Alexandre Cagnoni\">\n\t<meta name=\"twitter:label2\" content=\"Dur\u00e9e de lecture estim\u00e9e\">\n\t<meta name=\"twitter:data2\" content=\"0 minute\">\n<script type=\"application\/ld+json\" class=\"yoast-schema-graph\">{\"@context\":\"https:\/\/schema.org\",\"@graph\":[{\"@type\":\"Organization\",\"@id\":\"https:\/\/coletivoamarelo.com\/#organization\",\"name\":\"Coletivo Amarelo\",\"url\":\"https:\/\/coletivoamarelo.com\/\",\"sameAs\":[],\"logo\":{\"@type\":\"ImageObject\",\"@id\":\"https:\/\/coletivoamarelo.com\/#logo\",\"inLanguage\":\"fr-FR\",\"url\":\"https:\/\/coletivoamarelo.com\/wp-content\/uploads\/2023\/01\/coletivo-amarelo-logo-04.svg\",\"caption\":\"Coletivo Amarelo\"},\"image\":{\"@id\":\"https:\/\/coletivoamarelo.com\/#logo\"}},{\"@type\":\"WebSite\",\"@id\":\"https:\/\/coletivoamarelo.com\/#website\",\"url\":\"https:\/\/coletivoamarelo.com\/\",\"name\":\"Coletivo Amarelo\",\"description\":\"\",\"publisher\":{\"@id\":\"https:\/\/coletivoamarelo.com\/#organization\"},\"potentialAction\":[{\"@type\":\"SearchAction\",\"target\":\"https:\/\/coletivoamarelo.com\/?s={search_term_string}\",\"query-input\":\"required name=search_term_string\"}],\"inLanguage\":\"fr-FR\"},{\"@type\":\"ImageObject\",\"@id\":\"https:\/\/coletivoamarelo.com\/produto\/principe-galo-2021\/#primaryimage\",\"inLanguage\":\"fr-FR\",\"url\":\"https:\/\/coletivoamarelo.com\/wp-content\/uploads\/2025\/06\/Principe-Galo.jpg\",\"width\":1436,\"height\":1626},{\"@type\":\"WebPage\",\"@id\":\"https:\/\/coletivoamarelo.com\/produto\/principe-galo-2021\/#webpage\",\"url\":\"https:\/\/coletivoamarelo.com\/produto\/principe-galo-2021\/\",\"name\":\"Pr\\u00edncipe Galo, 2021 &mdash; Coletivo Amarelo\",\"isPartOf\":{\"@id\":\"https:\/\/coletivoamarelo.com\/#website\"},\"primaryImageOfPage\":{\"@id\":\"https:\/\/coletivoamarelo.com\/produto\/principe-galo-2021\/#primaryimage\"},\"datePublished\":\"2025-06-28T14:12:30+00:00\",\"dateModified\":\"2025-10-18T11:12:33+00:00\",\"breadcrumb\":{\"@id\":\"https:\/\/coletivoamarelo.com\/produto\/principe-galo-2021\/#breadcrumb\"},\"inLanguage\":\"fr-FR\",\"potentialAction\":[{\"@type\":\"ReadAction\",\"target\":[\"https:\/\/coletivoamarelo.com\/produto\/principe-galo-2021\/\"]}]},{\"@type\":\"BreadcrumbList\",\"@id\":\"https:\/\/coletivoamarelo.com\/produto\/principe-galo-2021\/#breadcrumb\",\"itemListElement\":[{\"@type\":\"ListItem\",\"position\":1,\"item\":{\"@type\":\"WebPage\",\"@id\":\"https:\/\/coletivoamarelo.com\/\",\"url\":\"https:\/\/coletivoamarelo.com\/\",\"name\":\"Home\"}},{\"@type\":\"ListItem\",\"position\":2,\"item\":{\"@type\":\"WebPage\",\"@id\":\"https:\/\/coletivoamarelo.com\/colecao\/\",\"url\":\"https:\/\/coletivoamarelo.com\/colecao\/\",\"name\":\"Cole\\u00e7\\u00e3o\"}},{\"@type\":\"ListItem\",\"position\":3,\"item\":{\"@type\":\"WebPage\",\"@id\":\"https:\/\/coletivoamarelo.com\/produto\/principe-galo-2021\/\",\"url\":\"https:\/\/coletivoamarelo.com\/produto\/principe-galo-2021\/\",\"name\":\"Pr\\u00edncipe Galo, 2021\"}}]}]}<\/script>\n<!-- \/ Yoast SEO Premium plugin. -->","jetpack_sharing_enabled":true,"_links":{"self":[{"href":"https:\/\/coletivoamarelo.com\/fr\/wp-json\/wp\/v2\/product\/4430","targetHints":{"allow":["GET"]}}],"collection":[{"href":"https:\/\/coletivoamarelo.com\/fr\/wp-json\/wp\/v2\/product"}],"about":[{"href":"https:\/\/coletivoamarelo.com\/fr\/wp-json\/wp\/v2\/types\/product"}],"wp:featuredmedia":[{"embeddable":true,"href":"https:\/\/coletivoamarelo.com\/fr\/wp-json\/wp\/v2\/media\/4431"}],"wp:attachment":[{"href":"https:\/\/coletivoamarelo.com\/fr\/wp-json\/wp\/v2\/media?parent=4430"}],"wp:term":[{"taxonomy":"product_brand","embeddable":true,"href":"https:\/\/coletivoamarelo.com\/fr\/wp-json\/wp\/v2\/product_brand?post=4430"},{"taxonomy":"product_cat","embeddable":true,"href":"https:\/\/coletivoamarelo.com\/fr\/wp-json\/wp\/v2\/product_cat?post=4430"},{"taxonomy":"product_tag","embeddable":true,"href":"https:\/\/coletivoamarelo.com\/fr\/wp-json\/wp\/v2\/product_tag?post=4430"}],"curies":[{"name":"wp","href":"https:\/\/api.w.org\/{rel}","templated":true}]}}