{"id":4423,"date":"2025-06-24T23:17:42","date_gmt":"2025-06-24T23:17:42","guid":{"rendered":"https:\/\/coletivoamarelo.com\/?post_type=product&#038;p=4423"},"modified":"2025-07-21T19:44:51","modified_gmt":"2025-07-21T19:44:51","slug":"shape-method-creative-writing","status":"publish","type":"product","link":"https:\/\/coletivoamarelo.com\/fr\/produit\/shape-method-creative-writing\/","title":{"rendered":"Forme et m\u00e9thode : \u00e9criture cr\u00e9ative"},"content":{"rendered":"<table class=\"aligncenter\" style=\"width: 1440px; height: 302px;\">\n<tbody>\n<tr style=\"height: 172px;\">\n<td style=\"width: 164.859px; height: 172px;\"><img loading=\"lazy\" decoding=\"async\" class=\"alignnone wp-image-4424 size-full\" src=\"https:\/\/coletivoamarelo.com\/wp-content\/uploads\/2025\/06\/giulia.jpg\" alt=\"\" width=\"200\" height=\"200\" srcset=\"https:\/\/coletivoamarelo.com\/wp-content\/uploads\/2025\/06\/giulia.jpg 200w, https:\/\/coletivoamarelo.com\/wp-content\/uploads\/2025\/06\/giulia-150x150.jpg 150w, https:\/\/coletivoamarelo.com\/wp-content\/uploads\/2025\/06\/giulia-12x12.jpg 12w, https:\/\/coletivoamarelo.com\/wp-content\/uploads\/2025\/06\/giulia-100x100.jpg 100w\" sizes=\"(max-width: 200px) 100vw, 200px\" \/><\/td>\n<td style=\"width: 12.9844px; height: 172px;\"><strong>\u00a0<\/strong><\/td>\n<td style=\"width: 1240.16px; height: 172px;\"><strong>Giulia Frascino<\/strong> est une artiste multidisciplinaire, une m\u00e9diatrice et une animatrice d'ateliers qui se concentre sur le langage, les arts visuels et les processus cr\u00e9atifs. Bas\u00e9e \u00e0 S\u00e3o Paulo, elle travaille entre le Br\u00e9sil et le Portugal, avec une pr\u00e9sence active \u00e0 la fois \u00e0 S\u00e3o Paulo et \u00e0 Lisbonne. Depuis 2016, elle d\u00e9veloppe des projets artistiques pour diff\u00e9rents publics - notamment des enfants, des jeunes et des adultes - en mettant l'accent sur l'exploration du langage en tant qu'outil expressif et \u00e9ducatif. Elle anime des rencontres individuelles et collectives qui entrem\u00ealent le mot, le corps et l'image \u00e0 travers des processus sensibles et interdisciplinaires. Elle est la fondatrice de <strong>Palavracasa<\/strong>Un studio d\u00e9di\u00e9 aux projets qui utilisent les mots comme point de d\u00e9part de la cr\u00e9ation - y compris les ateliers, le dessin, l'\u00e9criture et les publications ind\u00e9pendantes.<\/td>\n<\/tr>\n<tr>\n<td style=\"width: 164.859px;\"><img loading=\"lazy\" decoding=\"async\" class=\"alignnone size-medium wp-image-4425\" src=\"https:\/\/coletivoamarelo.com\/wp-content\/uploads\/2025\/06\/Stephanie-250x300.jpg\" alt=\"\" width=\"250\" height=\"300\" srcset=\"https:\/\/coletivoamarelo.com\/wp-content\/uploads\/2025\/06\/Stephanie-250x300.jpg 250w, https:\/\/coletivoamarelo.com\/wp-content\/uploads\/2025\/06\/Stephanie-10x12.jpg 10w, https:\/\/coletivoamarelo.com\/wp-content\/uploads\/2025\/06\/Stephanie.jpg 458w\" sizes=\"(max-width: 250px) 100vw, 250px\" \/><\/td>\n<td style=\"width: 12.9844px;\"><strong>\u00a0<\/strong><\/td>\n<td style=\"width: 1240.16px;\"><strong>St\u00e9phanie Wruck<\/strong> est un \u00e9crivain ind\u00e9pendant, un commissaire d'exposition, un professeur d'anglais et le cofondateur de l'association <strong>Collectif Jaune<\/strong>est une galerie d'art qui se consacre \u00e0 la promotion d'approches inclusives et exp\u00e9rimentales de l'art, de m\u00e9thodologies de conservation et d'un dialogue ouvert sur la commercialisation de l'art. Son travail se concentre sur la cr\u00e9ation de moyens plus inclusifs, affectifs et exp\u00e9rimentaux d'\u00e9tudier, de partager et d'exp\u00e9rimenter l'art. Forte de son exp\u00e9rience en mati\u00e8re de mentorat d'artistes, de commissariat d'expositions, d'organisation de programmes publics, de participation \u00e0 des foires d'art internationales et de conseil aux collectionneurs, Stephanie apporte une perspective large et collaborative au domaine culturel. Ses \u00e9crits et ses projets de conservation sont fond\u00e9s sur la croyance en la capacit\u00e9 de l'art \u00e0 construire une communaut\u00e9, \u00e0 \u00e9largir la perception et \u00e0 imaginer de nouvelles formes d'apprentissage et d'\u00e9change.<\/td>\n<\/tr>\n<\/tbody>\n<\/table>","protected":false},"excerpt":{"rendered":"<blockquote>\n<p data-start=\"0\" data-end=\"154\"><em><strong>Il comprend la production d'une petite publication sous forme de livre num\u00e9rique avec le travail effectu\u00e9 pendant l'atelier + un mentorat individuel avec les m\u00e9diateurs apr\u00e8s la fin de l'atelier.<\/strong><\/em><\/p>\n<\/blockquote>\n<p data-start=\"0\" data-end=\"154\"><strong data-start=\"0\" data-end=\"18\">Forme et m\u00e9thode<\/strong> est un atelier d'\u00e9criture cr\u00e9ative dirig\u00e9 par l'artiste pluridisciplinaire <strong>Giulia Frascino<\/strong> et galeriste et \u00e9crivain <strong>St\u00e9phanie Wruck<\/strong>.<\/p>\n<p data-start=\"156\" data-end=\"341\">Au cours de trois r\u00e9unions collectives et d'une derni\u00e8re session de mentorat individuel, chaque participant sera invit\u00e9 \u00e0 approfondir sa recherche cr\u00e9ative et \u00e0 d\u00e9velopper un texte po\u00e9tique original.<\/p>\n<p data-start=\"343\" data-end=\"627\">L'atelier propose une immersion dans les pratiques d'\u00e9criture et de dessin en tant que formes d'expression compl\u00e9mentaires. Il a pour but d'\u00e9veiller des id\u00e9es et de planter des graines qui dynamisent le processus cr\u00e9atif, aboutissant \u00e0 la production collective d'une petite publication de textes po\u00e9tiques \u00e0 la fin du cours.<\/p>\n<p data-start=\"629\" data-end=\"645\"><strong data-start=\"629\" data-end=\"645\">3 r\u00e9unions :<\/strong><\/p>\n<ol>\n<li data-start=\"650\" data-end=\"784\"><strong data-start=\"650\" data-end=\"660\">\u00e9tincelle<\/strong>Introduction \u00e0 l'atelier, r\u00e9f\u00e9rences visuelles et conceptuelles, exploration des m\u00e9thodes de production artistique et des consignes initiales.<\/li>\n<li data-start=\"789\" data-end=\"881\"><strong data-start=\"789\" data-end=\"805\">carte affective<\/strong>Les cours d'anglais : exercices d'\u00e9criture et de dessin cr\u00e9atifs et exploration de th\u00e8mes individuels.<\/li>\n<li data-start=\"886\" data-end=\"1039\"><strong data-start=\"886\" data-end=\"904\">offres finales<\/strong>le temps de coudre le tout et de partager les cr\u00e9ations finales. Instructions pour les \u00e9tapes suivantes et les sessions de mentorat individuel<\/li>\n<\/ol>\n<p data-start=\"682\" data-end=\"828\">DATES : 23\/09, 30\/09 et 07\/10<\/p>\n<p data-start=\"682\" data-end=\"828\">HEURE : 20h-22h (heure portugaise)<\/p>\n<p data-start=\"682\" data-end=\"828\">* PLACES LIMIT\u00c9ES<\/p>","protected":false},"featured_media":4426,"template":"","meta":{"_et_pb_use_builder":"off","_et_pb_old_content":"<table class=\" aligncenter\">\r\n<tbody>\r\n<tr>\r\n<td style=\"width: 271.016px\"><img class=\" wp-image-4205 alignnone\" src=\"https:\/\/coletivoamarelo.com\/wp-content\/uploads\/2025\/05\/IMG_8956-268x300.jpg\" alt=\"\" width=\"254\" height=\"285\" \/><\/td>\r\n<td style=\"width: 534.984px\">\r\n<p class=\"\" data-start=\"52\" data-end=\"308\"><strong data-start=\"52\" data-end=\"69\">Franka Struys<\/strong> (Roterd\u00e3o, 1966) estudou pintura na Ar.Co, em Lisboa, e \u00e9 mestre em Economia pela Erasmus University. Antes de se dedicar inteiramente \u00e0 arte, trabalhou para o Minist\u00e9rio dos Neg\u00f3cios Estrangeiros dos Pa\u00edses Baixos, em Haia e na Tanz\u00e2nia.<\/p>\r\n<p class=\"\" data-start=\"310\" data-end=\"577\">Desde 2013, o seu trabalho tem sido exposto em Portugal e nos Pa\u00edses Baixos, integrando cole\u00e7\u00f5es municipais e privadas em Portugal, nos Pa\u00edses Baixos e no Reino Unido. Participou em resid\u00eancias art\u00edsticas na RAMA (2021) e est\u00e1 confirmada para a Cortex Frontal (2025).<\/p>\r\n<p class=\"\" data-start=\"310\" data-end=\"577\">A viver em Colares desde 1998, encontra na natureza a sua principal fonte de inspira\u00e7\u00e3o e conduz workshops sobre o uso de pigmentos minerais naturais em t\u00e9cnicas de pintura.<\/p>\r\n<p class=\"\" data-start=\"754\" data-end=\"1017\">Entre os destaques recentes est\u00e3o a exposi\u00e7\u00e3o individual <em data-start=\"811\" data-end=\"825\">Mother Earth<\/em> (Lisboa, 2024), o projeto colaborativo <em data-start=\"865\" data-end=\"881\">Scorched Earth<\/em> (Cascais, 2024) e a participa\u00e7\u00e3o em exposi\u00e7\u00f5es coletivas como <em data-start=\"944\" data-end=\"960\">Corrente de Ar<\/em> (Lisboa) e <em data-start=\"972\" data-end=\"987\">Ever Emerging<\/em> durante a Amsterdam Art Week.<\/p>\r\n<\/td>\r\n<\/tr>\r\n<\/tbody>\r\n<\/table>\r\n[video width=\"540\" height=\"954\" mp4=\"https:\/\/coletivoamarelo.com\/wp-content\/uploads\/2025\/06\/Franka-Struys-Video-.mp4\"][\/video]","_et_gb_content_width":""},"product_brand":[],"product_cat":[130],"product_tag":[136],"class_list":{"0":"post-4423","1":"product","2":"type-product","3":"status-publish","4":"has-post-thumbnail","6":"product_cat-workshops","7":"product_tag-workshops","8":"cla-colections-workshops","10":"first","11":"instock","12":"purchasable","13":"product-type-simple"},"acf":[],"yoast_head":"<!-- This site is optimized with the Yoast SEO Premium plugin v15.3 - https:\/\/yoast.com\/wordpress\/plugins\/seo\/ -->\n<title>Shape &amp; Method: Creative Writing &mdash; Coletivo Amarelo<\/title>\n<meta name=\"robots\" content=\"index, follow, max-snippet:-1, max-image-preview:large, max-video-preview:-1\" \/>\n<link rel=\"canonical\" href=\"https:\/\/coletivoamarelo.com\/fr\/produit\/shape-method-creative-writing\/\" \/>\n<meta property=\"og:locale\" content=\"fr_FR\" \/>\n<meta property=\"og:type\" content=\"article\" \/>\n<meta property=\"og:title\" content=\"Shape &amp; Method: Creative Writing &mdash; Coletivo Amarelo\" \/>\n<meta property=\"og:description\" content=\"Inclui a produ\u00e7\u00e3o de uma pequena publica\u00e7\u00e3o em formato de livro digital com os trabalhos realizados durante a oficina + uma mentoria individual com as mediadoras ap\u00f3s o t\u00e9rmino da oficina  Shape &amp; Method \u00e9 uma oficina de escrita criativa conduzida pela artista multidisciplinar Giulia Frascino e pela galerista e escritora Stephanie Wruck. Ao longo de tr\u00eas encontros coletivos e uma mentoria individual final, cada participante ser\u00e1 convidado(a) a aprofundar sua investiga\u00e7\u00e3o criativa e desenvolver um texto po\u00e9tico original. A oficina prop\u00f5e uma imers\u00e3o em pr\u00e1ticas de escrita e desenho como formas complementares de express\u00e3o. Seu objetivo \u00e9 despertar ideias e plantar sementes que energizem o processo criativo, culminando na produ\u00e7\u00e3o coletiva de uma pequena publica\u00e7\u00e3o de textos po\u00e9ticos ao final do curso. 3 encontros:    fa\u00edsca: introdu\u00e7\u00e3o \u00e0 oficina, refer\u00eancias visuais e conceituais, explora\u00e7\u00e3o de m\u00e9todos de produ\u00e7\u00e3o art\u00edstica e instru\u00e7\u00f5es iniciais  mapa-afetivo: exerc\u00edcios de escrita criativa e desenho &amp; explora\u00e7\u00e3o de temas individuais  ofertas finais: momento de costurar tudo e compartilhar as cria\u00e7\u00f5es finais. Direcionamentos para os pr\u00f3ximos passos &amp; sess\u00f5es individuais de mentoria  DATAS: 23\/09, 30\/09 e 07\/10 HOR\u00c1RIO: 20h-22h (Hor\u00e1rio de Portugal) * VAGAS LIMITADAS\" \/>\n<meta property=\"og:url\" content=\"https:\/\/coletivoamarelo.com\/fr\/produit\/shape-method-creative-writing\/\" \/>\n<meta property=\"og:site_name\" content=\"Coletivo Amarelo\" \/>\n<meta property=\"article:modified_time\" content=\"2025-07-21T19:44:51+00:00\" \/>\n<meta property=\"og:image\" content=\"https:\/\/coletivoamarelo.com\/wp-content\/uploads\/2025\/06\/shapeandmethod.jpg\" \/>\n\t<meta property=\"og:image:width\" content=\"934\" \/>\n\t<meta property=\"og:image:height\" content=\"1168\" \/>\n<meta name=\"twitter:card\" content=\"summary_large_image\" \/>\n<meta name=\"twitter:label1\" content=\"\u00c9crit par\">\n\t<meta name=\"twitter:data1\" content=\"Alexandre Cagnoni\">\n\t<meta name=\"twitter:label2\" content=\"Dur\u00e9e de lecture estim\u00e9e\">\n\t<meta name=\"twitter:data2\" content=\"1 minute\">\n<script type=\"application\/ld+json\" class=\"yoast-schema-graph\">{\"@context\":\"https:\/\/schema.org\",\"@graph\":[{\"@type\":\"Organization\",\"@id\":\"https:\/\/coletivoamarelo.com\/#organization\",\"name\":\"Coletivo Amarelo\",\"url\":\"https:\/\/coletivoamarelo.com\/\",\"sameAs\":[],\"logo\":{\"@type\":\"ImageObject\",\"@id\":\"https:\/\/coletivoamarelo.com\/#logo\",\"inLanguage\":\"fr-FR\",\"url\":\"https:\/\/coletivoamarelo.com\/wp-content\/uploads\/2023\/01\/coletivo-amarelo-logo-04.svg\",\"caption\":\"Coletivo Amarelo\"},\"image\":{\"@id\":\"https:\/\/coletivoamarelo.com\/#logo\"}},{\"@type\":\"WebSite\",\"@id\":\"https:\/\/coletivoamarelo.com\/#website\",\"url\":\"https:\/\/coletivoamarelo.com\/\",\"name\":\"Coletivo Amarelo\",\"description\":\"\",\"publisher\":{\"@id\":\"https:\/\/coletivoamarelo.com\/#organization\"},\"potentialAction\":[{\"@type\":\"SearchAction\",\"target\":\"https:\/\/coletivoamarelo.com\/?s={search_term_string}\",\"query-input\":\"required name=search_term_string\"}],\"inLanguage\":\"fr-FR\"},{\"@type\":\"ImageObject\",\"@id\":\"https:\/\/coletivoamarelo.com\/produto\/shape-method-creative-writing\/#primaryimage\",\"inLanguage\":\"fr-FR\",\"url\":\"https:\/\/coletivoamarelo.com\/wp-content\/uploads\/2025\/06\/shapeandmethod.jpg\",\"width\":934,\"height\":1168},{\"@type\":\"WebPage\",\"@id\":\"https:\/\/coletivoamarelo.com\/produto\/shape-method-creative-writing\/#webpage\",\"url\":\"https:\/\/coletivoamarelo.com\/produto\/shape-method-creative-writing\/\",\"name\":\"Shape & Method: Creative Writing &mdash; Coletivo Amarelo\",\"isPartOf\":{\"@id\":\"https:\/\/coletivoamarelo.com\/#website\"},\"primaryImageOfPage\":{\"@id\":\"https:\/\/coletivoamarelo.com\/produto\/shape-method-creative-writing\/#primaryimage\"},\"datePublished\":\"2025-06-24T23:17:42+00:00\",\"dateModified\":\"2025-07-21T19:44:51+00:00\",\"breadcrumb\":{\"@id\":\"https:\/\/coletivoamarelo.com\/produto\/shape-method-creative-writing\/#breadcrumb\"},\"inLanguage\":\"fr-FR\",\"potentialAction\":[{\"@type\":\"ReadAction\",\"target\":[\"https:\/\/coletivoamarelo.com\/produto\/shape-method-creative-writing\/\"]}]},{\"@type\":\"BreadcrumbList\",\"@id\":\"https:\/\/coletivoamarelo.com\/produto\/shape-method-creative-writing\/#breadcrumb\",\"itemListElement\":[{\"@type\":\"ListItem\",\"position\":1,\"item\":{\"@type\":\"WebPage\",\"@id\":\"https:\/\/coletivoamarelo.com\/\",\"url\":\"https:\/\/coletivoamarelo.com\/\",\"name\":\"Home\"}},{\"@type\":\"ListItem\",\"position\":2,\"item\":{\"@type\":\"WebPage\",\"@id\":\"https:\/\/coletivoamarelo.com\/colecao\/\",\"url\":\"https:\/\/coletivoamarelo.com\/colecao\/\",\"name\":\"Cole\\u00e7\\u00e3o\"}},{\"@type\":\"ListItem\",\"position\":3,\"item\":{\"@type\":\"WebPage\",\"@id\":\"https:\/\/coletivoamarelo.com\/produto\/shape-method-creative-writing\/\",\"url\":\"https:\/\/coletivoamarelo.com\/produto\/shape-method-creative-writing\/\",\"name\":\"Shape &#038; Method: Creative Writing\"}}]}]}<\/script>\n<!-- \/ Yoast SEO Premium plugin. -->","jetpack_sharing_enabled":true,"_links":{"self":[{"href":"https:\/\/coletivoamarelo.com\/fr\/wp-json\/wp\/v2\/product\/4423","targetHints":{"allow":["GET"]}}],"collection":[{"href":"https:\/\/coletivoamarelo.com\/fr\/wp-json\/wp\/v2\/product"}],"about":[{"href":"https:\/\/coletivoamarelo.com\/fr\/wp-json\/wp\/v2\/types\/product"}],"wp:featuredmedia":[{"embeddable":true,"href":"https:\/\/coletivoamarelo.com\/fr\/wp-json\/wp\/v2\/media\/4426"}],"wp:attachment":[{"href":"https:\/\/coletivoamarelo.com\/fr\/wp-json\/wp\/v2\/media?parent=4423"}],"wp:term":[{"taxonomy":"product_brand","embeddable":true,"href":"https:\/\/coletivoamarelo.com\/fr\/wp-json\/wp\/v2\/product_brand?post=4423"},{"taxonomy":"product_cat","embeddable":true,"href":"https:\/\/coletivoamarelo.com\/fr\/wp-json\/wp\/v2\/product_cat?post=4423"},{"taxonomy":"product_tag","embeddable":true,"href":"https:\/\/coletivoamarelo.com\/fr\/wp-json\/wp\/v2\/product_tag?post=4423"}],"curies":[{"name":"wp","href":"https:\/\/api.w.org\/{rel}","templated":true}]}}