{"id":4341,"date":"2025-06-11T10:41:45","date_gmt":"2025-06-11T10:41:45","guid":{"rendered":"https:\/\/coletivoamarelo.com\/?post_type=product&#038;p=4341"},"modified":"2025-11-08T23:25:46","modified_gmt":"2025-11-08T23:25:46","slug":"spring-walks-iii-2025","status":"publish","type":"product","link":"https:\/\/coletivoamarelo.com\/fr\/produit\/spring-walks-iii-2025\/","title":{"rendered":"Promenades de printemps III, 2025"},"content":{"rendered":"<p>Veridiana Leite est une artiste visuelle originaire de Ribeir\u00e3o Preto, au Br\u00e9sil, qui vit actuellement \u00e0 Lisbonne, au Portugal. Avec des r\u00e9sidences artistiques \u00e0 Berlin, en Tha\u00eflande, \u00e0 Lisbonne et dans l'Alentejo, Veridiana peint comme elle danse. Ses gestes libres, spontan\u00e9s et presque fous d\u00e9construisent les paysages imagin\u00e9s et nous emm\u00e8nent dans de nouveaux lieux - parfois magiques, parfois obscurs, o\u00f9 notre perception est mise au d\u00e9fi de nouvelles observations.<\/p>","protected":false},"excerpt":{"rendered":"<p>\u0152uvre de la s\u00e9rie \"Promenades printani\u00e8res\", de 2025. Huile sur papier, 30 x 30 cm.<\/p>","protected":false},"featured_media":4342,"template":"","meta":{"_et_pb_use_builder":"","_et_pb_old_content":"","_et_gb_content_width":""},"product_brand":[],"product_cat":[62],"product_tag":[],"class_list":{"0":"post-4341","1":"product","2":"type-product","3":"status-publish","4":"has-post-thumbnail","6":"product_cat-pintura","7":"cla-autores-veridiana-leite","8":"cla-colections-aaf-berlin-2025","10":"first","11":"instock","12":"shipping-taxable","13":"product-type-simple"},"acf":[],"yoast_head":"<!-- This site is optimized with the Yoast SEO Premium plugin v15.3 - https:\/\/yoast.com\/wordpress\/plugins\/seo\/ -->\n<title>Spring Walks III, 2025 &mdash; Coletivo Amarelo<\/title>\n<meta name=\"robots\" content=\"index, follow, max-snippet:-1, max-image-preview:large, max-video-preview:-1\" \/>\n<link rel=\"canonical\" href=\"https:\/\/coletivoamarelo.com\/fr\/produit\/spring-walks-iii-2025\/\" \/>\n<meta property=\"og:locale\" content=\"fr_FR\" \/>\n<meta property=\"og:type\" content=\"article\" \/>\n<meta property=\"og:title\" content=\"Spring Walks III, 2025 &mdash; Coletivo Amarelo\" \/>\n<meta property=\"og:description\" content=\"Obra da s\u00e9rie &quot;Spring Walks&quot;, de 2025. \u00d3leo sobre papel, 30 x 30 cm.\" \/>\n<meta property=\"og:url\" content=\"https:\/\/coletivoamarelo.com\/fr\/produit\/spring-walks-iii-2025\/\" \/>\n<meta property=\"og:site_name\" content=\"Coletivo Amarelo\" \/>\n<meta property=\"article:modified_time\" content=\"2025-11-08T23:25:46+00:00\" \/>\n<meta property=\"og:image\" content=\"https:\/\/coletivoamarelo.com\/wp-content\/uploads\/2025\/06\/Spring-Walks-III.jpg\" \/>\n\t<meta property=\"og:image:width\" content=\"568\" \/>\n\t<meta property=\"og:image:height\" content=\"570\" \/>\n<meta name=\"twitter:card\" content=\"summary_large_image\" \/>\n<meta name=\"twitter:label1\" content=\"\u00c9crit par\">\n\t<meta name=\"twitter:data1\" content=\"Alexandre Cagnoni\">\n\t<meta name=\"twitter:label2\" content=\"Dur\u00e9e de lecture estim\u00e9e\">\n\t<meta name=\"twitter:data2\" content=\"0 minute\">\n<script type=\"application\/ld+json\" class=\"yoast-schema-graph\">{\"@context\":\"https:\/\/schema.org\",\"@graph\":[{\"@type\":\"Organization\",\"@id\":\"https:\/\/coletivoamarelo.com\/#organization\",\"name\":\"Coletivo Amarelo\",\"url\":\"https:\/\/coletivoamarelo.com\/\",\"sameAs\":[],\"logo\":{\"@type\":\"ImageObject\",\"@id\":\"https:\/\/coletivoamarelo.com\/#logo\",\"inLanguage\":\"fr-FR\",\"url\":\"https:\/\/coletivoamarelo.com\/wp-content\/uploads\/2023\/01\/coletivo-amarelo-logo-04.svg\",\"caption\":\"Coletivo Amarelo\"},\"image\":{\"@id\":\"https:\/\/coletivoamarelo.com\/#logo\"}},{\"@type\":\"WebSite\",\"@id\":\"https:\/\/coletivoamarelo.com\/#website\",\"url\":\"https:\/\/coletivoamarelo.com\/\",\"name\":\"Coletivo Amarelo\",\"description\":\"\",\"publisher\":{\"@id\":\"https:\/\/coletivoamarelo.com\/#organization\"},\"potentialAction\":[{\"@type\":\"SearchAction\",\"target\":\"https:\/\/coletivoamarelo.com\/?s={search_term_string}\",\"query-input\":\"required name=search_term_string\"}],\"inLanguage\":\"fr-FR\"},{\"@type\":\"ImageObject\",\"@id\":\"https:\/\/coletivoamarelo.com\/produto\/spring-walks-iii-2025\/#primaryimage\",\"inLanguage\":\"fr-FR\",\"url\":\"https:\/\/coletivoamarelo.com\/wp-content\/uploads\/2025\/06\/Spring-Walks-III.jpg\",\"width\":568,\"height\":570},{\"@type\":\"WebPage\",\"@id\":\"https:\/\/coletivoamarelo.com\/produto\/spring-walks-iii-2025\/#webpage\",\"url\":\"https:\/\/coletivoamarelo.com\/produto\/spring-walks-iii-2025\/\",\"name\":\"Spring Walks III, 2025 &mdash; Coletivo Amarelo\",\"isPartOf\":{\"@id\":\"https:\/\/coletivoamarelo.com\/#website\"},\"primaryImageOfPage\":{\"@id\":\"https:\/\/coletivoamarelo.com\/produto\/spring-walks-iii-2025\/#primaryimage\"},\"datePublished\":\"2025-06-11T10:41:45+00:00\",\"dateModified\":\"2025-11-08T23:25:46+00:00\",\"breadcrumb\":{\"@id\":\"https:\/\/coletivoamarelo.com\/produto\/spring-walks-iii-2025\/#breadcrumb\"},\"inLanguage\":\"fr-FR\",\"potentialAction\":[{\"@type\":\"ReadAction\",\"target\":[\"https:\/\/coletivoamarelo.com\/produto\/spring-walks-iii-2025\/\"]}]},{\"@type\":\"BreadcrumbList\",\"@id\":\"https:\/\/coletivoamarelo.com\/produto\/spring-walks-iii-2025\/#breadcrumb\",\"itemListElement\":[{\"@type\":\"ListItem\",\"position\":1,\"item\":{\"@type\":\"WebPage\",\"@id\":\"https:\/\/coletivoamarelo.com\/\",\"url\":\"https:\/\/coletivoamarelo.com\/\",\"name\":\"Home\"}},{\"@type\":\"ListItem\",\"position\":2,\"item\":{\"@type\":\"WebPage\",\"@id\":\"https:\/\/coletivoamarelo.com\/colecao\/\",\"url\":\"https:\/\/coletivoamarelo.com\/colecao\/\",\"name\":\"Cole\\u00e7\\u00e3o\"}},{\"@type\":\"ListItem\",\"position\":3,\"item\":{\"@type\":\"WebPage\",\"@id\":\"https:\/\/coletivoamarelo.com\/produto\/spring-walks-iii-2025\/\",\"url\":\"https:\/\/coletivoamarelo.com\/produto\/spring-walks-iii-2025\/\",\"name\":\"Spring Walks III, 2025\"}}]}]}<\/script>\n<!-- \/ Yoast SEO Premium plugin. -->","jetpack_sharing_enabled":true,"_links":{"self":[{"href":"https:\/\/coletivoamarelo.com\/fr\/wp-json\/wp\/v2\/product\/4341","targetHints":{"allow":["GET"]}}],"collection":[{"href":"https:\/\/coletivoamarelo.com\/fr\/wp-json\/wp\/v2\/product"}],"about":[{"href":"https:\/\/coletivoamarelo.com\/fr\/wp-json\/wp\/v2\/types\/product"}],"wp:featuredmedia":[{"embeddable":true,"href":"https:\/\/coletivoamarelo.com\/fr\/wp-json\/wp\/v2\/media\/4342"}],"wp:attachment":[{"href":"https:\/\/coletivoamarelo.com\/fr\/wp-json\/wp\/v2\/media?parent=4341"}],"wp:term":[{"taxonomy":"product_brand","embeddable":true,"href":"https:\/\/coletivoamarelo.com\/fr\/wp-json\/wp\/v2\/product_brand?post=4341"},{"taxonomy":"product_cat","embeddable":true,"href":"https:\/\/coletivoamarelo.com\/fr\/wp-json\/wp\/v2\/product_cat?post=4341"},{"taxonomy":"product_tag","embeddable":true,"href":"https:\/\/coletivoamarelo.com\/fr\/wp-json\/wp\/v2\/product_tag?post=4341"}],"curies":[{"name":"wp","href":"https:\/\/api.w.org\/{rel}","templated":true}]}}