{"id":3781,"date":"2024-11-20T20:58:33","date_gmt":"2024-11-20T20:58:33","guid":{"rendered":"https:\/\/coletivoamarelo.com\/?post_type=product&#038;p=3781"},"modified":"2025-03-22T18:00:51","modified_gmt":"2025-03-22T18:00:51","slug":"kokoro-i-2024","status":"publish","type":"product","link":"https:\/\/coletivoamarelo.com\/fr\/produit\/kokoro-i-2024\/","title":{"rendered":"Kokoro I, 2024"},"content":{"rendered":"<p>Juliana Matsumura est une artiste br\u00e9silienne qui vit et travaille actuellement \u00e0 Lisbonne. Le dessin est au c\u0153ur de sa pratique, utilisant divers outils comme la gravure, la photographie et la peinture.<\/p>","protected":false},"excerpt":{"rendered":"<p>Ensemble de 5 pi\u00e8ces en laiton et en argent, tissu en coton et fil \u00e0 coudre, b\u00e2ton en bois pour faire sonner les pi\u00e8ces comme une cloche, 5 x 3,5 cm chacune.<\/p>","protected":false},"featured_media":3797,"template":"","meta":{"_et_pb_use_builder":"","_et_pb_old_content":"","_et_gb_content_width":""},"product_brand":[],"product_cat":[74],"product_tag":[],"class_list":{"0":"post-3781","1":"product","2":"type-product","3":"status-publish","4":"has-post-thumbnail","6":"product_cat-escultura","7":"cla-autores-juliana-matsumura","9":"first","10":"instock","11":"featured","12":"sold-individually","13":"shipping-taxable","14":"product-type-simple"},"acf":[],"yoast_head":"<!-- This site is optimized with the Yoast SEO Premium plugin v15.3 - https:\/\/yoast.com\/wordpress\/plugins\/seo\/ -->\n<title>Kokoro I, 2024 &mdash; Coletivo Amarelo<\/title>\n<meta name=\"robots\" content=\"index, follow, max-snippet:-1, max-image-preview:large, max-video-preview:-1\" \/>\n<link rel=\"canonical\" href=\"https:\/\/coletivoamarelo.com\/fr\/produit\/kokoro-i-2024\/\" \/>\n<meta property=\"og:locale\" content=\"fr_FR\" \/>\n<meta property=\"og:type\" content=\"article\" \/>\n<meta property=\"og:title\" content=\"Kokoro I, 2024 &mdash; Coletivo Amarelo\" \/>\n<meta property=\"og:description\" content=\"Conjunto de 5 pe\u00e7as em lat\u00e3o e prata, tecido de algod\u00e3o e linha de costura, bast\u00e3o de madeira para tocar as pe\u00e7as como sino, 5 x 3.5 cm cada pe\u00e7a.\" \/>\n<meta property=\"og:url\" content=\"https:\/\/coletivoamarelo.com\/fr\/produit\/kokoro-i-2024\/\" \/>\n<meta property=\"og:site_name\" content=\"Coletivo Amarelo\" \/>\n<meta property=\"article:modified_time\" content=\"2025-03-22T18:00:51+00:00\" \/>\n<meta property=\"og:image\" content=\"https:\/\/coletivoamarelo.com\/wp-content\/uploads\/2024\/11\/Ju-expo9-1024x683.png\" \/>\n\t<meta property=\"og:image:width\" content=\"1024\" \/>\n\t<meta property=\"og:image:height\" content=\"683\" \/>\n<meta name=\"twitter:card\" content=\"summary_large_image\" \/>\n<meta name=\"twitter:label1\" content=\"\u00c9crit par\">\n\t<meta name=\"twitter:data1\" content=\"Alexandre Cagnoni\">\n\t<meta name=\"twitter:label2\" content=\"Dur\u00e9e de lecture estim\u00e9e\">\n\t<meta name=\"twitter:data2\" content=\"0 minute\">\n<script type=\"application\/ld+json\" class=\"yoast-schema-graph\">{\"@context\":\"https:\/\/schema.org\",\"@graph\":[{\"@type\":\"Organization\",\"@id\":\"https:\/\/coletivoamarelo.com\/#organization\",\"name\":\"Coletivo Amarelo\",\"url\":\"https:\/\/coletivoamarelo.com\/\",\"sameAs\":[],\"logo\":{\"@type\":\"ImageObject\",\"@id\":\"https:\/\/coletivoamarelo.com\/#logo\",\"inLanguage\":\"fr-FR\",\"url\":\"https:\/\/coletivoamarelo.com\/wp-content\/uploads\/2023\/01\/coletivo-amarelo-logo-04.svg\",\"caption\":\"Coletivo Amarelo\"},\"image\":{\"@id\":\"https:\/\/coletivoamarelo.com\/#logo\"}},{\"@type\":\"WebSite\",\"@id\":\"https:\/\/coletivoamarelo.com\/#website\",\"url\":\"https:\/\/coletivoamarelo.com\/\",\"name\":\"Coletivo Amarelo\",\"description\":\"\",\"publisher\":{\"@id\":\"https:\/\/coletivoamarelo.com\/#organization\"},\"potentialAction\":[{\"@type\":\"SearchAction\",\"target\":\"https:\/\/coletivoamarelo.com\/?s={search_term_string}\",\"query-input\":\"required name=search_term_string\"}],\"inLanguage\":\"fr-FR\"},{\"@type\":\"ImageObject\",\"@id\":\"https:\/\/coletivoamarelo.com\/produto\/kokoro-i-2024\/#primaryimage\",\"inLanguage\":\"fr-FR\",\"url\":\"https:\/\/coletivoamarelo.com\/wp-content\/uploads\/2024\/11\/Ju-expo9.png\",\"width\":1920,\"height\":1280},{\"@type\":\"WebPage\",\"@id\":\"https:\/\/coletivoamarelo.com\/produto\/kokoro-i-2024\/#webpage\",\"url\":\"https:\/\/coletivoamarelo.com\/produto\/kokoro-i-2024\/\",\"name\":\"Kokoro I, 2024 &mdash; Coletivo Amarelo\",\"isPartOf\":{\"@id\":\"https:\/\/coletivoamarelo.com\/#website\"},\"primaryImageOfPage\":{\"@id\":\"https:\/\/coletivoamarelo.com\/produto\/kokoro-i-2024\/#primaryimage\"},\"datePublished\":\"2024-11-20T20:58:33+00:00\",\"dateModified\":\"2025-03-22T18:00:51+00:00\",\"breadcrumb\":{\"@id\":\"https:\/\/coletivoamarelo.com\/produto\/kokoro-i-2024\/#breadcrumb\"},\"inLanguage\":\"fr-FR\",\"potentialAction\":[{\"@type\":\"ReadAction\",\"target\":[\"https:\/\/coletivoamarelo.com\/produto\/kokoro-i-2024\/\"]}]},{\"@type\":\"BreadcrumbList\",\"@id\":\"https:\/\/coletivoamarelo.com\/produto\/kokoro-i-2024\/#breadcrumb\",\"itemListElement\":[{\"@type\":\"ListItem\",\"position\":1,\"item\":{\"@type\":\"WebPage\",\"@id\":\"https:\/\/coletivoamarelo.com\/\",\"url\":\"https:\/\/coletivoamarelo.com\/\",\"name\":\"Home\"}},{\"@type\":\"ListItem\",\"position\":2,\"item\":{\"@type\":\"WebPage\",\"@id\":\"https:\/\/coletivoamarelo.com\/colecao\/\",\"url\":\"https:\/\/coletivoamarelo.com\/colecao\/\",\"name\":\"Cole\\u00e7\\u00e3o\"}},{\"@type\":\"ListItem\",\"position\":3,\"item\":{\"@type\":\"WebPage\",\"@id\":\"https:\/\/coletivoamarelo.com\/produto\/kokoro-i-2024\/\",\"url\":\"https:\/\/coletivoamarelo.com\/produto\/kokoro-i-2024\/\",\"name\":\"Kokoro I, 2024\"}}]}]}<\/script>\n<!-- \/ Yoast SEO Premium plugin. -->","jetpack_sharing_enabled":true,"_links":{"self":[{"href":"https:\/\/coletivoamarelo.com\/fr\/wp-json\/wp\/v2\/product\/3781","targetHints":{"allow":["GET"]}}],"collection":[{"href":"https:\/\/coletivoamarelo.com\/fr\/wp-json\/wp\/v2\/product"}],"about":[{"href":"https:\/\/coletivoamarelo.com\/fr\/wp-json\/wp\/v2\/types\/product"}],"wp:featuredmedia":[{"embeddable":true,"href":"https:\/\/coletivoamarelo.com\/fr\/wp-json\/wp\/v2\/media\/3797"}],"wp:attachment":[{"href":"https:\/\/coletivoamarelo.com\/fr\/wp-json\/wp\/v2\/media?parent=3781"}],"wp:term":[{"taxonomy":"product_brand","embeddable":true,"href":"https:\/\/coletivoamarelo.com\/fr\/wp-json\/wp\/v2\/product_brand?post=3781"},{"taxonomy":"product_cat","embeddable":true,"href":"https:\/\/coletivoamarelo.com\/fr\/wp-json\/wp\/v2\/product_cat?post=3781"},{"taxonomy":"product_tag","embeddable":true,"href":"https:\/\/coletivoamarelo.com\/fr\/wp-json\/wp\/v2\/product_tag?post=3781"}],"curies":[{"name":"wp","href":"https:\/\/api.w.org\/{rel}","templated":true}]}}