{"id":3741,"date":"2024-10-31T18:22:24","date_gmt":"2024-10-31T18:22:24","guid":{"rendered":"https:\/\/coletivoamarelo.com\/?post_type=product&#038;p=3741"},"modified":"2025-10-18T11:13:20","modified_gmt":"2025-10-18T11:13:20","slug":"adraga-com-reflexo-laranja-2024","status":"publish","type":"product","link":"https:\/\/coletivoamarelo.com\/fr\/produit\/adraga-com-reflexo-laranja-2024\/","title":{"rendered":"Adraga avec reflet orange, 2024"},"content":{"rendered":"<p>Peinture \u00e0 l'huile sur papier (50 x 70 cm)<\/p>","protected":false},"excerpt":{"rendered":"<p>Peinture \u00e0 l'huile sur papier (50 x 70 cm), d'une s\u00e9rie de 4 peintures illustrant la plage d'Adraga au Portugal.<\/p>\n<blockquote><p>Il y a plus de dix ans, j'ai quitt\u00e9 le Br\u00e9sil et depuis lors, dans mes voyages \u00e0 travers le monde, le paysage a toujours \u00e9t\u00e9 mon premier refuge. Lorsque je suis arriv\u00e9 au Portugal, c'est l'Atlantique - avec sa pr\u00e9sence immense, vivante et indomptable - qui m'a accueilli. C'est l'Atlantique qui m'a incit\u00e9 \u00e0 rester, \u00e0 m'enraciner et \u00e0 cr\u00e9er un foyer. Le paysage qui m'entoure est devenu une pr\u00e9sence constante dans ma pratique artistique. J'observe les variations subtiles de la lumi\u00e8re, les mouvements des mar\u00e9es, les changements presque imperceptibles que le temps imprime aux formes. Tout cela nourrit mon regard. Dans cette s\u00e9rie de quatre tableaux sur la plage des Adraga, j'essaie de saisir ce qui, par nature, m'\u00e9chappe : l'instant qui change, la couleur qui se dissout, l'ombre qui se d\u00e9place. C'est une tentative - peut-\u00eatre vaine, mais profond\u00e9ment n\u00e9cessaire - de contenir le temps, de rendre permanents des paysages qui, par essence, sont \u00e9ph\u00e9m\u00e8res.<\/p>\n<p><strong>- Gabriela Albuquerque<\/strong><\/p><\/blockquote>\n<div style=\"width: 480px;\" class=\"wp-video\"><video class=\"wp-video-shortcode\" id=\"video-3741-1\" width=\"480\" height=\"848\" preload=\"metadata\" controls=\"controls\"><source type=\"video\/mp4\" src=\"https:\/\/coletivoamarelo.com\/wp-content\/uploads\/2024\/10\/Video-Adraga.mp4?_=1\" \/><a href=\"https:\/\/coletivoamarelo.com\/wp-content\/uploads\/2024\/10\/Video-Adraga.mp4\">https:\/\/coletivoamarelo.com\/wp-content\/uploads\/2024\/10\/Video-Adraga.mp4<\/a><\/video><\/div>","protected":false},"featured_media":3742,"template":"","meta":{"_et_pb_use_builder":"","_et_pb_old_content":"","_et_gb_content_width":""},"product_brand":[],"product_cat":[62],"product_tag":[],"class_list":{"0":"post-3741","1":"product","2":"type-product","3":"status-publish","4":"has-post-thumbnail","6":"product_cat-pintura","7":"cla-autores-gabriela-albuquerque","8":"cla-colections-aaf-brussels-2025","9":"cla-colections-aaf-hamburg-2025","11":"first","12":"instock","13":"featured","14":"sold-individually","15":"shipping-taxable","16":"product-type-simple"},"acf":[],"yoast_head":"<!-- This site is optimized with the Yoast SEO Premium plugin v15.3 - https:\/\/yoast.com\/wordpress\/plugins\/seo\/ -->\n<title>Adraga com reflexo laranja, 2024 &mdash; Coletivo Amarelo<\/title>\n<meta name=\"robots\" content=\"index, follow, max-snippet:-1, max-image-preview:large, max-video-preview:-1\" \/>\n<link rel=\"canonical\" href=\"https:\/\/coletivoamarelo.com\/fr\/produit\/adraga-com-reflexo-laranja-2024\/\" \/>\n<meta property=\"og:locale\" content=\"fr_FR\" \/>\n<meta property=\"og:type\" content=\"article\" \/>\n<meta property=\"og:title\" content=\"Adraga com reflexo laranja, 2024 &mdash; Coletivo Amarelo\" \/>\n<meta property=\"og:description\" content=\"Pintura a \u00f3leo sobre papel (50 x 70 cm), de s\u00e9rie de 4 pinturas ilustrando a praia da Adraga, em Portugal. H\u00e1 mais de uma d\u00e9cada deixei o Brasil, e desde ent\u00e3o, nas minhas travessias pelo mundo, a paisagem tem sido sempre meu primeiro abrigo. Ao chegar a Portugal, foi o Atl\u00e2ntico \u2014 com sua presen\u00e7a imensa, viva e indom\u00e1vel \u2014 que me acolheu. Foi ele quem me fez permanecer, fincar ra\u00edzes, criar casa. A paisagem que me cerca tornou-se presen\u00e7a constante na minha pr\u00e1tica art\u00edstica. Observo as varia\u00e7\u00f5es sutis de luz, os movimentos das mar\u00e9s, as mudan\u00e7as quase impercept\u00edveis que o tempo imprime sobre as formas. Tudo isso alimenta o meu olhar. Nesta s\u00e9rie de quatro pinturas sobre a Praia da Adraga, busco capturar aquilo que, por natureza, escapa: o instante que muda, a cor que se dissolve, a sombra que se desloca. \u00c9 uma tentativa \u2014 talvez v\u00e3, mas profundamente necess\u00e1ria \u2014 de conter o tempo, de tornar permanentes as paisagens que, em sua ess\u00eancia, s\u00e3o ef\u00eameras.  - Gabriela Albuquerque\" \/>\n<meta property=\"og:url\" content=\"https:\/\/coletivoamarelo.com\/fr\/produit\/adraga-com-reflexo-laranja-2024\/\" \/>\n<meta property=\"og:site_name\" content=\"Coletivo Amarelo\" \/>\n<meta property=\"article:modified_time\" content=\"2025-10-18T11:13:20+00:00\" \/>\n<meta property=\"og:image\" content=\"https:\/\/coletivoamarelo.com\/wp-content\/uploads\/2024\/10\/Adraga-in-orange-reflection.jpg\" \/>\n\t<meta property=\"og:image:width\" content=\"674\" \/>\n\t<meta property=\"og:image:height\" content=\"948\" \/>\n<meta name=\"twitter:card\" content=\"summary_large_image\" \/>\n<meta name=\"twitter:label1\" content=\"\u00c9crit par\">\n\t<meta name=\"twitter:data1\" content=\"Alexandre Cagnoni\">\n\t<meta name=\"twitter:label2\" content=\"Dur\u00e9e de lecture estim\u00e9e\">\n\t<meta name=\"twitter:data2\" content=\"0 minute\">\n<script type=\"application\/ld+json\" class=\"yoast-schema-graph\">{\"@context\":\"https:\/\/schema.org\",\"@graph\":[{\"@type\":\"Organization\",\"@id\":\"https:\/\/coletivoamarelo.com\/#organization\",\"name\":\"Coletivo Amarelo\",\"url\":\"https:\/\/coletivoamarelo.com\/\",\"sameAs\":[],\"logo\":{\"@type\":\"ImageObject\",\"@id\":\"https:\/\/coletivoamarelo.com\/#logo\",\"inLanguage\":\"fr-FR\",\"url\":\"https:\/\/coletivoamarelo.com\/wp-content\/uploads\/2023\/01\/coletivo-amarelo-logo-04.svg\",\"caption\":\"Coletivo Amarelo\"},\"image\":{\"@id\":\"https:\/\/coletivoamarelo.com\/#logo\"}},{\"@type\":\"WebSite\",\"@id\":\"https:\/\/coletivoamarelo.com\/#website\",\"url\":\"https:\/\/coletivoamarelo.com\/\",\"name\":\"Coletivo Amarelo\",\"description\":\"\",\"publisher\":{\"@id\":\"https:\/\/coletivoamarelo.com\/#organization\"},\"potentialAction\":[{\"@type\":\"SearchAction\",\"target\":\"https:\/\/coletivoamarelo.com\/?s={search_term_string}\",\"query-input\":\"required name=search_term_string\"}],\"inLanguage\":\"fr-FR\"},{\"@type\":\"ImageObject\",\"@id\":\"https:\/\/coletivoamarelo.com\/produto\/adraga-com-reflexo-laranja-2024\/#primaryimage\",\"inLanguage\":\"fr-FR\",\"url\":\"https:\/\/coletivoamarelo.com\/wp-content\/uploads\/2024\/10\/Adraga-in-orange-reflection.jpg\",\"width\":674,\"height\":948},{\"@type\":\"WebPage\",\"@id\":\"https:\/\/coletivoamarelo.com\/produto\/adraga-com-reflexo-laranja-2024\/#webpage\",\"url\":\"https:\/\/coletivoamarelo.com\/produto\/adraga-com-reflexo-laranja-2024\/\",\"name\":\"Adraga com reflexo laranja, 2024 &mdash; Coletivo Amarelo\",\"isPartOf\":{\"@id\":\"https:\/\/coletivoamarelo.com\/#website\"},\"primaryImageOfPage\":{\"@id\":\"https:\/\/coletivoamarelo.com\/produto\/adraga-com-reflexo-laranja-2024\/#primaryimage\"},\"datePublished\":\"2024-10-31T18:22:24+00:00\",\"dateModified\":\"2025-10-18T11:13:20+00:00\",\"breadcrumb\":{\"@id\":\"https:\/\/coletivoamarelo.com\/produto\/adraga-com-reflexo-laranja-2024\/#breadcrumb\"},\"inLanguage\":\"fr-FR\",\"potentialAction\":[{\"@type\":\"ReadAction\",\"target\":[\"https:\/\/coletivoamarelo.com\/produto\/adraga-com-reflexo-laranja-2024\/\"]}]},{\"@type\":\"BreadcrumbList\",\"@id\":\"https:\/\/coletivoamarelo.com\/produto\/adraga-com-reflexo-laranja-2024\/#breadcrumb\",\"itemListElement\":[{\"@type\":\"ListItem\",\"position\":1,\"item\":{\"@type\":\"WebPage\",\"@id\":\"https:\/\/coletivoamarelo.com\/\",\"url\":\"https:\/\/coletivoamarelo.com\/\",\"name\":\"Home\"}},{\"@type\":\"ListItem\",\"position\":2,\"item\":{\"@type\":\"WebPage\",\"@id\":\"https:\/\/coletivoamarelo.com\/colecao\/\",\"url\":\"https:\/\/coletivoamarelo.com\/colecao\/\",\"name\":\"Cole\\u00e7\\u00e3o\"}},{\"@type\":\"ListItem\",\"position\":3,\"item\":{\"@type\":\"WebPage\",\"@id\":\"https:\/\/coletivoamarelo.com\/produto\/adraga-com-reflexo-laranja-2024\/\",\"url\":\"https:\/\/coletivoamarelo.com\/produto\/adraga-com-reflexo-laranja-2024\/\",\"name\":\"Adraga com reflexo laranja, 2024\"}}]}]}<\/script>\n<!-- \/ Yoast SEO Premium plugin. -->","jetpack_sharing_enabled":true,"_links":{"self":[{"href":"https:\/\/coletivoamarelo.com\/fr\/wp-json\/wp\/v2\/product\/3741","targetHints":{"allow":["GET"]}}],"collection":[{"href":"https:\/\/coletivoamarelo.com\/fr\/wp-json\/wp\/v2\/product"}],"about":[{"href":"https:\/\/coletivoamarelo.com\/fr\/wp-json\/wp\/v2\/types\/product"}],"wp:featuredmedia":[{"embeddable":true,"href":"https:\/\/coletivoamarelo.com\/fr\/wp-json\/wp\/v2\/media\/3742"}],"wp:attachment":[{"href":"https:\/\/coletivoamarelo.com\/fr\/wp-json\/wp\/v2\/media?parent=3741"}],"wp:term":[{"taxonomy":"product_brand","embeddable":true,"href":"https:\/\/coletivoamarelo.com\/fr\/wp-json\/wp\/v2\/product_brand?post=3741"},{"taxonomy":"product_cat","embeddable":true,"href":"https:\/\/coletivoamarelo.com\/fr\/wp-json\/wp\/v2\/product_cat?post=3741"},{"taxonomy":"product_tag","embeddable":true,"href":"https:\/\/coletivoamarelo.com\/fr\/wp-json\/wp\/v2\/product_tag?post=3741"}],"curies":[{"name":"wp","href":"https:\/\/api.w.org\/{rel}","templated":true}]}}