{"id":3583,"date":"2024-08-08T13:45:49","date_gmt":"2024-08-08T13:45:49","guid":{"rendered":"https:\/\/coletivoamarelo.com\/?post_type=product&#038;p=3583"},"modified":"2024-09-19T14:09:15","modified_gmt":"2024-09-19T14:09:15","slug":"serie-casas-2024-1-a-10","status":"publish","type":"product","link":"https:\/\/coletivoamarelo.com\/fr\/produit\/serie-casas-2024-1-a-10\/","title":{"rendered":"S\u00e9rie : Maisons, 2024 (#1 \u00e0 #10)"},"content":{"rendered":"<p>&quot;<em>Seules les maisons expliquent pourquoi il existe un mot comme intimit\u00e9<\/em>\u00bbRuy Belo<\/p>\n<p>La maison en b\u00e2ton, dessin\u00e9e aux crayons de couleur, un rectangle un peu brouillon, un toit un peu triangulaire, perdu dans un paysage, avec soleil et nuages en arri\u00e8re-plan. \u00c0 c\u00f4t\u00e9 se trouve une famille de personnages en b\u00e2ton, avec leurs t\u00eates rondes, agitant et souriant et plusieurs fois plus grandes que la maison elle-m\u00eame.<\/p>\n<p>C&#039;est la description de presque tous les souvenirs humains concernant leurs premiers dessins graphiques.<\/p>\n<p>La maison, la famille, le paysage.<\/p>\n<p>Trois \u00e9l\u00e9ments qui nous entourent tout au long de notre vie, et aussi la mienne. Est-il possible de vivre l\u2019exp\u00e9rience humaine en \u00e9vitant ces \u00e9l\u00e9ments ? Je ne crois pas\u2026<\/p>\n<p>Il semble que cela ait toujours \u00e9t\u00e9 ce dont nous avons r\u00eav\u00e9 : un toit, un toit en pente, une fen\u00eatre peut-\u00eatre ouverte et des amis ou de la famille \u00e0 proximit\u00e9.<\/p>\n<p>C&#039;est le point de d\u00e9part de la recherche et de l&#039;ex\u00e9cution de cette s\u00e9rie. Tout a commenc\u00e9, une fois de plus, avec un carnet d&#039;aquarelle, o\u00f9 les maisons apparues sur mes parcours r\u00e9els ou num\u00e9riques ont commenc\u00e9 \u00e0 \u00eatre inscrites.<\/p>\n<p>Ces maisons ont demand\u00e9 de l&#039;espace, ont quitt\u00e9 le cahier et ont commenc\u00e9 \u00e0 \u00eatre regroup\u00e9es en tableaux plus grands, se connectant ou se d\u00e9connectant entre elles, \u00e0 travers des ponts, des passages, des escaliers, des tunnels.<\/p>\n<p>Seulement eux dans les tableaux, sans aucune mention des figures humaines, qui \u00e9taient certainement ou sont toujours l\u00e0. Des taches en vagues sinueuses recouvrent ce qui \u00e9tait ou r\u00e9v\u00e8lent ce qui est \u00e0 venir.<\/p>\n<p>Les maisons ainsi con\u00e7ues et confondues sont une sorte d&#039;hommage \u00e0 notre plus grande recherche, un lieu s\u00fbr dans ce monde, dans cette existence.<\/p>\n<p>Un logement devrait \u00eatre le pr\u00e9cepte de base, le point de d\u00e9part de notre dignit\u00e9, mais il devient de plus en plus un luxe. Pour diverses raisons, allant des aspects politiques et sociaux aux cons\u00e9quences de plus en plus intenses de notre m\u00e9pris pour la plan\u00e8te, les maisons deviennent un privil\u00e8ge. Le logement est de plus en plus menac\u00e9, ce qui nous \u00e9loigne encore plus de cet id\u00e9al du premier enfant.<\/p>\n<p>Si c\u2019est entre quatre murs que nous nouons nos liens les plus intimes, nos douleurs les plus profondes, nos secrets les mieux gard\u00e9s et nos souvenirs les plus pr\u00e9cieux, comment sera-t-il possible de vivre sans eux ?<\/p>\n<p>Nous ne sommes pas pr\u00e9par\u00e9s au ralentissement qui s\u2019\u00e9tend de plus en plus \u00e0 l\u2019\u00e9chelle mondiale.<\/p>\n<p>Ces maisons, villes et chemins imaginaires qui apparaissent dans ces tableaux peuvent \u00eatre ce qui \u00e9tait, ce qui ne sera plus ou ce qui sera. Cette grande \u00ab carte imaginaire \u00bb est une invitation \u00e0 r\u00e9fl\u00e9chir ensemble, \u00e0 ouvrir les vannes de l\u2019imagination sur de nouvelles fa\u00e7ons de vivre possibles au milieu d\u2019une \u00e9poque \u00ab si int\u00e9ressante \u00bb.<\/p>","protected":false},"excerpt":{"rendered":"<p>&quot;<em>Seules les maisons expliquent pourquoi il existe un mot comme intimit\u00e9<\/em>\u00bbRuy Belo<\/p>\n<ul>\n<li>Casas #1 : Aquarelle et acrylique sur papier Fabriano, 99,5 x 71 cm<\/li>\n<li>Casas #2 : Aquarelle et acrylique sur papier Arches, 56 x 75 cm<\/li>\n<li>Casas #3 : Aquarelle et acrylique sur papier Arches, 46 x 61 cm<\/li>\n<li>Casas #4 : Aquarelle et acrylique sur papier Arches, 61 x 46 cm<\/li>\n<li>Casas #5 : Aquarelle et acrylique sur papier Arches, 61 x 46 cm<\/li>\n<li>Casas #6 : Aquarelle et acrylique sur papier Arches, 51 x 36 cm<\/li>\n<li>Casas #7 : Aquarelle et acrylique sur papier Arches, 51 x 36 cm<\/li>\n<li>Casas #8 : Aquarelle et acrylique sur papier Arches, 45,8 x 31,7 cm<\/li>\n<li>Casas #9 : Aquarelle et acrylique sur papier Arches, 46 x 29,4 cm<\/li>\n<li>Casas #10 : Aquarelle et acrylique sur papier Arches, 29,7 x 42 cm<\/li>\n<\/ul>","protected":false},"featured_media":3586,"template":"","meta":{"_et_pb_use_builder":"","_et_pb_old_content":"","_et_gb_content_width":""},"product_brand":[],"product_cat":[62],"product_tag":[],"class_list":{"0":"post-3583","1":"product","2":"type-product","3":"status-publish","4":"has-post-thumbnail","6":"product_cat-pintura","7":"cla-autores-gabriela-albuquerque","9":"first","10":"instock","11":"shipping-taxable","12":"product-type-simple"},"acf":[],"yoast_head":"<!-- This site is optimized with the Yoast SEO Premium plugin v15.3 - https:\/\/yoast.com\/wordpress\/plugins\/seo\/ -->\n<title>S\u00e9rie: Casas, 2024 (#1 a #10) &mdash; Coletivo Amarelo<\/title>\n<meta name=\"robots\" content=\"index, follow, max-snippet:-1, max-image-preview:large, max-video-preview:-1\" \/>\n<link rel=\"canonical\" href=\"https:\/\/coletivoamarelo.com\/fr\/produit\/serie-casas-2024-1-a-10\/\" \/>\n<meta property=\"og:locale\" content=\"fr_FR\" \/>\n<meta property=\"og:type\" content=\"article\" \/>\n<meta property=\"og:title\" content=\"S\u00e9rie: Casas, 2024 (#1 a #10) &mdash; Coletivo Amarelo\" \/>\n<meta property=\"og:description\" content=\"\u201cS\u00f3 as casas explicam que exista uma palavra como intimidade\u201d Ruy Belo   Casas #1: Aquarela e acr\u00edlica sobre papel Fabriano, 99.5 x 71 cm  Casas #2: Aquarela e acr\u00edlica sobre papel Arches, 56 x 75 cm  Casas #3: Aquarela e acr\u00edlica sobre papel Arches, 46 x 61 cm  Casas #4: Aquarela e acr\u00edlica sobre papel Arches, 61 x 46 cm  Casas #5: Aquarela e acr\u00edlica sobre papel Arches, 61 x 46 cm  Casas #6: Aquarela e acr\u00edlica sobre papel Arches, 51 x 36 cm  Casas #7: Aquarela e acr\u00edlica sobre papel Arches, 51 x 36 cm  Casas #8: Aquarela e acr\u00edlica sobre papel Arches, 45.8 x 31.7 cm  Casas #9: Aquarela e acr\u00edlica sobre papel Arches, 46 x 29.4 cm  Casas #10: Aquarela e acr\u00edlica sobre papel Arches, 29.7 x 42 cm\" \/>\n<meta property=\"og:url\" content=\"https:\/\/coletivoamarelo.com\/fr\/produit\/serie-casas-2024-1-a-10\/\" \/>\n<meta property=\"og:site_name\" content=\"Coletivo Amarelo\" \/>\n<meta property=\"article:modified_time\" content=\"2024-09-19T14:09:15+00:00\" \/>\n<meta property=\"og:image\" content=\"https:\/\/coletivoamarelo.com\/wp-content\/uploads\/2024\/08\/Casas-02-scaled.jpeg\" \/>\n\t<meta property=\"og:image:width\" content=\"2560\" \/>\n\t<meta property=\"og:image:height\" content=\"1831\" \/>\n<meta name=\"twitter:card\" content=\"summary_large_image\" \/>\n<meta name=\"twitter:label1\" content=\"\u00c9crit par\">\n\t<meta name=\"twitter:data1\" content=\"Alexandre Cagnoni\">\n\t<meta name=\"twitter:label2\" content=\"Dur\u00e9e de lecture estim\u00e9e\">\n\t<meta name=\"twitter:data2\" content=\"2 minutes\">\n<script type=\"application\/ld+json\" class=\"yoast-schema-graph\">{\"@context\":\"https:\/\/schema.org\",\"@graph\":[{\"@type\":\"Organization\",\"@id\":\"https:\/\/coletivoamarelo.com\/#organization\",\"name\":\"Coletivo Amarelo\",\"url\":\"https:\/\/coletivoamarelo.com\/\",\"sameAs\":[],\"logo\":{\"@type\":\"ImageObject\",\"@id\":\"https:\/\/coletivoamarelo.com\/#logo\",\"inLanguage\":\"fr-FR\",\"url\":\"https:\/\/coletivoamarelo.com\/wp-content\/uploads\/2023\/01\/coletivo-amarelo-logo-04.svg\",\"caption\":\"Coletivo Amarelo\"},\"image\":{\"@id\":\"https:\/\/coletivoamarelo.com\/#logo\"}},{\"@type\":\"WebSite\",\"@id\":\"https:\/\/coletivoamarelo.com\/#website\",\"url\":\"https:\/\/coletivoamarelo.com\/\",\"name\":\"Coletivo Amarelo\",\"description\":\"\",\"publisher\":{\"@id\":\"https:\/\/coletivoamarelo.com\/#organization\"},\"potentialAction\":[{\"@type\":\"SearchAction\",\"target\":\"https:\/\/coletivoamarelo.com\/?s={search_term_string}\",\"query-input\":\"required name=search_term_string\"}],\"inLanguage\":\"fr-FR\"},{\"@type\":\"ImageObject\",\"@id\":\"https:\/\/coletivoamarelo.com\/produto\/serie-casas-2024-1-a-10\/#primaryimage\",\"inLanguage\":\"fr-FR\",\"url\":\"https:\/\/coletivoamarelo.com\/wp-content\/uploads\/2024\/08\/Casas-02-scaled.jpeg\",\"width\":2560,\"height\":1831,\"caption\":\"Aquarela e acr\\u00edlica sobre papel Arches 56x75\"},{\"@type\":\"WebPage\",\"@id\":\"https:\/\/coletivoamarelo.com\/produto\/serie-casas-2024-1-a-10\/#webpage\",\"url\":\"https:\/\/coletivoamarelo.com\/produto\/serie-casas-2024-1-a-10\/\",\"name\":\"S\\u00e9rie: Casas, 2024 (#1 a #10) &mdash; Coletivo Amarelo\",\"isPartOf\":{\"@id\":\"https:\/\/coletivoamarelo.com\/#website\"},\"primaryImageOfPage\":{\"@id\":\"https:\/\/coletivoamarelo.com\/produto\/serie-casas-2024-1-a-10\/#primaryimage\"},\"datePublished\":\"2024-08-08T13:45:49+00:00\",\"dateModified\":\"2024-09-19T14:09:15+00:00\",\"breadcrumb\":{\"@id\":\"https:\/\/coletivoamarelo.com\/produto\/serie-casas-2024-1-a-10\/#breadcrumb\"},\"inLanguage\":\"fr-FR\",\"potentialAction\":[{\"@type\":\"ReadAction\",\"target\":[\"https:\/\/coletivoamarelo.com\/produto\/serie-casas-2024-1-a-10\/\"]}]},{\"@type\":\"BreadcrumbList\",\"@id\":\"https:\/\/coletivoamarelo.com\/produto\/serie-casas-2024-1-a-10\/#breadcrumb\",\"itemListElement\":[{\"@type\":\"ListItem\",\"position\":1,\"item\":{\"@type\":\"WebPage\",\"@id\":\"https:\/\/coletivoamarelo.com\/\",\"url\":\"https:\/\/coletivoamarelo.com\/\",\"name\":\"Home\"}},{\"@type\":\"ListItem\",\"position\":2,\"item\":{\"@type\":\"WebPage\",\"@id\":\"https:\/\/coletivoamarelo.com\/colecao\/\",\"url\":\"https:\/\/coletivoamarelo.com\/colecao\/\",\"name\":\"Cole\\u00e7\\u00e3o\"}},{\"@type\":\"ListItem\",\"position\":3,\"item\":{\"@type\":\"WebPage\",\"@id\":\"https:\/\/coletivoamarelo.com\/produto\/serie-casas-2024-1-a-10\/\",\"url\":\"https:\/\/coletivoamarelo.com\/produto\/serie-casas-2024-1-a-10\/\",\"name\":\"S\\u00e9rie: Casas, 2024 (#1 a #10)\"}}]}]}<\/script>\n<!-- \/ Yoast SEO Premium plugin. -->","jetpack_sharing_enabled":true,"_links":{"self":[{"href":"https:\/\/coletivoamarelo.com\/fr\/wp-json\/wp\/v2\/product\/3583","targetHints":{"allow":["GET"]}}],"collection":[{"href":"https:\/\/coletivoamarelo.com\/fr\/wp-json\/wp\/v2\/product"}],"about":[{"href":"https:\/\/coletivoamarelo.com\/fr\/wp-json\/wp\/v2\/types\/product"}],"wp:featuredmedia":[{"embeddable":true,"href":"https:\/\/coletivoamarelo.com\/fr\/wp-json\/wp\/v2\/media\/3586"}],"wp:attachment":[{"href":"https:\/\/coletivoamarelo.com\/fr\/wp-json\/wp\/v2\/media?parent=3583"}],"wp:term":[{"taxonomy":"product_brand","embeddable":true,"href":"https:\/\/coletivoamarelo.com\/fr\/wp-json\/wp\/v2\/product_brand?post=3583"},{"taxonomy":"product_cat","embeddable":true,"href":"https:\/\/coletivoamarelo.com\/fr\/wp-json\/wp\/v2\/product_cat?post=3583"},{"taxonomy":"product_tag","embeddable":true,"href":"https:\/\/coletivoamarelo.com\/fr\/wp-json\/wp\/v2\/product_tag?post=3583"}],"curies":[{"name":"wp","href":"https:\/\/api.w.org\/{rel}","templated":true}]}}