{"id":3469,"date":"2024-08-07T17:39:06","date_gmt":"2024-08-07T17:39:06","guid":{"rendered":"https:\/\/coletivoamarelo.com\/?post_type=product&#038;p=3469"},"modified":"2024-09-19T14:12:06","modified_gmt":"2024-09-19T14:12:06","slug":"serie-a-sem-titulo-2023-2024-16-a-24","status":"publish","type":"product","link":"https:\/\/coletivoamarelo.com\/fr\/produit\/serie-a-sem-titulo-2023-2024-16-a-24\/","title":{"rendered":"S\u00e9rie A : Sans titre, 2023-2024 (#16 \u00e0 #24)"},"content":{"rendered":"<p>Eduarda Rosa, artiste portugaise, principalement form\u00e9e en sciences pharmaceutiques et en chimie organique, produit des \u0153uvres bas\u00e9es sur une po\u00e9tique visuelle li\u00e9e \u00e0 la d\u00e9construction des m\u00e9thodes scientifiques. Tel un reliquaire, les \u0153uvres offrent des \u0153uvres minutieuses mais sensibles et des cat\u00e9gories d&#039;images volumineuses, o\u00f9 tout est hautement illustratif de la mani\u00e8re dont fonctionne l&#039;esprit de l&#039;artiste.<\/p>","protected":false},"excerpt":{"rendered":"<p>Gouache, graphite et collage sur papier Khadi, chaque \u0153uvre 30 x 43 cm, vendue s\u00e9par\u00e9ment.<\/p>\n<p>NOTE : 1TP6Q21 vendu<\/p>","protected":false},"featured_media":3470,"template":"","meta":{"_et_pb_use_builder":"","_et_pb_old_content":"","_et_gb_content_width":""},"product_brand":[],"product_cat":[122],"product_tag":[],"class_list":{"0":"post-3469","1":"product","2":"type-product","3":"status-publish","4":"has-post-thumbnail","6":"product_cat-colagem","7":"cla-autores-eduardo-dias","9":"first","10":"instock","11":"shipping-taxable","12":"product-type-simple"},"acf":[],"yoast_head":"<!-- This site is optimized with the Yoast SEO Premium plugin v15.3 - https:\/\/yoast.com\/wordpress\/plugins\/seo\/ -->\n<title>S\u00e9rie A: Sem titulo, 2023-2024 (#16 a #24) &mdash; Coletivo Amarelo<\/title>\n<meta name=\"robots\" content=\"index, follow, max-snippet:-1, max-image-preview:large, max-video-preview:-1\" \/>\n<link rel=\"canonical\" href=\"https:\/\/coletivoamarelo.com\/fr\/produit\/serie-a-sem-titulo-2023-2024-16-a-24\/\" \/>\n<meta property=\"og:locale\" content=\"fr_FR\" \/>\n<meta property=\"og:type\" content=\"article\" \/>\n<meta property=\"og:title\" content=\"S\u00e9rie A: Sem titulo, 2023-2024 (#16 a #24) &mdash; Coletivo Amarelo\" \/>\n<meta property=\"og:description\" content=\"Guache, grafite e colagem em papel Khadi, cada obra com 30 x 43cm, vendidas separadamente.  OBS.: #21 vendida\" \/>\n<meta property=\"og:url\" content=\"https:\/\/coletivoamarelo.com\/fr\/produit\/serie-a-sem-titulo-2023-2024-16-a-24\/\" \/>\n<meta property=\"og:site_name\" content=\"Coletivo Amarelo\" \/>\n<meta property=\"article:modified_time\" content=\"2024-09-19T14:12:06+00:00\" \/>\n<meta property=\"og:image\" content=\"https:\/\/coletivoamarelo.com\/wp-content\/uploads\/2024\/08\/SerieA017.jpg\" \/>\n\t<meta property=\"og:image:width\" content=\"474\" \/>\n\t<meta property=\"og:image:height\" content=\"658\" \/>\n<meta name=\"twitter:card\" content=\"summary_large_image\" \/>\n<meta name=\"twitter:label1\" content=\"\u00c9crit par\">\n\t<meta name=\"twitter:data1\" content=\"Alexandre Cagnoni\">\n\t<meta name=\"twitter:label2\" content=\"Dur\u00e9e de lecture estim\u00e9e\">\n\t<meta name=\"twitter:data2\" content=\"0 minute\">\n<script type=\"application\/ld+json\" class=\"yoast-schema-graph\">{\"@context\":\"https:\/\/schema.org\",\"@graph\":[{\"@type\":\"Organization\",\"@id\":\"https:\/\/coletivoamarelo.com\/#organization\",\"name\":\"Coletivo Amarelo\",\"url\":\"https:\/\/coletivoamarelo.com\/\",\"sameAs\":[],\"logo\":{\"@type\":\"ImageObject\",\"@id\":\"https:\/\/coletivoamarelo.com\/#logo\",\"inLanguage\":\"fr-FR\",\"url\":\"https:\/\/coletivoamarelo.com\/wp-content\/uploads\/2023\/01\/coletivo-amarelo-logo-04.svg\",\"caption\":\"Coletivo Amarelo\"},\"image\":{\"@id\":\"https:\/\/coletivoamarelo.com\/#logo\"}},{\"@type\":\"WebSite\",\"@id\":\"https:\/\/coletivoamarelo.com\/#website\",\"url\":\"https:\/\/coletivoamarelo.com\/\",\"name\":\"Coletivo Amarelo\",\"description\":\"\",\"publisher\":{\"@id\":\"https:\/\/coletivoamarelo.com\/#organization\"},\"potentialAction\":[{\"@type\":\"SearchAction\",\"target\":\"https:\/\/coletivoamarelo.com\/?s={search_term_string}\",\"query-input\":\"required name=search_term_string\"}],\"inLanguage\":\"fr-FR\"},{\"@type\":\"ImageObject\",\"@id\":\"https:\/\/coletivoamarelo.com\/produto\/serie-a-sem-titulo-2023-2024-16-a-24\/#primaryimage\",\"inLanguage\":\"fr-FR\",\"url\":\"https:\/\/coletivoamarelo.com\/wp-content\/uploads\/2024\/08\/SerieA017.jpg\",\"width\":474,\"height\":658},{\"@type\":\"WebPage\",\"@id\":\"https:\/\/coletivoamarelo.com\/produto\/serie-a-sem-titulo-2023-2024-16-a-24\/#webpage\",\"url\":\"https:\/\/coletivoamarelo.com\/produto\/serie-a-sem-titulo-2023-2024-16-a-24\/\",\"name\":\"S\\u00e9rie A: Sem titulo, 2023-2024 (#16 a #24) &mdash; Coletivo Amarelo\",\"isPartOf\":{\"@id\":\"https:\/\/coletivoamarelo.com\/#website\"},\"primaryImageOfPage\":{\"@id\":\"https:\/\/coletivoamarelo.com\/produto\/serie-a-sem-titulo-2023-2024-16-a-24\/#primaryimage\"},\"datePublished\":\"2024-08-07T17:39:06+00:00\",\"dateModified\":\"2024-09-19T14:12:06+00:00\",\"breadcrumb\":{\"@id\":\"https:\/\/coletivoamarelo.com\/produto\/serie-a-sem-titulo-2023-2024-16-a-24\/#breadcrumb\"},\"inLanguage\":\"fr-FR\",\"potentialAction\":[{\"@type\":\"ReadAction\",\"target\":[\"https:\/\/coletivoamarelo.com\/produto\/serie-a-sem-titulo-2023-2024-16-a-24\/\"]}]},{\"@type\":\"BreadcrumbList\",\"@id\":\"https:\/\/coletivoamarelo.com\/produto\/serie-a-sem-titulo-2023-2024-16-a-24\/#breadcrumb\",\"itemListElement\":[{\"@type\":\"ListItem\",\"position\":1,\"item\":{\"@type\":\"WebPage\",\"@id\":\"https:\/\/coletivoamarelo.com\/\",\"url\":\"https:\/\/coletivoamarelo.com\/\",\"name\":\"Home\"}},{\"@type\":\"ListItem\",\"position\":2,\"item\":{\"@type\":\"WebPage\",\"@id\":\"https:\/\/coletivoamarelo.com\/colecao\/\",\"url\":\"https:\/\/coletivoamarelo.com\/colecao\/\",\"name\":\"Cole\\u00e7\\u00e3o\"}},{\"@type\":\"ListItem\",\"position\":3,\"item\":{\"@type\":\"WebPage\",\"@id\":\"https:\/\/coletivoamarelo.com\/produto\/serie-a-sem-titulo-2023-2024-16-a-24\/\",\"url\":\"https:\/\/coletivoamarelo.com\/produto\/serie-a-sem-titulo-2023-2024-16-a-24\/\",\"name\":\"S\\u00e9rie A: Sem titulo, 2023-2024 (#16 a #24)\"}}]}]}<\/script>\n<!-- \/ Yoast SEO Premium plugin. -->","jetpack_sharing_enabled":true,"_links":{"self":[{"href":"https:\/\/coletivoamarelo.com\/fr\/wp-json\/wp\/v2\/product\/3469","targetHints":{"allow":["GET"]}}],"collection":[{"href":"https:\/\/coletivoamarelo.com\/fr\/wp-json\/wp\/v2\/product"}],"about":[{"href":"https:\/\/coletivoamarelo.com\/fr\/wp-json\/wp\/v2\/types\/product"}],"wp:featuredmedia":[{"embeddable":true,"href":"https:\/\/coletivoamarelo.com\/fr\/wp-json\/wp\/v2\/media\/3470"}],"wp:attachment":[{"href":"https:\/\/coletivoamarelo.com\/fr\/wp-json\/wp\/v2\/media?parent=3469"}],"wp:term":[{"taxonomy":"product_brand","embeddable":true,"href":"https:\/\/coletivoamarelo.com\/fr\/wp-json\/wp\/v2\/product_brand?post=3469"},{"taxonomy":"product_cat","embeddable":true,"href":"https:\/\/coletivoamarelo.com\/fr\/wp-json\/wp\/v2\/product_cat?post=3469"},{"taxonomy":"product_tag","embeddable":true,"href":"https:\/\/coletivoamarelo.com\/fr\/wp-json\/wp\/v2\/product_tag?post=3469"}],"curies":[{"name":"wp","href":"https:\/\/api.w.org\/{rel}","templated":true}]}}