{"id":2689,"date":"2024-02-06T16:56:55","date_gmt":"2024-02-06T16:56:55","guid":{"rendered":"https:\/\/coletivoamarelo.com\/?post_type=product&#038;p=2689"},"modified":"2025-10-18T10:43:37","modified_gmt":"2025-10-18T10:43:37","slug":"the-remnant-ii-untitled-vi-2017","status":"publish","type":"product","link":"https:\/\/coletivoamarelo.com\/fr\/produit\/the-remnant-ii-untitled-vi-2017\/","title":{"rendered":"The Remnant II \u2013 Sans titre VI, 2017"},"content":{"rendered":"<p>Juliana Matsumura est une artiste br\u00e9silienne qui vit et travaille actuellement \u00e0 Lisbonne. Le dessin est au c\u0153ur de sa pratique, utilisant divers outils comme la gravure, la photographie et la peinture.<\/p>","protected":false},"excerpt":{"rendered":"<p>Monotype sur papier, de la s\u00e9rie \u00ab Remnant \u00bb, avec cadre, 60 x 42 cm.<\/p>\n<ul>\n<li>TVA d\u00e9j\u00e0 incluse<\/li>\n<\/ul>","protected":false},"featured_media":2690,"template":"","meta":{"_et_pb_use_builder":"","_et_pb_old_content":"","_et_gb_content_width":""},"product_brand":[],"product_cat":[64],"product_tag":[],"class_list":{"0":"post-2689","1":"product","2":"type-product","3":"status-publish","4":"has-post-thumbnail","6":"product_cat-gravura","7":"cla-autores-juliana-matsumura","8":"cla-colections-aaf-berlin-2024","9":"cla-colections-aaf-berlin-2025","10":"cla-colections-aaf-brussels-2024","11":"cla-colections-aaf-brussels-2025","12":"cla-colections-aaf-hamburg-2025","14":"first","15":"instock","16":"featured","17":"sold-individually","18":"shipping-taxable","19":"product-type-simple"},"acf":[],"yoast_head":"<!-- This site is optimized with the Yoast SEO Premium plugin v15.3 - https:\/\/yoast.com\/wordpress\/plugins\/seo\/ -->\n<title>The Remnant II - Untitled VI, 2017 &mdash; Coletivo Amarelo<\/title>\n<meta name=\"robots\" content=\"index, follow, max-snippet:-1, max-image-preview:large, max-video-preview:-1\" \/>\n<link rel=\"canonical\" href=\"https:\/\/coletivoamarelo.com\/fr\/produit\/the-remnant-ii-untitled-vi-2017\/\" \/>\n<meta property=\"og:locale\" content=\"fr_FR\" \/>\n<meta property=\"og:type\" content=\"article\" \/>\n<meta property=\"og:title\" content=\"The Remnant II - Untitled VI, 2017 &mdash; Coletivo Amarelo\" \/>\n<meta property=\"og:description\" content=\"Monotipia sobre papel, da s\u00e9rie &quot;Remnant&quot;, com moldura, 60 x 42 cm.   IVA j\u00e1 incluido\" \/>\n<meta property=\"og:url\" content=\"https:\/\/coletivoamarelo.com\/fr\/produit\/the-remnant-ii-untitled-vi-2017\/\" \/>\n<meta property=\"og:site_name\" content=\"Coletivo Amarelo\" \/>\n<meta property=\"article:modified_time\" content=\"2025-10-18T10:43:37+00:00\" \/>\n<meta property=\"og:image\" content=\"https:\/\/coletivoamarelo.com\/wp-content\/uploads\/2024\/02\/The-Remnant-II-Untitled-6.jpg\" \/>\n\t<meta property=\"og:image:width\" content=\"916\" \/>\n\t<meta property=\"og:image:height\" content=\"650\" \/>\n<meta name=\"twitter:card\" content=\"summary_large_image\" \/>\n<meta name=\"twitter:label1\" content=\"\u00c9crit par\">\n\t<meta name=\"twitter:data1\" content=\"Alexandre Cagnoni\">\n\t<meta name=\"twitter:label2\" content=\"Dur\u00e9e de lecture estim\u00e9e\">\n\t<meta name=\"twitter:data2\" content=\"0 minute\">\n<script type=\"application\/ld+json\" class=\"yoast-schema-graph\">{\"@context\":\"https:\/\/schema.org\",\"@graph\":[{\"@type\":\"Organization\",\"@id\":\"https:\/\/coletivoamarelo.com\/#organization\",\"name\":\"Coletivo Amarelo\",\"url\":\"https:\/\/coletivoamarelo.com\/\",\"sameAs\":[],\"logo\":{\"@type\":\"ImageObject\",\"@id\":\"https:\/\/coletivoamarelo.com\/#logo\",\"inLanguage\":\"fr-FR\",\"url\":\"https:\/\/coletivoamarelo.com\/wp-content\/uploads\/2023\/01\/coletivo-amarelo-logo-04.svg\",\"caption\":\"Coletivo Amarelo\"},\"image\":{\"@id\":\"https:\/\/coletivoamarelo.com\/#logo\"}},{\"@type\":\"WebSite\",\"@id\":\"https:\/\/coletivoamarelo.com\/#website\",\"url\":\"https:\/\/coletivoamarelo.com\/\",\"name\":\"Coletivo Amarelo\",\"description\":\"\",\"publisher\":{\"@id\":\"https:\/\/coletivoamarelo.com\/#organization\"},\"potentialAction\":[{\"@type\":\"SearchAction\",\"target\":\"https:\/\/coletivoamarelo.com\/?s={search_term_string}\",\"query-input\":\"required name=search_term_string\"}],\"inLanguage\":\"fr-FR\"},{\"@type\":\"ImageObject\",\"@id\":\"https:\/\/coletivoamarelo.com\/produto\/the-remnant-ii-untitled-vi-2017\/#primaryimage\",\"inLanguage\":\"fr-FR\",\"url\":\"https:\/\/coletivoamarelo.com\/wp-content\/uploads\/2024\/02\/The-Remnant-II-Untitled-6.jpg\",\"width\":916,\"height\":650},{\"@type\":\"WebPage\",\"@id\":\"https:\/\/coletivoamarelo.com\/produto\/the-remnant-ii-untitled-vi-2017\/#webpage\",\"url\":\"https:\/\/coletivoamarelo.com\/produto\/the-remnant-ii-untitled-vi-2017\/\",\"name\":\"The Remnant II - Untitled VI, 2017 &mdash; Coletivo Amarelo\",\"isPartOf\":{\"@id\":\"https:\/\/coletivoamarelo.com\/#website\"},\"primaryImageOfPage\":{\"@id\":\"https:\/\/coletivoamarelo.com\/produto\/the-remnant-ii-untitled-vi-2017\/#primaryimage\"},\"datePublished\":\"2024-02-06T16:56:55+00:00\",\"dateModified\":\"2025-10-18T10:43:37+00:00\",\"breadcrumb\":{\"@id\":\"https:\/\/coletivoamarelo.com\/produto\/the-remnant-ii-untitled-vi-2017\/#breadcrumb\"},\"inLanguage\":\"fr-FR\",\"potentialAction\":[{\"@type\":\"ReadAction\",\"target\":[\"https:\/\/coletivoamarelo.com\/produto\/the-remnant-ii-untitled-vi-2017\/\"]}]},{\"@type\":\"BreadcrumbList\",\"@id\":\"https:\/\/coletivoamarelo.com\/produto\/the-remnant-ii-untitled-vi-2017\/#breadcrumb\",\"itemListElement\":[{\"@type\":\"ListItem\",\"position\":1,\"item\":{\"@type\":\"WebPage\",\"@id\":\"https:\/\/coletivoamarelo.com\/\",\"url\":\"https:\/\/coletivoamarelo.com\/\",\"name\":\"Home\"}},{\"@type\":\"ListItem\",\"position\":2,\"item\":{\"@type\":\"WebPage\",\"@id\":\"https:\/\/coletivoamarelo.com\/colecao\/\",\"url\":\"https:\/\/coletivoamarelo.com\/colecao\/\",\"name\":\"Cole\\u00e7\\u00e3o\"}},{\"@type\":\"ListItem\",\"position\":3,\"item\":{\"@type\":\"WebPage\",\"@id\":\"https:\/\/coletivoamarelo.com\/produto\/the-remnant-ii-untitled-vi-2017\/\",\"url\":\"https:\/\/coletivoamarelo.com\/produto\/the-remnant-ii-untitled-vi-2017\/\",\"name\":\"The Remnant II &#8211; Untitled VI, 2017\"}}]}]}<\/script>\n<!-- \/ Yoast SEO Premium plugin. -->","jetpack_sharing_enabled":true,"_links":{"self":[{"href":"https:\/\/coletivoamarelo.com\/fr\/wp-json\/wp\/v2\/product\/2689","targetHints":{"allow":["GET"]}}],"collection":[{"href":"https:\/\/coletivoamarelo.com\/fr\/wp-json\/wp\/v2\/product"}],"about":[{"href":"https:\/\/coletivoamarelo.com\/fr\/wp-json\/wp\/v2\/types\/product"}],"wp:featuredmedia":[{"embeddable":true,"href":"https:\/\/coletivoamarelo.com\/fr\/wp-json\/wp\/v2\/media\/2690"}],"wp:attachment":[{"href":"https:\/\/coletivoamarelo.com\/fr\/wp-json\/wp\/v2\/media?parent=2689"}],"wp:term":[{"taxonomy":"product_brand","embeddable":true,"href":"https:\/\/coletivoamarelo.com\/fr\/wp-json\/wp\/v2\/product_brand?post=2689"},{"taxonomy":"product_cat","embeddable":true,"href":"https:\/\/coletivoamarelo.com\/fr\/wp-json\/wp\/v2\/product_cat?post=2689"},{"taxonomy":"product_tag","embeddable":true,"href":"https:\/\/coletivoamarelo.com\/fr\/wp-json\/wp\/v2\/product_tag?post=2689"}],"curies":[{"name":"wp","href":"https:\/\/api.w.org\/{rel}","templated":true}]}}