{"id":2488,"date":"2023-11-03T18:26:07","date_gmt":"2023-11-03T18:26:07","guid":{"rendered":"https:\/\/coletivoamarelo.com\/?post_type=product&#038;p=2488"},"modified":"2025-10-18T10:43:38","modified_gmt":"2025-10-18T10:43:38","slug":"casa-de-praia-2023","status":"publish","type":"product","link":"https:\/\/coletivoamarelo.com\/fr\/produit\/casa-de-praia-2023\/","title":{"rendered":"Maison de plage, 2023"},"content":{"rendered":"<p>Polyptyque compos\u00e9 de 25 \u0153uvres \u00e0 l&#039;huile sur toile, mesurant 27 x 13 cm chacune, avec un cadre en bois.<\/p>\n<p>UN &quot;<strong>maison de plage<\/strong>\u00bb est en r\u00e9alit\u00e9 une \u0153uvre interactive. C\u2019est un r\u00e9cit qui n\u2019a pas de lin\u00e9arit\u00e9, on peut changer la s\u00e9quence des \u00e9v\u00e9nements. La mise en page pr\u00e9sent\u00e9e ici n\u2019est qu\u2019une fa\u00e7on de montrer l\u2019histoire.<\/p>\n<p>Il accompagne une vid\u00e9o de 3 min 59 s, enregistr\u00e9e par l&#039;artiste elle-m\u00eame, racontant l&#039;histoire de la Casa de Praia. En portugais, sous-titr\u00e9 en anglais.<\/p>","protected":false},"excerpt":{"rendered":"<p>Polyptyque compos\u00e9 de 25 \u0153uvres \u00e0 l&#039;huile sur toile, mesurant 27 x 13 cm chacune, avec un cadre en bois.<\/p>\n<p>UN &quot;<strong>maison de plage<\/strong>\u00bb est en r\u00e9alit\u00e9 une \u0153uvre interactive. C\u2019est un r\u00e9cit qui n\u2019a pas de lin\u00e9arit\u00e9, on peut changer la s\u00e9quence des \u00e9v\u00e9nements. La mise en page pr\u00e9sent\u00e9e ici n\u2019est qu\u2019une fa\u00e7on de montrer l\u2019histoire.<\/p>","protected":false},"featured_media":2490,"template":"","meta":{"_et_pb_use_builder":"","_et_pb_old_content":"","_et_gb_content_width":""},"product_brand":[],"product_cat":[62],"product_tag":[],"class_list":{"0":"post-2488","1":"product","2":"type-product","3":"status-publish","4":"has-post-thumbnail","6":"product_cat-pintura","7":"cla-autores-gabriela-albuquerque","8":"cla-colections-aaf-berlin-2025","9":"cla-colections-aaf-hamburg-2025","10":"cla-colections-escolha-do-curador","12":"first","13":"instock","14":"featured","15":"sold-individually","16":"shipping-taxable","17":"product-type-simple"},"acf":[],"yoast_head":"<!-- This site is optimized with the Yoast SEO Premium plugin v15.3 - https:\/\/yoast.com\/wordpress\/plugins\/seo\/ -->\n<title>Casa de praia, 2023 &mdash; Coletivo Amarelo<\/title>\n<meta name=\"robots\" content=\"index, follow, max-snippet:-1, max-image-preview:large, max-video-preview:-1\" \/>\n<link rel=\"canonical\" href=\"https:\/\/coletivoamarelo.com\/fr\/produit\/casa-de-praia-2023\/\" \/>\n<meta property=\"og:locale\" content=\"fr_FR\" \/>\n<meta property=\"og:type\" content=\"article\" \/>\n<meta property=\"og:title\" content=\"Casa de praia, 2023 &mdash; Coletivo Amarelo\" \/>\n<meta property=\"og:description\" content=\"Pol\u00edptico composto por 25 obras em \u00f3leo sobre tela, de 27 x 13 cm cada, com moldura de madeira.  A &quot;Casa de Praia&quot; \u00e9 na verdade uma obra interativa. \u00c9 uma narrativa que n\u00e3o tem linearidade, voc\u00ea pode alterar a sequ\u00eancia dos acontecimentos. A disposi\u00e7\u00e3o aqui apresentada \u00e9 apenas uma forma de mostrar a hist\u00f3ria.\" \/>\n<meta property=\"og:url\" content=\"https:\/\/coletivoamarelo.com\/fr\/produit\/casa-de-praia-2023\/\" \/>\n<meta property=\"og:site_name\" content=\"Coletivo Amarelo\" \/>\n<meta property=\"article:modified_time\" content=\"2025-10-18T10:43:38+00:00\" \/>\n<meta property=\"og:image\" content=\"https:\/\/coletivoamarelo.com\/wp-content\/uploads\/2023\/11\/GALBPAINT033.jpg\" \/>\n\t<meta property=\"og:image:width\" content=\"1414\" \/>\n\t<meta property=\"og:image:height\" content=\"816\" \/>\n<meta name=\"twitter:card\" content=\"summary_large_image\" \/>\n<meta name=\"twitter:label1\" content=\"\u00c9crit par\">\n\t<meta name=\"twitter:data1\" content=\"Alexandre Cagnoni\">\n\t<meta name=\"twitter:label2\" content=\"Dur\u00e9e de lecture estim\u00e9e\">\n\t<meta name=\"twitter:data2\" content=\"0 minute\">\n<script type=\"application\/ld+json\" class=\"yoast-schema-graph\">{\"@context\":\"https:\/\/schema.org\",\"@graph\":[{\"@type\":\"Organization\",\"@id\":\"https:\/\/coletivoamarelo.com\/#organization\",\"name\":\"Coletivo Amarelo\",\"url\":\"https:\/\/coletivoamarelo.com\/\",\"sameAs\":[],\"logo\":{\"@type\":\"ImageObject\",\"@id\":\"https:\/\/coletivoamarelo.com\/#logo\",\"inLanguage\":\"fr-FR\",\"url\":\"https:\/\/coletivoamarelo.com\/wp-content\/uploads\/2023\/01\/coletivo-amarelo-logo-04.svg\",\"caption\":\"Coletivo Amarelo\"},\"image\":{\"@id\":\"https:\/\/coletivoamarelo.com\/#logo\"}},{\"@type\":\"WebSite\",\"@id\":\"https:\/\/coletivoamarelo.com\/#website\",\"url\":\"https:\/\/coletivoamarelo.com\/\",\"name\":\"Coletivo Amarelo\",\"description\":\"\",\"publisher\":{\"@id\":\"https:\/\/coletivoamarelo.com\/#organization\"},\"potentialAction\":[{\"@type\":\"SearchAction\",\"target\":\"https:\/\/coletivoamarelo.com\/?s={search_term_string}\",\"query-input\":\"required name=search_term_string\"}],\"inLanguage\":\"fr-FR\"},{\"@type\":\"ImageObject\",\"@id\":\"https:\/\/coletivoamarelo.com\/produto\/casa-de-praia-2023\/#primaryimage\",\"inLanguage\":\"fr-FR\",\"url\":\"https:\/\/coletivoamarelo.com\/wp-content\/uploads\/2023\/11\/GALBPAINT033.jpg\",\"width\":1414,\"height\":816},{\"@type\":\"WebPage\",\"@id\":\"https:\/\/coletivoamarelo.com\/produto\/casa-de-praia-2023\/#webpage\",\"url\":\"https:\/\/coletivoamarelo.com\/produto\/casa-de-praia-2023\/\",\"name\":\"Casa de praia, 2023 &mdash; Coletivo Amarelo\",\"isPartOf\":{\"@id\":\"https:\/\/coletivoamarelo.com\/#website\"},\"primaryImageOfPage\":{\"@id\":\"https:\/\/coletivoamarelo.com\/produto\/casa-de-praia-2023\/#primaryimage\"},\"datePublished\":\"2023-11-03T18:26:07+00:00\",\"dateModified\":\"2025-10-18T10:43:38+00:00\",\"breadcrumb\":{\"@id\":\"https:\/\/coletivoamarelo.com\/produto\/casa-de-praia-2023\/#breadcrumb\"},\"inLanguage\":\"fr-FR\",\"potentialAction\":[{\"@type\":\"ReadAction\",\"target\":[\"https:\/\/coletivoamarelo.com\/produto\/casa-de-praia-2023\/\"]}]},{\"@type\":\"BreadcrumbList\",\"@id\":\"https:\/\/coletivoamarelo.com\/produto\/casa-de-praia-2023\/#breadcrumb\",\"itemListElement\":[{\"@type\":\"ListItem\",\"position\":1,\"item\":{\"@type\":\"WebPage\",\"@id\":\"https:\/\/coletivoamarelo.com\/\",\"url\":\"https:\/\/coletivoamarelo.com\/\",\"name\":\"Home\"}},{\"@type\":\"ListItem\",\"position\":2,\"item\":{\"@type\":\"WebPage\",\"@id\":\"https:\/\/coletivoamarelo.com\/colecao\/\",\"url\":\"https:\/\/coletivoamarelo.com\/colecao\/\",\"name\":\"Cole\\u00e7\\u00e3o\"}},{\"@type\":\"ListItem\",\"position\":3,\"item\":{\"@type\":\"WebPage\",\"@id\":\"https:\/\/coletivoamarelo.com\/produto\/casa-de-praia-2023\/\",\"url\":\"https:\/\/coletivoamarelo.com\/produto\/casa-de-praia-2023\/\",\"name\":\"Casa de praia, 2023\"}}]}]}<\/script>\n<!-- \/ Yoast SEO Premium plugin. -->","jetpack_sharing_enabled":true,"_links":{"self":[{"href":"https:\/\/coletivoamarelo.com\/fr\/wp-json\/wp\/v2\/product\/2488","targetHints":{"allow":["GET"]}}],"collection":[{"href":"https:\/\/coletivoamarelo.com\/fr\/wp-json\/wp\/v2\/product"}],"about":[{"href":"https:\/\/coletivoamarelo.com\/fr\/wp-json\/wp\/v2\/types\/product"}],"wp:featuredmedia":[{"embeddable":true,"href":"https:\/\/coletivoamarelo.com\/fr\/wp-json\/wp\/v2\/media\/2490"}],"wp:attachment":[{"href":"https:\/\/coletivoamarelo.com\/fr\/wp-json\/wp\/v2\/media?parent=2488"}],"wp:term":[{"taxonomy":"product_brand","embeddable":true,"href":"https:\/\/coletivoamarelo.com\/fr\/wp-json\/wp\/v2\/product_brand?post=2488"},{"taxonomy":"product_cat","embeddable":true,"href":"https:\/\/coletivoamarelo.com\/fr\/wp-json\/wp\/v2\/product_cat?post=2488"},{"taxonomy":"product_tag","embeddable":true,"href":"https:\/\/coletivoamarelo.com\/fr\/wp-json\/wp\/v2\/product_tag?post=2488"}],"curies":[{"name":"wp","href":"https:\/\/api.w.org\/{rel}","templated":true}]}}