{"id":2253,"date":"2023-07-05T15:12:08","date_gmt":"2023-07-05T15:12:08","guid":{"rendered":"https:\/\/coletivoamarelo.com\/?post_type=product&#038;p=2253"},"modified":"2023-11-26T21:39:48","modified_gmt":"2023-11-26T21:39:48","slug":"sisifica-2023","status":"publish","type":"product","link":"https:\/\/coletivoamarelo.com\/fr\/produit\/sisifica-2023\/","title":{"rendered":"La t\u00e2che si importante de porter un c\u0153ur bris\u00e9, 2023"},"content":{"rendered":"<p>Peinture acrylique sur toile (90 x 88 cm)<\/p>","protected":false},"excerpt":{"rendered":"<p>Peinture acrylique sur toile (90 x 88 cm).<\/p>\n<ul>\n<li>TVA d\u00e9j\u00e0 incluse<\/li>\n<\/ul>","protected":false},"featured_media":2254,"template":"","meta":{"_et_pb_use_builder":"","_et_pb_old_content":"","_et_gb_content_width":""},"product_brand":[],"product_cat":[62],"product_tag":[],"class_list":{"0":"post-2253","1":"product","2":"type-product","3":"status-publish","4":"has-post-thumbnail","6":"product_cat-pintura","7":"cla-autores-gianlluca-carneiro","8":"cla-colections-aaf-hamburg-2023","10":"first","11":"instock","12":"featured","13":"shipping-taxable","14":"product-type-simple"},"acf":[],"yoast_head":"<!-- This site is optimized with the Yoast SEO Premium plugin v15.3 - https:\/\/yoast.com\/wordpress\/plugins\/seo\/ -->\n<title>A sis\u00edfica tarefa de carregar um cora\u00e7\u00e3o partido, 2023 &mdash; Coletivo Amarelo<\/title>\n<meta name=\"robots\" content=\"index, follow, max-snippet:-1, max-image-preview:large, max-video-preview:-1\" \/>\n<link rel=\"canonical\" href=\"http:\/\/coletivoamarelo.com\/fr\/produit\/sisifica-2023\/\" \/>\n<meta property=\"og:locale\" content=\"fr_FR\" \/>\n<meta property=\"og:type\" content=\"article\" \/>\n<meta property=\"og:title\" content=\"A sis\u00edfica tarefa de carregar um cora\u00e7\u00e3o partido, 2023 &mdash; Coletivo Amarelo\" \/>\n<meta property=\"og:description\" content=\"Tinta acr\u00edlica em tela (90 x 88 cm).   IVA j\u00e1 incluido\" \/>\n<meta property=\"og:url\" content=\"http:\/\/coletivoamarelo.com\/fr\/produit\/sisifica-2023\/\" \/>\n<meta property=\"og:site_name\" content=\"Coletivo Amarelo\" \/>\n<meta property=\"article:modified_time\" content=\"2023-11-26T21:39:48+00:00\" \/>\n<meta property=\"og:image\" content=\"https:\/\/coletivoamarelo.com\/wp-content\/uploads\/2023\/07\/GCARPAINT011.jpg\" \/>\n\t<meta property=\"og:image:width\" content=\"1116\" \/>\n\t<meta property=\"og:image:height\" content=\"1152\" \/>\n<meta name=\"twitter:card\" content=\"summary_large_image\" \/>\n<meta name=\"twitter:label1\" content=\"\u00c9crit par\">\n\t<meta name=\"twitter:data1\" content=\"Alexandre Cagnoni\">\n\t<meta name=\"twitter:label2\" content=\"Dur\u00e9e de lecture estim\u00e9e\">\n\t<meta name=\"twitter:data2\" content=\"0 minute\">\n<script type=\"application\/ld+json\" class=\"yoast-schema-graph\">{\"@context\":\"https:\/\/schema.org\",\"@graph\":[{\"@type\":\"Organization\",\"@id\":\"https:\/\/coletivoamarelo.com\/#organization\",\"name\":\"Coletivo Amarelo\",\"url\":\"https:\/\/coletivoamarelo.com\/\",\"sameAs\":[],\"logo\":{\"@type\":\"ImageObject\",\"@id\":\"https:\/\/coletivoamarelo.com\/#logo\",\"inLanguage\":\"fr-FR\",\"url\":\"https:\/\/coletivoamarelo.com\/wp-content\/uploads\/2023\/01\/coletivo-amarelo-logo-04.svg\",\"caption\":\"Coletivo Amarelo\"},\"image\":{\"@id\":\"https:\/\/coletivoamarelo.com\/#logo\"}},{\"@type\":\"WebSite\",\"@id\":\"https:\/\/coletivoamarelo.com\/#website\",\"url\":\"https:\/\/coletivoamarelo.com\/\",\"name\":\"Coletivo Amarelo\",\"description\":\"\",\"publisher\":{\"@id\":\"https:\/\/coletivoamarelo.com\/#organization\"},\"potentialAction\":[{\"@type\":\"SearchAction\",\"target\":\"https:\/\/coletivoamarelo.com\/?s={search_term_string}\",\"query-input\":\"required name=search_term_string\"}],\"inLanguage\":\"fr-FR\"},{\"@type\":\"ImageObject\",\"@id\":\"http:\/\/coletivoamarelo.com\/produto\/sisifica-2023\/#primaryimage\",\"inLanguage\":\"fr-FR\",\"url\":\"https:\/\/coletivoamarelo.com\/wp-content\/uploads\/2023\/07\/GCARPAINT011.jpg\",\"width\":1116,\"height\":1152,\"caption\":\"Sisifica\"},{\"@type\":\"WebPage\",\"@id\":\"http:\/\/coletivoamarelo.com\/produto\/sisifica-2023\/#webpage\",\"url\":\"http:\/\/coletivoamarelo.com\/produto\/sisifica-2023\/\",\"name\":\"A sis\\u00edfica tarefa de carregar um cora\\u00e7\\u00e3o partido, 2023 &mdash; Coletivo Amarelo\",\"isPartOf\":{\"@id\":\"https:\/\/coletivoamarelo.com\/#website\"},\"primaryImageOfPage\":{\"@id\":\"http:\/\/coletivoamarelo.com\/produto\/sisifica-2023\/#primaryimage\"},\"datePublished\":\"2023-07-05T15:12:08+00:00\",\"dateModified\":\"2023-11-26T21:39:48+00:00\",\"breadcrumb\":{\"@id\":\"http:\/\/coletivoamarelo.com\/produto\/sisifica-2023\/#breadcrumb\"},\"inLanguage\":\"fr-FR\",\"potentialAction\":[{\"@type\":\"ReadAction\",\"target\":[\"http:\/\/coletivoamarelo.com\/produto\/sisifica-2023\/\"]}]},{\"@type\":\"BreadcrumbList\",\"@id\":\"http:\/\/coletivoamarelo.com\/produto\/sisifica-2023\/#breadcrumb\",\"itemListElement\":[{\"@type\":\"ListItem\",\"position\":1,\"item\":{\"@type\":\"WebPage\",\"@id\":\"https:\/\/coletivoamarelo.com\/\",\"url\":\"https:\/\/coletivoamarelo.com\/\",\"name\":\"Home\"}},{\"@type\":\"ListItem\",\"position\":2,\"item\":{\"@type\":\"WebPage\",\"@id\":\"https:\/\/coletivoamarelo.com\/colecao\/\",\"url\":\"https:\/\/coletivoamarelo.com\/colecao\/\",\"name\":\"Cole\\u00e7\\u00e3o\"}},{\"@type\":\"ListItem\",\"position\":3,\"item\":{\"@type\":\"WebPage\",\"@id\":\"http:\/\/coletivoamarelo.com\/produto\/sisifica-2023\/\",\"url\":\"http:\/\/coletivoamarelo.com\/produto\/sisifica-2023\/\",\"name\":\"A sis\\u00edfica tarefa de carregar um cora\\u00e7\\u00e3o partido, 2023\"}}]}]}<\/script>\n<!-- \/ Yoast SEO Premium plugin. -->","jetpack_sharing_enabled":true,"_links":{"self":[{"href":"https:\/\/coletivoamarelo.com\/fr\/wp-json\/wp\/v2\/product\/2253","targetHints":{"allow":["GET"]}}],"collection":[{"href":"https:\/\/coletivoamarelo.com\/fr\/wp-json\/wp\/v2\/product"}],"about":[{"href":"https:\/\/coletivoamarelo.com\/fr\/wp-json\/wp\/v2\/types\/product"}],"wp:featuredmedia":[{"embeddable":true,"href":"https:\/\/coletivoamarelo.com\/fr\/wp-json\/wp\/v2\/media\/2254"}],"wp:attachment":[{"href":"https:\/\/coletivoamarelo.com\/fr\/wp-json\/wp\/v2\/media?parent=2253"}],"wp:term":[{"taxonomy":"product_brand","embeddable":true,"href":"https:\/\/coletivoamarelo.com\/fr\/wp-json\/wp\/v2\/product_brand?post=2253"},{"taxonomy":"product_cat","embeddable":true,"href":"https:\/\/coletivoamarelo.com\/fr\/wp-json\/wp\/v2\/product_cat?post=2253"},{"taxonomy":"product_tag","embeddable":true,"href":"https:\/\/coletivoamarelo.com\/fr\/wp-json\/wp\/v2\/product_tag?post=2253"}],"curies":[{"name":"wp","href":"https:\/\/api.w.org\/{rel}","templated":true}]}}