{"id":1587,"date":"2023-04-14T13:26:24","date_gmt":"2023-04-14T13:26:24","guid":{"rendered":"https:\/\/dev.coletivoamarelo.pt\/?post_type=product&#038;p=1587"},"modified":"2024-05-06T18:28:54","modified_gmt":"2024-05-06T18:28:54","slug":"guara","status":"publish","type":"product","link":"https:\/\/coletivoamarelo.com\/fr\/produit\/guara\/","title":{"rendered":"Guara, 2018"},"content":{"rendered":"<p>Guar\u00e1, du tupi-guarani \u00ab awa&#039;r\u00e1 \u00bb signifie \u00ab rouge \u00bb. <em>eudocimus ruber<\/em> est un oiseau typique de la c\u00f4te atlantique de l&#039;Am\u00e9rique du Sud qui vit dans les r\u00e9gions de mangrove. Sa couleur rouge\u00e2tre est le r\u00e9sultat d\u2019une alimentation glucidique et riche en carot\u00e9no\u00efdes. Cependant, la couleur du Guar\u00e1 n&#039;est pas seulement associ\u00e9e \u00e0 sa biologie : cette esp\u00e8ce est inscrite dans le Livre rouge de la faune br\u00e9silienne menac\u00e9e (Instituto Chico Mendes de Conserva\u00e7\u00e3o da Biodiversidade).<\/p>\n<p>Imprim\u00e9 sur papier Hahnem\u00fchle Matt Fibre 200. S\u00e9rie num\u00e9rot\u00e9e, 10 \u00e9ditions.<\/p>","protected":false},"excerpt":{"rendered":"<p>S\u00e9rie limit\u00e9e de 10 photos de l&#039;oiseau Crini\u00e8re, disponibles en 4 formats, imprim\u00e9es sur papier Hahnem\u00fchle Matt Fibre 200.<\/p>\n<ul>\n<li>TVA d\u00e9j\u00e0 incluse<\/li>\n<\/ul>","protected":false},"featured_media":1591,"template":"","meta":{"_et_pb_use_builder":"","_et_pb_old_content":"","_et_gb_content_width":""},"product_brand":[],"product_cat":[63],"product_tag":[],"class_list":{"0":"post-1587","1":"product","2":"type-product","3":"status-publish","4":"has-post-thumbnail","6":"product_cat-fotografia","7":"cla-autores-eduardo-dias","8":"cla-colections-aaf-amsterdam-2023","9":"cla-colections-aaf-brussels-2024","10":"cla-colections-edicoes-limitadas","12":"first","13":"instock","14":"featured","15":"shipping-taxable","16":"product-type-variable","17":"has-default-attributes"},"acf":[],"yoast_head":"<!-- This site is optimized with the Yoast SEO Premium plugin v15.3 - https:\/\/yoast.com\/wordpress\/plugins\/seo\/ -->\n<title>Guar\u00e1, 2018 &mdash; Coletivo Amarelo<\/title>\n<meta name=\"robots\" content=\"index, follow, max-snippet:-1, max-image-preview:large, max-video-preview:-1\" \/>\n<link rel=\"canonical\" href=\"https:\/\/coletivoamarelo.com\/fr\/produit\/guara\/\" \/>\n<meta property=\"og:locale\" content=\"fr_FR\" \/>\n<meta property=\"og:type\" content=\"article\" \/>\n<meta property=\"og:title\" content=\"Guar\u00e1, 2018 &mdash; Coletivo Amarelo\" \/>\n<meta property=\"og:description\" content=\"S\u00e9rie limitada em 10 fotos do p\u00e1ssaro Guar\u00e1, dispon\u00edvel em 4 tamanhos, impresso em papel Hahnem\u00fchle Matt Fibre 200.   IVA j\u00e1 incluido\" \/>\n<meta property=\"og:url\" content=\"https:\/\/coletivoamarelo.com\/fr\/produit\/guara\/\" \/>\n<meta property=\"og:site_name\" content=\"Coletivo Amarelo\" \/>\n<meta property=\"article:modified_time\" content=\"2024-05-06T18:28:54+00:00\" \/>\n<meta property=\"og:image\" content=\"https:\/\/coletivoamarelo.com\/wp-content\/uploads\/2023\/04\/EDIAPHOTO002.png\" \/>\n\t<meta property=\"og:image:width\" content=\"652\" \/>\n\t<meta property=\"og:image:height\" content=\"970\" \/>\n<meta name=\"twitter:card\" content=\"summary_large_image\" \/>\n<meta name=\"twitter:label1\" content=\"\u00c9crit par\">\n\t<meta name=\"twitter:data1\" content=\"Alexandre Cagnoni\">\n\t<meta name=\"twitter:label2\" content=\"Dur\u00e9e de lecture estim\u00e9e\">\n\t<meta name=\"twitter:data2\" content=\"0 minute\">\n<script type=\"application\/ld+json\" class=\"yoast-schema-graph\">{\"@context\":\"https:\/\/schema.org\",\"@graph\":[{\"@type\":\"Organization\",\"@id\":\"https:\/\/coletivoamarelo.com\/#organization\",\"name\":\"Coletivo Amarelo\",\"url\":\"https:\/\/coletivoamarelo.com\/\",\"sameAs\":[],\"logo\":{\"@type\":\"ImageObject\",\"@id\":\"https:\/\/coletivoamarelo.com\/#logo\",\"inLanguage\":\"fr-FR\",\"url\":\"https:\/\/coletivoamarelo.com\/wp-content\/uploads\/2023\/01\/coletivo-amarelo-logo-04.svg\",\"caption\":\"Coletivo Amarelo\"},\"image\":{\"@id\":\"https:\/\/coletivoamarelo.com\/#logo\"}},{\"@type\":\"WebSite\",\"@id\":\"https:\/\/coletivoamarelo.com\/#website\",\"url\":\"https:\/\/coletivoamarelo.com\/\",\"name\":\"Coletivo Amarelo\",\"description\":\"\",\"publisher\":{\"@id\":\"https:\/\/coletivoamarelo.com\/#organization\"},\"potentialAction\":[{\"@type\":\"SearchAction\",\"target\":\"https:\/\/coletivoamarelo.com\/?s={search_term_string}\",\"query-input\":\"required name=search_term_string\"}],\"inLanguage\":\"fr-FR\"},{\"@type\":\"ImageObject\",\"@id\":\"https:\/\/coletivoamarelo.com\/produto\/guara\/#primaryimage\",\"inLanguage\":\"fr-FR\",\"url\":\"https:\/\/coletivoamarelo.com\/wp-content\/uploads\/2023\/04\/EDIAPHOTO002.png\",\"width\":652,\"height\":970,\"caption\":\"Guara\"},{\"@type\":\"WebPage\",\"@id\":\"https:\/\/coletivoamarelo.com\/produto\/guara\/#webpage\",\"url\":\"https:\/\/coletivoamarelo.com\/produto\/guara\/\",\"name\":\"Guar\\u00e1, 2018 &mdash; Coletivo Amarelo\",\"isPartOf\":{\"@id\":\"https:\/\/coletivoamarelo.com\/#website\"},\"primaryImageOfPage\":{\"@id\":\"https:\/\/coletivoamarelo.com\/produto\/guara\/#primaryimage\"},\"datePublished\":\"2023-04-14T13:26:24+00:00\",\"dateModified\":\"2024-05-06T18:28:54+00:00\",\"breadcrumb\":{\"@id\":\"https:\/\/coletivoamarelo.com\/produto\/guara\/#breadcrumb\"},\"inLanguage\":\"fr-FR\",\"potentialAction\":[{\"@type\":\"ReadAction\",\"target\":[\"https:\/\/coletivoamarelo.com\/produto\/guara\/\"]}]},{\"@type\":\"BreadcrumbList\",\"@id\":\"https:\/\/coletivoamarelo.com\/produto\/guara\/#breadcrumb\",\"itemListElement\":[{\"@type\":\"ListItem\",\"position\":1,\"item\":{\"@type\":\"WebPage\",\"@id\":\"https:\/\/coletivoamarelo.com\/\",\"url\":\"https:\/\/coletivoamarelo.com\/\",\"name\":\"Home\"}},{\"@type\":\"ListItem\",\"position\":2,\"item\":{\"@type\":\"WebPage\",\"@id\":\"https:\/\/coletivoamarelo.com\/colecao\/\",\"url\":\"https:\/\/coletivoamarelo.com\/colecao\/\",\"name\":\"Cole\\u00e7\\u00e3o\"}},{\"@type\":\"ListItem\",\"position\":3,\"item\":{\"@type\":\"WebPage\",\"@id\":\"https:\/\/coletivoamarelo.com\/produto\/guara\/\",\"url\":\"https:\/\/coletivoamarelo.com\/produto\/guara\/\",\"name\":\"Guar\\u00e1, 2018\"}}]}]}<\/script>\n<!-- \/ Yoast SEO Premium plugin. -->","jetpack_sharing_enabled":true,"_links":{"self":[{"href":"https:\/\/coletivoamarelo.com\/fr\/wp-json\/wp\/v2\/product\/1587","targetHints":{"allow":["GET"]}}],"collection":[{"href":"https:\/\/coletivoamarelo.com\/fr\/wp-json\/wp\/v2\/product"}],"about":[{"href":"https:\/\/coletivoamarelo.com\/fr\/wp-json\/wp\/v2\/types\/product"}],"wp:featuredmedia":[{"embeddable":true,"href":"https:\/\/coletivoamarelo.com\/fr\/wp-json\/wp\/v2\/media\/1591"}],"wp:attachment":[{"href":"https:\/\/coletivoamarelo.com\/fr\/wp-json\/wp\/v2\/media?parent=1587"}],"wp:term":[{"taxonomy":"product_brand","embeddable":true,"href":"https:\/\/coletivoamarelo.com\/fr\/wp-json\/wp\/v2\/product_brand?post=1587"},{"taxonomy":"product_cat","embeddable":true,"href":"https:\/\/coletivoamarelo.com\/fr\/wp-json\/wp\/v2\/product_cat?post=1587"},{"taxonomy":"product_tag","embeddable":true,"href":"https:\/\/coletivoamarelo.com\/fr\/wp-json\/wp\/v2\/product_tag?post=1587"}],"curies":[{"name":"wp","href":"https:\/\/api.w.org\/{rel}","templated":true}]}}