{"id":1578,"date":"2023-04-14T13:16:06","date_gmt":"2023-04-14T13:16:06","guid":{"rendered":"https:\/\/dev.coletivoamarelo.pt\/?post_type=product&#038;p=1578"},"modified":"2024-05-06T18:28:13","modified_gmt":"2024-05-06T18:28:13","slug":"anaca-2018","status":"publish","type":"product","link":"https:\/\/coletivoamarelo.com\/fr\/produit\/anaca-2018\/","title":{"rendered":"Anacan, 2018"},"content":{"rendered":"<p>Le contraste bleu et rouge des plumes de l&#039;Anac\u00e3 permet de le reconna\u00eetre facilement dans la cime des arbres amazoniens. Malheureusement, cette m\u00eame combinaison suscite \u00e9galement d\u2019autres int\u00e9r\u00eats\u00a0:<em>Deroptyus accipitrinus<\/em> C&#039;est un oiseau tr\u00e8s recherch\u00e9 dans le commerce de la faune sauvage. Dans cette \u0153uvre, le regard per\u00e7ant entour\u00e9 de couleurs intenses doit \u00eatre vu comme un avertissement sur le manque de protection de la biodiversit\u00e9. L&#039;oiseau enregistr\u00e9 a \u00e9t\u00e9 sauv\u00e9 du trafic d&#039;animaux et vit dans un \u00e9tablissement de r\u00e9habilitation pour animaux sauvages. Anac\u00e3 est \u00e9galement r\u00e9pertori\u00e9e dans le Livre rouge de la faune br\u00e9silienne menac\u00e9e (Institut Chico Mendes pour la conservation de la biodiversit\u00e9\/MMA\u00a0; 1\u00e8re \u00e9dition, 2018).<\/p>\n<p>Imprim\u00e9 sur papier Hahnem\u00fchle Matt Fibre 200. S\u00e9rie num\u00e9rot\u00e9e, 10 \u00e9ditions.<\/p>","protected":false},"excerpt":{"rendered":"<p>S\u00e9rie limit\u00e9e de 10 photos de l&#039;oiseau Anac\u00e3, disponibles en 4 formats, imprim\u00e9es sur papier Hahnem\u00fchle Matt Fibre 200.<\/p>\n<ul>\n<li>TVA d\u00e9j\u00e0 incluse<\/li>\n<\/ul>","protected":false},"featured_media":1582,"template":"","meta":{"_et_pb_use_builder":"","_et_pb_old_content":"","_et_gb_content_width":""},"product_brand":[],"product_cat":[63],"product_tag":[],"class_list":{"0":"post-1578","1":"product","2":"type-product","3":"status-publish","4":"has-post-thumbnail","6":"product_cat-fotografia","7":"cla-autores-eduardo-dias","8":"cla-colections-aaf-brussels-2024","9":"cla-colections-edicoes-limitadas","11":"first","12":"instock","13":"featured","14":"shipping-taxable","15":"product-type-variable","16":"has-default-attributes"},"acf":[],"yoast_head":"<!-- This site is optimized with the Yoast SEO Premium plugin v15.3 - https:\/\/yoast.com\/wordpress\/plugins\/seo\/ -->\n<title>Anac\u00e3, 2018 &mdash; Coletivo Amarelo<\/title>\n<meta name=\"robots\" content=\"index, follow, max-snippet:-1, max-image-preview:large, max-video-preview:-1\" \/>\n<link rel=\"canonical\" href=\"https:\/\/coletivoamarelo.com\/fr\/produit\/anaca-2018\/\" \/>\n<meta property=\"og:locale\" content=\"fr_FR\" \/>\n<meta property=\"og:type\" content=\"article\" \/>\n<meta property=\"og:title\" content=\"Anac\u00e3, 2018 &mdash; Coletivo Amarelo\" \/>\n<meta property=\"og:description\" content=\"S\u00e9rie limitada em 10 fotos do p\u00e1ssaro Anac\u00e3, dispon\u00edvel em 4 tamanhos, impresso em papel Hahnem\u00fchle Matt Fibre 200.   IVA j\u00e1 incluido\" \/>\n<meta property=\"og:url\" content=\"https:\/\/coletivoamarelo.com\/fr\/produit\/anaca-2018\/\" \/>\n<meta property=\"og:site_name\" content=\"Coletivo Amarelo\" \/>\n<meta property=\"article:modified_time\" content=\"2024-05-06T18:28:13+00:00\" \/>\n<meta property=\"og:image\" content=\"https:\/\/coletivoamarelo.com\/wp-content\/uploads\/2023\/04\/EDIAPHOTO001.png\" \/>\n\t<meta property=\"og:image:width\" content=\"720\" \/>\n\t<meta property=\"og:image:height\" content=\"1070\" \/>\n<meta name=\"twitter:card\" content=\"summary_large_image\" \/>\n<meta name=\"twitter:label1\" content=\"\u00c9crit par\">\n\t<meta name=\"twitter:data1\" content=\"Alexandre Cagnoni\">\n\t<meta name=\"twitter:label2\" content=\"Dur\u00e9e de lecture estim\u00e9e\">\n\t<meta name=\"twitter:data2\" content=\"0 minute\">\n<script type=\"application\/ld+json\" class=\"yoast-schema-graph\">{\"@context\":\"https:\/\/schema.org\",\"@graph\":[{\"@type\":\"Organization\",\"@id\":\"https:\/\/coletivoamarelo.com\/#organization\",\"name\":\"Coletivo Amarelo\",\"url\":\"https:\/\/coletivoamarelo.com\/\",\"sameAs\":[],\"logo\":{\"@type\":\"ImageObject\",\"@id\":\"https:\/\/coletivoamarelo.com\/#logo\",\"inLanguage\":\"fr-FR\",\"url\":\"https:\/\/coletivoamarelo.com\/wp-content\/uploads\/2023\/01\/coletivo-amarelo-logo-04.svg\",\"caption\":\"Coletivo Amarelo\"},\"image\":{\"@id\":\"https:\/\/coletivoamarelo.com\/#logo\"}},{\"@type\":\"WebSite\",\"@id\":\"https:\/\/coletivoamarelo.com\/#website\",\"url\":\"https:\/\/coletivoamarelo.com\/\",\"name\":\"Coletivo Amarelo\",\"description\":\"\",\"publisher\":{\"@id\":\"https:\/\/coletivoamarelo.com\/#organization\"},\"potentialAction\":[{\"@type\":\"SearchAction\",\"target\":\"https:\/\/coletivoamarelo.com\/?s={search_term_string}\",\"query-input\":\"required name=search_term_string\"}],\"inLanguage\":\"fr-FR\"},{\"@type\":\"ImageObject\",\"@id\":\"https:\/\/coletivoamarelo.com\/produto\/anaca-2018\/#primaryimage\",\"inLanguage\":\"fr-FR\",\"url\":\"https:\/\/coletivoamarelo.com\/wp-content\/uploads\/2023\/04\/EDIAPHOTO001.png\",\"width\":720,\"height\":1070,\"caption\":\"Anaca\"},{\"@type\":\"WebPage\",\"@id\":\"https:\/\/coletivoamarelo.com\/produto\/anaca-2018\/#webpage\",\"url\":\"https:\/\/coletivoamarelo.com\/produto\/anaca-2018\/\",\"name\":\"Anac\\u00e3, 2018 &mdash; Coletivo Amarelo\",\"isPartOf\":{\"@id\":\"https:\/\/coletivoamarelo.com\/#website\"},\"primaryImageOfPage\":{\"@id\":\"https:\/\/coletivoamarelo.com\/produto\/anaca-2018\/#primaryimage\"},\"datePublished\":\"2023-04-14T13:16:06+00:00\",\"dateModified\":\"2024-05-06T18:28:13+00:00\",\"breadcrumb\":{\"@id\":\"https:\/\/coletivoamarelo.com\/produto\/anaca-2018\/#breadcrumb\"},\"inLanguage\":\"fr-FR\",\"potentialAction\":[{\"@type\":\"ReadAction\",\"target\":[\"https:\/\/coletivoamarelo.com\/produto\/anaca-2018\/\"]}]},{\"@type\":\"BreadcrumbList\",\"@id\":\"https:\/\/coletivoamarelo.com\/produto\/anaca-2018\/#breadcrumb\",\"itemListElement\":[{\"@type\":\"ListItem\",\"position\":1,\"item\":{\"@type\":\"WebPage\",\"@id\":\"https:\/\/coletivoamarelo.com\/\",\"url\":\"https:\/\/coletivoamarelo.com\/\",\"name\":\"Home\"}},{\"@type\":\"ListItem\",\"position\":2,\"item\":{\"@type\":\"WebPage\",\"@id\":\"https:\/\/coletivoamarelo.com\/colecao\/\",\"url\":\"https:\/\/coletivoamarelo.com\/colecao\/\",\"name\":\"Cole\\u00e7\\u00e3o\"}},{\"@type\":\"ListItem\",\"position\":3,\"item\":{\"@type\":\"WebPage\",\"@id\":\"https:\/\/coletivoamarelo.com\/produto\/anaca-2018\/\",\"url\":\"https:\/\/coletivoamarelo.com\/produto\/anaca-2018\/\",\"name\":\"Anac\\u00e3, 2018\"}}]}]}<\/script>\n<!-- \/ Yoast SEO Premium plugin. -->","jetpack_sharing_enabled":true,"_links":{"self":[{"href":"https:\/\/coletivoamarelo.com\/fr\/wp-json\/wp\/v2\/product\/1578","targetHints":{"allow":["GET"]}}],"collection":[{"href":"https:\/\/coletivoamarelo.com\/fr\/wp-json\/wp\/v2\/product"}],"about":[{"href":"https:\/\/coletivoamarelo.com\/fr\/wp-json\/wp\/v2\/types\/product"}],"wp:featuredmedia":[{"embeddable":true,"href":"https:\/\/coletivoamarelo.com\/fr\/wp-json\/wp\/v2\/media\/1582"}],"wp:attachment":[{"href":"https:\/\/coletivoamarelo.com\/fr\/wp-json\/wp\/v2\/media?parent=1578"}],"wp:term":[{"taxonomy":"product_brand","embeddable":true,"href":"https:\/\/coletivoamarelo.com\/fr\/wp-json\/wp\/v2\/product_brand?post=1578"},{"taxonomy":"product_cat","embeddable":true,"href":"https:\/\/coletivoamarelo.com\/fr\/wp-json\/wp\/v2\/product_cat?post=1578"},{"taxonomy":"product_tag","embeddable":true,"href":"https:\/\/coletivoamarelo.com\/fr\/wp-json\/wp\/v2\/product_tag?post=1578"}],"curies":[{"name":"wp","href":"https:\/\/api.w.org\/{rel}","templated":true}]}}