{"id":1287,"date":"2023-04-02T12:16:02","date_gmt":"2023-04-02T12:16:02","guid":{"rendered":"https:\/\/dev.coletivoamarelo.pt\/?post_type=product&#038;p=1287"},"modified":"2025-10-18T11:14:10","modified_gmt":"2025-10-18T11:14:10","slug":"inutil-paisagem-vi","status":"publish","type":"product","link":"https:\/\/coletivoamarelo.com\/fr\/produit\/inutil-paisagem-vi\/","title":{"rendered":"Paysage inutile VI, 2022"},"content":{"rendered":"<p>Ce tableau fait partie d&#039;une s\u00e9rie d\u00e9but\u00e9e lors de la pand\u00e9mie de Covid en 2021.<\/p>\n<p>La beaut\u00e9 exub\u00e9rante de la c\u00f4te portugaise se trouve aux alentours, dans le petit village o\u00f9 vit l&#039;artiste, \u00e0 Cascais. Les paysages de la c\u00f4te de Guincho et de Cabo da Roca sont pr\u00e9sents dans plusieurs de ses \u0153uvres. Le souvenir du gigantesque oc\u00e9an qui la s\u00e9pare de ses racines affectives pr\u00e9sentes au Br\u00e9sil, et l&#039;incertitude de son retour provoqu\u00e9e par la pand\u00e9mie, ont ajout\u00e9 une couche de m\u00e9lancolie aux peintures qui, bien qu&#039;exub\u00e9rantes, sont toujours d\u00e9peupl\u00e9es.<\/p>\n<p>La s\u00e9rie \u00ab In\u00fatil Landscape \u00bb a \u00e9t\u00e9 cr\u00e9\u00e9e en r\u00e9f\u00e9rence \u00e0 la chanson du m\u00eame titre d&#039;Ant\u00f4nio Carlos Jobim.<\/p>\n<p>Les paroles de la chanson \u00e9voquent ce sentiment de m\u00e9lancolie et de solitude qu&#039;\u00e9voque parfois le paysage.<\/p>","protected":false},"excerpt":{"rendered":"<p><strong>Peinture s\u00e9lectionn\u00e9e et expos\u00e9e \u00e0 la 1\u00e8re Biennale Internationale de l&#039;Alentejo 2023.<\/strong><\/p>\n<p>Peinture \u00e0 l&#039;huile de la s\u00e9rie \u00ab Useless Landscape \u00bb, d\u00e9but\u00e9e en 2021 pendant la p\u00e9riode Covid, repr\u00e9sentant des paysages de la c\u00f4te du Portugal. Ce tableau illustre la vue int\u00e9rieure de la Gruta da Boneca, dans la r\u00e9gion de Carvoeiro en Algarve. Livr\u00e9 avec un cadre en bois marron clair. (29,5 x 42 cm)<\/p>","protected":false},"featured_media":1288,"template":"","meta":{"_et_pb_use_builder":"","_et_pb_old_content":"","_et_gb_content_width":""},"product_brand":[],"product_cat":[62],"product_tag":[],"class_list":{"0":"post-1287","1":"product","2":"type-product","3":"status-publish","4":"has-post-thumbnail","6":"product_cat-pintura","7":"cla-autores-gabriela-albuquerque","8":"cla-colections-aaf-amsterdam-2023","10":"first","11":"instock","12":"featured","13":"sold-individually","14":"shipping-taxable","15":"product-type-simple"},"acf":[],"yoast_head":"<!-- This site is optimized with the Yoast SEO Premium plugin v15.3 - https:\/\/yoast.com\/wordpress\/plugins\/seo\/ -->\n<title>In\u00fatil Paisagem VI, 2022 &mdash; Coletivo Amarelo<\/title>\n<meta name=\"robots\" content=\"index, follow, max-snippet:-1, max-image-preview:large, max-video-preview:-1\" \/>\n<link rel=\"canonical\" href=\"https:\/\/coletivoamarelo.com\/fr\/produit\/inutil-paisagem-vi\/\" \/>\n<meta property=\"og:locale\" content=\"fr_FR\" \/>\n<meta property=\"og:type\" content=\"article\" \/>\n<meta property=\"og:title\" content=\"In\u00fatil Paisagem VI, 2022 &mdash; Coletivo Amarelo\" \/>\n<meta property=\"og:description\" content=\"Pintura selecionada e exposta na 1a Bienal Internacional do Alentejo 2023.  Pintura a \u00f3leo da s\u00e9rie \u201cIn\u00fatil Paisagem\u201d, iniciada em 2021 durante o per\u00edodo de Covid, representando paisagens da costa de Portugal. Esta pintura ilustra a vista interna da Gruta da Boneca, na regi\u00e3o do Carvoeiro, no Algarve. Entregue j\u00e1 com moldura em madeira marrom claro. (29.5 x 42 cm)\" \/>\n<meta property=\"og:url\" content=\"https:\/\/coletivoamarelo.com\/fr\/produit\/inutil-paisagem-vi\/\" \/>\n<meta property=\"og:site_name\" content=\"Coletivo Amarelo\" \/>\n<meta property=\"article:modified_time\" content=\"2025-10-18T11:14:10+00:00\" \/>\n<meta property=\"og:image\" content=\"https:\/\/coletivoamarelo.com\/wp-content\/uploads\/2023\/04\/GALBPAINT029.jpg\" \/>\n\t<meta property=\"og:image:width\" content=\"731\" \/>\n\t<meta property=\"og:image:height\" content=\"1024\" \/>\n<meta name=\"twitter:card\" content=\"summary_large_image\" \/>\n<meta name=\"twitter:label1\" content=\"\u00c9crit par\">\n\t<meta name=\"twitter:data1\" content=\"Alexandre Cagnoni\">\n\t<meta name=\"twitter:label2\" content=\"Dur\u00e9e de lecture estim\u00e9e\">\n\t<meta name=\"twitter:data2\" content=\"1 minute\">\n<script type=\"application\/ld+json\" class=\"yoast-schema-graph\">{\"@context\":\"https:\/\/schema.org\",\"@graph\":[{\"@type\":\"Organization\",\"@id\":\"https:\/\/coletivoamarelo.com\/#organization\",\"name\":\"Coletivo Amarelo\",\"url\":\"https:\/\/coletivoamarelo.com\/\",\"sameAs\":[],\"logo\":{\"@type\":\"ImageObject\",\"@id\":\"https:\/\/coletivoamarelo.com\/#logo\",\"inLanguage\":\"fr-FR\",\"url\":\"https:\/\/coletivoamarelo.com\/wp-content\/uploads\/2023\/01\/coletivo-amarelo-logo-04.svg\",\"caption\":\"Coletivo Amarelo\"},\"image\":{\"@id\":\"https:\/\/coletivoamarelo.com\/#logo\"}},{\"@type\":\"WebSite\",\"@id\":\"https:\/\/coletivoamarelo.com\/#website\",\"url\":\"https:\/\/coletivoamarelo.com\/\",\"name\":\"Coletivo Amarelo\",\"description\":\"\",\"publisher\":{\"@id\":\"https:\/\/coletivoamarelo.com\/#organization\"},\"potentialAction\":[{\"@type\":\"SearchAction\",\"target\":\"https:\/\/coletivoamarelo.com\/?s={search_term_string}\",\"query-input\":\"required name=search_term_string\"}],\"inLanguage\":\"fr-FR\"},{\"@type\":\"ImageObject\",\"@id\":\"https:\/\/coletivoamarelo.com\/produto\/inutil-paisagem-vi\/#primaryimage\",\"inLanguage\":\"fr-FR\",\"url\":\"https:\/\/coletivoamarelo.com\/wp-content\/uploads\/2023\/04\/GALBPAINT029.jpg\",\"width\":731,\"height\":1024,\"caption\":\"Inutil Paisagem VI\"},{\"@type\":\"WebPage\",\"@id\":\"https:\/\/coletivoamarelo.com\/produto\/inutil-paisagem-vi\/#webpage\",\"url\":\"https:\/\/coletivoamarelo.com\/produto\/inutil-paisagem-vi\/\",\"name\":\"In\\u00fatil Paisagem VI, 2022 &mdash; Coletivo Amarelo\",\"isPartOf\":{\"@id\":\"https:\/\/coletivoamarelo.com\/#website\"},\"primaryImageOfPage\":{\"@id\":\"https:\/\/coletivoamarelo.com\/produto\/inutil-paisagem-vi\/#primaryimage\"},\"datePublished\":\"2023-04-02T12:16:02+00:00\",\"dateModified\":\"2025-10-18T11:14:10+00:00\",\"breadcrumb\":{\"@id\":\"https:\/\/coletivoamarelo.com\/produto\/inutil-paisagem-vi\/#breadcrumb\"},\"inLanguage\":\"fr-FR\",\"potentialAction\":[{\"@type\":\"ReadAction\",\"target\":[\"https:\/\/coletivoamarelo.com\/produto\/inutil-paisagem-vi\/\"]}]},{\"@type\":\"BreadcrumbList\",\"@id\":\"https:\/\/coletivoamarelo.com\/produto\/inutil-paisagem-vi\/#breadcrumb\",\"itemListElement\":[{\"@type\":\"ListItem\",\"position\":1,\"item\":{\"@type\":\"WebPage\",\"@id\":\"https:\/\/coletivoamarelo.com\/\",\"url\":\"https:\/\/coletivoamarelo.com\/\",\"name\":\"Home\"}},{\"@type\":\"ListItem\",\"position\":2,\"item\":{\"@type\":\"WebPage\",\"@id\":\"https:\/\/coletivoamarelo.com\/colecao\/\",\"url\":\"https:\/\/coletivoamarelo.com\/colecao\/\",\"name\":\"Cole\\u00e7\\u00e3o\"}},{\"@type\":\"ListItem\",\"position\":3,\"item\":{\"@type\":\"WebPage\",\"@id\":\"https:\/\/coletivoamarelo.com\/produto\/inutil-paisagem-vi\/\",\"url\":\"https:\/\/coletivoamarelo.com\/produto\/inutil-paisagem-vi\/\",\"name\":\"In\\u00fatil Paisagem VI, 2022\"}}]}]}<\/script>\n<!-- \/ Yoast SEO Premium plugin. -->","jetpack_sharing_enabled":true,"_links":{"self":[{"href":"https:\/\/coletivoamarelo.com\/fr\/wp-json\/wp\/v2\/product\/1287","targetHints":{"allow":["GET"]}}],"collection":[{"href":"https:\/\/coletivoamarelo.com\/fr\/wp-json\/wp\/v2\/product"}],"about":[{"href":"https:\/\/coletivoamarelo.com\/fr\/wp-json\/wp\/v2\/types\/product"}],"wp:featuredmedia":[{"embeddable":true,"href":"https:\/\/coletivoamarelo.com\/fr\/wp-json\/wp\/v2\/media\/1288"}],"wp:attachment":[{"href":"https:\/\/coletivoamarelo.com\/fr\/wp-json\/wp\/v2\/media?parent=1287"}],"wp:term":[{"taxonomy":"product_brand","embeddable":true,"href":"https:\/\/coletivoamarelo.com\/fr\/wp-json\/wp\/v2\/product_brand?post=1287"},{"taxonomy":"product_cat","embeddable":true,"href":"https:\/\/coletivoamarelo.com\/fr\/wp-json\/wp\/v2\/product_cat?post=1287"},{"taxonomy":"product_tag","embeddable":true,"href":"https:\/\/coletivoamarelo.com\/fr\/wp-json\/wp\/v2\/product_tag?post=1287"}],"curies":[{"name":"wp","href":"https:\/\/api.w.org\/{rel}","templated":true}]}}