{"id":3,"date":"2023-01-20T16:46:02","date_gmt":"2023-01-20T16:46:02","guid":{"rendered":"https:\/\/dev.coletivoamarelo.pt\/?page_id=3"},"modified":"2023-05-12T18:34:53","modified_gmt":"2023-05-12T18:34:53","slug":"politica_de_privacidade","status":"publish","type":"page","link":"https:\/\/coletivoamarelo.com\/fr\/politica_de_privacidade\/","title":{"rendered":"politique de confidentialit\u00e9"},"content":{"rendered":"<p id=\"tw-target-text\" class=\"tw-data-text tw-text-large tw-ta\"><span class=\"Y2IQFc\">Cette politique de confidentialit\u00e9 d\u00e9crit comment colectivoamarelo.com (le \u00ab Site \u00bb ou \u00ab nous \u00bb) collecte, utilise et divulgue vos informations personnelles lorsque vous visitez ou effectuez un achat sur le site.<\/span><\/p>\r\n<h3 id=\"tw-target-text\" class=\"tw-data-text tw-text-large tw-ta wp-block-heading\"><span class=\"Y2IQFc\">COLLECTE DE RENSEIGNEMENTS PERSONNELS<\/span><\/h3>\r\n<p class=\"tw-data-text tw-text-large tw-ta\"><span class=\"Y2IQFc\">Lorsque vous visitez le Site, nous collectons certaines informations sur votre appareil, votre interaction avec le Site et les informations n\u00e9cessaires au traitement de vos achats. Nous pouvons \u00e9galement collecter des informations suppl\u00e9mentaires si vous nous contactez pour le support client. Dans cette politique de confidentialit\u00e9, nous faisons r\u00e9f\u00e9rence \u00e0 toute information permettant d&#039;identifier de mani\u00e8re unique un individu (y compris les informations ci-dessous) comme des \u00ab\u00a0informations personnelles\u00a0\u00bb. Consultez la liste ci-dessous pour plus d\u2019informations sur les informations personnelles que nous collectons et pourquoi.<\/span><\/p>\r\n<p><span class=\"Y2IQFc\">Informations sur l&#039;appareil<\/span><\/p>\r\n<ul>\r\n<li><span class=\"Y2IQFc\"><strong>Exemples de renseignements personnels collect\u00e9s\u00a0:<\/strong>\u00a0version du navigateur Web, adresse IP, fuseau horaire, informations sur les cookies, quels sites Web ou produits vous consultez, termes de recherche et comment vous interagissez avec le Site.<\/span><\/li>\r\n<li><span class=\"Y2IQFc\"><strong>Objet de la collecte\u00a0:<\/strong>\u00a0charger le site avec pr\u00e9cision pour vous et effectuer une analyse de votre utilisation de notre site \u00e0 des fins d&#039;optimisation.<\/span><\/li>\r\n<li><span class=\"Y2IQFc\"><strong>Source de collecte\u00a0:<\/strong>\u00a0collect\u00e9s automatiquement lorsque vous acc\u00e9dez \u00e0 notre Site \u00e0 l&#039;aide de cookies, de fichiers journaux, de balises Web, de balises ou de pixels.<\/span><\/li>\r\n<li><span class=\"Y2IQFc\"><strong>Divulgation \u00e0 des fins commerciales\u00a0:<\/strong>\u00a0partag\u00e9 avec notre processeur Shopify.<\/span><\/li>\r\n<\/ul>\r\n<p><span class=\"Y2IQFc\">Informations sur la commande<\/span><\/p>\r\n<ul>\r\n<li><span class=\"Y2IQFc\"><strong>Exemples de renseignements personnels collect\u00e9s :<\/strong>\u00a0nom, adresse de facturation, adresse de livraison, informations de paiement (y compris les num\u00e9ros de carte de cr\u00e9dit), adresse e-mail et num\u00e9ro de t\u00e9l\u00e9phone.<\/span><\/li>\r\n<li><span class=\"Y2IQFc\"><strong>Objet de la collecte\u00a0:<\/strong>\u00a0vous fournir des produits ou des services pour remplir notre contrat, traiter vos informations de paiement, organiser l&#039;exp\u00e9dition et vous fournir des factures et\/ou des confirmations de commande, communiquer avec vous, filtrer nos commandes pour d\u00e9tecter tout risque potentiel ou fraude, et lorsque cela est conforme aux pr\u00e9f\u00e9rences. que vous avez partag\u00e9 avec nous, vous fournir des informations ou des publicit\u00e9s relatives \u00e0 nos produits ou services.<\/span><\/li>\r\n<li><span class=\"Y2IQFc\"><strong>Source de collecte\u00a0:<\/strong>\u00a0recueillis aupr\u00e8s de vous.<\/span><\/li>\r\n<li><span class=\"Y2IQFc\"><strong>Divulgation \u00e0 des fins commerciales\u00a0:<\/strong>\u00a0partag\u00e9es avec notre processeur Shopify, informations d&#039;adresse du transporteur.<\/span><\/li>\r\n<\/ul>\r\n<p><u>Informations sur l&#039;assistance client<\/u><\/p>\r\n<ul>\r\n<li><span class=\"Y2IQFc\"><strong>Exemples de renseignements personnels collect\u00e9s\u00a0:<\/strong>\u00a0informations de contact telles que nom, e-mail et num\u00e9ro de t\u00e9l\u00e9phone<\/span><\/li>\r\n<li><span class=\"Y2IQFc\"><strong>Objet de la collecte\u00a0:<\/strong>\u00a0fournir un support client.<\/span><\/li>\r\n<li><span class=\"Y2IQFc\"><strong>Source de collecte\u00a0:<\/strong>\u00a0recueillis aupr\u00e8s de vous.<\/span><\/li>\r\n<li><span class=\"Y2IQFc\"><strong>Divulgation \u00e0 des fins commerciales\u00a0:<\/strong>\u00a0non partag\u00e9 avec des tiers<\/span><\/li>\r\n<\/ul>\r\n<p><u>Informations sur le blog<\/u><\/p>\r\n<ul>\r\n<li><span class=\"Y2IQFc\"><strong>Exemples de renseignements personnels collect\u00e9s\u00a0:<\/strong>\u00a0informations de contact telles que nom, e-mail et num\u00e9ro de t\u00e9l\u00e9phone<\/span><\/li>\r\n<li><span class=\"Y2IQFc\"><strong>Objet de la collecte\u00a0:<\/strong>\u00a0envoyer des mises \u00e0 jour du blog ou autoriser les commentaires du blog.<\/span><\/li>\r\n<li><span class=\"Y2IQFc\"><strong>Source de collecte\u00a0:<\/strong>\u00a0recueillis aupr\u00e8s de vous.<\/span><\/li>\r\n<li><span class=\"Y2IQFc\"><strong>Divulgation \u00e0 des fins commerciales\u00a0:<\/strong>\u00a0non partag\u00e9 avec des tiers<\/span><\/li>\r\n<\/ul>\r\n<h3>PARTAGE D&#039;INFORMATIONS PERSONNELLES<\/h3>\r\n<p>Nous partageons vos informations personnelles avec des prestataires de services pour nous aider \u00e0 fournir nos services et \u00e0 remplir nos contrats avec vous, comme d\u00e9crit ci-dessus. Par exemple:<\/p>\r\n<ul>\r\n<li>Nous utilisons Shopify pour alimenter notre boutique en ligne. Vous pouvez en savoir plus sur la fa\u00e7on dont Shopify utilise vos informations personnelles ici\u00a0:\u00a0<a href=\"https:\/\/www.shopify.com\/legal\/privacy\" target=\"_blank\" rel=\"null noopener\" aria-describedby=\"a11y-new-window-external-message\">https:\/\/www.shopify.com\/legal\/privacy<\/a>.<\/li>\r\n<li>Nous pouvons partager vos informations personnelles pour nous conformer aux lois et r\u00e9glementations applicables, pour r\u00e9pondre \u00e0 une assignation \u00e0 compara\u00eetre, \u00e0 un mandat de perquisition ou \u00e0 toute autre demande l\u00e9gale d&#039;informations que nous recevons, ou pour prot\u00e9ger nos droits.<\/li>\r\n<\/ul>\r\n<h3>PUBLICIT\u00c9 COMPORTEMENTALE<\/h3>\r\n<p>Comme d\u00e9crit ci-dessus, nous utilisons vos informations personnelles pour vous proposer des publicit\u00e9s cibl\u00e9es ou des communications marketing qui, selon nous, pourraient vous int\u00e9resser. Par exemple:<\/p>\r\n<ul>\r\n<li>Nous utilisons Google Analytics pour nous aider \u00e0 comprendre comment nos clients utilisent le Site. Vous pouvez en savoir plus sur la mani\u00e8re dont Google utilise vos informations personnelles ici\u00a0:\u00a0<a href=\"https:\/\/policies.google.com\/privacy\" target=\"_blank\" rel=\"null noopener\" aria-describedby=\"a11y-new-window-external-message\">https:\/\/policies.google.com\/privacy<\/a>.Vous pouvez \u00e9galement d\u00e9sactiver Google Analytics ici\u00a0:\u00a0<a href=\"https:\/\/tools.google.com\/%20dlpage\/gaoptout\" target=\"_blank\" rel=\"null noopener\" aria-describedby=\"a11y-new-window-external-message\">https:\/\/tools.google.com\/dlpage\/gaoptout<\/a>.<\/li>\r\n<\/ul>\r\n<p>Pour plus d&#039;informations sur le fonctionnement de la publicit\u00e9 cibl\u00e9e, vous pouvez visiter la page \u00e9ducative de la Network Advertising Initiative (\u00ab NAI \u00bb) \u00e0 l&#039;adresse\u00a0<a href=\"http:\/\/www.networkadvertising.org\/understanding-online-advertising\/how-does-it-work\" target=\"_blank\" rel=\"null noopener\" aria-describedby=\"a11y-new-window-external-message\">http:\/\/www.networkadvertising.org\/understanding-online-advertising\/how-does-it-work<\/a>.<br \/><br \/>Vous pouvez vous d\u00e9sinscrire de la publicit\u00e9 cibl\u00e9e\u00a0:<\/p>\r\n<ul>\r\n<li>FACEBOOK -\u00a0<a href=\"https:\/\/www.facebook.com\/settings\/?tab=ads\" target=\"_blank\" rel=\"null noopener\" aria-describedby=\"a11y-new-window-external-message\">https:\/\/www.facebook.com\/settings\/?tab=ads<\/a><\/li>\r\n<li>GOOGLE -\u00a0<a href=\"https:\/\/www.google.com\/settings\/ads\/anonymous\" target=\"_blank\" rel=\"null noopener\" aria-describedby=\"a11y-new-window-external-message\">https:\/\/www.google.com\/settings\/ads\/anonymous<\/a><\/li>\r\n<li>BING \u2013\u00a0<a href=\"https:\/\/advertise.bingads.microsoft.com\/en-us\/resources\/policies\/personalized-ads\" target=\"_blank\" rel=\"null noopener\" aria-describedby=\"a11y-new-window-external-message\">https:\/\/advertise.bingads.microsoft.com\/en-us\/resources\/policies\/personalized-ads<\/a><\/li>\r\n<\/ul>\r\n<p>De plus, vous pouvez vous d\u00e9sinscrire de certains de ces services en visitant le portail de d\u00e9sinscription de la Digital Advertising Alliance \u00e0 l&#039;adresse\u00a0:\u00a0<a href=\"http:\/\/optout.aboutads.info\/\" target=\"_blank\" rel=\"null noopener\" aria-describedby=\"a11y-new-window-external-message\">http:\/\/optout.aboutads.info\/<\/a>.<\/p>\r\n<h3>UTILISATION DES INFORMATIONS PERSONNELLES<\/h3>\r\n<p>Nous utilisons vos informations personnelles pour vous fournir nos services, notamment\u00a0: proposer des produits \u00e0 la vente, traiter les paiements, exp\u00e9dier et ex\u00e9cuter votre commande, et vous tenir au courant des nouveaux produits, services et offres.<\/p>\r\n<h3>BASE JURIDIQUE<\/h3>\r\n<p>Conform\u00e9ment au R\u00e8glement g\u00e9n\u00e9ral sur la protection des donn\u00e9es (\u00ab RGPD \u00bb), si vous r\u00e9sidez dans l&#039;Espace \u00e9conomique europ\u00e9en (\u00ab EEE \u00bb), nous traitons vos informations personnelles selon les bases juridiques suivantes :<\/p>\r\n<ul>\r\n<li>Votre permission;<\/li>\r\n<li>L&#039;ex\u00e9cution du contrat entre vous et le Site\u00a0;<\/li>\r\n<li>Respect de nos obligations l\u00e9gales\u00a0;<\/li>\r\n<li>Pour prot\u00e9ger vos int\u00e9r\u00eats vitaux\u00a0;<\/li>\r\n<li>Accomplir une t\u00e2che d\u2019int\u00e9r\u00eat public ;<\/li>\r\n<li>Pour nos int\u00e9r\u00eats l\u00e9gitimes, qui ne pr\u00e9valent pas sur vos droits et libert\u00e9s fondamentaux.<\/li>\r\n<\/ul>\r\n<h4>R\u00c9TENTION<\/h4>\r\n<p>Lorsque vous passez une commande via le site, nous conserverons vos informations personnelles dans nos dossiers \u00e0 moins et jusqu&#039;\u00e0 ce que vous nous demandiez de supprimer ces informations. Pour plus d\u2019informations sur votre droit de retrait, veuillez consulter la section \u00ab Vos droits \u00bb ci-dessous.<\/p>\r\n<h4>PRISE DE D\u00c9CISION AUTOMATIQUE<\/h4>\r\n<p>Si vous \u00eates un r\u00e9sident de l&#039;EEE, vous avez le droit de vous opposer au traitement fond\u00e9 uniquement sur une prise de d\u00e9cision automatis\u00e9e (qui inclut le profilage), lorsqu&#039;une telle prise de d\u00e9cision a un effet juridique sur vous ou vous affecte de mani\u00e8re significative.<br \/><br \/>Nous prenons des d\u00e9cisions enti\u00e8rement automatis\u00e9es ayant un effet juridique ou significatif en utilisant les donn\u00e9es des clients.<br \/><br \/>Notre processeur Shopify utilise une prise de d\u00e9cision automatis\u00e9e limit\u00e9e pour emp\u00eacher la fraude qui n&#039;a aucun effet juridique ou significatif sur vous.<br \/><br \/>Les services qui incluent des \u00e9l\u00e9ments de prise de d\u00e9cision automatis\u00e9e comprennent\u00a0:<\/p>\r\n<ul>\r\n<li>Liste de refus temporaire des adresses IP associ\u00e9es aux transactions \u00e9chou\u00e9es r\u00e9p\u00e9t\u00e9es. Cette liste de refus persiste pendant un petit nombre d&#039;heures.<\/li>\r\n<li>Liste de refus temporaire des cartes de cr\u00e9dit associ\u00e9es aux adresses IP refus\u00e9es. Cette liste de refus persiste pendant un petit nombre de jours.<\/li>\r\n<\/ul>\r\n<h3 id=\"tw-target-text\" class=\"tw-data-text tw-text-large tw-ta\"><span class=\"Y2IQFc\">TES DROITS<br \/><\/span><\/h3>\r\n<h4 class=\"tw-data-text tw-text-large tw-ta\"><span class=\"Y2IQFc\">RGPD<\/span><\/h4>\r\n<p class=\"tw-data-text tw-text-large tw-ta\"><span class=\"Y2IQFc\">Si vous \u00eates un r\u00e9sident de l&#039;EEE, vous avez le droit d&#039;acc\u00e9der aux informations personnelles que nous d\u00e9tenons \u00e0 votre sujet, de les transf\u00e9rer vers un nouveau service et de demander que vos informations personnelles soient corrig\u00e9es, mises \u00e0 jour ou supprim\u00e9es. Si vous souhaitez exercer ces droits, veuillez nous contacter en utilisant les coordonn\u00e9es disponibles sur notre site Internet.<\/span><\/p>\r\n<p class=\"tw-data-text tw-text-large tw-ta\"><span class=\"Y2IQFc\">Vos informations personnelles seront initialement trait\u00e9es en Irlande, puis transf\u00e9r\u00e9es hors d&#039;Europe pour un stockage et un traitement ult\u00e9rieurs, notamment au Canada et aux \u00c9tats-Unis. Pour plus d&#039;informations sur la conformit\u00e9 des transferts de donn\u00e9es avec le RGPD, consultez le livre blanc sur le RGPD de Shopify\u00a0:\u00a0<a href=\"https:\/\/help.shopify.com\/pt-BR\/manual\/your-account\/privacy\/GDPR\" target=\"_blank\" rel=\"noopener noreferrer\" aria-describedby=\"a11y-new-window-external-message\">https:\/\/help.shopify.com\/pt-BR\/manual\/your-account\/privacy\/GDPR<\/a>.<\/span><\/p>\r\n<h4 class=\"tw-data-text tw-text-large tw-ta\"><span class=\"Y2IQFc\">CCPA<\/span><\/h4>\r\n<p class=\"tw-data-text tw-text-large tw-ta\"><span class=\"Y2IQFc\">Si vous r\u00e9sidez en Californie, vous avez le droit d&#039;acc\u00e9der aux informations personnelles que nous d\u00e9tenons \u00e0 votre sujet (\u00e9galement appel\u00e9es \u00ab\u00a0droit de savoir\u00a0\u00bb), de les transf\u00e9rer vers un nouveau service et de demander que vos informations personnelles soient corrig\u00e9es, mises \u00e0 jour ou supprim\u00e9. Si vous souhaitez exercer ces droits, veuillez nous contacter en utilisant les coordonn\u00e9es disponibles sur notre site Internet.<\/span><\/p>\r\n<p class=\"tw-data-text tw-text-large tw-ta\"><span class=\"Y2IQFc\">Si vous souhaitez d\u00e9signer un agent autoris\u00e9 pour soumettre ces demandes en votre nom, veuillez nous contacter \u00e0 la m\u00eame adresse.<\/span><\/p>\r\n<h3>BISCUITS<\/h3>\r\n<p>Un cookie est une petite quantit\u00e9 d&#039;informations t\u00e9l\u00e9charg\u00e9e sur votre ordinateur ou appareil lorsque vous visitez notre site. Nous utilisons un certain nombre de cookies diff\u00e9rents, notamment des cookies fonctionnels, de performance, publicitaires et de m\u00e9dias sociaux ou de contenu. Les cookies am\u00e9liorent votre exp\u00e9rience de navigation en permettant au site Web de m\u00e9moriser vos actions et pr\u00e9f\u00e9rences (telles que la connexion et la s\u00e9lection de la r\u00e9gion). Cela signifie que vous n&#039;avez pas besoin de ressaisir ces informations \u00e0 chaque fois que vous revenez sur le site ou que vous naviguez de page en page. Les cookies fournissent \u00e9galement des informations sur la mani\u00e8re dont les gens utilisent le site Web, par exemple s&#039;il s&#039;agit de leur premi\u00e8re visite ou s&#039;ils le visitent fr\u00e9quemment.<br \/><br \/>Nous utilisons les cookies suivants pour optimiser votre exp\u00e9rience sur notre Site et pour fournir nos services.<br \/><br \/><strong>Cookies n\u00e9cessaires au fonctionnement de la boutique<\/strong><\/p>\r\n<table>\r\n<thead>\r\n<tr>\r\n<th><strong>Nom<\/strong><\/th>\r\n<th><strong>Fonction<\/strong><\/th>\r\n<\/tr>\r\n<\/thead>\r\n<tbody>\r\n<tr>\r\n<td><i>_un B<\/i><\/td>\r\n<td>Utilis\u00e9 en relation avec l&#039;acc\u00e8s administratif.<\/td>\r\n<\/tr>\r\n<tr>\r\n<td><i>_secure_session_id<\/i><\/td>\r\n<td>Utilis\u00e9 dans le cadre de la navigation sur la page du magasin.<\/td>\r\n<\/tr>\r\n<tr>\r\n<td><i>carte<\/i><\/td>\r\n<td>Utilis\u00e9 en relation avec le panier.<\/td>\r\n<\/tr>\r\n<tr>\r\n<td><i>cart_sig<\/i><\/td>\r\n<td>Utilis\u00e9 dans le cadre du paiement.<\/td>\r\n<\/tr>\r\n<tr>\r\n<td><i>cart_ts<\/i><\/td>\r\n<td>Utilis\u00e9 dans le cadre du paiement.<\/td>\r\n<\/tr>\r\n<tr>\r\n<td><i>checkout_token<\/i><\/td>\r\n<td>Utilis\u00e9 dans le cadre du paiement.<\/td>\r\n<\/tr>\r\n<tr>\r\n<td><i>secr\u00e8te<\/i><\/td>\r\n<td>Utilis\u00e9 dans le cadre du paiement.<\/td>\r\n<\/tr>\r\n<tr>\r\n<td><i>secure_customer_sig<\/i><\/td>\r\n<td>Utilis\u00e9 en relation avec la connexion du client.<\/td>\r\n<\/tr>\r\n<tr>\r\n<td><i>storefront_digest<\/i><\/td>\r\n<td>Utilis\u00e9 en relation avec la connexion du client.<\/td>\r\n<\/tr>\r\n<tr>\r\n<td><i>_shopify_u<\/i><\/td>\r\n<td>Utilis\u00e9 pour faciliter la mise \u00e0 jour des informations du compte client.<\/td>\r\n<\/tr>\r\n<\/tbody>\r\n<\/table>\r\n<h4>\u00a0<\/h4>\r\n<h4>RAPPORTS ET ANALYSES<\/h4>\r\n<table>\r\n<tbody>\r\n<tr>\r\n<th><strong>Nom<\/strong><\/th>\r\n<th><strong>Fonction<\/strong><\/th>\r\n<\/tr>\r\n<tr>\r\n<td><i>_tracking_consent<\/i><\/td>\r\n<td>Pr\u00e9f\u00e9rences de suivi.<\/td>\r\n<\/tr>\r\n<tr>\r\n<td><i>_page_d&#039;atterrissage<\/i><\/td>\r\n<td>Explorez les pages de destination.<\/td>\r\n<\/tr>\r\n<tr>\r\n<td><i>_orig_referrer<\/i><\/td>\r\n<td>Explorez les pages de destination.<\/td>\r\n<\/tr>\r\n<tr>\r\n<td><i>_s<\/i><\/td>\r\n<td>Analyses Shopify.<\/td>\r\n<\/tr>\r\n<tr>\r\n<td><i>_shopify_fs<\/i><\/td>\r\n<td>Analyses Shopify.<\/td>\r\n<\/tr>\r\n<tr>\r\n<td><i>_shopify_s<\/i><\/td>\r\n<td>Analyses Shopify.<\/td>\r\n<\/tr>\r\n<tr>\r\n<td><i>_shopify_sa_p<\/i><\/td>\r\n<td>Analyses Shopify li\u00e9es au marketing et aux r\u00e9f\u00e9rences.<\/td>\r\n<\/tr>\r\n<tr>\r\n<td><i>_shopify_sa_t<\/i><\/td>\r\n<td>Analyses Shopify li\u00e9es au marketing et aux r\u00e9f\u00e9rences.<\/td>\r\n<\/tr>\r\n<tr>\r\n<td><i>_shopify_y<\/i><\/td>\r\n<td>Analyses Shopify.<\/td>\r\n<\/tr>\r\n<tr>\r\n<td><i>_y<\/i><\/td>\r\n<td>Analyses Shopify.<\/td>\r\n<\/tr>\r\n<\/tbody>\r\n<\/table>\r\n<p>&nbsp;<\/p>\r\n<p>La dur\u00e9e pendant laquelle un cookie reste sur votre ordinateur ou appareil mobile d\u00e9pend s&#039;il s&#039;agit d&#039;un cookie \u00ab persistant \u00bb ou \u00ab de session \u00bb. Les cookies de session durent jusqu&#039;\u00e0 ce que vous arr\u00eatiez de naviguer et les cookies persistants durent jusqu&#039;\u00e0 leur expiration ou leur suppression. La plupart des cookies que nous utilisons sont persistants et expirent entre 30 minutes et deux ans \u00e0 compter de la date \u00e0 laquelle ils sont t\u00e9l\u00e9charg\u00e9s sur votre appareil.<br \/><br \/>Vous pouvez contr\u00f4ler et g\u00e9rer les cookies de plusieurs mani\u00e8res. N&#039;oubliez pas que la suppression ou le blocage des cookies peut affecter n\u00e9gativement votre exp\u00e9rience utilisateur et que certaines parties de notre site Web peuvent ne plus \u00eatre enti\u00e8rement accessibles.<br \/><br \/>La plupart des navigateurs acceptent automatiquement les cookies, mais vous pouvez choisir d&#039;accepter ou non les cookies via les commandes du navigateur, g\u00e9n\u00e9ralement trouv\u00e9es dans le menu \u00ab Outils \u00bb ou \u00ab Pr\u00e9f\u00e9rences \u00bb de votre navigateur. Pour plus d&#039;informations sur la mani\u00e8re de modifier les param\u00e8tres de votre navigateur ou sur la mani\u00e8re de bloquer, g\u00e9rer ou filtrer les cookies, vous pouvez les trouver dans le fichier d&#039;aide de votre navigateur ou sur des sites Internet tels que\u00a0<a href=\"http:\/\/www.allaboutcookies.org\/\" target=\"_blank\" rel=\"noopener noreferrer\" aria-describedby=\"a11y-new-window-external-message\">www.allaboutcookies.org<\/a>.<br \/><br \/>Veuillez \u00e9galement noter que le blocage des cookies peut ne pas emp\u00eacher compl\u00e8tement la mani\u00e8re dont nous partageons des informations avec des tiers, tels que nos partenaires publicitaires. Pour exercer vos droits ou refuser certaines utilisations de vos informations par ces parties, veuillez suivre les instructions de la section \u00ab\u00a0Publicit\u00e9 comportementale\u00a0\u00bb ci-dessus.<\/p>\r\n<h3>NE PAS SUIVRE<\/h3>\r\n<p>Veuillez noter que, comme il n&#039;existe pas de compr\u00e9hension coh\u00e9rente dans l&#039;industrie sur la fa\u00e7on de r\u00e9pondre aux signaux \u00ab Do Not Track \u00bb, nous ne modifions pas nos pratiques de collecte et d&#039;utilisation de donn\u00e9es lorsque nous d\u00e9tectons un tel signal sur votre navigateur.<\/p>\r\n<h3>CHANGEMENTS<\/h3>\r\n<p>Nous pouvons mettre \u00e0 jour cette politique de confidentialit\u00e9 de temps \u00e0 autre pour refl\u00e9ter, par exemple, des changements dans nos pratiques ou pour d&#039;autres raisons op\u00e9rationnelles, juridiques ou r\u00e9glementaires.<\/p>\r\n<h3>CONTACT<\/h3>\r\n<p>Pour plus d&#039;informations sur nos pratiques de confidentialit\u00e9, si vous avez des questions ou souhaitez d\u00e9poser une plainte, veuillez nous contacter \u00e0 contact@coletivoamarelo.com ou par courrier en utilisant les coordonn\u00e9es fournies ci-dessous\u00a0:<br \/><br \/>R. Capit\u00e3o Leit\u00e3o 74, Lisbonne, 1950-052, Portugal<br \/><br \/>Derni\u00e8re mise \u00e0 jour : 09 mai 2023<br \/><br \/><br \/>Si vous n&#039;\u00eates pas satisfait de notre r\u00e9ponse \u00e0 votre r\u00e9clamation, vous avez le droit de d\u00e9poser votre r\u00e9clamation aupr\u00e8s de l&#039;autorit\u00e9 comp\u00e9tente en mati\u00e8re de protection des donn\u00e9es. Vous pouvez contacter votre autorit\u00e9 locale de protection des donn\u00e9es.<\/p>","protected":false},"excerpt":{"rendered":"<p>Esta Pol\u00edtica de Privacidade descreve como coletivoamarelo.com (o \u201cSite\u201d ou \u201cn\u00f3s\u201d) coleta, usa e divulga suas Informa\u00e7\u00f5es Pessoais quando voc\u00ea visita ou faz uma compra no Site. COLETANDO INFORMA\u00c7\u00d5ES PESSOAIS Quando voc\u00ea visita o Site, coletamos certas informa\u00e7\u00f5es sobre seu dispositivo, sua intera\u00e7\u00e3o com o Site e informa\u00e7\u00f5es necess\u00e1rias para processar suas compras. Tamb\u00e9m podemos [&hellip;]<\/p>\n","protected":false},"author":4,"featured_media":0,"parent":0,"menu_order":0,"comment_status":"closed","ping_status":"open","template":"","meta":{"_et_pb_use_builder":"","_et_pb_old_content":"","_et_gb_content_width":"","footnotes":""},"class_list":["post-3","page","type-page","status-publish","hentry"],"acf":[],"yoast_head":"<!-- This site is optimized with the Yoast SEO Premium plugin v15.3 - https:\/\/yoast.com\/wordpress\/plugins\/seo\/ -->\n<title>Pol\u00edtica de Privacidade &mdash; Coletivo Amarelo<\/title>\n<meta name=\"robots\" content=\"index, follow, max-snippet:-1, max-image-preview:large, max-video-preview:-1\" \/>\n<link rel=\"canonical\" href=\"https:\/\/coletivoamarelo.com\/fr\/politica_de_privacidade\/\" \/>\n<meta property=\"og:locale\" content=\"fr_FR\" \/>\n<meta property=\"og:type\" content=\"article\" \/>\n<meta property=\"og:title\" content=\"Pol\u00edtica de Privacidade &mdash; Coletivo Amarelo\" \/>\n<meta property=\"og:description\" content=\"Esta Pol\u00edtica de Privacidade descreve como coletivoamarelo.com (o \u201cSite\u201d ou \u201cn\u00f3s\u201d) coleta, usa e divulga suas Informa\u00e7\u00f5es Pessoais quando voc\u00ea visita ou faz uma compra no Site. COLETANDO INFORMA\u00c7\u00d5ES PESSOAIS Quando voc\u00ea visita o Site, coletamos certas informa\u00e7\u00f5es sobre seu dispositivo, sua intera\u00e7\u00e3o com o Site e informa\u00e7\u00f5es necess\u00e1rias para processar suas compras. Tamb\u00e9m podemos [&hellip;]\" \/>\n<meta property=\"og:url\" content=\"https:\/\/coletivoamarelo.com\/fr\/politica_de_privacidade\/\" \/>\n<meta property=\"og:site_name\" content=\"Coletivo Amarelo\" \/>\n<meta property=\"article:modified_time\" content=\"2023-05-12T18:34:53+00:00\" \/>\n<meta name=\"twitter:card\" content=\"summary_large_image\" \/>\n<meta name=\"twitter:label1\" content=\"\u00c9crit par\">\n\t<meta name=\"twitter:data1\" content=\"Alexandre Cagnoni\">\n\t<meta name=\"twitter:label2\" content=\"Dur\u00e9e de lecture estim\u00e9e\">\n\t<meta name=\"twitter:data2\" content=\"8 minutes\">\n<script type=\"application\/ld+json\" class=\"yoast-schema-graph\">{\"@context\":\"https:\/\/schema.org\",\"@graph\":[{\"@type\":\"Organization\",\"@id\":\"https:\/\/coletivoamarelo.com\/#organization\",\"name\":\"Coletivo Amarelo\",\"url\":\"https:\/\/coletivoamarelo.com\/\",\"sameAs\":[],\"logo\":{\"@type\":\"ImageObject\",\"@id\":\"https:\/\/coletivoamarelo.com\/#logo\",\"inLanguage\":\"fr-FR\",\"url\":\"https:\/\/coletivoamarelo.com\/wp-content\/uploads\/2023\/01\/coletivo-amarelo-logo-04.svg\",\"caption\":\"Coletivo Amarelo\"},\"image\":{\"@id\":\"https:\/\/coletivoamarelo.com\/#logo\"}},{\"@type\":\"WebSite\",\"@id\":\"https:\/\/coletivoamarelo.com\/#website\",\"url\":\"https:\/\/coletivoamarelo.com\/\",\"name\":\"Coletivo Amarelo\",\"description\":\"\",\"publisher\":{\"@id\":\"https:\/\/coletivoamarelo.com\/#organization\"},\"potentialAction\":[{\"@type\":\"SearchAction\",\"target\":\"https:\/\/coletivoamarelo.com\/?s={search_term_string}\",\"query-input\":\"required name=search_term_string\"}],\"inLanguage\":\"fr-FR\"},{\"@type\":\"WebPage\",\"@id\":\"https:\/\/coletivoamarelo.com\/politica_de_privacidade\/#webpage\",\"url\":\"https:\/\/coletivoamarelo.com\/politica_de_privacidade\/\",\"name\":\"Pol\\u00edtica de Privacidade &mdash; Coletivo Amarelo\",\"isPartOf\":{\"@id\":\"https:\/\/coletivoamarelo.com\/#website\"},\"datePublished\":\"2023-01-20T16:46:02+00:00\",\"dateModified\":\"2023-05-12T18:34:53+00:00\",\"breadcrumb\":{\"@id\":\"https:\/\/coletivoamarelo.com\/politica_de_privacidade\/#breadcrumb\"},\"inLanguage\":\"fr-FR\",\"potentialAction\":[{\"@type\":\"ReadAction\",\"target\":[\"https:\/\/coletivoamarelo.com\/politica_de_privacidade\/\"]}]},{\"@type\":\"BreadcrumbList\",\"@id\":\"https:\/\/coletivoamarelo.com\/politica_de_privacidade\/#breadcrumb\",\"itemListElement\":[{\"@type\":\"ListItem\",\"position\":1,\"item\":{\"@type\":\"WebPage\",\"@id\":\"https:\/\/coletivoamarelo.com\/\",\"url\":\"https:\/\/coletivoamarelo.com\/\",\"name\":\"Home\"}},{\"@type\":\"ListItem\",\"position\":2,\"item\":{\"@type\":\"WebPage\",\"@id\":\"https:\/\/coletivoamarelo.com\/politica_de_privacidade\/\",\"url\":\"https:\/\/coletivoamarelo.com\/politica_de_privacidade\/\",\"name\":\"Pol\\u00edtica de Privacidade\"}}]}]}<\/script>\n<!-- \/ Yoast SEO Premium plugin. -->","jetpack_sharing_enabled":true,"_links":{"self":[{"href":"https:\/\/coletivoamarelo.com\/fr\/wp-json\/wp\/v2\/pages\/3","targetHints":{"allow":["GET"]}}],"collection":[{"href":"https:\/\/coletivoamarelo.com\/fr\/wp-json\/wp\/v2\/pages"}],"about":[{"href":"https:\/\/coletivoamarelo.com\/fr\/wp-json\/wp\/v2\/types\/page"}],"author":[{"embeddable":true,"href":"https:\/\/coletivoamarelo.com\/fr\/wp-json\/wp\/v2\/users\/4"}],"replies":[{"embeddable":true,"href":"https:\/\/coletivoamarelo.com\/fr\/wp-json\/wp\/v2\/comments?post=3"}],"version-history":[{"count":0,"href":"https:\/\/coletivoamarelo.com\/fr\/wp-json\/wp\/v2\/pages\/3\/revisions"}],"wp:attachment":[{"href":"https:\/\/coletivoamarelo.com\/fr\/wp-json\/wp\/v2\/media?parent=3"}],"curies":[{"name":"wp","href":"https:\/\/api.w.org\/{rel}","templated":true}]}}