{"id":1915,"date":"2023-05-09T11:47:01","date_gmt":"2023-05-09T11:47:01","guid":{"rendered":"https:\/\/dev.coletivoamarelo.pt\/?page_id=1915"},"modified":"2023-05-09T11:47:01","modified_gmt":"2023-05-09T11:47:01","slug":"politica-de-reembolso","status":"publish","type":"page","link":"https:\/\/coletivoamarelo.com\/fr\/politica-de-reembolso\/","title":{"rendered":"Politique de remboursement"},"content":{"rendered":"<p>Si pour une raison quelconque vous n&#039;\u00eates pas enti\u00e8rement satisfait de votre achat, vous avez le droit d&#039;\u00e9changer votre photographie ou \u0153uvre d&#039;art, jusqu&#039;\u00e0 7 jours apr\u00e8s r\u00e9ception de la commande, contre une photo de valeur \u00e9gale apr\u00e8s avoir retourn\u00e9 l&#039;achat \u00e0 la galerie dans le m\u00eame d\u00e9lai. \u00e9tat au moment de la vente. Les frais de port pour le retour doivent \u00eatre pay\u00e9s par le client, en prenant soin de garantir l&#039;int\u00e9grit\u00e9 de l&#039;\u0153uvre.<\/p>\n<p>Dans le cas d&#039;un \u00e9change de photographie sur commande sp\u00e9ciale, c&#039;est \u00e0 dire qui n&#039;est normalement pas disponible, des frais de laboratoire de 20% seront factur\u00e9s.<\/p>\n<p>Nous n&#039;effectuons pas de remboursement en esp\u00e8ces.<\/p>","protected":false},"excerpt":{"rendered":"<p>Se por algum motivo n\u00e3o ficar totalmente satisfeito com a sua compra, tem o direito de trocar a sua fotografia ou obra de arte, at\u00e9 7 dias ap\u00f3s a recep\u00e7\u00e3o da encomenda, por uma de igual valor ap\u00f3s a devolu\u00e7\u00e3o da compra \u00e0 galeria em mesma condi\u00e7\u00e3o de quando foi vendido. Os custos de envio [&hellip;]<\/p>\n","protected":false},"author":4,"featured_media":0,"parent":0,"menu_order":0,"comment_status":"closed","ping_status":"closed","template":"","meta":{"_et_pb_use_builder":"off","_et_pb_old_content":"","_et_gb_content_width":"","footnotes":""},"class_list":["post-1915","page","type-page","status-publish","hentry"],"acf":[],"yoast_head":"<!-- This site is optimized with the Yoast SEO Premium plugin v15.3 - https:\/\/yoast.com\/wordpress\/plugins\/seo\/ -->\n<title>Pol\u00edtica de Reembolso &mdash; Coletivo Amarelo<\/title>\n<meta name=\"robots\" content=\"index, follow, max-snippet:-1, max-image-preview:large, max-video-preview:-1\" \/>\n<link rel=\"canonical\" href=\"https:\/\/coletivoamarelo.com\/fr\/politica-de-reembolso\/\" \/>\n<meta property=\"og:locale\" content=\"fr_FR\" \/>\n<meta property=\"og:type\" content=\"article\" \/>\n<meta property=\"og:title\" content=\"Pol\u00edtica de Reembolso &mdash; Coletivo Amarelo\" \/>\n<meta property=\"og:description\" content=\"Se por algum motivo n\u00e3o ficar totalmente satisfeito com a sua compra, tem o direito de trocar a sua fotografia ou obra de arte, at\u00e9 7 dias ap\u00f3s a recep\u00e7\u00e3o da encomenda, por uma de igual valor ap\u00f3s a devolu\u00e7\u00e3o da compra \u00e0 galeria em mesma condi\u00e7\u00e3o de quando foi vendido. Os custos de envio [&hellip;]\" \/>\n<meta property=\"og:url\" content=\"https:\/\/coletivoamarelo.com\/fr\/politica-de-reembolso\/\" \/>\n<meta property=\"og:site_name\" content=\"Coletivo Amarelo\" \/>\n<meta name=\"twitter:card\" content=\"summary_large_image\" \/>\n<meta name=\"twitter:label1\" content=\"\u00c9crit par\">\n\t<meta name=\"twitter:data1\" content=\"Alexandre Cagnoni\">\n\t<meta name=\"twitter:label2\" content=\"Dur\u00e9e de lecture estim\u00e9e\">\n\t<meta name=\"twitter:data2\" content=\"0 minute\">\n<script type=\"application\/ld+json\" class=\"yoast-schema-graph\">{\"@context\":\"https:\/\/schema.org\",\"@graph\":[{\"@type\":\"Organization\",\"@id\":\"https:\/\/coletivoamarelo.com\/#organization\",\"name\":\"Coletivo Amarelo\",\"url\":\"https:\/\/coletivoamarelo.com\/\",\"sameAs\":[],\"logo\":{\"@type\":\"ImageObject\",\"@id\":\"https:\/\/coletivoamarelo.com\/#logo\",\"inLanguage\":\"fr-FR\",\"url\":\"https:\/\/coletivoamarelo.com\/wp-content\/uploads\/2023\/01\/coletivo-amarelo-logo-04.svg\",\"caption\":\"Coletivo Amarelo\"},\"image\":{\"@id\":\"https:\/\/coletivoamarelo.com\/#logo\"}},{\"@type\":\"WebSite\",\"@id\":\"https:\/\/coletivoamarelo.com\/#website\",\"url\":\"https:\/\/coletivoamarelo.com\/\",\"name\":\"Coletivo Amarelo\",\"description\":\"\",\"publisher\":{\"@id\":\"https:\/\/coletivoamarelo.com\/#organization\"},\"potentialAction\":[{\"@type\":\"SearchAction\",\"target\":\"https:\/\/coletivoamarelo.com\/?s={search_term_string}\",\"query-input\":\"required name=search_term_string\"}],\"inLanguage\":\"fr-FR\"},{\"@type\":\"WebPage\",\"@id\":\"https:\/\/coletivoamarelo.com\/politica-de-reembolso\/#webpage\",\"url\":\"https:\/\/coletivoamarelo.com\/politica-de-reembolso\/\",\"name\":\"Pol\\u00edtica de Reembolso &mdash; Coletivo Amarelo\",\"isPartOf\":{\"@id\":\"https:\/\/coletivoamarelo.com\/#website\"},\"datePublished\":\"2023-05-09T11:47:01+00:00\",\"dateModified\":\"2023-05-09T11:47:01+00:00\",\"breadcrumb\":{\"@id\":\"https:\/\/coletivoamarelo.com\/politica-de-reembolso\/#breadcrumb\"},\"inLanguage\":\"fr-FR\",\"potentialAction\":[{\"@type\":\"ReadAction\",\"target\":[\"https:\/\/coletivoamarelo.com\/politica-de-reembolso\/\"]}]},{\"@type\":\"BreadcrumbList\",\"@id\":\"https:\/\/coletivoamarelo.com\/politica-de-reembolso\/#breadcrumb\",\"itemListElement\":[{\"@type\":\"ListItem\",\"position\":1,\"item\":{\"@type\":\"WebPage\",\"@id\":\"https:\/\/coletivoamarelo.com\/\",\"url\":\"https:\/\/coletivoamarelo.com\/\",\"name\":\"Home\"}},{\"@type\":\"ListItem\",\"position\":2,\"item\":{\"@type\":\"WebPage\",\"@id\":\"https:\/\/coletivoamarelo.com\/politica-de-reembolso\/\",\"url\":\"https:\/\/coletivoamarelo.com\/politica-de-reembolso\/\",\"name\":\"Pol\\u00edtica de Reembolso\"}}]}]}<\/script>\n<!-- \/ Yoast SEO Premium plugin. -->","jetpack_sharing_enabled":true,"_links":{"self":[{"href":"https:\/\/coletivoamarelo.com\/fr\/wp-json\/wp\/v2\/pages\/1915","targetHints":{"allow":["GET"]}}],"collection":[{"href":"https:\/\/coletivoamarelo.com\/fr\/wp-json\/wp\/v2\/pages"}],"about":[{"href":"https:\/\/coletivoamarelo.com\/fr\/wp-json\/wp\/v2\/types\/page"}],"author":[{"embeddable":true,"href":"https:\/\/coletivoamarelo.com\/fr\/wp-json\/wp\/v2\/users\/4"}],"replies":[{"embeddable":true,"href":"https:\/\/coletivoamarelo.com\/fr\/wp-json\/wp\/v2\/comments?post=1915"}],"version-history":[{"count":0,"href":"https:\/\/coletivoamarelo.com\/fr\/wp-json\/wp\/v2\/pages\/1915\/revisions"}],"wp:attachment":[{"href":"https:\/\/coletivoamarelo.com\/fr\/wp-json\/wp\/v2\/media?parent=1915"}],"curies":[{"name":"wp","href":"https:\/\/api.w.org\/{rel}","templated":true}]}}