{"id":1913,"date":"2023-05-09T11:45:01","date_gmt":"2023-05-09T11:45:01","guid":{"rendered":"https:\/\/dev.coletivoamarelo.pt\/?page_id=1913"},"modified":"2023-05-09T11:45:37","modified_gmt":"2023-05-09T11:45:37","slug":"politica_de_envio","status":"publish","type":"page","link":"https:\/\/coletivoamarelo.com\/fr\/politica_de_envio\/","title":{"rendered":"Politique d&#039;exp\u00e9dition"},"content":{"rendered":"<p>L&#039;exp\u00e9dition et la manutention sont effectu\u00e9es avec le plus grand soin, et les frais suppl\u00e9mentaires \u2013 le cas \u00e9ch\u00e9ant \u2013 sont communiqu\u00e9s lors de l&#039;achat d&#039;une \u0153uvre d&#039;art. Toutes nos \u0153uvres d&#039;art sont emball\u00e9es dans des bo\u00eetes ou des tubes rigides pour garantir leur int\u00e9grit\u00e9. Les tirages et les \u0153uvres d\u2019art sont g\u00e9n\u00e9ralement livr\u00e9s dans un d\u00e9lai de 1 \u00e0 4 semaines, selon l\u2019adresse de livraison. Toute exigence li\u00e9e aux douanes du pays de livraison doit \u00eatre communiqu\u00e9e avant l&#039;exp\u00e9dition. Toute activit\u00e9 li\u00e9e \u00e0 la douane doit \u00eatre prise en charge par le destinataire.<\/p>","protected":false},"excerpt":{"rendered":"<p>O envio e manuseio \u00e9 feito com o m\u00e1ximo cuidado, e os custos adicionais &#8211; se houver &#8211; s\u00e3o comunicados na compra de uma obra de arte. Todas as nossas pe\u00e7as de arte s\u00e3o acondicionadas em caixas r\u00edgidas ou tubos, para garantir a sua integridade. As gravuras e pe\u00e7as de arte geralmente s\u00e3o entregues em [&hellip;]<\/p>\n","protected":false},"author":4,"featured_media":0,"parent":0,"menu_order":0,"comment_status":"closed","ping_status":"closed","template":"","meta":{"_et_pb_use_builder":"off","_et_pb_old_content":"","_et_gb_content_width":"","footnotes":""},"class_list":["post-1913","page","type-page","status-publish","hentry"],"acf":[],"yoast_head":"<!-- This site is optimized with the Yoast SEO Premium plugin v15.3 - https:\/\/yoast.com\/wordpress\/plugins\/seo\/ -->\n<title>Pol\u00edtica de Envio &mdash; Coletivo Amarelo<\/title>\n<meta name=\"robots\" content=\"index, follow, max-snippet:-1, max-image-preview:large, max-video-preview:-1\" \/>\n<link rel=\"canonical\" href=\"https:\/\/coletivoamarelo.com\/fr\/politica_de_envio\/\" \/>\n<meta property=\"og:locale\" content=\"fr_FR\" \/>\n<meta property=\"og:type\" content=\"article\" \/>\n<meta property=\"og:title\" content=\"Pol\u00edtica de Envio &mdash; Coletivo Amarelo\" \/>\n<meta property=\"og:description\" content=\"O envio e manuseio \u00e9 feito com o m\u00e1ximo cuidado, e os custos adicionais &#8211; se houver &#8211; s\u00e3o comunicados na compra de uma obra de arte. Todas as nossas pe\u00e7as de arte s\u00e3o acondicionadas em caixas r\u00edgidas ou tubos, para garantir a sua integridade. As gravuras e pe\u00e7as de arte geralmente s\u00e3o entregues em [&hellip;]\" \/>\n<meta property=\"og:url\" content=\"https:\/\/coletivoamarelo.com\/fr\/politica_de_envio\/\" \/>\n<meta property=\"og:site_name\" content=\"Coletivo Amarelo\" \/>\n<meta property=\"article:modified_time\" content=\"2023-05-09T11:45:37+00:00\" \/>\n<meta name=\"twitter:card\" content=\"summary_large_image\" \/>\n<meta name=\"twitter:label1\" content=\"\u00c9crit par\">\n\t<meta name=\"twitter:data1\" content=\"Alexandre Cagnoni\">\n\t<meta name=\"twitter:label2\" content=\"Dur\u00e9e de lecture estim\u00e9e\">\n\t<meta name=\"twitter:data2\" content=\"0 minute\">\n<script type=\"application\/ld+json\" class=\"yoast-schema-graph\">{\"@context\":\"https:\/\/schema.org\",\"@graph\":[{\"@type\":\"Organization\",\"@id\":\"https:\/\/coletivoamarelo.com\/#organization\",\"name\":\"Coletivo Amarelo\",\"url\":\"https:\/\/coletivoamarelo.com\/\",\"sameAs\":[],\"logo\":{\"@type\":\"ImageObject\",\"@id\":\"https:\/\/coletivoamarelo.com\/#logo\",\"inLanguage\":\"fr-FR\",\"url\":\"https:\/\/coletivoamarelo.com\/wp-content\/uploads\/2023\/01\/coletivo-amarelo-logo-04.svg\",\"caption\":\"Coletivo Amarelo\"},\"image\":{\"@id\":\"https:\/\/coletivoamarelo.com\/#logo\"}},{\"@type\":\"WebSite\",\"@id\":\"https:\/\/coletivoamarelo.com\/#website\",\"url\":\"https:\/\/coletivoamarelo.com\/\",\"name\":\"Coletivo Amarelo\",\"description\":\"\",\"publisher\":{\"@id\":\"https:\/\/coletivoamarelo.com\/#organization\"},\"potentialAction\":[{\"@type\":\"SearchAction\",\"target\":\"https:\/\/coletivoamarelo.com\/?s={search_term_string}\",\"query-input\":\"required name=search_term_string\"}],\"inLanguage\":\"fr-FR\"},{\"@type\":\"WebPage\",\"@id\":\"https:\/\/coletivoamarelo.com\/politica_de_envio\/#webpage\",\"url\":\"https:\/\/coletivoamarelo.com\/politica_de_envio\/\",\"name\":\"Pol\\u00edtica de Envio &mdash; Coletivo Amarelo\",\"isPartOf\":{\"@id\":\"https:\/\/coletivoamarelo.com\/#website\"},\"datePublished\":\"2023-05-09T11:45:01+00:00\",\"dateModified\":\"2023-05-09T11:45:37+00:00\",\"breadcrumb\":{\"@id\":\"https:\/\/coletivoamarelo.com\/politica_de_envio\/#breadcrumb\"},\"inLanguage\":\"fr-FR\",\"potentialAction\":[{\"@type\":\"ReadAction\",\"target\":[\"https:\/\/coletivoamarelo.com\/politica_de_envio\/\"]}]},{\"@type\":\"BreadcrumbList\",\"@id\":\"https:\/\/coletivoamarelo.com\/politica_de_envio\/#breadcrumb\",\"itemListElement\":[{\"@type\":\"ListItem\",\"position\":1,\"item\":{\"@type\":\"WebPage\",\"@id\":\"https:\/\/coletivoamarelo.com\/\",\"url\":\"https:\/\/coletivoamarelo.com\/\",\"name\":\"Home\"}},{\"@type\":\"ListItem\",\"position\":2,\"item\":{\"@type\":\"WebPage\",\"@id\":\"https:\/\/coletivoamarelo.com\/politica_de_envio\/\",\"url\":\"https:\/\/coletivoamarelo.com\/politica_de_envio\/\",\"name\":\"Pol\\u00edtica de Envio\"}}]}]}<\/script>\n<!-- \/ Yoast SEO Premium plugin. -->","jetpack_sharing_enabled":true,"_links":{"self":[{"href":"https:\/\/coletivoamarelo.com\/fr\/wp-json\/wp\/v2\/pages\/1913","targetHints":{"allow":["GET"]}}],"collection":[{"href":"https:\/\/coletivoamarelo.com\/fr\/wp-json\/wp\/v2\/pages"}],"about":[{"href":"https:\/\/coletivoamarelo.com\/fr\/wp-json\/wp\/v2\/types\/page"}],"author":[{"embeddable":true,"href":"https:\/\/coletivoamarelo.com\/fr\/wp-json\/wp\/v2\/users\/4"}],"replies":[{"embeddable":true,"href":"https:\/\/coletivoamarelo.com\/fr\/wp-json\/wp\/v2\/comments?post=1913"}],"version-history":[{"count":0,"href":"https:\/\/coletivoamarelo.com\/fr\/wp-json\/wp\/v2\/pages\/1913\/revisions"}],"wp:attachment":[{"href":"https:\/\/coletivoamarelo.com\/fr\/wp-json\/wp\/v2\/media?parent=1913"}],"curies":[{"name":"wp","href":"https:\/\/api.w.org\/{rel}","templated":true}]}}