{"id":4537,"date":"2025-09-18T14:40:05","date_gmt":"2025-09-18T14:40:05","guid":{"rendered":"https:\/\/coletivoamarelo.com\/?post_type=product&#038;p=4537"},"modified":"2025-10-01T15:01:49","modified_gmt":"2025-10-01T15:01:49","slug":"colagem-pintura-workshop","status":"publish","type":"product","link":"https:\/\/coletivoamarelo.com\/es\/producto\/colagem-pintura-workshop\/","title":{"rendered":"Collage y pintura - Taller"},"content":{"rendered":"<table class=\"aligncenter\" style=\"width: 1440px;height: 302px\">\n<tbody>\n<tr style=\"height: 172px\">\n<td style=\"width: 164.859px;height: 172px\"><img loading=\"lazy\" decoding=\"async\" class=\"alignnone size-medium wp-image-4539\" src=\"https:\/\/coletivoamarelo.com\/wp-content\/uploads\/2025\/09\/harry-profilepic-240x300.jpg\" alt=\"\" width=\"240\" height=\"300\" \/><\/td>\n<td style=\"width: 12.9844px;height: 172px\"><strong>\u00a0<\/strong><\/td>\n<td style=\"width: 1240.16px;height: 172px\">\n<p data-start=\"81\" data-end=\"699\"><strong>Harry Cartwright<\/strong> es un artista brit\u00e1nico que vive y trabaja en Lisboa. Su obra tiene un componente cinematogr\u00e1fico y publicitario, profundamente arraigado en la exploraci\u00f3n del lugar y la memoria. Con un enfoque inquisitivo del color, la textura y la imagen, las obras de Cartwright transmiten a menudo emociones y sentimientos vinculados a la nostalgia, como si buscara un recuerdo o un lugar familiar. Los decorados multicapa combinan im\u00e1genes e ideas propias del artista, dando lugar a obras ingeniosas, observadoras y escapistas que acercan juguetonamente la vida cotidiana a los temas Pop. El artista complet\u00f3 su m\u00e1ster en Bellas Artes (2021) con matr\u00edcula de honor en la City &amp; Guilds of London Art School. Ha colaborado en proyectos con marcas como Calvin Klein, Paul Smith y Warner Music Group. Su obra ha sido expuesta y coleccionada a nivel nacional e internacional.<\/p>\n<\/td>\n<\/tr>\n<tr>\n<td style=\"width: 164.859px\"><\/td>\n<td style=\"width: 12.9844px\"><strong>\u00a0<\/strong><\/td>\n<td style=\"width: 1240.16px\"><\/td>\n<\/tr>\n<\/tbody>\n<\/table>","protected":false},"excerpt":{"rendered":"<article class=\"text-token-text-primary w-full\" dir=\"auto\" data-testid=\"conversation-turn-62\" data-scroll-anchor=\"true\">\n<div class=\"text-base my-auto mx-auto pb-10 [--thread-content-margin:--spacing(4)] @[37rem]:[--thread-content-margin:--spacing(6)] @[72rem]:[--thread-content-margin:--spacing(16)] px-(--thread-content-margin)\">\n<div class=\"[--thread-content-max-width:32rem] @[34rem]:[--thread-content-max-width:40rem] @[64rem]:[--thread-content-max-width:48rem] mx-auto flex max-w-(--thread-content-max-width) flex-1 text-base gap-4 md:gap-5 lg:gap-6 group\/turn-messages focus-visible:outline-hidden\">\n<div class=\"group\/conversation-turn relative flex w-full min-w-0 flex-col agent-turn\">\n<div class=\"relative flex-col gap-1 md:gap-3\">\n<div class=\"flex max-w-full flex-col grow\">\n<div class=\"min-h-8 text-message relative flex w-full flex-col items-end gap-2 text-start break-words whitespace-normal [.text-message+&amp;]:mt-5\" dir=\"auto\" data-message-author-role=\"assistant\" data-message-id=\"217da9d2-5662-4969-bf3b-58704810391f\" data-message-model-slug=\"gpt-4o\">\n<div class=\"flex w-full flex-col gap-1 empty:hidden first:pt-[3px]\">\n<div class=\"markdown prose dark:prose-invert w-full break-words dark\">\n<p data-start=\"100\" data-end=\"1013\"><strong>ESGOTADO:\u00a0<\/strong>A sess\u00e3o est\u00e1 esgotada. Se quiser participar em sess\u00f5es futuras, mande email para contact@coletivoamarelo.com<\/p>\n<p data-start=\"100\" data-end=\"1013\">Junte-se a n\u00f3s para um workshop de colagem e pintura que explora processo, jogo e composi\u00e7\u00e3o.<\/p>\n<p data-start=\"100\" data-end=\"1013\">Ao longo de quatro etapas, voc\u00ea criar\u00e1 uma obra em papel para levar para casa, passando da aguarela e texturas ao corte e organiza\u00e7\u00e3o de imagens encontradas. No percurso, trabalharemos com cor, forma, escala e acaso para construir liga\u00e7\u00f5es inesperadas. Na etapa final, uma imagem projetada ser\u00e1 utilizada para introduzir um elemento visual adicional \u00e0 colagem. Aberto a todos os interessados em design, colagem ou simplesmente em experimentar novas formas de cria\u00e7\u00e3o.<\/p>\n<hr data-start=\"1015\" data-end=\"1018\" \/>\n<p data-start=\"1440\" data-end=\"1456\">*O workshop ser\u00e1 apresentado em ingl\u00eas<\/p>\n<p data-start=\"1440\" data-end=\"1456\">*Cancelamentos devem ser feitos com 1 semana de anteced\u00eancia para receber reembolso integral.<\/p>\n<\/div>\n<\/div>\n<\/div>\n<\/div>\n<div class=\"mx-[var(--mini-thread-content-inset)]\">\n<div class=\"flex min-h-[46px] justify-start\">\n<div class=\"touch:-me-2 touch:-ms-3.5 -ms-2.5 -me-1 flex flex-wrap items-center gap-y-4 p-1 select-none touch:w-[calc(100%+--spacing(3.5))] -mt-1 w-[calc(100%+--spacing(2.5))] duration-[1.5s] focus-within:transition-none hover:transition-none pointer-events-none [mask-image:linear-gradient(to_right,black_33%,transparent_66%)] [mask-size:300%_100%] [mask-position:100%_0%] motion-safe:transition-[mask-position] group-hover\/turn-messages:pointer-events-auto group-hover\/turn-messages:[mask-position:0_0] group-focus-within\/turn-messages:pointer-events-auto group-focus-within\/turn-messages:[mask-position:0_0] has-data-[state=open]:pointer-events-auto has-data-[state=open]:[mask-position:0_0]\"><\/div>\n<\/div>\n<\/div>\n<div class=\"mt-3 w-full empty:hidden\">\n<div class=\"text-center\"><\/div>\n<\/div>\n<\/div>\n<div class=\"aria-live=polite absolute\">\n<div class=\"flex items-center justify-center\"><\/div>\n<\/div>\n<\/div>\n<\/div>\n<\/div>\n<\/article>\n<div class=\"pointer-events-none h-px w-px\" aria-hidden=\"true\" data-edge=\"true\"><\/div>\n","protected":false},"featured_media":4538,"template":"","meta":{"_et_pb_use_builder":"off","_et_pb_old_content":"<table class=\" aligncenter\">\r\n<tbody>\r\n<tr>\r\n<td style=\"width: 271.016px\"><img class=\" wp-image-4205 alignnone\" src=\"https:\/\/coletivoamarelo.com\/wp-content\/uploads\/2025\/05\/IMG_8956-268x300.jpg\" alt=\"\" width=\"254\" height=\"285\" \/><\/td>\r\n<td style=\"width: 534.984px\">\r\n<p class=\"\" data-start=\"52\" data-end=\"308\"><strong data-start=\"52\" data-end=\"69\">Franka Struys<\/strong> (Roterd\u00e3o, 1966) estudou pintura na Ar.Co, em Lisboa, e \u00e9 mestre em Economia pela Erasmus University. Antes de se dedicar inteiramente \u00e0 arte, trabalhou para o Minist\u00e9rio dos Neg\u00f3cios Estrangeiros dos Pa\u00edses Baixos, em Haia e na Tanz\u00e2nia.<\/p>\r\n<p class=\"\" data-start=\"310\" data-end=\"577\">Desde 2013, o seu trabalho tem sido exposto em Portugal e nos Pa\u00edses Baixos, integrando cole\u00e7\u00f5es municipais e privadas em Portugal, nos Pa\u00edses Baixos e no Reino Unido. Participou em resid\u00eancias art\u00edsticas na RAMA (2021) e est\u00e1 confirmada para a Cortex Frontal (2025).<\/p>\r\n<p class=\"\" data-start=\"310\" data-end=\"577\">A viver em Colares desde 1998, encontra na natureza a sua principal fonte de inspira\u00e7\u00e3o e conduz workshops sobre o uso de pigmentos minerais naturais em t\u00e9cnicas de pintura.<\/p>\r\n<p class=\"\" data-start=\"754\" data-end=\"1017\">Entre os destaques recentes est\u00e3o a exposi\u00e7\u00e3o individual <em data-start=\"811\" data-end=\"825\">Mother Earth<\/em> (Lisboa, 2024), o projeto colaborativo <em data-start=\"865\" data-end=\"881\">Scorched Earth<\/em> (Cascais, 2024) e a participa\u00e7\u00e3o em exposi\u00e7\u00f5es coletivas como <em data-start=\"944\" data-end=\"960\">Corrente de Ar<\/em> (Lisboa) e <em data-start=\"972\" data-end=\"987\">Ever Emerging<\/em> durante a Amsterdam Art Week.<\/p>\r\n<\/td>\r\n<\/tr>\r\n<\/tbody>\r\n<\/table>\r\n[video width=\"540\" height=\"954\" mp4=\"https:\/\/coletivoamarelo.com\/wp-content\/uploads\/2025\/06\/Franka-Struys-Video-.mp4\"][\/video]","_et_gb_content_width":""},"product_brand":[],"product_cat":[130],"product_tag":[136],"class_list":{"0":"post-4537","1":"product","2":"type-product","3":"status-publish","4":"has-post-thumbnail","6":"product_cat-workshops","7":"product_tag-workshops","8":"cla-colections-workshops","10":"first","11":"instock","12":"purchasable","13":"product-type-simple"},"acf":[],"yoast_head":"<!-- This site is optimized with the Yoast SEO Premium plugin v15.3 - https:\/\/yoast.com\/wordpress\/plugins\/seo\/ -->\n<title>Colagem &amp; Pintura - Workshop &mdash; Coletivo Amarelo<\/title>\n<meta name=\"robots\" content=\"index, follow, max-snippet:-1, max-image-preview:large, max-video-preview:-1\" \/>\n<link rel=\"canonical\" href=\"https:\/\/coletivoamarelo.com\/es\/producto\/colagem-pintura-workshop\/\" \/>\n<meta property=\"og:locale\" content=\"es_ES\" \/>\n<meta property=\"og:type\" content=\"article\" \/>\n<meta property=\"og:title\" content=\"Colagem &amp; Pintura - Workshop &mdash; Coletivo Amarelo\" \/>\n<meta property=\"og:description\" content=\"ESGOTADO:\u00a0A sess\u00e3o est\u00e1 esgotada. Se quiser participar em sess\u00f5es futuras, mande email para contact@coletivoamarelo.com Junte-se a n\u00f3s para um workshop de colagem e pintura que explora processo, jogo e composi\u00e7\u00e3o. Ao longo de quatro etapas, voc\u00ea criar\u00e1 uma obra em papel para levar para casa, passando da aguarela e texturas ao corte e organiza\u00e7\u00e3o de imagens encontradas. No percurso, trabalharemos com cor, forma, escala e acaso para construir liga\u00e7\u00f5es inesperadas. Na etapa final, uma imagem projetada ser\u00e1 utilizada para introduzir um elemento visual adicional \u00e0 colagem. Aberto a todos os interessados em design, colagem ou simplesmente em experimentar novas formas de cria\u00e7\u00e3o.    *O workshop ser\u00e1 apresentado em ingl\u00eas *Cancelamentos devem ser feitos com 1 semana de anteced\u00eancia para receber reembolso integral.\" \/>\n<meta property=\"og:url\" content=\"https:\/\/coletivoamarelo.com\/es\/producto\/colagem-pintura-workshop\/\" \/>\n<meta property=\"og:site_name\" content=\"Coletivo Amarelo\" \/>\n<meta property=\"article:modified_time\" content=\"2025-10-01T15:01:49+00:00\" \/>\n<meta property=\"og:image\" content=\"https:\/\/coletivoamarelo.com\/wp-content\/uploads\/2025\/09\/HarryWorkshop-scaled.jpg\" \/>\n\t<meta property=\"og:image:width\" content=\"2048\" \/>\n\t<meta property=\"og:image:height\" content=\"2560\" \/>\n<meta name=\"twitter:card\" content=\"summary_large_image\" \/>\n<meta name=\"twitter:label1\" content=\"Escrito por\">\n\t<meta name=\"twitter:data1\" content=\"Stephanie Wruck\">\n\t<meta name=\"twitter:label2\" content=\"Tiempo de lectura\">\n\t<meta name=\"twitter:data2\" content=\"1 minuto\">\n<script type=\"application\/ld+json\" class=\"yoast-schema-graph\">{\"@context\":\"https:\/\/schema.org\",\"@graph\":[{\"@type\":\"Organization\",\"@id\":\"https:\/\/coletivoamarelo.com\/#organization\",\"name\":\"Coletivo Amarelo\",\"url\":\"https:\/\/coletivoamarelo.com\/\",\"sameAs\":[],\"logo\":{\"@type\":\"ImageObject\",\"@id\":\"https:\/\/coletivoamarelo.com\/#logo\",\"inLanguage\":\"es\",\"url\":\"https:\/\/coletivoamarelo.com\/wp-content\/uploads\/2023\/01\/coletivo-amarelo-logo-04.svg\",\"caption\":\"Coletivo Amarelo\"},\"image\":{\"@id\":\"https:\/\/coletivoamarelo.com\/#logo\"}},{\"@type\":\"WebSite\",\"@id\":\"https:\/\/coletivoamarelo.com\/#website\",\"url\":\"https:\/\/coletivoamarelo.com\/\",\"name\":\"Coletivo Amarelo\",\"description\":\"\",\"publisher\":{\"@id\":\"https:\/\/coletivoamarelo.com\/#organization\"},\"potentialAction\":[{\"@type\":\"SearchAction\",\"target\":\"https:\/\/coletivoamarelo.com\/?s={search_term_string}\",\"query-input\":\"required name=search_term_string\"}],\"inLanguage\":\"es\"},{\"@type\":\"ImageObject\",\"@id\":\"https:\/\/coletivoamarelo.com\/produto\/colagem-pintura-workshop\/#primaryimage\",\"inLanguage\":\"es\",\"url\":\"https:\/\/coletivoamarelo.com\/wp-content\/uploads\/2025\/09\/HarryWorkshop-scaled.jpg\",\"width\":2048,\"height\":2560},{\"@type\":\"WebPage\",\"@id\":\"https:\/\/coletivoamarelo.com\/produto\/colagem-pintura-workshop\/#webpage\",\"url\":\"https:\/\/coletivoamarelo.com\/produto\/colagem-pintura-workshop\/\",\"name\":\"Colagem &amp; Pintura - Workshop &mdash; Coletivo Amarelo\",\"isPartOf\":{\"@id\":\"https:\/\/coletivoamarelo.com\/#website\"},\"primaryImageOfPage\":{\"@id\":\"https:\/\/coletivoamarelo.com\/produto\/colagem-pintura-workshop\/#primaryimage\"},\"datePublished\":\"2025-09-18T14:40:05+00:00\",\"dateModified\":\"2025-10-01T15:01:49+00:00\",\"breadcrumb\":{\"@id\":\"https:\/\/coletivoamarelo.com\/produto\/colagem-pintura-workshop\/#breadcrumb\"},\"inLanguage\":\"es\",\"potentialAction\":[{\"@type\":\"ReadAction\",\"target\":[\"https:\/\/coletivoamarelo.com\/produto\/colagem-pintura-workshop\/\"]}]},{\"@type\":\"BreadcrumbList\",\"@id\":\"https:\/\/coletivoamarelo.com\/produto\/colagem-pintura-workshop\/#breadcrumb\",\"itemListElement\":[{\"@type\":\"ListItem\",\"position\":1,\"item\":{\"@type\":\"WebPage\",\"@id\":\"https:\/\/coletivoamarelo.com\/\",\"url\":\"https:\/\/coletivoamarelo.com\/\",\"name\":\"Home\"}},{\"@type\":\"ListItem\",\"position\":2,\"item\":{\"@type\":\"WebPage\",\"@id\":\"https:\/\/coletivoamarelo.com\/colecao\/\",\"url\":\"https:\/\/coletivoamarelo.com\/colecao\/\",\"name\":\"Cole\\u00e7\\u00e3o\"}},{\"@type\":\"ListItem\",\"position\":3,\"item\":{\"@type\":\"WebPage\",\"@id\":\"https:\/\/coletivoamarelo.com\/produto\/colagem-pintura-workshop\/\",\"url\":\"https:\/\/coletivoamarelo.com\/produto\/colagem-pintura-workshop\/\",\"name\":\"Colagem &amp; Pintura &#8211; Workshop\"}}]}]}<\/script>\n<!-- \/ Yoast SEO Premium plugin. -->","jetpack_sharing_enabled":true,"_links":{"self":[{"href":"https:\/\/coletivoamarelo.com\/es\/wp-json\/wp\/v2\/product\/4537","targetHints":{"allow":["GET"]}}],"collection":[{"href":"https:\/\/coletivoamarelo.com\/es\/wp-json\/wp\/v2\/product"}],"about":[{"href":"https:\/\/coletivoamarelo.com\/es\/wp-json\/wp\/v2\/types\/product"}],"wp:featuredmedia":[{"embeddable":true,"href":"https:\/\/coletivoamarelo.com\/es\/wp-json\/wp\/v2\/media\/4538"}],"wp:attachment":[{"href":"https:\/\/coletivoamarelo.com\/es\/wp-json\/wp\/v2\/media?parent=4537"}],"wp:term":[{"taxonomy":"product_brand","embeddable":true,"href":"https:\/\/coletivoamarelo.com\/es\/wp-json\/wp\/v2\/product_brand?post=4537"},{"taxonomy":"product_cat","embeddable":true,"href":"https:\/\/coletivoamarelo.com\/es\/wp-json\/wp\/v2\/product_cat?post=4537"},{"taxonomy":"product_tag","embeddable":true,"href":"https:\/\/coletivoamarelo.com\/es\/wp-json\/wp\/v2\/product_tag?post=4537"}],"curies":[{"name":"wp","href":"https:\/\/api.w.org\/{rel}","templated":true}]}}