{"id":4434,"date":"2025-06-28T14:29:54","date_gmt":"2025-06-28T14:29:54","guid":{"rendered":"https:\/\/coletivoamarelo.com\/?post_type=product&#038;p=4434"},"modified":"2025-10-18T11:12:12","modified_gmt":"2025-10-18T11:12:12","slug":"sonho-de-ontem-a-noite-2023","status":"publish","type":"product","link":"https:\/\/coletivoamarelo.com\/es\/producto\/sonho-de-ontem-a-noite-2023\/","title":{"rendered":"Sue\u00f1o de anoche, 2023"},"content":{"rendered":"<p>Pintura acr\u00edlica sobre tapiz<\/p>","protected":false},"excerpt":{"rendered":"<p>Pintura acr\u00edlica sobre tapiz, 85 x 66 cm.<\/p>\n<blockquote><p>Hab\u00eda tenido una serie de sue\u00f1os extra\u00f1os, pero tambi\u00e9n me daban buenas vibraciones. No sab\u00eda muy bien de qu\u00e9 trataban, pero quer\u00eda grabarlos, as\u00ed que me fui al estudio a trabajar en ellos. Acab\u00e9 a\u00f1adiendo mucha intensidad, intuici\u00f3n y experimentaci\u00f3n, caracter\u00edsticas que siempre est\u00e1n presentes en mi trabajo, y utilic\u00e9 una manta que ten\u00eda en el estudio, que hace referencia directa al sue\u00f1o. Me alegr\u00e9 porque, al final, consegu\u00ed grabar la sensaci\u00f3n que buscaba.<\/p>\n<p><strong>- Diego Garcez<\/strong><\/p><\/blockquote>\n<div style=\"width: 480px;\" class=\"wp-video\"><video class=\"wp-video-shortcode\" id=\"video-4434-1\" width=\"480\" height=\"848\" preload=\"metadata\" controls=\"controls\"><source type=\"video\/mp4\" src=\"https:\/\/coletivoamarelo.com\/wp-content\/uploads\/2025\/07\/Artist-Speaks-Diego.mp4?_=1\" \/><a href=\"https:\/\/coletivoamarelo.com\/wp-content\/uploads\/2025\/07\/Artist-Speaks-Diego.mp4\">https:\/\/coletivoamarelo.com\/wp-content\/uploads\/2025\/07\/Artist-Speaks-Diego.mp4<\/a><\/video><\/div>","protected":false},"featured_media":4435,"template":"","meta":{"_et_pb_use_builder":"","_et_pb_old_content":"","_et_gb_content_width":""},"product_brand":[],"product_cat":[62],"product_tag":[],"class_list":{"0":"post-4434","1":"product","2":"type-product","3":"status-publish","4":"has-post-thumbnail","6":"product_cat-pintura","7":"cla-autores-diego-garcez","9":"first","10":"instock","11":"featured","12":"sold-individually","13":"shipping-taxable","14":"product-type-simple"},"acf":[],"yoast_head":"<!-- This site is optimized with the Yoast SEO Premium plugin v15.3 - https:\/\/yoast.com\/wordpress\/plugins\/seo\/ -->\n<title>Sonho de ontem \u00e0 noite, 2023 &mdash; Coletivo Amarelo<\/title>\n<meta name=\"robots\" content=\"index, follow, max-snippet:-1, max-image-preview:large, max-video-preview:-1\" \/>\n<link rel=\"canonical\" href=\"https:\/\/coletivoamarelo.com\/es\/producto\/sonho-de-ontem-a-noite-2023\/\" \/>\n<meta property=\"og:locale\" content=\"es_ES\" \/>\n<meta property=\"og:type\" content=\"article\" \/>\n<meta property=\"og:title\" content=\"Sonho de ontem \u00e0 noite, 2023 &mdash; Coletivo Amarelo\" \/>\n<meta property=\"og:description\" content=\"Tinta acr\u00edlica sobre tape\u00e7aria, 85 x 66 cm. Eu havia tido uma s\u00e9rie de sonhos estranhos, mas que por outro lado tamb\u00e9m me traziam uma sensa\u00e7\u00e3o boa. N\u00e3o sabia bem do que se tratava, mas queria registr\u00e1-los, ent\u00e3o fui para o ateli\u00ea trabalhar em cima disso. Acabei por colocar bastante intensidade, intui\u00e7\u00e3o e experimenta\u00e7\u00e3o, caracter\u00edsticas sempre presentes em meu trabalho, e utilizei um cobertor que tinha no ateli\u00ea, o que remete diretamente ao sono. Fiquei feliz porque, ao final, consegui registrar a sensa\u00e7\u00e3o que buscava.  - Diego Garcez\" \/>\n<meta property=\"og:url\" content=\"https:\/\/coletivoamarelo.com\/es\/producto\/sonho-de-ontem-a-noite-2023\/\" \/>\n<meta property=\"og:site_name\" content=\"Coletivo Amarelo\" \/>\n<meta property=\"article:modified_time\" content=\"2025-10-18T11:12:12+00:00\" \/>\n<meta property=\"og:image\" content=\"https:\/\/coletivoamarelo.com\/wp-content\/uploads\/2025\/06\/Sonho-de-ontem-a-noite.jpg\" \/>\n\t<meta property=\"og:image:width\" content=\"1400\" \/>\n\t<meta property=\"og:image:height\" content=\"1092\" \/>\n<meta name=\"twitter:card\" content=\"summary_large_image\" \/>\n<meta name=\"twitter:label1\" content=\"Escrito por\">\n\t<meta name=\"twitter:data1\" content=\"Alexandre Cagnoni\">\n\t<meta name=\"twitter:label2\" content=\"Tiempo de lectura\">\n\t<meta name=\"twitter:data2\" content=\"0 minutos\">\n<script type=\"application\/ld+json\" class=\"yoast-schema-graph\">{\"@context\":\"https:\/\/schema.org\",\"@graph\":[{\"@type\":\"Organization\",\"@id\":\"https:\/\/coletivoamarelo.com\/#organization\",\"name\":\"Coletivo Amarelo\",\"url\":\"https:\/\/coletivoamarelo.com\/\",\"sameAs\":[],\"logo\":{\"@type\":\"ImageObject\",\"@id\":\"https:\/\/coletivoamarelo.com\/#logo\",\"inLanguage\":\"es\",\"url\":\"https:\/\/coletivoamarelo.com\/wp-content\/uploads\/2023\/01\/coletivo-amarelo-logo-04.svg\",\"caption\":\"Coletivo Amarelo\"},\"image\":{\"@id\":\"https:\/\/coletivoamarelo.com\/#logo\"}},{\"@type\":\"WebSite\",\"@id\":\"https:\/\/coletivoamarelo.com\/#website\",\"url\":\"https:\/\/coletivoamarelo.com\/\",\"name\":\"Coletivo Amarelo\",\"description\":\"\",\"publisher\":{\"@id\":\"https:\/\/coletivoamarelo.com\/#organization\"},\"potentialAction\":[{\"@type\":\"SearchAction\",\"target\":\"https:\/\/coletivoamarelo.com\/?s={search_term_string}\",\"query-input\":\"required name=search_term_string\"}],\"inLanguage\":\"es\"},{\"@type\":\"ImageObject\",\"@id\":\"https:\/\/coletivoamarelo.com\/produto\/sonho-de-ontem-a-noite-2023\/#primaryimage\",\"inLanguage\":\"es\",\"url\":\"https:\/\/coletivoamarelo.com\/wp-content\/uploads\/2025\/06\/Sonho-de-ontem-a-noite.jpg\",\"width\":1400,\"height\":1092},{\"@type\":\"WebPage\",\"@id\":\"https:\/\/coletivoamarelo.com\/produto\/sonho-de-ontem-a-noite-2023\/#webpage\",\"url\":\"https:\/\/coletivoamarelo.com\/produto\/sonho-de-ontem-a-noite-2023\/\",\"name\":\"Sonho de ontem \\u00e0 noite, 2023 &mdash; Coletivo Amarelo\",\"isPartOf\":{\"@id\":\"https:\/\/coletivoamarelo.com\/#website\"},\"primaryImageOfPage\":{\"@id\":\"https:\/\/coletivoamarelo.com\/produto\/sonho-de-ontem-a-noite-2023\/#primaryimage\"},\"datePublished\":\"2025-06-28T14:29:54+00:00\",\"dateModified\":\"2025-10-18T11:12:12+00:00\",\"breadcrumb\":{\"@id\":\"https:\/\/coletivoamarelo.com\/produto\/sonho-de-ontem-a-noite-2023\/#breadcrumb\"},\"inLanguage\":\"es\",\"potentialAction\":[{\"@type\":\"ReadAction\",\"target\":[\"https:\/\/coletivoamarelo.com\/produto\/sonho-de-ontem-a-noite-2023\/\"]}]},{\"@type\":\"BreadcrumbList\",\"@id\":\"https:\/\/coletivoamarelo.com\/produto\/sonho-de-ontem-a-noite-2023\/#breadcrumb\",\"itemListElement\":[{\"@type\":\"ListItem\",\"position\":1,\"item\":{\"@type\":\"WebPage\",\"@id\":\"https:\/\/coletivoamarelo.com\/\",\"url\":\"https:\/\/coletivoamarelo.com\/\",\"name\":\"Home\"}},{\"@type\":\"ListItem\",\"position\":2,\"item\":{\"@type\":\"WebPage\",\"@id\":\"https:\/\/coletivoamarelo.com\/colecao\/\",\"url\":\"https:\/\/coletivoamarelo.com\/colecao\/\",\"name\":\"Cole\\u00e7\\u00e3o\"}},{\"@type\":\"ListItem\",\"position\":3,\"item\":{\"@type\":\"WebPage\",\"@id\":\"https:\/\/coletivoamarelo.com\/produto\/sonho-de-ontem-a-noite-2023\/\",\"url\":\"https:\/\/coletivoamarelo.com\/produto\/sonho-de-ontem-a-noite-2023\/\",\"name\":\"Sonho de ontem \\u00e0 noite, 2023\"}}]}]}<\/script>\n<!-- \/ Yoast SEO Premium plugin. -->","jetpack_sharing_enabled":true,"_links":{"self":[{"href":"https:\/\/coletivoamarelo.com\/es\/wp-json\/wp\/v2\/product\/4434","targetHints":{"allow":["GET"]}}],"collection":[{"href":"https:\/\/coletivoamarelo.com\/es\/wp-json\/wp\/v2\/product"}],"about":[{"href":"https:\/\/coletivoamarelo.com\/es\/wp-json\/wp\/v2\/types\/product"}],"wp:featuredmedia":[{"embeddable":true,"href":"https:\/\/coletivoamarelo.com\/es\/wp-json\/wp\/v2\/media\/4435"}],"wp:attachment":[{"href":"https:\/\/coletivoamarelo.com\/es\/wp-json\/wp\/v2\/media?parent=4434"}],"wp:term":[{"taxonomy":"product_brand","embeddable":true,"href":"https:\/\/coletivoamarelo.com\/es\/wp-json\/wp\/v2\/product_brand?post=4434"},{"taxonomy":"product_cat","embeddable":true,"href":"https:\/\/coletivoamarelo.com\/es\/wp-json\/wp\/v2\/product_cat?post=4434"},{"taxonomy":"product_tag","embeddable":true,"href":"https:\/\/coletivoamarelo.com\/es\/wp-json\/wp\/v2\/product_tag?post=4434"}],"curies":[{"name":"wp","href":"https:\/\/api.w.org\/{rel}","templated":true}]}}