{"id":4423,"date":"2025-06-24T23:17:42","date_gmt":"2025-06-24T23:17:42","guid":{"rendered":"https:\/\/coletivoamarelo.com\/?post_type=product&#038;p=4423"},"modified":"2025-07-21T19:44:51","modified_gmt":"2025-07-21T19:44:51","slug":"shape-method-creative-writing","status":"publish","type":"product","link":"https:\/\/coletivoamarelo.com\/es\/producto\/shape-method-creative-writing\/","title":{"rendered":"Forma y m\u00e9todo: escritura creativa"},"content":{"rendered":"<table class=\"aligncenter\" style=\"width: 1440px; height: 302px;\">\n<tbody>\n<tr style=\"height: 172px;\">\n<td style=\"width: 164.859px; height: 172px;\"><img loading=\"lazy\" decoding=\"async\" class=\"alignnone wp-image-4424 size-full\" src=\"https:\/\/coletivoamarelo.com\/wp-content\/uploads\/2025\/06\/giulia.jpg\" alt=\"\" width=\"200\" height=\"200\" srcset=\"https:\/\/coletivoamarelo.com\/wp-content\/uploads\/2025\/06\/giulia.jpg 200w, https:\/\/coletivoamarelo.com\/wp-content\/uploads\/2025\/06\/giulia-150x150.jpg 150w, https:\/\/coletivoamarelo.com\/wp-content\/uploads\/2025\/06\/giulia-12x12.jpg 12w, https:\/\/coletivoamarelo.com\/wp-content\/uploads\/2025\/06\/giulia-100x100.jpg 100w\" sizes=\"(max-width: 200px) 100vw, 200px\" \/><\/td>\n<td style=\"width: 12.9844px; height: 172px;\"><strong>\u00a0<\/strong><\/td>\n<td style=\"width: 1240.16px; height: 172px;\"><strong>Giulia Frascino<\/strong> es una artista multidisciplinar, mediadora y facilitadora de talleres centrados en el lenguaje, las artes visuales y los procesos creativos. Residente en S\u00e3o Paulo, trabaja entre Brasil y Portugal, con una presencia activa tanto en S\u00e3o Paulo como en Lisboa. Desde 2016, ha estado desarrollando proyectos art\u00edsticos para diferentes audiencias - incluyendo ni\u00f1os, j\u00f3venes y adultos - con \u00e9nfasis en la exploraci\u00f3n del lenguaje como herramienta expresiva y educativa. Dirige encuentros individuales y colectivos que entrelazan palabra, cuerpo e imagen a trav\u00e9s de procesos sensibles e interdisciplinares. Es fundadora de <strong>Palavracasa<\/strong>un estudio dedicado a proyectos que utilizan la palabra como punto de partida para la creaci\u00f3n: talleres, dibujo, escritura y publicaciones independientes.<\/td>\n<\/tr>\n<tr>\n<td style=\"width: 164.859px;\"><img loading=\"lazy\" decoding=\"async\" class=\"alignnone size-medium wp-image-4425\" src=\"https:\/\/coletivoamarelo.com\/wp-content\/uploads\/2025\/06\/Stephanie-250x300.jpg\" alt=\"\" width=\"250\" height=\"300\" srcset=\"https:\/\/coletivoamarelo.com\/wp-content\/uploads\/2025\/06\/Stephanie-250x300.jpg 250w, https:\/\/coletivoamarelo.com\/wp-content\/uploads\/2025\/06\/Stephanie-10x12.jpg 10w, https:\/\/coletivoamarelo.com\/wp-content\/uploads\/2025\/06\/Stephanie.jpg 458w\" sizes=\"(max-width: 250px) 100vw, 250px\" \/><\/td>\n<td style=\"width: 12.9844px;\"><strong>\u00a0<\/strong><\/td>\n<td style=\"width: 1240.16px;\"><strong>Stephanie Wruck<\/strong> es escritora independiente, comisaria, profesora de ingl\u00e9s y cofundadora de <strong>Colectivo Amarillo<\/strong>es una galer\u00eda de arte dedicada a promover enfoques inclusivos y experimentales del arte, metodolog\u00edas curatoriales y un di\u00e1logo abierto sobre la comercializaci\u00f3n del arte. Su trabajo se centra en crear formas m\u00e1s inclusivas, afectivas y experimentales de estudiar, compartir y experimentar el arte. Con experiencia en tutor\u00eda de artistas, comisariado de exposiciones, organizaci\u00f3n de programas p\u00fablicos, participaci\u00f3n en ferias internacionales de arte y asesoramiento a coleccionistas, Stephanie aporta al \u00e1mbito cultural una perspectiva amplia y colaborativa. Sus escritos y proyectos curatoriales se basan en la creencia en la capacidad del arte para crear comunidad, ampliar la percepci\u00f3n e imaginar nuevas formas de aprendizaje e intercambio.<\/td>\n<\/tr>\n<\/tbody>\n<\/table>","protected":false},"excerpt":{"rendered":"<blockquote>\n<p data-start=\"0\" data-end=\"154\"><em><strong>Incluye la elaboraci\u00f3n de una peque\u00f1a publicaci\u00f3n en formato de libro digital con el trabajo realizado durante el taller + tutor\u00edas individuales con los mediadores una vez finalizado el taller.<\/strong><\/em><\/p>\n<\/blockquote>\n<p data-start=\"0\" data-end=\"154\"><strong data-start=\"0\" data-end=\"18\">Forma y m\u00e9todo<\/strong> es un taller de escritura creativa dirigido por el artista multidisciplinar <strong>Giulia Frascino<\/strong> y galerista y escritora <strong>Stephanie Wruck<\/strong>.<\/p>\n<p data-start=\"156\" data-end=\"341\">A lo largo de tres encuentros colectivos y una \u00faltima sesi\u00f3n de tutor\u00eda individual, se invitar\u00e1 a cada participante a profundizar en su investigaci\u00f3n creativa y a elaborar un texto po\u00e9tico original.<\/p>\n<p data-start=\"343\" data-end=\"627\">El taller ofrece una inmersi\u00f3n en las pr\u00e1cticas de la escritura y el dibujo como formas complementarias de expresi\u00f3n. Su objetivo es despertar ideas y plantar semillas que dinamicen el proceso creativo, culminando en la producci\u00f3n colectiva de una peque\u00f1a publicaci\u00f3n de textos po\u00e9ticos al final del curso.<\/p>\n<p data-start=\"629\" data-end=\"645\"><strong data-start=\"629\" data-end=\"645\">3 reuniones:<\/strong><\/p>\n<ol>\n<li data-start=\"650\" data-end=\"784\"><strong data-start=\"650\" data-end=\"660\">chispa<\/strong>introducci\u00f3n al taller, referencias visuales y conceptuales, exploraci\u00f3n de los m\u00e9todos de producci\u00f3n art\u00edstica e instrucciones iniciales<\/li>\n<li data-start=\"789\" data-end=\"881\"><strong data-start=\"789\" data-end=\"805\">mapa-afectivo<\/strong>ejercicios creativos de escritura y dibujo y exploraci\u00f3n de temas individuales<\/li>\n<li data-start=\"886\" data-end=\"1039\"><strong data-start=\"886\" data-end=\"904\">ofertas finales<\/strong>tiempo para unirlo todo y compartir las creaciones finales. Instrucciones para los pr\u00f3ximos pasos y sesiones individuales de tutor\u00eda<\/li>\n<\/ol>\n<p data-start=\"682\" data-end=\"828\">FECHAS: 23\/09, 30\/09 y 07\/10<\/p>\n<p data-start=\"682\" data-end=\"828\">HORA: 20h-22h (hora portuguesa)<\/p>\n<p data-start=\"682\" data-end=\"828\">* PLAZAS LIMITADAS<\/p>","protected":false},"featured_media":4426,"template":"","meta":{"_et_pb_use_builder":"off","_et_pb_old_content":"<table class=\" aligncenter\">\r\n<tbody>\r\n<tr>\r\n<td style=\"width: 271.016px\"><img class=\" wp-image-4205 alignnone\" src=\"https:\/\/coletivoamarelo.com\/wp-content\/uploads\/2025\/05\/IMG_8956-268x300.jpg\" alt=\"\" width=\"254\" height=\"285\" \/><\/td>\r\n<td style=\"width: 534.984px\">\r\n<p class=\"\" data-start=\"52\" data-end=\"308\"><strong data-start=\"52\" data-end=\"69\">Franka Struys<\/strong> (Roterd\u00e3o, 1966) estudou pintura na Ar.Co, em Lisboa, e \u00e9 mestre em Economia pela Erasmus University. Antes de se dedicar inteiramente \u00e0 arte, trabalhou para o Minist\u00e9rio dos Neg\u00f3cios Estrangeiros dos Pa\u00edses Baixos, em Haia e na Tanz\u00e2nia.<\/p>\r\n<p class=\"\" data-start=\"310\" data-end=\"577\">Desde 2013, o seu trabalho tem sido exposto em Portugal e nos Pa\u00edses Baixos, integrando cole\u00e7\u00f5es municipais e privadas em Portugal, nos Pa\u00edses Baixos e no Reino Unido. Participou em resid\u00eancias art\u00edsticas na RAMA (2021) e est\u00e1 confirmada para a Cortex Frontal (2025).<\/p>\r\n<p class=\"\" data-start=\"310\" data-end=\"577\">A viver em Colares desde 1998, encontra na natureza a sua principal fonte de inspira\u00e7\u00e3o e conduz workshops sobre o uso de pigmentos minerais naturais em t\u00e9cnicas de pintura.<\/p>\r\n<p class=\"\" data-start=\"754\" data-end=\"1017\">Entre os destaques recentes est\u00e3o a exposi\u00e7\u00e3o individual <em data-start=\"811\" data-end=\"825\">Mother Earth<\/em> (Lisboa, 2024), o projeto colaborativo <em data-start=\"865\" data-end=\"881\">Scorched Earth<\/em> (Cascais, 2024) e a participa\u00e7\u00e3o em exposi\u00e7\u00f5es coletivas como <em data-start=\"944\" data-end=\"960\">Corrente de Ar<\/em> (Lisboa) e <em data-start=\"972\" data-end=\"987\">Ever Emerging<\/em> durante a Amsterdam Art Week.<\/p>\r\n<\/td>\r\n<\/tr>\r\n<\/tbody>\r\n<\/table>\r\n[video width=\"540\" height=\"954\" mp4=\"https:\/\/coletivoamarelo.com\/wp-content\/uploads\/2025\/06\/Franka-Struys-Video-.mp4\"][\/video]","_et_gb_content_width":""},"product_brand":[],"product_cat":[130],"product_tag":[136],"class_list":{"0":"post-4423","1":"product","2":"type-product","3":"status-publish","4":"has-post-thumbnail","6":"product_cat-workshops","7":"product_tag-workshops","8":"cla-colections-workshops","10":"first","11":"instock","12":"purchasable","13":"product-type-simple"},"acf":[],"yoast_head":"<!-- This site is optimized with the Yoast SEO Premium plugin v15.3 - https:\/\/yoast.com\/wordpress\/plugins\/seo\/ -->\n<title>Shape &amp; Method: Creative Writing &mdash; Coletivo Amarelo<\/title>\n<meta name=\"robots\" content=\"index, follow, max-snippet:-1, max-image-preview:large, max-video-preview:-1\" \/>\n<link rel=\"canonical\" href=\"https:\/\/coletivoamarelo.com\/es\/producto\/shape-method-creative-writing\/\" \/>\n<meta property=\"og:locale\" content=\"es_ES\" \/>\n<meta property=\"og:type\" content=\"article\" \/>\n<meta property=\"og:title\" content=\"Shape &amp; Method: Creative Writing &mdash; Coletivo Amarelo\" \/>\n<meta property=\"og:description\" content=\"Inclui a produ\u00e7\u00e3o de uma pequena publica\u00e7\u00e3o em formato de livro digital com os trabalhos realizados durante a oficina + uma mentoria individual com as mediadoras ap\u00f3s o t\u00e9rmino da oficina  Shape &amp; Method \u00e9 uma oficina de escrita criativa conduzida pela artista multidisciplinar Giulia Frascino e pela galerista e escritora Stephanie Wruck. Ao longo de tr\u00eas encontros coletivos e uma mentoria individual final, cada participante ser\u00e1 convidado(a) a aprofundar sua investiga\u00e7\u00e3o criativa e desenvolver um texto po\u00e9tico original. A oficina prop\u00f5e uma imers\u00e3o em pr\u00e1ticas de escrita e desenho como formas complementares de express\u00e3o. Seu objetivo \u00e9 despertar ideias e plantar sementes que energizem o processo criativo, culminando na produ\u00e7\u00e3o coletiva de uma pequena publica\u00e7\u00e3o de textos po\u00e9ticos ao final do curso. 3 encontros:    fa\u00edsca: introdu\u00e7\u00e3o \u00e0 oficina, refer\u00eancias visuais e conceituais, explora\u00e7\u00e3o de m\u00e9todos de produ\u00e7\u00e3o art\u00edstica e instru\u00e7\u00f5es iniciais  mapa-afetivo: exerc\u00edcios de escrita criativa e desenho &amp; explora\u00e7\u00e3o de temas individuais  ofertas finais: momento de costurar tudo e compartilhar as cria\u00e7\u00f5es finais. Direcionamentos para os pr\u00f3ximos passos &amp; sess\u00f5es individuais de mentoria  DATAS: 23\/09, 30\/09 e 07\/10 HOR\u00c1RIO: 20h-22h (Hor\u00e1rio de Portugal) * VAGAS LIMITADAS\" \/>\n<meta property=\"og:url\" content=\"https:\/\/coletivoamarelo.com\/es\/producto\/shape-method-creative-writing\/\" \/>\n<meta property=\"og:site_name\" content=\"Coletivo Amarelo\" \/>\n<meta property=\"article:modified_time\" content=\"2025-07-21T19:44:51+00:00\" \/>\n<meta property=\"og:image\" content=\"https:\/\/coletivoamarelo.com\/wp-content\/uploads\/2025\/06\/shapeandmethod.jpg\" \/>\n\t<meta property=\"og:image:width\" content=\"934\" \/>\n\t<meta property=\"og:image:height\" content=\"1168\" \/>\n<meta name=\"twitter:card\" content=\"summary_large_image\" \/>\n<meta name=\"twitter:label1\" content=\"Escrito por\">\n\t<meta name=\"twitter:data1\" content=\"Alexandre Cagnoni\">\n\t<meta name=\"twitter:label2\" content=\"Tiempo de lectura\">\n\t<meta name=\"twitter:data2\" content=\"1 minuto\">\n<script type=\"application\/ld+json\" class=\"yoast-schema-graph\">{\"@context\":\"https:\/\/schema.org\",\"@graph\":[{\"@type\":\"Organization\",\"@id\":\"https:\/\/coletivoamarelo.com\/#organization\",\"name\":\"Coletivo Amarelo\",\"url\":\"https:\/\/coletivoamarelo.com\/\",\"sameAs\":[],\"logo\":{\"@type\":\"ImageObject\",\"@id\":\"https:\/\/coletivoamarelo.com\/#logo\",\"inLanguage\":\"es\",\"url\":\"https:\/\/coletivoamarelo.com\/wp-content\/uploads\/2023\/01\/coletivo-amarelo-logo-04.svg\",\"caption\":\"Coletivo Amarelo\"},\"image\":{\"@id\":\"https:\/\/coletivoamarelo.com\/#logo\"}},{\"@type\":\"WebSite\",\"@id\":\"https:\/\/coletivoamarelo.com\/#website\",\"url\":\"https:\/\/coletivoamarelo.com\/\",\"name\":\"Coletivo Amarelo\",\"description\":\"\",\"publisher\":{\"@id\":\"https:\/\/coletivoamarelo.com\/#organization\"},\"potentialAction\":[{\"@type\":\"SearchAction\",\"target\":\"https:\/\/coletivoamarelo.com\/?s={search_term_string}\",\"query-input\":\"required name=search_term_string\"}],\"inLanguage\":\"es\"},{\"@type\":\"ImageObject\",\"@id\":\"https:\/\/coletivoamarelo.com\/produto\/shape-method-creative-writing\/#primaryimage\",\"inLanguage\":\"es\",\"url\":\"https:\/\/coletivoamarelo.com\/wp-content\/uploads\/2025\/06\/shapeandmethod.jpg\",\"width\":934,\"height\":1168},{\"@type\":\"WebPage\",\"@id\":\"https:\/\/coletivoamarelo.com\/produto\/shape-method-creative-writing\/#webpage\",\"url\":\"https:\/\/coletivoamarelo.com\/produto\/shape-method-creative-writing\/\",\"name\":\"Shape & Method: Creative Writing &mdash; Coletivo Amarelo\",\"isPartOf\":{\"@id\":\"https:\/\/coletivoamarelo.com\/#website\"},\"primaryImageOfPage\":{\"@id\":\"https:\/\/coletivoamarelo.com\/produto\/shape-method-creative-writing\/#primaryimage\"},\"datePublished\":\"2025-06-24T23:17:42+00:00\",\"dateModified\":\"2025-07-21T19:44:51+00:00\",\"breadcrumb\":{\"@id\":\"https:\/\/coletivoamarelo.com\/produto\/shape-method-creative-writing\/#breadcrumb\"},\"inLanguage\":\"es\",\"potentialAction\":[{\"@type\":\"ReadAction\",\"target\":[\"https:\/\/coletivoamarelo.com\/produto\/shape-method-creative-writing\/\"]}]},{\"@type\":\"BreadcrumbList\",\"@id\":\"https:\/\/coletivoamarelo.com\/produto\/shape-method-creative-writing\/#breadcrumb\",\"itemListElement\":[{\"@type\":\"ListItem\",\"position\":1,\"item\":{\"@type\":\"WebPage\",\"@id\":\"https:\/\/coletivoamarelo.com\/\",\"url\":\"https:\/\/coletivoamarelo.com\/\",\"name\":\"Home\"}},{\"@type\":\"ListItem\",\"position\":2,\"item\":{\"@type\":\"WebPage\",\"@id\":\"https:\/\/coletivoamarelo.com\/colecao\/\",\"url\":\"https:\/\/coletivoamarelo.com\/colecao\/\",\"name\":\"Cole\\u00e7\\u00e3o\"}},{\"@type\":\"ListItem\",\"position\":3,\"item\":{\"@type\":\"WebPage\",\"@id\":\"https:\/\/coletivoamarelo.com\/produto\/shape-method-creative-writing\/\",\"url\":\"https:\/\/coletivoamarelo.com\/produto\/shape-method-creative-writing\/\",\"name\":\"Shape &#038; Method: Creative Writing\"}}]}]}<\/script>\n<!-- \/ Yoast SEO Premium plugin. -->","jetpack_sharing_enabled":true,"_links":{"self":[{"href":"https:\/\/coletivoamarelo.com\/es\/wp-json\/wp\/v2\/product\/4423","targetHints":{"allow":["GET"]}}],"collection":[{"href":"https:\/\/coletivoamarelo.com\/es\/wp-json\/wp\/v2\/product"}],"about":[{"href":"https:\/\/coletivoamarelo.com\/es\/wp-json\/wp\/v2\/types\/product"}],"wp:featuredmedia":[{"embeddable":true,"href":"https:\/\/coletivoamarelo.com\/es\/wp-json\/wp\/v2\/media\/4426"}],"wp:attachment":[{"href":"https:\/\/coletivoamarelo.com\/es\/wp-json\/wp\/v2\/media?parent=4423"}],"wp:term":[{"taxonomy":"product_brand","embeddable":true,"href":"https:\/\/coletivoamarelo.com\/es\/wp-json\/wp\/v2\/product_brand?post=4423"},{"taxonomy":"product_cat","embeddable":true,"href":"https:\/\/coletivoamarelo.com\/es\/wp-json\/wp\/v2\/product_cat?post=4423"},{"taxonomy":"product_tag","embeddable":true,"href":"https:\/\/coletivoamarelo.com\/es\/wp-json\/wp\/v2\/product_tag?post=4423"}],"curies":[{"name":"wp","href":"https:\/\/api.w.org\/{rel}","templated":true}]}}