{"id":3594,"date":"2024-08-08T13:59:52","date_gmt":"2024-08-08T13:59:52","guid":{"rendered":"https:\/\/coletivoamarelo.com\/?post_type=product&#038;p=3594"},"modified":"2024-09-19T14:09:06","modified_gmt":"2024-09-19T14:09:06","slug":"serie-casas-2024-11-a-20","status":"publish","type":"product","link":"https:\/\/coletivoamarelo.com\/es\/producto\/serie-casas-2024-11-a-20\/","title":{"rendered":"Serie: Casas, 2024 (#11 a #20)"},"content":{"rendered":"<p>\u201c<em>S\u00f3lo las casas explican por qu\u00e9 existe una palabra como intimidad<\/em>Ruy Belo<\/p>\n<p>La casa de palos, dibujada con l\u00e1pices de colores, un rect\u00e1ngulo algo desordenado, un techo algo triangular, perdida en alg\u00fan paisaje, con el sol y las nubes al fondo. Al lado hay una familia de mu\u00f1ecos de palitos, con sus cabezas redondas, saludando y sonriendo y muchas veces m\u00e1s grandes que la propia casa.<\/p>\n<p>\u00c9sta es la descripci\u00f3n de casi todos los recuerdos humanos sobre sus primeros dibujos gr\u00e1ficos.<\/p>\n<p>La casa, la familia, el paisaje.<\/p>\n<p>Tres elementos que nos rodean a lo largo de nuestra vida, y tambi\u00e9n la m\u00eda. \u00bfEs posible vivir la experiencia humana evitando estos elementos? No creo\u2026<\/p>\n<p>Parece que siempre ha sido lo que hemos estado anhelando: un techo, un techo inclinado, una ventana quiz\u00e1s abierta y amigos o familiares cerca.<\/p>\n<p>Este es el punto de partida de la investigaci\u00f3n y ejecuci\u00f3n de esta serie. Todo empez\u00f3, una vez m\u00e1s, con un cuaderno de acuarela, donde se empezaron a registrar casas que aparec\u00edan en mis caminos reales o digitales.<\/p>\n<p>Estas casas pidieron espacio, salieron del cuaderno y comenzaron a agruparse en cuadros de mayor tama\u00f1o, conect\u00e1ndose o desconect\u00e1ndose entre s\u00ed, a trav\u00e9s de puentes, pasadizos, escaleras, t\u00faneles.<\/p>\n<p>S\u00f3lo ellos en las pinturas, sin ninguna menci\u00f3n a las figuras humanas, que seguramente estuvieron o est\u00e1n all\u00ed. Manchas en ondas sinuosas cubren lo que fue, o revelan lo que est\u00e1 por venir.<\/p>\n<p>Las casas as\u00ed dise\u00f1adas y confundidas son una especie de homenaje a nuestra mayor b\u00fasqueda, un lugar seguro en este mundo, en esta existencia.<\/p>\n<p>El hogar deber\u00eda ser el precepto b\u00e1sico, el punto de partida de nuestra dignidad, pero cada vez m\u00e1s se est\u00e1 convirtiendo en un lujo. Por diversas razones, desde aspectos pol\u00edticos y sociales, hasta las consecuencias cada vez m\u00e1s intensas de nuestro desprecio por el planeta, los hogares se est\u00e1n convirtiendo en un privilegio. La vivienda est\u00e1 cada vez m\u00e1s amenazada, lo que nos aleja a\u00fan m\u00e1s de ese ideal de la primera infancia.<\/p>\n<p>Si es entre cuatro paredes donde hacemos posibles nuestras conexiones m\u00e1s \u00edntimas, nuestros dolores m\u00e1s profundos, nuestros secretos mejor guardados y nuestros recuerdos m\u00e1s preciados, \u00bfc\u00f3mo ser\u00e1 posible vivir sin ellos?<\/p>\n<p>No estamos preparados para la desaceleraci\u00f3n que se est\u00e1 extendiendo cada vez m\u00e1s por todo el mundo.<\/p>\n<p>Estas casas, ciudades y caminos imaginarios que aparecen en estos cuadros pueden ser lo que fue, lo que ya no ser\u00e1 o lo que ser\u00e1. Este gran \u201cmapa imaginario\u201d es una invitaci\u00f3n a pensar juntos, a abrir compuertas de la imaginaci\u00f3n a nuevas formas de vivir posibles en medio de tiempos \u201ctan interesantes\u201d.<\/p>","protected":false},"excerpt":{"rendered":"<p>\u201c<em>S\u00f3lo las casas explican por qu\u00e9 existe una palabra como intimidad<\/em>Ruy Belo<\/p>\n<ul>\n<li>Casas #11: Acuarela y acr\u00edlico sobre papel Arches, 42 x 29,7 cm<\/li>\n<li>Casas #12: Acuarela y acr\u00edlico sobre papel Arches, 29,7 x 42 cm<\/li>\n<li>Casas #13: Acuarela y acr\u00edlico sobre papel Arches, 29,7 x 42 cm<\/li>\n<li>Casas #14: Acuarela y acr\u00edlico sobre papel Arches, 42 x 29,7 cm<\/li>\n<li>Casas #15: Acuarela y acr\u00edlico sobre papel Arches, 29,7 x 42 cm<\/li>\n<li>Casas #16: Acuarela y acr\u00edlico sobre papel Arches, 36 x 26 cm<\/li>\n<li>Casas #17: Acuarela y acr\u00edlico sobre papel Arches, 26 x 36 cm<\/li>\n<li>Casas #19: Acuarela y acr\u00edlico sobre papel Hahnem\u00fchle, 32 x 24 cm<\/li>\n<\/ul>","protected":false},"featured_media":3596,"template":"","meta":{"_et_pb_use_builder":"","_et_pb_old_content":"","_et_gb_content_width":""},"product_brand":[],"product_cat":[62],"product_tag":[],"class_list":{"0":"post-3594","1":"product","2":"type-product","3":"status-publish","4":"has-post-thumbnail","6":"product_cat-pintura","7":"cla-autores-gabriela-albuquerque","9":"first","10":"instock","11":"shipping-taxable","12":"product-type-simple"},"acf":[],"yoast_head":"<!-- This site is optimized with the Yoast SEO Premium plugin v15.3 - https:\/\/yoast.com\/wordpress\/plugins\/seo\/ -->\n<title>S\u00e9rie: Casas, 2024 (#11 a #20) &mdash; Coletivo Amarelo<\/title>\n<meta name=\"robots\" content=\"index, follow, max-snippet:-1, max-image-preview:large, max-video-preview:-1\" \/>\n<link rel=\"canonical\" href=\"https:\/\/coletivoamarelo.com\/es\/producto\/serie-casas-2024-11-a-20\/\" \/>\n<meta property=\"og:locale\" content=\"es_ES\" \/>\n<meta property=\"og:type\" content=\"article\" \/>\n<meta property=\"og:title\" content=\"S\u00e9rie: Casas, 2024 (#11 a #20) &mdash; Coletivo Amarelo\" \/>\n<meta property=\"og:description\" content=\"\u201cS\u00f3 as casas explicam que exista uma palavra como intimidade\u201d Ruy Belo   Casas #11: Aquarela e acr\u00edlica sobre papel Arches, 42 x 29.7 cm  Casas #12: Aquarela e acr\u00edlica sobre papel Arches, 29.7 x 42 cm  Casas #13: Aquarela e acr\u00edlica sobre papel Arches, 29.7 x 42 cm  Casas #14: Aquarela e acr\u00edlica sobre papel Arches, 42 x 29.7 cm  Casas #15: Aquarela e acr\u00edlica sobre papel Arches, 29.7 x 42 cm  Casas #16: Aquarela e acr\u00edlica sobre papel Arches, 36 x 26 cm  Casas #17: Aquarela e acr\u00edlica sobre papel Arches, 26 x 36 cm  Casas #19: Aquarela e acr\u00edlica sobre papel Hahnem\u00fchle, 32 x 24 cm\" \/>\n<meta property=\"og:url\" content=\"https:\/\/coletivoamarelo.com\/es\/producto\/serie-casas-2024-11-a-20\/\" \/>\n<meta property=\"og:site_name\" content=\"Coletivo Amarelo\" \/>\n<meta property=\"article:modified_time\" content=\"2024-09-19T14:09:06+00:00\" \/>\n<meta property=\"og:image\" content=\"https:\/\/coletivoamarelo.com\/wp-content\/uploads\/2024\/08\/Casas-11.jpeg\" \/>\n\t<meta property=\"og:image:width\" content=\"2245\" \/>\n\t<meta property=\"og:image:height\" content=\"1366\" \/>\n<meta name=\"twitter:card\" content=\"summary_large_image\" \/>\n<meta name=\"twitter:label1\" content=\"Escrito por\">\n\t<meta name=\"twitter:data1\" content=\"Alexandre Cagnoni\">\n\t<meta name=\"twitter:label2\" content=\"Tiempo de lectura\">\n\t<meta name=\"twitter:data2\" content=\"2 minutos\">\n<script type=\"application\/ld+json\" class=\"yoast-schema-graph\">{\"@context\":\"https:\/\/schema.org\",\"@graph\":[{\"@type\":\"Organization\",\"@id\":\"https:\/\/coletivoamarelo.com\/#organization\",\"name\":\"Coletivo Amarelo\",\"url\":\"https:\/\/coletivoamarelo.com\/\",\"sameAs\":[],\"logo\":{\"@type\":\"ImageObject\",\"@id\":\"https:\/\/coletivoamarelo.com\/#logo\",\"inLanguage\":\"es\",\"url\":\"https:\/\/coletivoamarelo.com\/wp-content\/uploads\/2023\/01\/coletivo-amarelo-logo-04.svg\",\"caption\":\"Coletivo Amarelo\"},\"image\":{\"@id\":\"https:\/\/coletivoamarelo.com\/#logo\"}},{\"@type\":\"WebSite\",\"@id\":\"https:\/\/coletivoamarelo.com\/#website\",\"url\":\"https:\/\/coletivoamarelo.com\/\",\"name\":\"Coletivo Amarelo\",\"description\":\"\",\"publisher\":{\"@id\":\"https:\/\/coletivoamarelo.com\/#organization\"},\"potentialAction\":[{\"@type\":\"SearchAction\",\"target\":\"https:\/\/coletivoamarelo.com\/?s={search_term_string}\",\"query-input\":\"required name=search_term_string\"}],\"inLanguage\":\"es\"},{\"@type\":\"ImageObject\",\"@id\":\"https:\/\/coletivoamarelo.com\/produto\/serie-casas-2024-11-a-20\/#primaryimage\",\"inLanguage\":\"es\",\"url\":\"https:\/\/coletivoamarelo.com\/wp-content\/uploads\/2024\/08\/Casas-11.jpeg\",\"width\":2245,\"height\":1366,\"caption\":\"Casa 4 Aquarela e Acr\\u00edlica sobre papel Arches 29,7 x 42 cm\"},{\"@type\":\"WebPage\",\"@id\":\"https:\/\/coletivoamarelo.com\/produto\/serie-casas-2024-11-a-20\/#webpage\",\"url\":\"https:\/\/coletivoamarelo.com\/produto\/serie-casas-2024-11-a-20\/\",\"name\":\"S\\u00e9rie: Casas, 2024 (#11 a #20) &mdash; Coletivo Amarelo\",\"isPartOf\":{\"@id\":\"https:\/\/coletivoamarelo.com\/#website\"},\"primaryImageOfPage\":{\"@id\":\"https:\/\/coletivoamarelo.com\/produto\/serie-casas-2024-11-a-20\/#primaryimage\"},\"datePublished\":\"2024-08-08T13:59:52+00:00\",\"dateModified\":\"2024-09-19T14:09:06+00:00\",\"breadcrumb\":{\"@id\":\"https:\/\/coletivoamarelo.com\/produto\/serie-casas-2024-11-a-20\/#breadcrumb\"},\"inLanguage\":\"es\",\"potentialAction\":[{\"@type\":\"ReadAction\",\"target\":[\"https:\/\/coletivoamarelo.com\/produto\/serie-casas-2024-11-a-20\/\"]}]},{\"@type\":\"BreadcrumbList\",\"@id\":\"https:\/\/coletivoamarelo.com\/produto\/serie-casas-2024-11-a-20\/#breadcrumb\",\"itemListElement\":[{\"@type\":\"ListItem\",\"position\":1,\"item\":{\"@type\":\"WebPage\",\"@id\":\"https:\/\/coletivoamarelo.com\/\",\"url\":\"https:\/\/coletivoamarelo.com\/\",\"name\":\"Home\"}},{\"@type\":\"ListItem\",\"position\":2,\"item\":{\"@type\":\"WebPage\",\"@id\":\"https:\/\/coletivoamarelo.com\/colecao\/\",\"url\":\"https:\/\/coletivoamarelo.com\/colecao\/\",\"name\":\"Cole\\u00e7\\u00e3o\"}},{\"@type\":\"ListItem\",\"position\":3,\"item\":{\"@type\":\"WebPage\",\"@id\":\"https:\/\/coletivoamarelo.com\/produto\/serie-casas-2024-11-a-20\/\",\"url\":\"https:\/\/coletivoamarelo.com\/produto\/serie-casas-2024-11-a-20\/\",\"name\":\"S\\u00e9rie: Casas, 2024 (#11 a #20)\"}}]}]}<\/script>\n<!-- \/ Yoast SEO Premium plugin. -->","jetpack_sharing_enabled":true,"_links":{"self":[{"href":"https:\/\/coletivoamarelo.com\/es\/wp-json\/wp\/v2\/product\/3594","targetHints":{"allow":["GET"]}}],"collection":[{"href":"https:\/\/coletivoamarelo.com\/es\/wp-json\/wp\/v2\/product"}],"about":[{"href":"https:\/\/coletivoamarelo.com\/es\/wp-json\/wp\/v2\/types\/product"}],"wp:featuredmedia":[{"embeddable":true,"href":"https:\/\/coletivoamarelo.com\/es\/wp-json\/wp\/v2\/media\/3596"}],"wp:attachment":[{"href":"https:\/\/coletivoamarelo.com\/es\/wp-json\/wp\/v2\/media?parent=3594"}],"wp:term":[{"taxonomy":"product_brand","embeddable":true,"href":"https:\/\/coletivoamarelo.com\/es\/wp-json\/wp\/v2\/product_brand?post=3594"},{"taxonomy":"product_cat","embeddable":true,"href":"https:\/\/coletivoamarelo.com\/es\/wp-json\/wp\/v2\/product_cat?post=3594"},{"taxonomy":"product_tag","embeddable":true,"href":"https:\/\/coletivoamarelo.com\/es\/wp-json\/wp\/v2\/product_tag?post=3594"}],"curies":[{"name":"wp","href":"https:\/\/api.w.org\/{rel}","templated":true}]}}