{"id":3533,"date":"2024-08-08T12:06:43","date_gmt":"2024-08-08T12:06:43","guid":{"rendered":"https:\/\/coletivoamarelo.com\/?post_type=product&#038;p=3533"},"modified":"2024-09-19T14:11:06","modified_gmt":"2024-09-19T14:11:06","slug":"serie-outros-mundos-2023-2024-17-a-24","status":"publish","type":"product","link":"https:\/\/coletivoamarelo.com\/es\/producto\/serie-outros-mundos-2023-2024-17-a-24\/","title":{"rendered":"Serie: Otros Mundos, 2023-2024 (#17 a #24)"},"content":{"rendered":"<p>Eduarda Rosa, artista portuguesa, formada principalmente en Ciencias Farmac\u00e9uticas y Qu\u00edmica Org\u00e1nica, produce obras basadas en po\u00e9ticas visuales vinculadas a la deconstrucci\u00f3n de m\u00e9todos cient\u00edficos. Como un relicario, las obras ofrecen trabajos meticulosos pero sensibles y categor\u00edas de im\u00e1genes voluminosas, donde todo es altamente ilustrativo de la forma en que opera la mente del artista.<\/p>","protected":false},"excerpt":{"rendered":"<p>Collage sobre papel Canson, cada obra mide 15 x 21 cm, se vende por separado.<\/p>\n<p>Expuesto en la galer\u00eda Coletivo Amarelo de Lisboa a modo de mural, donde las obras se conectan y hablan entre s\u00ed. Sugerimos adquirir un m\u00ednimo de 4 obras a la vez, para montarlas en formato mural.<\/p>","protected":false},"featured_media":3538,"template":"","meta":{"_et_pb_use_builder":"","_et_pb_old_content":"","_et_gb_content_width":""},"product_brand":[],"product_cat":[122],"product_tag":[],"class_list":{"0":"post-3533","1":"product","2":"type-product","3":"status-publish","4":"has-post-thumbnail","6":"product_cat-colagem","7":"cla-autores-eduarda-rosa","9":"first","10":"instock","11":"shipping-taxable","12":"product-type-simple"},"acf":[],"yoast_head":"<!-- This site is optimized with the Yoast SEO Premium plugin v15.3 - https:\/\/yoast.com\/wordpress\/plugins\/seo\/ -->\n<title>S\u00e9rie: Outros Mundos, 2023-2024 (#17 a #24) &mdash; Coletivo Amarelo<\/title>\n<meta name=\"robots\" content=\"index, follow, max-snippet:-1, max-image-preview:large, max-video-preview:-1\" \/>\n<link rel=\"canonical\" href=\"https:\/\/coletivoamarelo.com\/es\/producto\/serie-outros-mundos-2023-2024-17-a-24\/\" \/>\n<meta property=\"og:locale\" content=\"es_ES\" \/>\n<meta property=\"og:type\" content=\"article\" \/>\n<meta property=\"og:title\" content=\"S\u00e9rie: Outros Mundos, 2023-2024 (#17 a #24) &mdash; Coletivo Amarelo\" \/>\n<meta property=\"og:description\" content=\"Colagem sobre papel Canson, cada obra com 15 x 21 cm, vendidas separadamente.  Expostas na galeria Coletivo Amarelo em Lisboa como um mural, aonde as obras se conectam e conversam entre si. Sugerimos a aquisi\u00e7\u00e3o m\u00ednima de 4 obras por vez, para montagem em formato de mural.\" \/>\n<meta property=\"og:url\" content=\"https:\/\/coletivoamarelo.com\/es\/producto\/serie-outros-mundos-2023-2024-17-a-24\/\" \/>\n<meta property=\"og:site_name\" content=\"Coletivo Amarelo\" \/>\n<meta property=\"article:modified_time\" content=\"2024-09-19T14:11:06+00:00\" \/>\n<meta property=\"og:image\" content=\"https:\/\/coletivoamarelo.com\/wp-content\/uploads\/2024\/08\/Outros-Mundos-020.jpg\" \/>\n\t<meta property=\"og:image:width\" content=\"404\" \/>\n\t<meta property=\"og:image:height\" content=\"576\" \/>\n<meta name=\"twitter:card\" content=\"summary_large_image\" \/>\n<meta name=\"twitter:label1\" content=\"Escrito por\">\n\t<meta name=\"twitter:data1\" content=\"Alexandre Cagnoni\">\n\t<meta name=\"twitter:label2\" content=\"Tiempo de lectura\">\n\t<meta name=\"twitter:data2\" content=\"0 minutos\">\n<script type=\"application\/ld+json\" class=\"yoast-schema-graph\">{\"@context\":\"https:\/\/schema.org\",\"@graph\":[{\"@type\":\"Organization\",\"@id\":\"https:\/\/coletivoamarelo.com\/#organization\",\"name\":\"Coletivo Amarelo\",\"url\":\"https:\/\/coletivoamarelo.com\/\",\"sameAs\":[],\"logo\":{\"@type\":\"ImageObject\",\"@id\":\"https:\/\/coletivoamarelo.com\/#logo\",\"inLanguage\":\"es\",\"url\":\"https:\/\/coletivoamarelo.com\/wp-content\/uploads\/2023\/01\/coletivo-amarelo-logo-04.svg\",\"caption\":\"Coletivo Amarelo\"},\"image\":{\"@id\":\"https:\/\/coletivoamarelo.com\/#logo\"}},{\"@type\":\"WebSite\",\"@id\":\"https:\/\/coletivoamarelo.com\/#website\",\"url\":\"https:\/\/coletivoamarelo.com\/\",\"name\":\"Coletivo Amarelo\",\"description\":\"\",\"publisher\":{\"@id\":\"https:\/\/coletivoamarelo.com\/#organization\"},\"potentialAction\":[{\"@type\":\"SearchAction\",\"target\":\"https:\/\/coletivoamarelo.com\/?s={search_term_string}\",\"query-input\":\"required name=search_term_string\"}],\"inLanguage\":\"es\"},{\"@type\":\"ImageObject\",\"@id\":\"https:\/\/coletivoamarelo.com\/produto\/serie-outros-mundos-2023-2024-17-a-24\/#primaryimage\",\"inLanguage\":\"es\",\"url\":\"https:\/\/coletivoamarelo.com\/wp-content\/uploads\/2024\/08\/Outros-Mundos-020.jpg\",\"width\":404,\"height\":576},{\"@type\":\"WebPage\",\"@id\":\"https:\/\/coletivoamarelo.com\/produto\/serie-outros-mundos-2023-2024-17-a-24\/#webpage\",\"url\":\"https:\/\/coletivoamarelo.com\/produto\/serie-outros-mundos-2023-2024-17-a-24\/\",\"name\":\"S\\u00e9rie: Outros Mundos, 2023-2024 (#17 a #24) &mdash; Coletivo Amarelo\",\"isPartOf\":{\"@id\":\"https:\/\/coletivoamarelo.com\/#website\"},\"primaryImageOfPage\":{\"@id\":\"https:\/\/coletivoamarelo.com\/produto\/serie-outros-mundos-2023-2024-17-a-24\/#primaryimage\"},\"datePublished\":\"2024-08-08T12:06:43+00:00\",\"dateModified\":\"2024-09-19T14:11:06+00:00\",\"breadcrumb\":{\"@id\":\"https:\/\/coletivoamarelo.com\/produto\/serie-outros-mundos-2023-2024-17-a-24\/#breadcrumb\"},\"inLanguage\":\"es\",\"potentialAction\":[{\"@type\":\"ReadAction\",\"target\":[\"https:\/\/coletivoamarelo.com\/produto\/serie-outros-mundos-2023-2024-17-a-24\/\"]}]},{\"@type\":\"BreadcrumbList\",\"@id\":\"https:\/\/coletivoamarelo.com\/produto\/serie-outros-mundos-2023-2024-17-a-24\/#breadcrumb\",\"itemListElement\":[{\"@type\":\"ListItem\",\"position\":1,\"item\":{\"@type\":\"WebPage\",\"@id\":\"https:\/\/coletivoamarelo.com\/\",\"url\":\"https:\/\/coletivoamarelo.com\/\",\"name\":\"Home\"}},{\"@type\":\"ListItem\",\"position\":2,\"item\":{\"@type\":\"WebPage\",\"@id\":\"https:\/\/coletivoamarelo.com\/colecao\/\",\"url\":\"https:\/\/coletivoamarelo.com\/colecao\/\",\"name\":\"Cole\\u00e7\\u00e3o\"}},{\"@type\":\"ListItem\",\"position\":3,\"item\":{\"@type\":\"WebPage\",\"@id\":\"https:\/\/coletivoamarelo.com\/produto\/serie-outros-mundos-2023-2024-17-a-24\/\",\"url\":\"https:\/\/coletivoamarelo.com\/produto\/serie-outros-mundos-2023-2024-17-a-24\/\",\"name\":\"S\\u00e9rie: Outros Mundos, 2023-2024 (#17 a #24)\"}}]}]}<\/script>\n<!-- \/ Yoast SEO Premium plugin. -->","jetpack_sharing_enabled":true,"_links":{"self":[{"href":"https:\/\/coletivoamarelo.com\/es\/wp-json\/wp\/v2\/product\/3533","targetHints":{"allow":["GET"]}}],"collection":[{"href":"https:\/\/coletivoamarelo.com\/es\/wp-json\/wp\/v2\/product"}],"about":[{"href":"https:\/\/coletivoamarelo.com\/es\/wp-json\/wp\/v2\/types\/product"}],"wp:featuredmedia":[{"embeddable":true,"href":"https:\/\/coletivoamarelo.com\/es\/wp-json\/wp\/v2\/media\/3538"}],"wp:attachment":[{"href":"https:\/\/coletivoamarelo.com\/es\/wp-json\/wp\/v2\/media?parent=3533"}],"wp:term":[{"taxonomy":"product_brand","embeddable":true,"href":"https:\/\/coletivoamarelo.com\/es\/wp-json\/wp\/v2\/product_brand?post=3533"},{"taxonomy":"product_cat","embeddable":true,"href":"https:\/\/coletivoamarelo.com\/es\/wp-json\/wp\/v2\/product_cat?post=3533"},{"taxonomy":"product_tag","embeddable":true,"href":"https:\/\/coletivoamarelo.com\/es\/wp-json\/wp\/v2\/product_tag?post=3533"}],"curies":[{"name":"wp","href":"https:\/\/api.w.org\/{rel}","templated":true}]}}