{"id":2703,"date":"2024-02-06T17:36:15","date_gmt":"2024-02-06T17:36:15","guid":{"rendered":"https:\/\/coletivoamarelo.com\/?post_type=product&#038;p=2703"},"modified":"2024-04-03T15:04:06","modified_gmt":"2024-04-03T15:04:06","slug":"mergulho-diptico-2023","status":"publish","type":"product","link":"https:\/\/coletivoamarelo.com\/es\/producto\/mergulho-diptico-2023\/","title":{"rendered":"Buceo (d\u00edptico), 2023"},"content":{"rendered":"<p>Conjunto compuesto por 2 obras: \u00d3leo sobre lienzo (50 x 50 cm), y un conjunto de piezas de cer\u00e1mica esmaltada, en forma de gotas, de diferentes colores. La foto de las gotas es s\u00f3lo para fines ilustrativos, pueden venir en diferentes formas y colores.<\/p>","protected":false},"excerpt":{"rendered":"<p>Conjunto compuesto por 2 obras: \u00d3leo sobre lienzo (50 x 50 cm), y un conjunto de piezas de cer\u00e1mica esmaltada, en forma de gotas, de diferentes colores. La foto de las gotas es s\u00f3lo para fines ilustrativos, pueden venir en diferentes formas y colores.<\/p>\n<ul>\n<li>IVA ya incluido<\/li>\n<\/ul>","protected":false},"featured_media":2704,"template":"","meta":{"_et_pb_use_builder":"","_et_pb_old_content":"","_et_gb_content_width":""},"product_brand":[],"product_cat":[74,62],"product_tag":[],"class_list":{"0":"post-2703","1":"product","2":"type-product","3":"status-publish","4":"has-post-thumbnail","6":"product_cat-escultura","7":"product_cat-pintura","8":"cla-autores-veridiana-leite","9":"cla-colections-aaf-berlin-2024","10":"cla-colections-aaf-brussels-2024","12":"first","13":"instock","14":"shipping-taxable","15":"product-type-simple"},"acf":[],"yoast_head":"<!-- This site is optimized with the Yoast SEO Premium plugin v15.3 - https:\/\/yoast.com\/wordpress\/plugins\/seo\/ -->\n<title>Mergulho (D\u00edptico), 2023 &mdash; Coletivo Amarelo<\/title>\n<meta name=\"robots\" content=\"index, follow, max-snippet:-1, max-image-preview:large, max-video-preview:-1\" \/>\n<link rel=\"canonical\" href=\"https:\/\/coletivoamarelo.com\/es\/producto\/mergulho-diptico-2023\/\" \/>\n<meta property=\"og:locale\" content=\"es_ES\" \/>\n<meta property=\"og:type\" content=\"article\" \/>\n<meta property=\"og:title\" content=\"Mergulho (D\u00edptico), 2023 &mdash; Coletivo Amarelo\" \/>\n<meta property=\"og:description\" content=\"Conjunto composto por 2 obras: Pintura a \u00f3leo sobre tela (50 x 50 cm), e conjunto de pe\u00e7as de cer\u00e2mica esmaltadas, em forma de gotas, em diversas cores. A foto das gotas \u00e9 meramente ilustrativa, elas podem vir em diferentes formatos e cores.   IVA j\u00e1 incluido\" \/>\n<meta property=\"og:url\" content=\"https:\/\/coletivoamarelo.com\/es\/producto\/mergulho-diptico-2023\/\" \/>\n<meta property=\"og:site_name\" content=\"Coletivo Amarelo\" \/>\n<meta property=\"article:modified_time\" content=\"2024-04-03T15:04:06+00:00\" \/>\n<meta property=\"og:image\" content=\"https:\/\/coletivoamarelo.com\/wp-content\/uploads\/2024\/02\/Mergulho2.jpg\" \/>\n\t<meta property=\"og:image:width\" content=\"1964\" \/>\n\t<meta property=\"og:image:height\" content=\"2048\" \/>\n<meta name=\"twitter:card\" content=\"summary_large_image\" \/>\n<meta name=\"twitter:label1\" content=\"Escrito por\">\n\t<meta name=\"twitter:data1\" content=\"Alexandre Cagnoni\">\n\t<meta name=\"twitter:label2\" content=\"Tiempo de lectura\">\n\t<meta name=\"twitter:data2\" content=\"0 minutos\">\n<script type=\"application\/ld+json\" class=\"yoast-schema-graph\">{\"@context\":\"https:\/\/schema.org\",\"@graph\":[{\"@type\":\"Organization\",\"@id\":\"https:\/\/coletivoamarelo.com\/#organization\",\"name\":\"Coletivo Amarelo\",\"url\":\"https:\/\/coletivoamarelo.com\/\",\"sameAs\":[],\"logo\":{\"@type\":\"ImageObject\",\"@id\":\"https:\/\/coletivoamarelo.com\/#logo\",\"inLanguage\":\"es\",\"url\":\"https:\/\/coletivoamarelo.com\/wp-content\/uploads\/2023\/01\/coletivo-amarelo-logo-04.svg\",\"caption\":\"Coletivo Amarelo\"},\"image\":{\"@id\":\"https:\/\/coletivoamarelo.com\/#logo\"}},{\"@type\":\"WebSite\",\"@id\":\"https:\/\/coletivoamarelo.com\/#website\",\"url\":\"https:\/\/coletivoamarelo.com\/\",\"name\":\"Coletivo Amarelo\",\"description\":\"\",\"publisher\":{\"@id\":\"https:\/\/coletivoamarelo.com\/#organization\"},\"potentialAction\":[{\"@type\":\"SearchAction\",\"target\":\"https:\/\/coletivoamarelo.com\/?s={search_term_string}\",\"query-input\":\"required name=search_term_string\"}],\"inLanguage\":\"es\"},{\"@type\":\"ImageObject\",\"@id\":\"https:\/\/coletivoamarelo.com\/produto\/mergulho-diptico-2023\/#primaryimage\",\"inLanguage\":\"es\",\"url\":\"https:\/\/coletivoamarelo.com\/wp-content\/uploads\/2024\/02\/Mergulho2.jpg\",\"width\":1964,\"height\":2048},{\"@type\":\"WebPage\",\"@id\":\"https:\/\/coletivoamarelo.com\/produto\/mergulho-diptico-2023\/#webpage\",\"url\":\"https:\/\/coletivoamarelo.com\/produto\/mergulho-diptico-2023\/\",\"name\":\"Mergulho (D\\u00edptico), 2023 &mdash; Coletivo Amarelo\",\"isPartOf\":{\"@id\":\"https:\/\/coletivoamarelo.com\/#website\"},\"primaryImageOfPage\":{\"@id\":\"https:\/\/coletivoamarelo.com\/produto\/mergulho-diptico-2023\/#primaryimage\"},\"datePublished\":\"2024-02-06T17:36:15+00:00\",\"dateModified\":\"2024-04-03T15:04:06+00:00\",\"breadcrumb\":{\"@id\":\"https:\/\/coletivoamarelo.com\/produto\/mergulho-diptico-2023\/#breadcrumb\"},\"inLanguage\":\"es\",\"potentialAction\":[{\"@type\":\"ReadAction\",\"target\":[\"https:\/\/coletivoamarelo.com\/produto\/mergulho-diptico-2023\/\"]}]},{\"@type\":\"BreadcrumbList\",\"@id\":\"https:\/\/coletivoamarelo.com\/produto\/mergulho-diptico-2023\/#breadcrumb\",\"itemListElement\":[{\"@type\":\"ListItem\",\"position\":1,\"item\":{\"@type\":\"WebPage\",\"@id\":\"https:\/\/coletivoamarelo.com\/\",\"url\":\"https:\/\/coletivoamarelo.com\/\",\"name\":\"Home\"}},{\"@type\":\"ListItem\",\"position\":2,\"item\":{\"@type\":\"WebPage\",\"@id\":\"https:\/\/coletivoamarelo.com\/colecao\/\",\"url\":\"https:\/\/coletivoamarelo.com\/colecao\/\",\"name\":\"Cole\\u00e7\\u00e3o\"}},{\"@type\":\"ListItem\",\"position\":3,\"item\":{\"@type\":\"WebPage\",\"@id\":\"https:\/\/coletivoamarelo.com\/produto\/mergulho-diptico-2023\/\",\"url\":\"https:\/\/coletivoamarelo.com\/produto\/mergulho-diptico-2023\/\",\"name\":\"Mergulho (D\\u00edptico), 2023\"}}]}]}<\/script>\n<!-- \/ Yoast SEO Premium plugin. -->","jetpack_sharing_enabled":true,"_links":{"self":[{"href":"https:\/\/coletivoamarelo.com\/es\/wp-json\/wp\/v2\/product\/2703","targetHints":{"allow":["GET"]}}],"collection":[{"href":"https:\/\/coletivoamarelo.com\/es\/wp-json\/wp\/v2\/product"}],"about":[{"href":"https:\/\/coletivoamarelo.com\/es\/wp-json\/wp\/v2\/types\/product"}],"wp:featuredmedia":[{"embeddable":true,"href":"https:\/\/coletivoamarelo.com\/es\/wp-json\/wp\/v2\/media\/2704"}],"wp:attachment":[{"href":"https:\/\/coletivoamarelo.com\/es\/wp-json\/wp\/v2\/media?parent=2703"}],"wp:term":[{"taxonomy":"product_brand","embeddable":true,"href":"https:\/\/coletivoamarelo.com\/es\/wp-json\/wp\/v2\/product_brand?post=2703"},{"taxonomy":"product_cat","embeddable":true,"href":"https:\/\/coletivoamarelo.com\/es\/wp-json\/wp\/v2\/product_cat?post=2703"},{"taxonomy":"product_tag","embeddable":true,"href":"https:\/\/coletivoamarelo.com\/es\/wp-json\/wp\/v2\/product_tag?post=2703"}],"curies":[{"name":"wp","href":"https:\/\/api.w.org\/{rel}","templated":true}]}}