{"id":1587,"date":"2023-04-14T13:26:24","date_gmt":"2023-04-14T13:26:24","guid":{"rendered":"https:\/\/dev.coletivoamarelo.pt\/?post_type=product&#038;p=1587"},"modified":"2024-05-06T18:28:54","modified_gmt":"2024-05-06T18:28:54","slug":"guara","status":"publish","type":"product","link":"https:\/\/coletivoamarelo.com\/es\/producto\/guara\/","title":{"rendered":"Guar\u00e1, 2018"},"content":{"rendered":"<p>Guar\u00e1, del tup\u00ed-guaran\u00ed \u201cawa&#039;r\u00e1\u201d significa \u201crojo\u201d. <em>eudocimus ruber<\/em> es un ave t\u00edpica de la costa atl\u00e1ntica de Am\u00e9rica del Sur que vive en regiones de manglares. Su color rojizo es el resultado de una dieta basada en carbohidratos rica en carotenoides. Sin embargo, el color del Guar\u00e1 no solo est\u00e1 asociado a su biolog\u00eda: esta especie est\u00e1 incluida en el Libro Rojo de la Fauna Brasile\u00f1a Amenazada (Instituto Chico Mendes de Conserva\u00e7\u00e3o da Biodiversidade).<\/p>\n<p>Impreso en papel Hahnem\u00fchle Matt Fiber 200. Serie numerada, 10 ediciones.<\/p>","protected":false},"excerpt":{"rendered":"<p>Serie limitada de 10 fotograf\u00edas del p\u00e1jaro de crin, disponibles en 4 tama\u00f1os, impresas en papel Hahnem\u00fchle Matt Fiber 200.<\/p>\n<ul>\n<li>IVA ya incluido<\/li>\n<\/ul>","protected":false},"featured_media":1591,"template":"","meta":{"_et_pb_use_builder":"","_et_pb_old_content":"","_et_gb_content_width":""},"product_brand":[],"product_cat":[63],"product_tag":[],"class_list":{"0":"post-1587","1":"product","2":"type-product","3":"status-publish","4":"has-post-thumbnail","6":"product_cat-fotografia","7":"cla-autores-eduardo-dias","8":"cla-colections-aaf-amsterdam-2023","9":"cla-colections-aaf-brussels-2024","10":"cla-colections-edicoes-limitadas","12":"first","13":"instock","14":"featured","15":"shipping-taxable","16":"product-type-variable","17":"has-default-attributes"},"acf":[],"yoast_head":"<!-- This site is optimized with the Yoast SEO Premium plugin v15.3 - https:\/\/yoast.com\/wordpress\/plugins\/seo\/ -->\n<title>Guar\u00e1, 2018 &mdash; Coletivo Amarelo<\/title>\n<meta name=\"robots\" content=\"index, follow, max-snippet:-1, max-image-preview:large, max-video-preview:-1\" \/>\n<link rel=\"canonical\" href=\"https:\/\/coletivoamarelo.com\/es\/producto\/guara\/\" \/>\n<meta property=\"og:locale\" content=\"es_ES\" \/>\n<meta property=\"og:type\" content=\"article\" \/>\n<meta property=\"og:title\" content=\"Guar\u00e1, 2018 &mdash; Coletivo Amarelo\" \/>\n<meta property=\"og:description\" content=\"S\u00e9rie limitada em 10 fotos do p\u00e1ssaro Guar\u00e1, dispon\u00edvel em 4 tamanhos, impresso em papel Hahnem\u00fchle Matt Fibre 200.   IVA j\u00e1 incluido\" \/>\n<meta property=\"og:url\" content=\"https:\/\/coletivoamarelo.com\/es\/producto\/guara\/\" \/>\n<meta property=\"og:site_name\" content=\"Coletivo Amarelo\" \/>\n<meta property=\"article:modified_time\" content=\"2024-05-06T18:28:54+00:00\" \/>\n<meta property=\"og:image\" content=\"https:\/\/coletivoamarelo.com\/wp-content\/uploads\/2023\/04\/EDIAPHOTO002.png\" \/>\n\t<meta property=\"og:image:width\" content=\"652\" \/>\n\t<meta property=\"og:image:height\" content=\"970\" \/>\n<meta name=\"twitter:card\" content=\"summary_large_image\" \/>\n<meta name=\"twitter:label1\" content=\"Escrito por\">\n\t<meta name=\"twitter:data1\" content=\"Alexandre Cagnoni\">\n\t<meta name=\"twitter:label2\" content=\"Tiempo de lectura\">\n\t<meta name=\"twitter:data2\" content=\"0 minutos\">\n<script type=\"application\/ld+json\" class=\"yoast-schema-graph\">{\"@context\":\"https:\/\/schema.org\",\"@graph\":[{\"@type\":\"Organization\",\"@id\":\"https:\/\/coletivoamarelo.com\/#organization\",\"name\":\"Coletivo Amarelo\",\"url\":\"https:\/\/coletivoamarelo.com\/\",\"sameAs\":[],\"logo\":{\"@type\":\"ImageObject\",\"@id\":\"https:\/\/coletivoamarelo.com\/#logo\",\"inLanguage\":\"es\",\"url\":\"https:\/\/coletivoamarelo.com\/wp-content\/uploads\/2023\/01\/coletivo-amarelo-logo-04.svg\",\"caption\":\"Coletivo Amarelo\"},\"image\":{\"@id\":\"https:\/\/coletivoamarelo.com\/#logo\"}},{\"@type\":\"WebSite\",\"@id\":\"https:\/\/coletivoamarelo.com\/#website\",\"url\":\"https:\/\/coletivoamarelo.com\/\",\"name\":\"Coletivo Amarelo\",\"description\":\"\",\"publisher\":{\"@id\":\"https:\/\/coletivoamarelo.com\/#organization\"},\"potentialAction\":[{\"@type\":\"SearchAction\",\"target\":\"https:\/\/coletivoamarelo.com\/?s={search_term_string}\",\"query-input\":\"required name=search_term_string\"}],\"inLanguage\":\"es\"},{\"@type\":\"ImageObject\",\"@id\":\"https:\/\/coletivoamarelo.com\/produto\/guara\/#primaryimage\",\"inLanguage\":\"es\",\"url\":\"https:\/\/coletivoamarelo.com\/wp-content\/uploads\/2023\/04\/EDIAPHOTO002.png\",\"width\":652,\"height\":970,\"caption\":\"Guara\"},{\"@type\":\"WebPage\",\"@id\":\"https:\/\/coletivoamarelo.com\/produto\/guara\/#webpage\",\"url\":\"https:\/\/coletivoamarelo.com\/produto\/guara\/\",\"name\":\"Guar\\u00e1, 2018 &mdash; Coletivo Amarelo\",\"isPartOf\":{\"@id\":\"https:\/\/coletivoamarelo.com\/#website\"},\"primaryImageOfPage\":{\"@id\":\"https:\/\/coletivoamarelo.com\/produto\/guara\/#primaryimage\"},\"datePublished\":\"2023-04-14T13:26:24+00:00\",\"dateModified\":\"2024-05-06T18:28:54+00:00\",\"breadcrumb\":{\"@id\":\"https:\/\/coletivoamarelo.com\/produto\/guara\/#breadcrumb\"},\"inLanguage\":\"es\",\"potentialAction\":[{\"@type\":\"ReadAction\",\"target\":[\"https:\/\/coletivoamarelo.com\/produto\/guara\/\"]}]},{\"@type\":\"BreadcrumbList\",\"@id\":\"https:\/\/coletivoamarelo.com\/produto\/guara\/#breadcrumb\",\"itemListElement\":[{\"@type\":\"ListItem\",\"position\":1,\"item\":{\"@type\":\"WebPage\",\"@id\":\"https:\/\/coletivoamarelo.com\/\",\"url\":\"https:\/\/coletivoamarelo.com\/\",\"name\":\"Home\"}},{\"@type\":\"ListItem\",\"position\":2,\"item\":{\"@type\":\"WebPage\",\"@id\":\"https:\/\/coletivoamarelo.com\/colecao\/\",\"url\":\"https:\/\/coletivoamarelo.com\/colecao\/\",\"name\":\"Cole\\u00e7\\u00e3o\"}},{\"@type\":\"ListItem\",\"position\":3,\"item\":{\"@type\":\"WebPage\",\"@id\":\"https:\/\/coletivoamarelo.com\/produto\/guara\/\",\"url\":\"https:\/\/coletivoamarelo.com\/produto\/guara\/\",\"name\":\"Guar\\u00e1, 2018\"}}]}]}<\/script>\n<!-- \/ Yoast SEO Premium plugin. -->","jetpack_sharing_enabled":true,"_links":{"self":[{"href":"https:\/\/coletivoamarelo.com\/es\/wp-json\/wp\/v2\/product\/1587","targetHints":{"allow":["GET"]}}],"collection":[{"href":"https:\/\/coletivoamarelo.com\/es\/wp-json\/wp\/v2\/product"}],"about":[{"href":"https:\/\/coletivoamarelo.com\/es\/wp-json\/wp\/v2\/types\/product"}],"wp:featuredmedia":[{"embeddable":true,"href":"https:\/\/coletivoamarelo.com\/es\/wp-json\/wp\/v2\/media\/1591"}],"wp:attachment":[{"href":"https:\/\/coletivoamarelo.com\/es\/wp-json\/wp\/v2\/media?parent=1587"}],"wp:term":[{"taxonomy":"product_brand","embeddable":true,"href":"https:\/\/coletivoamarelo.com\/es\/wp-json\/wp\/v2\/product_brand?post=1587"},{"taxonomy":"product_cat","embeddable":true,"href":"https:\/\/coletivoamarelo.com\/es\/wp-json\/wp\/v2\/product_cat?post=1587"},{"taxonomy":"product_tag","embeddable":true,"href":"https:\/\/coletivoamarelo.com\/es\/wp-json\/wp\/v2\/product_tag?post=1587"}],"curies":[{"name":"wp","href":"https:\/\/api.w.org\/{rel}","templated":true}]}}