{"id":1565,"date":"2023-04-14T11:28:34","date_gmt":"2023-04-14T11:28:34","guid":{"rendered":"https:\/\/dev.coletivoamarelo.pt\/?post_type=product&#038;p=1565"},"modified":"2024-05-06T18:28:02","modified_gmt":"2024-05-06T18:28:02","slug":"wilted-flowers-studies-ii","status":"publish","type":"product","link":"https:\/\/coletivoamarelo.com\/es\/producto\/wilted-flowers-studies-ii\/","title":{"rendered":"Estudios de flores marchitas II, 2021"},"content":{"rendered":"<p>La serie \u201cFlores marchitas\u201d est\u00e1 compuesta por dibujos vivientes de flores ca\u00eddas que vivieron, prosperaron, adquirieron sabidur\u00eda y ahora est\u00e1n listas para morir para resucitar nuevamente. Cada arruga, pliegue y forma se conquista con resiliencia y fuerza sin dejar de ser elegante, fr\u00e1gil y equilibrado en todo momento.<\/p>","protected":false},"excerpt":{"rendered":"<p>Tinta sobre papel, de la serie \u201cFlores Marchitas\u201d (15,24 x 20,32 cm), con marco de 30 x 40 cm.<\/p>\n<ul>\n<li>IVA ya incluido<\/li>\n<\/ul>","protected":false},"featured_media":1566,"template":"","meta":{"_et_pb_use_builder":"","_et_pb_old_content":"","_et_gb_content_width":""},"product_brand":[],"product_cat":[65],"product_tag":[],"class_list":{"0":"post-1565","1":"product","2":"type-product","3":"status-publish","4":"has-post-thumbnail","6":"product_cat-desenho","7":"cla-autores-shikha-baheti","8":"cla-colections-aaf-hamburg-2023","10":"first","11":"instock","12":"featured","13":"sold-individually","14":"shipping-taxable","15":"product-type-simple"},"acf":[],"yoast_head":"<!-- This site is optimized with the Yoast SEO Premium plugin v15.3 - https:\/\/yoast.com\/wordpress\/plugins\/seo\/ -->\n<title>Wilted Flowers Studies II, 2021 &mdash; Coletivo Amarelo<\/title>\n<meta name=\"robots\" content=\"index, follow, max-snippet:-1, max-image-preview:large, max-video-preview:-1\" \/>\n<link rel=\"canonical\" href=\"https:\/\/coletivoamarelo.com\/es\/producto\/wilted-flowers-studies-ii\/\" \/>\n<meta property=\"og:locale\" content=\"es_ES\" \/>\n<meta property=\"og:type\" content=\"article\" \/>\n<meta property=\"og:title\" content=\"Wilted Flowers Studies II, 2021 &mdash; Coletivo Amarelo\" \/>\n<meta property=\"og:description\" content=\"Nanquim sobre papel, da s\u00e9rie &quot;Wilted Flowers&quot; (15.24 x 20.32 cm), com moldura 30 x 40 cm.   IVA j\u00e1 incluido\" \/>\n<meta property=\"og:url\" content=\"https:\/\/coletivoamarelo.com\/es\/producto\/wilted-flowers-studies-ii\/\" \/>\n<meta property=\"og:site_name\" content=\"Coletivo Amarelo\" \/>\n<meta property=\"article:modified_time\" content=\"2024-05-06T18:28:02+00:00\" \/>\n<meta property=\"og:image\" content=\"https:\/\/coletivoamarelo.com\/wp-content\/uploads\/2023\/04\/SBAHPAINT006.jpg\" \/>\n\t<meta property=\"og:image:width\" content=\"594\" \/>\n\t<meta property=\"og:image:height\" content=\"870\" \/>\n<meta name=\"twitter:card\" content=\"summary_large_image\" \/>\n<meta name=\"twitter:label1\" content=\"Escrito por\">\n\t<meta name=\"twitter:data1\" content=\"Alexandre Cagnoni\">\n\t<meta name=\"twitter:label2\" content=\"Tiempo de lectura\">\n\t<meta name=\"twitter:data2\" content=\"0 minutos\">\n<script type=\"application\/ld+json\" class=\"yoast-schema-graph\">{\"@context\":\"https:\/\/schema.org\",\"@graph\":[{\"@type\":\"Organization\",\"@id\":\"https:\/\/coletivoamarelo.com\/#organization\",\"name\":\"Coletivo Amarelo\",\"url\":\"https:\/\/coletivoamarelo.com\/\",\"sameAs\":[],\"logo\":{\"@type\":\"ImageObject\",\"@id\":\"https:\/\/coletivoamarelo.com\/#logo\",\"inLanguage\":\"es\",\"url\":\"https:\/\/coletivoamarelo.com\/wp-content\/uploads\/2023\/01\/coletivo-amarelo-logo-04.svg\",\"caption\":\"Coletivo Amarelo\"},\"image\":{\"@id\":\"https:\/\/coletivoamarelo.com\/#logo\"}},{\"@type\":\"WebSite\",\"@id\":\"https:\/\/coletivoamarelo.com\/#website\",\"url\":\"https:\/\/coletivoamarelo.com\/\",\"name\":\"Coletivo Amarelo\",\"description\":\"\",\"publisher\":{\"@id\":\"https:\/\/coletivoamarelo.com\/#organization\"},\"potentialAction\":[{\"@type\":\"SearchAction\",\"target\":\"https:\/\/coletivoamarelo.com\/?s={search_term_string}\",\"query-input\":\"required name=search_term_string\"}],\"inLanguage\":\"es\"},{\"@type\":\"ImageObject\",\"@id\":\"https:\/\/coletivoamarelo.com\/produto\/wilted-flowers-studies-ii\/#primaryimage\",\"inLanguage\":\"es\",\"url\":\"https:\/\/coletivoamarelo.com\/wp-content\/uploads\/2023\/04\/SBAHPAINT006.jpg\",\"width\":594,\"height\":870,\"caption\":\"Wilted Flowers II\"},{\"@type\":\"WebPage\",\"@id\":\"https:\/\/coletivoamarelo.com\/produto\/wilted-flowers-studies-ii\/#webpage\",\"url\":\"https:\/\/coletivoamarelo.com\/produto\/wilted-flowers-studies-ii\/\",\"name\":\"Wilted Flowers Studies II, 2021 &mdash; Coletivo Amarelo\",\"isPartOf\":{\"@id\":\"https:\/\/coletivoamarelo.com\/#website\"},\"primaryImageOfPage\":{\"@id\":\"https:\/\/coletivoamarelo.com\/produto\/wilted-flowers-studies-ii\/#primaryimage\"},\"datePublished\":\"2023-04-14T11:28:34+00:00\",\"dateModified\":\"2024-05-06T18:28:02+00:00\",\"breadcrumb\":{\"@id\":\"https:\/\/coletivoamarelo.com\/produto\/wilted-flowers-studies-ii\/#breadcrumb\"},\"inLanguage\":\"es\",\"potentialAction\":[{\"@type\":\"ReadAction\",\"target\":[\"https:\/\/coletivoamarelo.com\/produto\/wilted-flowers-studies-ii\/\"]}]},{\"@type\":\"BreadcrumbList\",\"@id\":\"https:\/\/coletivoamarelo.com\/produto\/wilted-flowers-studies-ii\/#breadcrumb\",\"itemListElement\":[{\"@type\":\"ListItem\",\"position\":1,\"item\":{\"@type\":\"WebPage\",\"@id\":\"https:\/\/coletivoamarelo.com\/\",\"url\":\"https:\/\/coletivoamarelo.com\/\",\"name\":\"Home\"}},{\"@type\":\"ListItem\",\"position\":2,\"item\":{\"@type\":\"WebPage\",\"@id\":\"https:\/\/coletivoamarelo.com\/colecao\/\",\"url\":\"https:\/\/coletivoamarelo.com\/colecao\/\",\"name\":\"Cole\\u00e7\\u00e3o\"}},{\"@type\":\"ListItem\",\"position\":3,\"item\":{\"@type\":\"WebPage\",\"@id\":\"https:\/\/coletivoamarelo.com\/produto\/wilted-flowers-studies-ii\/\",\"url\":\"https:\/\/coletivoamarelo.com\/produto\/wilted-flowers-studies-ii\/\",\"name\":\"Wilted Flowers Studies II, 2021\"}}]}]}<\/script>\n<!-- \/ Yoast SEO Premium plugin. -->","jetpack_sharing_enabled":true,"_links":{"self":[{"href":"https:\/\/coletivoamarelo.com\/es\/wp-json\/wp\/v2\/product\/1565","targetHints":{"allow":["GET"]}}],"collection":[{"href":"https:\/\/coletivoamarelo.com\/es\/wp-json\/wp\/v2\/product"}],"about":[{"href":"https:\/\/coletivoamarelo.com\/es\/wp-json\/wp\/v2\/types\/product"}],"wp:featuredmedia":[{"embeddable":true,"href":"https:\/\/coletivoamarelo.com\/es\/wp-json\/wp\/v2\/media\/1566"}],"wp:attachment":[{"href":"https:\/\/coletivoamarelo.com\/es\/wp-json\/wp\/v2\/media?parent=1565"}],"wp:term":[{"taxonomy":"product_brand","embeddable":true,"href":"https:\/\/coletivoamarelo.com\/es\/wp-json\/wp\/v2\/product_brand?post=1565"},{"taxonomy":"product_cat","embeddable":true,"href":"https:\/\/coletivoamarelo.com\/es\/wp-json\/wp\/v2\/product_cat?post=1565"},{"taxonomy":"product_tag","embeddable":true,"href":"https:\/\/coletivoamarelo.com\/es\/wp-json\/wp\/v2\/product_tag?post=1565"}],"curies":[{"name":"wp","href":"https:\/\/api.w.org\/{rel}","templated":true}]}}