{"id":1287,"date":"2023-04-02T12:16:02","date_gmt":"2023-04-02T12:16:02","guid":{"rendered":"https:\/\/dev.coletivoamarelo.pt\/?post_type=product&#038;p=1287"},"modified":"2025-10-18T11:14:10","modified_gmt":"2025-10-18T11:14:10","slug":"inutil-paisagem-vi","status":"publish","type":"product","link":"https:\/\/coletivoamarelo.com\/es\/producto\/inutil-paisagem-vi\/","title":{"rendered":"Paisaje in\u00fatil VI, 2022"},"content":{"rendered":"<p>Esta pintura es parte de una serie que comenz\u00f3 durante la pandemia de Covid en 2021.<\/p>\n<p>La exuberante belleza de la costa portuguesa est\u00e1 en el entorno, en el peque\u00f1o pueblo donde vive el artista, en Cascais. Los paisajes de la costa de Guincho y Cabo da Roca est\u00e1n presentes en muchas de sus obras. El recuerdo del gigantesco oc\u00e9ano que la separaba de sus ra\u00edces afectivas presentes en Brasil, y la incertidumbre de su regreso provocada por la pandemia, agregaron una capa de melancol\u00eda a las pinturas, que, a pesar de ser exuberantes, siempre est\u00e1n despobladas.<\/p>\n<p>La serie \u201cPaisaje In\u00fatil\u201d fue creada en referencia a la canci\u00f3n del mismo t\u00edtulo de Ant\u00f4nio Carlos Jobim.<\/p>\n<p>La letra de la canci\u00f3n menciona ese sentimiento de melancol\u00eda y soledad que a veces evoca el paisaje.<\/p>","protected":false},"excerpt":{"rendered":"<p><strong>Pintura seleccionada y expuesta en la 1\u00aa Bienal Internacional de Alentejo 2023.<\/strong><\/p>\n<p>Pintura al \u00f3leo de la serie \u201cPaisaje in\u00fatil\u201d, iniciada en 2021 durante el per\u00edodo Covid, que representa paisajes de la costa de Portugal. Esta pintura ilustra la vista interna de Gruta da Boneca, en la regi\u00f3n de Carvoeiro del Algarve. Se entrega con un marco de madera de color marr\u00f3n claro. (29,5 x 42 cm)<\/p>","protected":false},"featured_media":1288,"template":"","meta":{"_et_pb_use_builder":"","_et_pb_old_content":"","_et_gb_content_width":""},"product_brand":[],"product_cat":[62],"product_tag":[],"class_list":{"0":"post-1287","1":"product","2":"type-product","3":"status-publish","4":"has-post-thumbnail","6":"product_cat-pintura","7":"cla-autores-gabriela-albuquerque","8":"cla-colections-aaf-amsterdam-2023","10":"first","11":"instock","12":"featured","13":"sold-individually","14":"shipping-taxable","15":"product-type-simple"},"acf":[],"yoast_head":"<!-- This site is optimized with the Yoast SEO Premium plugin v15.3 - https:\/\/yoast.com\/wordpress\/plugins\/seo\/ -->\n<title>In\u00fatil Paisagem VI, 2022 &mdash; Coletivo Amarelo<\/title>\n<meta name=\"robots\" content=\"index, follow, max-snippet:-1, max-image-preview:large, max-video-preview:-1\" \/>\n<link rel=\"canonical\" href=\"https:\/\/coletivoamarelo.com\/es\/producto\/inutil-paisagem-vi\/\" \/>\n<meta property=\"og:locale\" content=\"es_ES\" \/>\n<meta property=\"og:type\" content=\"article\" \/>\n<meta property=\"og:title\" content=\"In\u00fatil Paisagem VI, 2022 &mdash; Coletivo Amarelo\" \/>\n<meta property=\"og:description\" content=\"Pintura selecionada e exposta na 1a Bienal Internacional do Alentejo 2023.  Pintura a \u00f3leo da s\u00e9rie \u201cIn\u00fatil Paisagem\u201d, iniciada em 2021 durante o per\u00edodo de Covid, representando paisagens da costa de Portugal. Esta pintura ilustra a vista interna da Gruta da Boneca, na regi\u00e3o do Carvoeiro, no Algarve. Entregue j\u00e1 com moldura em madeira marrom claro. (29.5 x 42 cm)\" \/>\n<meta property=\"og:url\" content=\"https:\/\/coletivoamarelo.com\/es\/producto\/inutil-paisagem-vi\/\" \/>\n<meta property=\"og:site_name\" content=\"Coletivo Amarelo\" \/>\n<meta property=\"article:modified_time\" content=\"2025-10-18T11:14:10+00:00\" \/>\n<meta property=\"og:image\" content=\"https:\/\/coletivoamarelo.com\/wp-content\/uploads\/2023\/04\/GALBPAINT029.jpg\" \/>\n\t<meta property=\"og:image:width\" content=\"731\" \/>\n\t<meta property=\"og:image:height\" content=\"1024\" \/>\n<meta name=\"twitter:card\" content=\"summary_large_image\" \/>\n<meta name=\"twitter:label1\" content=\"Escrito por\">\n\t<meta name=\"twitter:data1\" content=\"Alexandre Cagnoni\">\n\t<meta name=\"twitter:label2\" content=\"Tiempo de lectura\">\n\t<meta name=\"twitter:data2\" content=\"1 minuto\">\n<script type=\"application\/ld+json\" class=\"yoast-schema-graph\">{\"@context\":\"https:\/\/schema.org\",\"@graph\":[{\"@type\":\"Organization\",\"@id\":\"https:\/\/coletivoamarelo.com\/#organization\",\"name\":\"Coletivo Amarelo\",\"url\":\"https:\/\/coletivoamarelo.com\/\",\"sameAs\":[],\"logo\":{\"@type\":\"ImageObject\",\"@id\":\"https:\/\/coletivoamarelo.com\/#logo\",\"inLanguage\":\"es\",\"url\":\"https:\/\/coletivoamarelo.com\/wp-content\/uploads\/2023\/01\/coletivo-amarelo-logo-04.svg\",\"caption\":\"Coletivo Amarelo\"},\"image\":{\"@id\":\"https:\/\/coletivoamarelo.com\/#logo\"}},{\"@type\":\"WebSite\",\"@id\":\"https:\/\/coletivoamarelo.com\/#website\",\"url\":\"https:\/\/coletivoamarelo.com\/\",\"name\":\"Coletivo Amarelo\",\"description\":\"\",\"publisher\":{\"@id\":\"https:\/\/coletivoamarelo.com\/#organization\"},\"potentialAction\":[{\"@type\":\"SearchAction\",\"target\":\"https:\/\/coletivoamarelo.com\/?s={search_term_string}\",\"query-input\":\"required name=search_term_string\"}],\"inLanguage\":\"es\"},{\"@type\":\"ImageObject\",\"@id\":\"https:\/\/coletivoamarelo.com\/produto\/inutil-paisagem-vi\/#primaryimage\",\"inLanguage\":\"es\",\"url\":\"https:\/\/coletivoamarelo.com\/wp-content\/uploads\/2023\/04\/GALBPAINT029.jpg\",\"width\":731,\"height\":1024,\"caption\":\"Inutil Paisagem VI\"},{\"@type\":\"WebPage\",\"@id\":\"https:\/\/coletivoamarelo.com\/produto\/inutil-paisagem-vi\/#webpage\",\"url\":\"https:\/\/coletivoamarelo.com\/produto\/inutil-paisagem-vi\/\",\"name\":\"In\\u00fatil Paisagem VI, 2022 &mdash; Coletivo Amarelo\",\"isPartOf\":{\"@id\":\"https:\/\/coletivoamarelo.com\/#website\"},\"primaryImageOfPage\":{\"@id\":\"https:\/\/coletivoamarelo.com\/produto\/inutil-paisagem-vi\/#primaryimage\"},\"datePublished\":\"2023-04-02T12:16:02+00:00\",\"dateModified\":\"2025-10-18T11:14:10+00:00\",\"breadcrumb\":{\"@id\":\"https:\/\/coletivoamarelo.com\/produto\/inutil-paisagem-vi\/#breadcrumb\"},\"inLanguage\":\"es\",\"potentialAction\":[{\"@type\":\"ReadAction\",\"target\":[\"https:\/\/coletivoamarelo.com\/produto\/inutil-paisagem-vi\/\"]}]},{\"@type\":\"BreadcrumbList\",\"@id\":\"https:\/\/coletivoamarelo.com\/produto\/inutil-paisagem-vi\/#breadcrumb\",\"itemListElement\":[{\"@type\":\"ListItem\",\"position\":1,\"item\":{\"@type\":\"WebPage\",\"@id\":\"https:\/\/coletivoamarelo.com\/\",\"url\":\"https:\/\/coletivoamarelo.com\/\",\"name\":\"Home\"}},{\"@type\":\"ListItem\",\"position\":2,\"item\":{\"@type\":\"WebPage\",\"@id\":\"https:\/\/coletivoamarelo.com\/colecao\/\",\"url\":\"https:\/\/coletivoamarelo.com\/colecao\/\",\"name\":\"Cole\\u00e7\\u00e3o\"}},{\"@type\":\"ListItem\",\"position\":3,\"item\":{\"@type\":\"WebPage\",\"@id\":\"https:\/\/coletivoamarelo.com\/produto\/inutil-paisagem-vi\/\",\"url\":\"https:\/\/coletivoamarelo.com\/produto\/inutil-paisagem-vi\/\",\"name\":\"In\\u00fatil Paisagem VI, 2022\"}}]}]}<\/script>\n<!-- \/ Yoast SEO Premium plugin. -->","jetpack_sharing_enabled":true,"_links":{"self":[{"href":"https:\/\/coletivoamarelo.com\/es\/wp-json\/wp\/v2\/product\/1287","targetHints":{"allow":["GET"]}}],"collection":[{"href":"https:\/\/coletivoamarelo.com\/es\/wp-json\/wp\/v2\/product"}],"about":[{"href":"https:\/\/coletivoamarelo.com\/es\/wp-json\/wp\/v2\/types\/product"}],"wp:featuredmedia":[{"embeddable":true,"href":"https:\/\/coletivoamarelo.com\/es\/wp-json\/wp\/v2\/media\/1288"}],"wp:attachment":[{"href":"https:\/\/coletivoamarelo.com\/es\/wp-json\/wp\/v2\/media?parent=1287"}],"wp:term":[{"taxonomy":"product_brand","embeddable":true,"href":"https:\/\/coletivoamarelo.com\/es\/wp-json\/wp\/v2\/product_brand?post=1287"},{"taxonomy":"product_cat","embeddable":true,"href":"https:\/\/coletivoamarelo.com\/es\/wp-json\/wp\/v2\/product_cat?post=1287"},{"taxonomy":"product_tag","embeddable":true,"href":"https:\/\/coletivoamarelo.com\/es\/wp-json\/wp\/v2\/product_tag?post=1287"}],"curies":[{"name":"wp","href":"https:\/\/api.w.org\/{rel}","templated":true}]}}