{"id":3,"date":"2023-01-20T16:46:02","date_gmt":"2023-01-20T16:46:02","guid":{"rendered":"https:\/\/dev.coletivoamarelo.pt\/?page_id=3"},"modified":"2023-05-12T18:34:53","modified_gmt":"2023-05-12T18:34:53","slug":"politica_de_privacidade","status":"publish","type":"page","link":"https:\/\/coletivoamarelo.com\/es\/politica_de_privacidade\/","title":{"rendered":"Pol\u00edtica de privacidad"},"content":{"rendered":"<p id=\"tw-target-text\" class=\"tw-data-text tw-text-large tw-ta\"><span class=\"Y2IQFc\">Esta Pol\u00edtica de privacidad describe c\u00f3mo colectivoamarelo.com (el &quot;Sitio&quot; o &quot;nosotros&quot;) recopila, usa y divulga su Informaci\u00f3n personal cuando visita o realiza una compra en el Sitio.<\/span><\/p>\r\n<h3 id=\"tw-target-text\" class=\"tw-data-text tw-text-large tw-ta wp-block-heading\"><span class=\"Y2IQFc\">RECOPILACI\u00d3N DE INFORMACI\u00d3N PERSONAL<\/span><\/h3>\r\n<p class=\"tw-data-text tw-text-large tw-ta\"><span class=\"Y2IQFc\">Cuando visita el Sitio, recopilamos cierta informaci\u00f3n sobre su dispositivo, su interacci\u00f3n con el Sitio y la informaci\u00f3n necesaria para procesar sus compras. Tambi\u00e9n podemos recopilar informaci\u00f3n adicional si se comunica con nosotros para obtener atenci\u00f3n al cliente. En esta Pol\u00edtica de privacidad, nos referimos a cualquier informaci\u00f3n que pueda identificar de manera \u00fanica a una persona (incluida la informaci\u00f3n a continuaci\u00f3n) como &quot;Informaci\u00f3n personal&quot;. Consulte la lista a continuaci\u00f3n para obtener m\u00e1s informaci\u00f3n sobre qu\u00e9 informaci\u00f3n personal recopilamos y por qu\u00e9.<\/span><\/p>\r\n<p><span class=\"Y2IQFc\">Informaci\u00f3n del dispositivo<\/span><\/p>\r\n<ul>\r\n<li><span class=\"Y2IQFc\"><strong>Ejemplos de informaci\u00f3n personal recopilada:<\/strong>\u00a0versi\u00f3n del navegador web, direcci\u00f3n IP, zona horaria, informaci\u00f3n de cookies, qu\u00e9 sitios web o productos ve, t\u00e9rminos de b\u00fasqueda y c\u00f3mo interact\u00faa con el Sitio.<\/span><\/li>\r\n<li><span class=\"Y2IQFc\"><strong>Prop\u00f3sito de la colecci\u00f3n:<\/strong>\u00a0cargar con precisi\u00f3n el Sitio para usted y realizar un an\u00e1lisis de su uso de nuestro Sitio con fines de optimizaci\u00f3n.<\/span><\/li>\r\n<li><span class=\"Y2IQFc\"><strong>Fuente de la colecci\u00f3n:<\/strong>\u00a0recopilados autom\u00e1ticamente cuando accede a nuestro Sitio utilizando cookies, archivos de registro, balizas web, etiquetas o p\u00edxeles.<\/span><\/li>\r\n<li><span class=\"Y2IQFc\"><strong>Divulgaci\u00f3n con fines comerciales:<\/strong>\u00a0compartida con nuestro procesador de Shopify.<\/span><\/li>\r\n<\/ul>\r\n<p><span class=\"Y2IQFc\">informaci\u00f3n del pedido<\/span><\/p>\r\n<ul>\r\n<li><span class=\"Y2IQFc\"><strong>Ejemplos de informaci\u00f3n personal recopilada:<\/strong>\u00a0nombre, direcci\u00f3n de facturaci\u00f3n, direcci\u00f3n de env\u00edo, informaci\u00f3n de pago (incluidos los n\u00fameros de tarjeta de cr\u00e9dito), direcci\u00f3n de correo electr\u00f3nico y n\u00famero de tel\u00e9fono.<\/span><\/li>\r\n<li><span class=\"Y2IQFc\"><strong>Prop\u00f3sito de la colecci\u00f3n:<\/strong>\u00a0proporcionarle productos o servicios para cumplir con nuestro contrato, procesar su informaci\u00f3n de pago, organizar el env\u00edo y proporcionarle facturas y\/o confirmaciones de pedidos, comunicarnos con usted, examinar nuestros pedidos en busca de posibles riesgos o fraudes, y cuando est\u00e9 de acuerdo con las preferencias ha compartido con nosotros, proporcionarle informaci\u00f3n o publicidad relacionada con nuestros productos o servicios.<\/span><\/li>\r\n<li><span class=\"Y2IQFc\"><strong>Fuente de la colecci\u00f3n:<\/strong>\u00a0recogido de ti.<\/span><\/li>\r\n<li><span class=\"Y2IQFc\"><strong>Divulgaci\u00f3n con fines comerciales:<\/strong>\u00a0compartida con nuestro procesador Shopify, informaci\u00f3n de direcci\u00f3n para el transportista.<\/span><\/li>\r\n<\/ul>\r\n<p><u>Informaci\u00f3n de atenci\u00f3n al cliente<\/u><\/p>\r\n<ul>\r\n<li><span class=\"Y2IQFc\"><strong>Ejemplos de informaci\u00f3n personal recopilada:<\/strong>\u00a0informaci\u00f3n de contacto como nombre, correo electr\u00f3nico y n\u00famero de tel\u00e9fono<\/span><\/li>\r\n<li><span class=\"Y2IQFc\"><strong>Prop\u00f3sito de la colecci\u00f3n:<\/strong>\u00a0proporcionar soporte al cliente.<\/span><\/li>\r\n<li><span class=\"Y2IQFc\"><strong>Fuente de la colecci\u00f3n:<\/strong>\u00a0recogido de ti.<\/span><\/li>\r\n<li><span class=\"Y2IQFc\"><strong>Divulgaci\u00f3n con fines comerciales:<\/strong>\u00a0no compartido con terceros<\/span><\/li>\r\n<\/ul>\r\n<p><u>Informaci\u00f3n del blog<\/u><\/p>\r\n<ul>\r\n<li><span class=\"Y2IQFc\"><strong>Ejemplos de informaci\u00f3n personal recopilada:<\/strong>\u00a0informaci\u00f3n de contacto como nombre, correo electr\u00f3nico y n\u00famero de tel\u00e9fono<\/span><\/li>\r\n<li><span class=\"Y2IQFc\"><strong>Prop\u00f3sito de la colecci\u00f3n:<\/strong>\u00a0enviar actualizaciones de blog o permitir comentarios de blog.<\/span><\/li>\r\n<li><span class=\"Y2IQFc\"><strong>Fuente de la colecci\u00f3n:<\/strong>\u00a0recogido de ti.<\/span><\/li>\r\n<li><span class=\"Y2IQFc\"><strong>Divulgaci\u00f3n con fines comerciales:<\/strong>\u00a0no compartido con terceros<\/span><\/li>\r\n<\/ul>\r\n<h3>COMPARTIR INFORMACI\u00d3N PERSONAL<\/h3>\r\n<p>Compartimos su informaci\u00f3n personal con proveedores de servicios para ayudarnos a brindar nuestros servicios y cumplir con nuestros contratos con usted, como se describe anteriormente. Por ejemplo:<\/p>\r\n<ul>\r\n<li>Usamos Shopify para potenciar nuestra tienda en l\u00ednea. Puede leer m\u00e1s sobre c\u00f3mo Shopify usa su informaci\u00f3n personal aqu\u00ed:\u00a0<a href=\"https:\/\/www.shopify.com\/legal\/privacy\" target=\"_blank\" rel=\"null noopener\" aria-describedby=\"a11y-new-window-external-message\">https:\/\/www.shopify.com\/legal\/privacy<\/a>.<\/li>\r\n<li>Podemos compartir su informaci\u00f3n personal para cumplir con las leyes y regulaciones aplicables, para responder a una citaci\u00f3n, orden de allanamiento u otra solicitud legal de informaci\u00f3n que recibamos, o para proteger nuestros derechos.<\/li>\r\n<\/ul>\r\n<h3>PUBLICIDAD COMPORTAMENTAL<\/h3>\r\n<p>Como se describi\u00f3 anteriormente, usamos su informaci\u00f3n personal para brindarle anuncios dirigidos o comunicaciones de marketing que creemos que pueden ser de su inter\u00e9s. Por ejemplo:<\/p>\r\n<ul>\r\n<li>Usamos Google Analytics para ayudarnos a comprender c\u00f3mo nuestros clientes usan el Sitio. Puede leer m\u00e1s sobre c\u00f3mo Google usa su informaci\u00f3n personal aqu\u00ed:\u00a0<a href=\"https:\/\/policies.google.com\/privacy\" target=\"_blank\" rel=\"null noopener\" aria-describedby=\"a11y-new-window-external-message\">https:\/\/policies.google.com\/privacy<\/a>.Tambi\u00e9n puede deshabilitar Google Analytics aqu\u00ed:\u00a0<a href=\"https:\/\/tools.google.com\/%20dlpage\/gaoptout\" target=\"_blank\" rel=\"null noopener\" aria-describedby=\"a11y-new-window-external-message\">https:\/\/tools.google.com\/dlpage\/gaoptout<\/a>.<\/li>\r\n<\/ul>\r\n<p>Para obtener m\u00e1s informaci\u00f3n sobre c\u00f3mo funciona la publicidad dirigida, puede visitar la p\u00e1gina de educaci\u00f3n de Network Advertising Initiative (&quot;NAI&quot;) en\u00a0<a href=\"http:\/\/www.networkadvertising.org\/understanding-online-advertising\/how-does-it-work\" target=\"_blank\" rel=\"null noopener\" aria-describedby=\"a11y-new-window-external-message\">http:\/\/www.networkadvertising.org\/understanding-online-advertising\/how-does-it-work<\/a>.<br \/><br \/>Puede optar por no recibir publicidad dirigida:<\/p>\r\n<ul>\r\n<li>FACEBOOK -\u00a0<a href=\"https:\/\/www.facebook.com\/settings\/?tab=ads\" target=\"_blank\" rel=\"null noopener\" aria-describedby=\"a11y-new-window-external-message\">https:\/\/www.facebook.com\/settings\/?tab=ads<\/a><\/li>\r\n<li>GOOGLE -\u00a0<a href=\"https:\/\/www.google.com\/settings\/ads\/anonymous\" target=\"_blank\" rel=\"null noopener\" aria-describedby=\"a11y-new-window-external-message\">https:\/\/www.google.com\/settings\/ads\/anonymous<\/a><\/li>\r\n<li>BING \u2013\u00a0<a href=\"https:\/\/advertise.bingads.microsoft.com\/en-us\/resources\/policies\/personalized-ads\" target=\"_blank\" rel=\"null noopener\" aria-describedby=\"a11y-new-window-external-message\">https:\/\/advertise.bingads.microsoft.com\/en-us\/resources\/policies\/personalized-ads<\/a><\/li>\r\n<\/ul>\r\n<p>Adem\u00e1s, puede optar por no participar en algunos de estos servicios visitando el portal de exclusi\u00f3n de Digital Advertising Alliance en:\u00a0<a href=\"http:\/\/optout.aboutads.info\/\" target=\"_blank\" rel=\"null noopener\" aria-describedby=\"a11y-new-window-external-message\">http:\/\/optout.aboutads.info\/<\/a>.<\/p>\r\n<h3>USO DE INFORMACI\u00d3N PERSONAL<\/h3>\r\n<p>Usamos su informaci\u00f3n personal para brindarle nuestros servicios, que incluyen: ofrecer productos para la venta, procesar pagos, enviar y completar su pedido, y mantenerlo actualizado sobre nuevos productos, servicios y ofertas.<\/p>\r\n<h3>BASE JUR\u00cdDICA<\/h3>\r\n<p>De acuerdo con el Reglamento General de Protecci\u00f3n de Datos (&quot;GDPR&quot;), si usted es residente del Espacio Econ\u00f3mico Europeo (&quot;EEE&quot;), procesamos su informaci\u00f3n personal bajo las siguientes bases legales:<\/p>\r\n<ul>\r\n<li>Tu permiso;<\/li>\r\n<li>La ejecuci\u00f3n del contrato entre usted y el Sitio;<\/li>\r\n<li>Cumplimiento de nuestras obligaciones legales;<\/li>\r\n<li>Para proteger sus intereses vitales;<\/li>\r\n<li>Realizar una tarea de inter\u00e9s p\u00fablico;<\/li>\r\n<li>Para nuestros intereses leg\u00edtimos, que no invalidan sus derechos y libertades fundamentales.<\/li>\r\n<\/ul>\r\n<h4>RETENCI\u00d3N<\/h4>\r\n<p>Cuando realiza un pedido a trav\u00e9s del Sitio, conservaremos su Informaci\u00f3n personal para nuestros registros a menos y hasta que nos solicite que eliminemos esa informaci\u00f3n. Para obtener m\u00e1s informaci\u00f3n sobre su derecho de exclusi\u00f3n, consulte la secci\u00f3n &quot;Sus derechos&quot; a continuaci\u00f3n.<\/p>\r\n<h4>TOMA DE DECISIONES AUTOM\u00c1TICA<\/h4>\r\n<p>Si es residente del EEE, tiene derecho a oponerse al procesamiento basado \u00fanicamente en la toma de decisiones automatizada (que incluye la elaboraci\u00f3n de perfiles), cuando dicha toma de decisiones tenga un efecto legal sobre usted o lo afecte significativamente.<br \/><br \/>Nos involucramos en la toma de decisiones totalmente automatizada que tiene un efecto legal o significativo utilizando los datos del cliente.<br \/><br \/>Nuestro procesador de Shopify utiliza una toma de decisiones automatizada limitada para evitar el fraude que no tiene un efecto legal o significativo sobre ti.<br \/><br \/>Los servicios que incluyen elementos de toma de decisiones automatizados incluyen:<\/p>\r\n<ul>\r\n<li>Lista de denegaci\u00f3n temporal de direcciones IP asociadas con transacciones fallidas repetidas. Esta lista de denegaci\u00f3n persiste durante un peque\u00f1o n\u00famero de horas.<\/li>\r\n<li>Lista de denegaci\u00f3n temporal de tarjetas de cr\u00e9dito asociadas con direcciones IP denegadas. Esta lista de denegaci\u00f3n persiste durante un peque\u00f1o n\u00famero de d\u00edas.<\/li>\r\n<\/ul>\r\n<h3 id=\"tw-target-text\" class=\"tw-data-text tw-text-large tw-ta\"><span class=\"Y2IQFc\">TUS DERECHOS<br \/><\/span><\/h3>\r\n<h4 class=\"tw-data-text tw-text-large tw-ta\"><span class=\"Y2IQFc\">RGPD<\/span><\/h4>\r\n<p class=\"tw-data-text tw-text-large tw-ta\"><span class=\"Y2IQFc\">Si es residente del EEE, tiene derecho a acceder a la Informaci\u00f3n personal que tenemos sobre usted, transferirla a un nuevo servicio y solicitar que su Informaci\u00f3n personal se corrija, actualice o elimine. Si desea ejercer estos derechos, p\u00f3ngase en contacto con nosotros utilizando la informaci\u00f3n de contacto disponible en nuestro sitio web.<\/span><\/p>\r\n<p class=\"tw-data-text tw-text-large tw-ta\"><span class=\"Y2IQFc\">Su informaci\u00f3n personal se procesar\u00e1 inicialmente en Irlanda y luego se transferir\u00e1 fuera de Europa para su posterior almacenamiento y procesamiento, incluso a Canad\u00e1 y los Estados Unidos. Para obtener m\u00e1s informaci\u00f3n sobre c\u00f3mo las transferencias de datos cumplen con el RGPD, consulta el documento t\u00e9cnico del RGPD de Shopify:\u00a0<a href=\"https:\/\/help.shopify.com\/pt-BR\/manual\/your-account\/privacy\/GDPR\" target=\"_blank\" rel=\"noopener noreferrer\" aria-describedby=\"a11y-new-window-external-message\">https:\/\/help.shopify.com\/pt-BR\/manual\/your-account\/privacy\/GDPR<\/a>.<\/span><\/p>\r\n<h4 class=\"tw-data-text tw-text-large tw-ta\"><span class=\"Y2IQFc\">CCPA<\/span><\/h4>\r\n<p class=\"tw-data-text tw-text-large tw-ta\"><span class=\"Y2IQFc\">Si es residente de California, tiene derecho a acceder a la Informaci\u00f3n personal que tenemos sobre usted (tambi\u00e9n conocida como &quot;Derecho a saber&quot;), transferirla a un nuevo servicio y solicitar que su Informaci\u00f3n personal sea corregida, actualizada o eliminado Si desea ejercer estos derechos, p\u00f3ngase en contacto con nosotros utilizando la informaci\u00f3n de contacto disponible en nuestro sitio web.<\/span><\/p>\r\n<p class=\"tw-data-text tw-text-large tw-ta\"><span class=\"Y2IQFc\">Si desea designar a un agente autorizado para que presente estas solicitudes en su nombre, comun\u00edquese con nosotros a la misma direcci\u00f3n.<\/span><\/p>\r\n<h3>GALLETAS<\/h3>\r\n<p>Una cookie es una peque\u00f1a cantidad de informaci\u00f3n que se descarga en su computadora o dispositivo cuando visita nuestro Sitio. Utilizamos una serie de cookies diferentes, incluidas cookies funcionales, de rendimiento, publicitarias y de redes sociales o de contenido. Las cookies mejoran su experiencia de navegaci\u00f3n al permitir que el sitio web recuerde sus acciones y preferencias (como el inicio de sesi\u00f3n y la selecci\u00f3n de regi\u00f3n). Esto significa que no tiene que volver a ingresar esta informaci\u00f3n cada vez que regrese al sitio o navegue de una p\u00e1gina a otra. Las cookies tambi\u00e9n brindan informaci\u00f3n sobre c\u00f3mo las personas usan el sitio web, por ejemplo, si es la primera vez que lo visitan o si son visitantes frecuentes.<br \/><br \/>Utilizamos las siguientes cookies para optimizar su experiencia en nuestro Sitio y para proporcionar nuestros servicios.<br \/><br \/><strong>Cookies necesarias para el funcionamiento de la tienda<\/strong><\/p>\r\n<table>\r\n<thead>\r\n<tr>\r\n<th><strong>Nombre<\/strong><\/th>\r\n<th><strong>Funci\u00f3n<\/strong><\/th>\r\n<\/tr>\r\n<\/thead>\r\n<tbody>\r\n<tr>\r\n<td><i>_ab<\/i><\/td>\r\n<td>Se utiliza en relaci\u00f3n con el acceso administrativo.<\/td>\r\n<\/tr>\r\n<tr>\r\n<td><i>_secure_session_id<\/i><\/td>\r\n<td>Se utiliza en relaci\u00f3n con la navegaci\u00f3n por la p\u00e1gina de la tienda.<\/td>\r\n<\/tr>\r\n<tr>\r\n<td><i>tarjeta<\/i><\/td>\r\n<td>Se utiliza en relaci\u00f3n con el carrito de la compra.<\/td>\r\n<\/tr>\r\n<tr>\r\n<td><i>cart_sig<\/i><\/td>\r\n<td>Se utiliza en relaci\u00f3n con el pago.<\/td>\r\n<\/tr>\r\n<tr>\r\n<td><i>cart_ts<\/i><\/td>\r\n<td>Se utiliza en relaci\u00f3n con el pago.<\/td>\r\n<\/tr>\r\n<tr>\r\n<td><i>checkout_token<\/i><\/td>\r\n<td>Se utiliza en relaci\u00f3n con el pago.<\/td>\r\n<\/tr>\r\n<tr>\r\n<td><i>secreto<\/i><\/td>\r\n<td>Se utiliza en relaci\u00f3n con el pago.<\/td>\r\n<\/tr>\r\n<tr>\r\n<td><i>seguro_cliente_sig<\/i><\/td>\r\n<td>Se utiliza en relaci\u00f3n con el inicio de sesi\u00f3n del cliente.<\/td>\r\n<\/tr>\r\n<tr>\r\n<td><i>storefront_digest<\/i><\/td>\r\n<td>Se utiliza en relaci\u00f3n con el inicio de sesi\u00f3n del cliente.<\/td>\r\n<\/tr>\r\n<tr>\r\n<td><i>_shopify_u<\/i><\/td>\r\n<td>Se utiliza para facilitar la actualizaci\u00f3n de la informaci\u00f3n de la cuenta del cliente.<\/td>\r\n<\/tr>\r\n<\/tbody>\r\n<\/table>\r\n<h4>\u00a0<\/h4>\r\n<h4>INFORMES Y ANAL\u00cdTICAS<\/h4>\r\n<table>\r\n<tbody>\r\n<tr>\r\n<th><strong>Nombre<\/strong><\/th>\r\n<th><strong>Funci\u00f3n<\/strong><\/th>\r\n<\/tr>\r\n<tr>\r\n<td><i>_seguimiento_consentimiento<\/i><\/td>\r\n<td>Preferencias de seguimiento.<\/td>\r\n<\/tr>\r\n<tr>\r\n<td><i>_p\u00e1gina de destino<\/i><\/td>\r\n<td>Rastrear p\u00e1ginas de destino.<\/td>\r\n<\/tr>\r\n<tr>\r\n<td><i>_orig_referrer<\/i><\/td>\r\n<td>Rastrear p\u00e1ginas de destino.<\/td>\r\n<\/tr>\r\n<tr>\r\n<td><i>_s<\/i><\/td>\r\n<td>An\u00e1lisis de Shopify.<\/td>\r\n<\/tr>\r\n<tr>\r\n<td><i>_shopify_fs<\/i><\/td>\r\n<td>An\u00e1lisis de Shopify.<\/td>\r\n<\/tr>\r\n<tr>\r\n<td><i>_shopify_s<\/i><\/td>\r\n<td>An\u00e1lisis de Shopify.<\/td>\r\n<\/tr>\r\n<tr>\r\n<td><i>_shopify_sa_p<\/i><\/td>\r\n<td>An\u00e1lisis de Shopify relacionados con marketing y referencias.<\/td>\r\n<\/tr>\r\n<tr>\r\n<td><i>_shopify_sa_t<\/i><\/td>\r\n<td>An\u00e1lisis de Shopify relacionados con marketing y referencias.<\/td>\r\n<\/tr>\r\n<tr>\r\n<td><i>_shopify_y<\/i><\/td>\r\n<td>An\u00e1lisis de Shopify.<\/td>\r\n<\/tr>\r\n<tr>\r\n<td><i>_y<\/i><\/td>\r\n<td>An\u00e1lisis de Shopify.<\/td>\r\n<\/tr>\r\n<\/tbody>\r\n<\/table>\r\n<p>&nbsp;<\/p>\r\n<p>El tiempo que una cookie permanece en su computadora o dispositivo m\u00f3vil depende de si es una cookie &quot;persistente&quot; o de &quot;sesi\u00f3n&quot;. Las cookies de sesi\u00f3n duran hasta que deja de navegar y las cookies persistentes duran hasta que caducan o se eliminan. La mayor\u00eda de las cookies que utilizamos son persistentes y caducan entre 30 minutos y dos a\u00f1os desde la fecha en que se descargan en su dispositivo.<br \/><br \/>Puede controlar y administrar las cookies de varias maneras. Recuerde que eliminar o bloquear las cookies puede afectar negativamente su experiencia de usuario y es posible que ya no se pueda acceder por completo a partes de nuestro sitio web.<br \/><br \/>La mayor\u00eda de los navegadores aceptan autom\u00e1ticamente las cookies, pero puede elegir aceptarlas o no a trav\u00e9s de los controles del navegador, que generalmente se encuentran en el men\u00fa &quot;Herramientas&quot; o &quot;Preferencias&quot; de su navegador. Para obtener m\u00e1s informaci\u00f3n sobre c\u00f3mo modificar la configuraci\u00f3n de su navegador o c\u00f3mo bloquear, administrar o filtrar las cookies, puede encontrarla en el archivo de ayuda de su navegador o en sitios web como\u00a0<a href=\"http:\/\/www.allaboutcookies.org\/\" target=\"_blank\" rel=\"noopener noreferrer\" aria-describedby=\"a11y-new-window-external-message\">www.allaboutcookies.org<\/a>.<br \/><br \/>Adem\u00e1s, tenga en cuenta que es posible que el bloqueo de cookies no impida por completo c\u00f3mo compartimos informaci\u00f3n con terceros, como nuestros socios publicitarios. Para ejercer sus derechos u optar por no recibir ciertos usos de su informaci\u00f3n por parte de estas partes, siga las instrucciones en la secci\u00f3n &quot;Publicidad conductual&quot; anterior.<\/p>\r\n<h3>NO SEGUIR<\/h3>\r\n<p>Tenga en cuenta que debido a que no existe una comprensi\u00f3n constante de la industria sobre c\u00f3mo responder a las se\u00f1ales de &quot;No rastrear&quot;, no cambiamos nuestras pr\u00e1cticas de uso y recopilaci\u00f3n de datos cuando detectamos dicha se\u00f1al en su navegador.<\/p>\r\n<h3>CAMBIOS<\/h3>\r\n<p>Podemos actualizar esta Pol\u00edtica de privacidad de vez en cuando para reflejar, por ejemplo, cambios en nuestras pr\u00e1cticas o por otras razones operativas, legales o reglamentarias.<\/p>\r\n<h3>CONTACTO<\/h3>\r\n<p>Para obtener m\u00e1s informaci\u00f3n sobre nuestras pr\u00e1cticas de privacidad, si tiene preguntas o desea presentar una queja, cont\u00e1ctenos en contact@coletivoamarelo.com o por correo postal utilizando los detalles que se proporcionan a continuaci\u00f3n:<br \/><br \/>R. Capit\u00e3o Leit\u00e3o 74, Lisboa, 1950-052, Portugal<br \/><br \/>\u00daltima actualizaci\u00f3n: 09 de mayo de 2023<br \/><br \/><br \/>Si no est\u00e1 satisfecho con nuestra respuesta a su queja, tiene derecho a presentar su queja ante la autoridad de protecci\u00f3n de datos pertinente. Puede ponerse en contacto con su autoridad local de protecci\u00f3n de datos.<\/p>","protected":false},"excerpt":{"rendered":"<p>Esta Pol\u00edtica de Privacidade descreve como coletivoamarelo.com (o \u201cSite\u201d ou \u201cn\u00f3s\u201d) coleta, usa e divulga suas Informa\u00e7\u00f5es Pessoais quando voc\u00ea visita ou faz uma compra no Site. COLETANDO INFORMA\u00c7\u00d5ES PESSOAIS Quando voc\u00ea visita o Site, coletamos certas informa\u00e7\u00f5es sobre seu dispositivo, sua intera\u00e7\u00e3o com o Site e informa\u00e7\u00f5es necess\u00e1rias para processar suas compras. Tamb\u00e9m podemos [&hellip;]<\/p>\n","protected":false},"author":4,"featured_media":0,"parent":0,"menu_order":0,"comment_status":"closed","ping_status":"open","template":"","meta":{"_et_pb_use_builder":"","_et_pb_old_content":"","_et_gb_content_width":"","footnotes":""},"class_list":["post-3","page","type-page","status-publish","hentry"],"acf":[],"yoast_head":"<!-- This site is optimized with the Yoast SEO Premium plugin v15.3 - https:\/\/yoast.com\/wordpress\/plugins\/seo\/ -->\n<title>Pol\u00edtica de Privacidade &mdash; Coletivo Amarelo<\/title>\n<meta name=\"robots\" content=\"index, follow, max-snippet:-1, max-image-preview:large, max-video-preview:-1\" \/>\n<link rel=\"canonical\" href=\"https:\/\/coletivoamarelo.com\/es\/politica_de_privacidade\/\" \/>\n<meta property=\"og:locale\" content=\"es_ES\" \/>\n<meta property=\"og:type\" content=\"article\" \/>\n<meta property=\"og:title\" content=\"Pol\u00edtica de Privacidade &mdash; Coletivo Amarelo\" \/>\n<meta property=\"og:description\" content=\"Esta Pol\u00edtica de Privacidade descreve como coletivoamarelo.com (o \u201cSite\u201d ou \u201cn\u00f3s\u201d) coleta, usa e divulga suas Informa\u00e7\u00f5es Pessoais quando voc\u00ea visita ou faz uma compra no Site. COLETANDO INFORMA\u00c7\u00d5ES PESSOAIS Quando voc\u00ea visita o Site, coletamos certas informa\u00e7\u00f5es sobre seu dispositivo, sua intera\u00e7\u00e3o com o Site e informa\u00e7\u00f5es necess\u00e1rias para processar suas compras. Tamb\u00e9m podemos [&hellip;]\" \/>\n<meta property=\"og:url\" content=\"https:\/\/coletivoamarelo.com\/es\/politica_de_privacidade\/\" \/>\n<meta property=\"og:site_name\" content=\"Coletivo Amarelo\" \/>\n<meta property=\"article:modified_time\" content=\"2023-05-12T18:34:53+00:00\" \/>\n<meta name=\"twitter:card\" content=\"summary_large_image\" \/>\n<meta name=\"twitter:label1\" content=\"Escrito por\">\n\t<meta name=\"twitter:data1\" content=\"Alexandre Cagnoni\">\n\t<meta name=\"twitter:label2\" content=\"Tiempo de lectura\">\n\t<meta name=\"twitter:data2\" content=\"8 minutos\">\n<script type=\"application\/ld+json\" class=\"yoast-schema-graph\">{\"@context\":\"https:\/\/schema.org\",\"@graph\":[{\"@type\":\"Organization\",\"@id\":\"https:\/\/coletivoamarelo.com\/#organization\",\"name\":\"Coletivo Amarelo\",\"url\":\"https:\/\/coletivoamarelo.com\/\",\"sameAs\":[],\"logo\":{\"@type\":\"ImageObject\",\"@id\":\"https:\/\/coletivoamarelo.com\/#logo\",\"inLanguage\":\"es\",\"url\":\"https:\/\/coletivoamarelo.com\/wp-content\/uploads\/2023\/01\/coletivo-amarelo-logo-04.svg\",\"caption\":\"Coletivo Amarelo\"},\"image\":{\"@id\":\"https:\/\/coletivoamarelo.com\/#logo\"}},{\"@type\":\"WebSite\",\"@id\":\"https:\/\/coletivoamarelo.com\/#website\",\"url\":\"https:\/\/coletivoamarelo.com\/\",\"name\":\"Coletivo Amarelo\",\"description\":\"\",\"publisher\":{\"@id\":\"https:\/\/coletivoamarelo.com\/#organization\"},\"potentialAction\":[{\"@type\":\"SearchAction\",\"target\":\"https:\/\/coletivoamarelo.com\/?s={search_term_string}\",\"query-input\":\"required name=search_term_string\"}],\"inLanguage\":\"es\"},{\"@type\":\"WebPage\",\"@id\":\"https:\/\/coletivoamarelo.com\/politica_de_privacidade\/#webpage\",\"url\":\"https:\/\/coletivoamarelo.com\/politica_de_privacidade\/\",\"name\":\"Pol\\u00edtica de Privacidade &mdash; Coletivo Amarelo\",\"isPartOf\":{\"@id\":\"https:\/\/coletivoamarelo.com\/#website\"},\"datePublished\":\"2023-01-20T16:46:02+00:00\",\"dateModified\":\"2023-05-12T18:34:53+00:00\",\"breadcrumb\":{\"@id\":\"https:\/\/coletivoamarelo.com\/politica_de_privacidade\/#breadcrumb\"},\"inLanguage\":\"es\",\"potentialAction\":[{\"@type\":\"ReadAction\",\"target\":[\"https:\/\/coletivoamarelo.com\/politica_de_privacidade\/\"]}]},{\"@type\":\"BreadcrumbList\",\"@id\":\"https:\/\/coletivoamarelo.com\/politica_de_privacidade\/#breadcrumb\",\"itemListElement\":[{\"@type\":\"ListItem\",\"position\":1,\"item\":{\"@type\":\"WebPage\",\"@id\":\"https:\/\/coletivoamarelo.com\/\",\"url\":\"https:\/\/coletivoamarelo.com\/\",\"name\":\"Home\"}},{\"@type\":\"ListItem\",\"position\":2,\"item\":{\"@type\":\"WebPage\",\"@id\":\"https:\/\/coletivoamarelo.com\/politica_de_privacidade\/\",\"url\":\"https:\/\/coletivoamarelo.com\/politica_de_privacidade\/\",\"name\":\"Pol\\u00edtica de Privacidade\"}}]}]}<\/script>\n<!-- \/ Yoast SEO Premium plugin. -->","jetpack_sharing_enabled":true,"_links":{"self":[{"href":"https:\/\/coletivoamarelo.com\/es\/wp-json\/wp\/v2\/pages\/3","targetHints":{"allow":["GET"]}}],"collection":[{"href":"https:\/\/coletivoamarelo.com\/es\/wp-json\/wp\/v2\/pages"}],"about":[{"href":"https:\/\/coletivoamarelo.com\/es\/wp-json\/wp\/v2\/types\/page"}],"author":[{"embeddable":true,"href":"https:\/\/coletivoamarelo.com\/es\/wp-json\/wp\/v2\/users\/4"}],"replies":[{"embeddable":true,"href":"https:\/\/coletivoamarelo.com\/es\/wp-json\/wp\/v2\/comments?post=3"}],"version-history":[{"count":0,"href":"https:\/\/coletivoamarelo.com\/es\/wp-json\/wp\/v2\/pages\/3\/revisions"}],"wp:attachment":[{"href":"https:\/\/coletivoamarelo.com\/es\/wp-json\/wp\/v2\/media?parent=3"}],"curies":[{"name":"wp","href":"https:\/\/api.w.org\/{rel}","templated":true}]}}