{"id":1915,"date":"2023-05-09T11:47:01","date_gmt":"2023-05-09T11:47:01","guid":{"rendered":"https:\/\/dev.coletivoamarelo.pt\/?page_id=1915"},"modified":"2023-05-09T11:47:01","modified_gmt":"2023-05-09T11:47:01","slug":"politica-de-reembolso","status":"publish","type":"page","link":"https:\/\/coletivoamarelo.com\/es\/politica-de-reembolso\/","title":{"rendered":"Politica de reembolso"},"content":{"rendered":"<p>Si por alg\u00fan motivo no est\u00e1 completamente satisfecho con su compra, tiene derecho a cambiar su fotograf\u00eda u obra de arte, hasta 7 d\u00edas despu\u00e9s de haber recibido el pedido, por una de igual valor despu\u00e9s de devolver la compra a la galer\u00eda en el mismo Condici\u00f3n cuando se vendi\u00f3. Los gastos de env\u00edo para la devoluci\u00f3n deben ser pagados por el cliente, teniendo cuidado de garantizar la integridad de la obra de arte.<\/p>\n<p>En el caso de intercambiar una fotograf\u00eda de pedido especial, es decir, una que normalmente no est\u00e1 disponible, se cobrar\u00e1 una tarifa de laboratorio de 20%.<\/p>\n<p>No emitimos reembolsos en efectivo.<\/p>","protected":false},"excerpt":{"rendered":"<p>Se por algum motivo n\u00e3o ficar totalmente satisfeito com a sua compra, tem o direito de trocar a sua fotografia ou obra de arte, at\u00e9 7 dias ap\u00f3s a recep\u00e7\u00e3o da encomenda, por uma de igual valor ap\u00f3s a devolu\u00e7\u00e3o da compra \u00e0 galeria em mesma condi\u00e7\u00e3o de quando foi vendido. Os custos de envio [&hellip;]<\/p>\n","protected":false},"author":4,"featured_media":0,"parent":0,"menu_order":0,"comment_status":"closed","ping_status":"closed","template":"","meta":{"_et_pb_use_builder":"off","_et_pb_old_content":"","_et_gb_content_width":"","footnotes":""},"class_list":["post-1915","page","type-page","status-publish","hentry"],"acf":[],"yoast_head":"<!-- This site is optimized with the Yoast SEO Premium plugin v15.3 - https:\/\/yoast.com\/wordpress\/plugins\/seo\/ -->\n<title>Pol\u00edtica de Reembolso &mdash; Coletivo Amarelo<\/title>\n<meta name=\"robots\" content=\"index, follow, max-snippet:-1, max-image-preview:large, max-video-preview:-1\" \/>\n<link rel=\"canonical\" href=\"https:\/\/coletivoamarelo.com\/es\/politica-de-reembolso\/\" \/>\n<meta property=\"og:locale\" content=\"es_ES\" \/>\n<meta property=\"og:type\" content=\"article\" \/>\n<meta property=\"og:title\" content=\"Pol\u00edtica de Reembolso &mdash; Coletivo Amarelo\" \/>\n<meta property=\"og:description\" content=\"Se por algum motivo n\u00e3o ficar totalmente satisfeito com a sua compra, tem o direito de trocar a sua fotografia ou obra de arte, at\u00e9 7 dias ap\u00f3s a recep\u00e7\u00e3o da encomenda, por uma de igual valor ap\u00f3s a devolu\u00e7\u00e3o da compra \u00e0 galeria em mesma condi\u00e7\u00e3o de quando foi vendido. Os custos de envio [&hellip;]\" \/>\n<meta property=\"og:url\" content=\"https:\/\/coletivoamarelo.com\/es\/politica-de-reembolso\/\" \/>\n<meta property=\"og:site_name\" content=\"Coletivo Amarelo\" \/>\n<meta name=\"twitter:card\" content=\"summary_large_image\" \/>\n<meta name=\"twitter:label1\" content=\"Escrito por\">\n\t<meta name=\"twitter:data1\" content=\"Alexandre Cagnoni\">\n\t<meta name=\"twitter:label2\" content=\"Tiempo de lectura\">\n\t<meta name=\"twitter:data2\" content=\"0 minutos\">\n<script type=\"application\/ld+json\" class=\"yoast-schema-graph\">{\"@context\":\"https:\/\/schema.org\",\"@graph\":[{\"@type\":\"Organization\",\"@id\":\"https:\/\/coletivoamarelo.com\/#organization\",\"name\":\"Coletivo Amarelo\",\"url\":\"https:\/\/coletivoamarelo.com\/\",\"sameAs\":[],\"logo\":{\"@type\":\"ImageObject\",\"@id\":\"https:\/\/coletivoamarelo.com\/#logo\",\"inLanguage\":\"es\",\"url\":\"https:\/\/coletivoamarelo.com\/wp-content\/uploads\/2023\/01\/coletivo-amarelo-logo-04.svg\",\"caption\":\"Coletivo Amarelo\"},\"image\":{\"@id\":\"https:\/\/coletivoamarelo.com\/#logo\"}},{\"@type\":\"WebSite\",\"@id\":\"https:\/\/coletivoamarelo.com\/#website\",\"url\":\"https:\/\/coletivoamarelo.com\/\",\"name\":\"Coletivo Amarelo\",\"description\":\"\",\"publisher\":{\"@id\":\"https:\/\/coletivoamarelo.com\/#organization\"},\"potentialAction\":[{\"@type\":\"SearchAction\",\"target\":\"https:\/\/coletivoamarelo.com\/?s={search_term_string}\",\"query-input\":\"required name=search_term_string\"}],\"inLanguage\":\"es\"},{\"@type\":\"WebPage\",\"@id\":\"https:\/\/coletivoamarelo.com\/politica-de-reembolso\/#webpage\",\"url\":\"https:\/\/coletivoamarelo.com\/politica-de-reembolso\/\",\"name\":\"Pol\\u00edtica de Reembolso &mdash; Coletivo Amarelo\",\"isPartOf\":{\"@id\":\"https:\/\/coletivoamarelo.com\/#website\"},\"datePublished\":\"2023-05-09T11:47:01+00:00\",\"dateModified\":\"2023-05-09T11:47:01+00:00\",\"breadcrumb\":{\"@id\":\"https:\/\/coletivoamarelo.com\/politica-de-reembolso\/#breadcrumb\"},\"inLanguage\":\"es\",\"potentialAction\":[{\"@type\":\"ReadAction\",\"target\":[\"https:\/\/coletivoamarelo.com\/politica-de-reembolso\/\"]}]},{\"@type\":\"BreadcrumbList\",\"@id\":\"https:\/\/coletivoamarelo.com\/politica-de-reembolso\/#breadcrumb\",\"itemListElement\":[{\"@type\":\"ListItem\",\"position\":1,\"item\":{\"@type\":\"WebPage\",\"@id\":\"https:\/\/coletivoamarelo.com\/\",\"url\":\"https:\/\/coletivoamarelo.com\/\",\"name\":\"Home\"}},{\"@type\":\"ListItem\",\"position\":2,\"item\":{\"@type\":\"WebPage\",\"@id\":\"https:\/\/coletivoamarelo.com\/politica-de-reembolso\/\",\"url\":\"https:\/\/coletivoamarelo.com\/politica-de-reembolso\/\",\"name\":\"Pol\\u00edtica de Reembolso\"}}]}]}<\/script>\n<!-- \/ Yoast SEO Premium plugin. -->","jetpack_sharing_enabled":true,"_links":{"self":[{"href":"https:\/\/coletivoamarelo.com\/es\/wp-json\/wp\/v2\/pages\/1915","targetHints":{"allow":["GET"]}}],"collection":[{"href":"https:\/\/coletivoamarelo.com\/es\/wp-json\/wp\/v2\/pages"}],"about":[{"href":"https:\/\/coletivoamarelo.com\/es\/wp-json\/wp\/v2\/types\/page"}],"author":[{"embeddable":true,"href":"https:\/\/coletivoamarelo.com\/es\/wp-json\/wp\/v2\/users\/4"}],"replies":[{"embeddable":true,"href":"https:\/\/coletivoamarelo.com\/es\/wp-json\/wp\/v2\/comments?post=1915"}],"version-history":[{"count":0,"href":"https:\/\/coletivoamarelo.com\/es\/wp-json\/wp\/v2\/pages\/1915\/revisions"}],"wp:attachment":[{"href":"https:\/\/coletivoamarelo.com\/es\/wp-json\/wp\/v2\/media?parent=1915"}],"curies":[{"name":"wp","href":"https:\/\/api.w.org\/{rel}","templated":true}]}}