{"id":4430,"date":"2025-06-28T14:12:30","date_gmt":"2025-06-28T14:12:30","guid":{"rendered":"https:\/\/coletivoamarelo.com\/?post_type=product&#038;p=4430"},"modified":"2025-10-18T11:12:33","modified_gmt":"2025-10-18T11:12:33","slug":"principe-galo-2021","status":"publish","type":"product","link":"https:\/\/coletivoamarelo.com\/en\/product\/principe-galo-2021\/","title":{"rendered":"Pr\u00edncipe Galo, 2021"},"content":{"rendered":"<p>Acrylic on canvas - 136 x 153cm<\/p>","protected":false},"excerpt":{"rendered":"<p>Acrylic on canvas - 136 x 153cm<\/p>\n<blockquote><p>O \"<strong>Prince Gallo<\/strong>\" results from a search for the non-significance of the image, a resistance to a plausible result, even knowing that in the end the zoomorphic stimuli would prevail, because unconsciously they were already there regardless of orientation. A circular movement of intentions. What I mean is that I can't even remember why this image was made, other than the dilution of my time in the dilution of colors and paints and in the search for some meaning or, in this case, no meaning at all... there is no meaning, there is no why, other than to iron away time in vain.<\/p>\n<p><strong>- Chico Diaz<\/strong><\/p><\/blockquote>\n<div style=\"width: 480px;\" class=\"wp-video\"><video class=\"wp-video-shortcode\" id=\"video-4430-1\" width=\"480\" height=\"848\" preload=\"metadata\" controls=\"controls\"><source type=\"video\/mp4\" src=\"https:\/\/coletivoamarelo.com\/wp-content\/uploads\/2025\/06\/Artist-Speaks-Principe-Galo.mp4?_=1\" \/><a href=\"https:\/\/coletivoamarelo.com\/wp-content\/uploads\/2025\/06\/Artist-Speaks-Principe-Galo.mp4\">https:\/\/coletivoamarelo.com\/wp-content\/uploads\/2025\/06\/Artist-Speaks-Principe-Galo.mp4<\/a><\/video><\/div>","protected":false},"featured_media":4431,"template":"","meta":{"_et_pb_use_builder":"","_et_pb_old_content":"","_et_gb_content_width":""},"product_brand":[],"product_cat":[62],"product_tag":[],"class_list":{"0":"post-4430","1":"product","2":"type-product","3":"status-publish","4":"has-post-thumbnail","6":"product_cat-pintura","7":"cla-autores-chico-diaz","9":"first","10":"instock","11":"shipping-taxable","12":"product-type-simple"},"acf":[],"yoast_head":"<!-- This site is optimized with the Yoast SEO Premium plugin v15.3 - https:\/\/yoast.com\/wordpress\/plugins\/seo\/ -->\n<title>Pr\u00edncipe Galo, 2021 &mdash; Coletivo Amarelo<\/title>\n<meta name=\"robots\" content=\"index, follow, max-snippet:-1, max-image-preview:large, max-video-preview:-1\" \/>\n<link rel=\"canonical\" href=\"https:\/\/coletivoamarelo.com\/en\/product\/principe-galo-2021\/\" \/>\n<meta property=\"og:locale\" content=\"en_US\" \/>\n<meta property=\"og:type\" content=\"article\" \/>\n<meta property=\"og:title\" content=\"Pr\u00edncipe Galo, 2021 &mdash; Coletivo Amarelo\" \/>\n<meta property=\"og:description\" content=\"Acr\u00edlica sobre tela - 136 x 153cm O \u201cPr\u00edncipe-Galo\u201d resulta de uma busca pela n\u00e3o significa\u00e7\u00e3o da imagem ,uma resist\u00eancia ao resultado plaus\u00edvel, mesmo sabendo que ao final os est\u00edmulos zoom\u00f3rficos preponderariam, porque inconscientemente ali j\u00e1 estavam independentemente at\u00e9 mesmo da orienta\u00e7\u00e3o. Movimento circular nas inten\u00e7\u00f5es. O que eu quero dizer que nem mesmo me \u00e9 poss\u00edvel lembrar o porque dessa imagem ter sido elaborada, a n\u00e3o ser a dilui\u00e7\u00e3o de meu tempo na dilui\u00e7\u00e3o das cores e das tintas e na procura de algum ou, no caso, nenhum significado\u2026 n\u00e3o h\u00e1 um sentido, n\u00e3o h\u00e1 um porque, a n\u00e3o ser passar em v\u00e3o, a ferro, o tempo.  - Chico Diaz\" \/>\n<meta property=\"og:url\" content=\"https:\/\/coletivoamarelo.com\/en\/product\/principe-galo-2021\/\" \/>\n<meta property=\"og:site_name\" content=\"Coletivo Amarelo\" \/>\n<meta property=\"article:modified_time\" content=\"2025-10-18T11:12:33+00:00\" \/>\n<meta property=\"og:image\" content=\"https:\/\/coletivoamarelo.com\/wp-content\/uploads\/2025\/06\/Principe-Galo.jpg\" \/>\n\t<meta property=\"og:image:width\" content=\"1436\" \/>\n\t<meta property=\"og:image:height\" content=\"1626\" \/>\n<meta name=\"twitter:card\" content=\"summary_large_image\" \/>\n<meta name=\"twitter:label1\" content=\"Written by\">\n\t<meta name=\"twitter:data1\" content=\"Alexandre Cagnoni\">\n\t<meta name=\"twitter:label2\" content=\"Est. reading time\">\n\t<meta name=\"twitter:data2\" content=\"0 minutes\">\n<script type=\"application\/ld+json\" class=\"yoast-schema-graph\">{\"@context\":\"https:\/\/schema.org\",\"@graph\":[{\"@type\":\"Organization\",\"@id\":\"https:\/\/coletivoamarelo.com\/#organization\",\"name\":\"Coletivo Amarelo\",\"url\":\"https:\/\/coletivoamarelo.com\/\",\"sameAs\":[],\"logo\":{\"@type\":\"ImageObject\",\"@id\":\"https:\/\/coletivoamarelo.com\/#logo\",\"inLanguage\":\"en-US\",\"url\":\"https:\/\/coletivoamarelo.com\/wp-content\/uploads\/2023\/01\/coletivo-amarelo-logo-04.svg\",\"caption\":\"Coletivo Amarelo\"},\"image\":{\"@id\":\"https:\/\/coletivoamarelo.com\/#logo\"}},{\"@type\":\"WebSite\",\"@id\":\"https:\/\/coletivoamarelo.com\/#website\",\"url\":\"https:\/\/coletivoamarelo.com\/\",\"name\":\"Coletivo Amarelo\",\"description\":\"\",\"publisher\":{\"@id\":\"https:\/\/coletivoamarelo.com\/#organization\"},\"potentialAction\":[{\"@type\":\"SearchAction\",\"target\":\"https:\/\/coletivoamarelo.com\/?s={search_term_string}\",\"query-input\":\"required name=search_term_string\"}],\"inLanguage\":\"en-US\"},{\"@type\":\"ImageObject\",\"@id\":\"https:\/\/coletivoamarelo.com\/produto\/principe-galo-2021\/#primaryimage\",\"inLanguage\":\"en-US\",\"url\":\"https:\/\/coletivoamarelo.com\/wp-content\/uploads\/2025\/06\/Principe-Galo.jpg\",\"width\":1436,\"height\":1626},{\"@type\":\"WebPage\",\"@id\":\"https:\/\/coletivoamarelo.com\/produto\/principe-galo-2021\/#webpage\",\"url\":\"https:\/\/coletivoamarelo.com\/produto\/principe-galo-2021\/\",\"name\":\"Pr\\u00edncipe Galo, 2021 &mdash; Coletivo Amarelo\",\"isPartOf\":{\"@id\":\"https:\/\/coletivoamarelo.com\/#website\"},\"primaryImageOfPage\":{\"@id\":\"https:\/\/coletivoamarelo.com\/produto\/principe-galo-2021\/#primaryimage\"},\"datePublished\":\"2025-06-28T14:12:30+00:00\",\"dateModified\":\"2025-10-18T11:12:33+00:00\",\"breadcrumb\":{\"@id\":\"https:\/\/coletivoamarelo.com\/produto\/principe-galo-2021\/#breadcrumb\"},\"inLanguage\":\"en-US\",\"potentialAction\":[{\"@type\":\"ReadAction\",\"target\":[\"https:\/\/coletivoamarelo.com\/produto\/principe-galo-2021\/\"]}]},{\"@type\":\"BreadcrumbList\",\"@id\":\"https:\/\/coletivoamarelo.com\/produto\/principe-galo-2021\/#breadcrumb\",\"itemListElement\":[{\"@type\":\"ListItem\",\"position\":1,\"item\":{\"@type\":\"WebPage\",\"@id\":\"https:\/\/coletivoamarelo.com\/\",\"url\":\"https:\/\/coletivoamarelo.com\/\",\"name\":\"Home\"}},{\"@type\":\"ListItem\",\"position\":2,\"item\":{\"@type\":\"WebPage\",\"@id\":\"https:\/\/coletivoamarelo.com\/colecao\/\",\"url\":\"https:\/\/coletivoamarelo.com\/colecao\/\",\"name\":\"Cole\\u00e7\\u00e3o\"}},{\"@type\":\"ListItem\",\"position\":3,\"item\":{\"@type\":\"WebPage\",\"@id\":\"https:\/\/coletivoamarelo.com\/produto\/principe-galo-2021\/\",\"url\":\"https:\/\/coletivoamarelo.com\/produto\/principe-galo-2021\/\",\"name\":\"Pr\\u00edncipe Galo, 2021\"}}]}]}<\/script>\n<!-- \/ Yoast SEO Premium plugin. -->","jetpack_sharing_enabled":true,"_links":{"self":[{"href":"https:\/\/coletivoamarelo.com\/en\/wp-json\/wp\/v2\/product\/4430","targetHints":{"allow":["GET"]}}],"collection":[{"href":"https:\/\/coletivoamarelo.com\/en\/wp-json\/wp\/v2\/product"}],"about":[{"href":"https:\/\/coletivoamarelo.com\/en\/wp-json\/wp\/v2\/types\/product"}],"wp:featuredmedia":[{"embeddable":true,"href":"https:\/\/coletivoamarelo.com\/en\/wp-json\/wp\/v2\/media\/4431"}],"wp:attachment":[{"href":"https:\/\/coletivoamarelo.com\/en\/wp-json\/wp\/v2\/media?parent=4430"}],"wp:term":[{"taxonomy":"product_brand","embeddable":true,"href":"https:\/\/coletivoamarelo.com\/en\/wp-json\/wp\/v2\/product_brand?post=4430"},{"taxonomy":"product_cat","embeddable":true,"href":"https:\/\/coletivoamarelo.com\/en\/wp-json\/wp\/v2\/product_cat?post=4430"},{"taxonomy":"product_tag","embeddable":true,"href":"https:\/\/coletivoamarelo.com\/en\/wp-json\/wp\/v2\/product_tag?post=4430"}],"curies":[{"name":"wp","href":"https:\/\/api.w.org\/{rel}","templated":true}]}}