{"id":4423,"date":"2025-06-24T23:17:42","date_gmt":"2025-06-24T23:17:42","guid":{"rendered":"https:\/\/coletivoamarelo.com\/?post_type=product&#038;p=4423"},"modified":"2025-07-21T19:44:51","modified_gmt":"2025-07-21T19:44:51","slug":"shape-method-creative-writing","status":"publish","type":"product","link":"https:\/\/coletivoamarelo.com\/en\/product\/shape-method-creative-writing\/","title":{"rendered":"Shape &amp; Method: Creative Writing"},"content":{"rendered":"<table class=\"aligncenter\" style=\"width: 1440px; height: 302px;\">\n<tbody>\n<tr style=\"height: 172px;\">\n<td style=\"width: 164.859px; height: 172px;\"><img loading=\"lazy\" decoding=\"async\" class=\"alignnone wp-image-4424 size-full\" src=\"https:\/\/coletivoamarelo.com\/wp-content\/uploads\/2025\/06\/giulia.jpg\" alt=\"\" width=\"200\" height=\"200\" srcset=\"https:\/\/coletivoamarelo.com\/wp-content\/uploads\/2025\/06\/giulia.jpg 200w, https:\/\/coletivoamarelo.com\/wp-content\/uploads\/2025\/06\/giulia-150x150.jpg 150w, https:\/\/coletivoamarelo.com\/wp-content\/uploads\/2025\/06\/giulia-12x12.jpg 12w, https:\/\/coletivoamarelo.com\/wp-content\/uploads\/2025\/06\/giulia-100x100.jpg 100w\" sizes=\"(max-width: 200px) 100vw, 200px\" \/><\/td>\n<td style=\"width: 12.9844px; height: 172px;\"><strong>\u00a0<\/strong><\/td>\n<td style=\"width: 1240.16px; height: 172px;\"><strong>Giulia Frascino<\/strong> is a multidisciplinary artist, mediator and workshop facilitator focusing on language, visual arts and creative processes. Based in S\u00e3o Paulo, she works between Brazil and Portugal, with an active presence in both S\u00e3o Paulo and Lisbon. Since 2016, she has been developing artistic projects for various audiences - including children, young people and adults - with an emphasis on exploring language as an expressive and educational tool. She conducts individual and collective meetings that interweave word, body and image through sensitive and interdisciplinary processes. She is the founder of <strong>Palavracasa<\/strong>, an atelier dedicated to projects that use words as a starting point for creation - including workshops, drawing, writing and independent publications.<\/td>\n<\/tr>\n<tr>\n<td style=\"width: 164.859px;\"><img loading=\"lazy\" decoding=\"async\" class=\"alignnone size-medium wp-image-4425\" src=\"https:\/\/coletivoamarelo.com\/wp-content\/uploads\/2025\/06\/Stephanie-250x300.jpg\" alt=\"\" width=\"250\" height=\"300\" srcset=\"https:\/\/coletivoamarelo.com\/wp-content\/uploads\/2025\/06\/Stephanie-250x300.jpg 250w, https:\/\/coletivoamarelo.com\/wp-content\/uploads\/2025\/06\/Stephanie-10x12.jpg 10w, https:\/\/coletivoamarelo.com\/wp-content\/uploads\/2025\/06\/Stephanie.jpg 458w\" sizes=\"(max-width: 250px) 100vw, 250px\" \/><\/td>\n<td style=\"width: 12.9844px;\"><strong>\u00a0<\/strong><\/td>\n<td style=\"width: 1240.16px;\"><strong>Stephanie Wruck<\/strong> is an independent writer, curator, English teacher and co-founder of <strong>Yellow Collective<\/strong>is an art gallery dedicated to promoting inclusive and experimental approaches to art, curatorial methodologies and open dialogue about the commercialization of art. Her work focuses on creating more inclusive, affective and experimental ways of studying, sharing and experiencing art. With experience in mentoring artists, curating exhibitions, organizing public programs, participating in international art fairs and consulting for collectors, Stephanie brings a broad and collaborative perspective to the cultural field. Her writings and curatorial projects are grounded in a belief in art's ability to build community, expand perception and imagine new forms of learning and exchange.<\/td>\n<\/tr>\n<\/tbody>\n<\/table>","protected":false},"excerpt":{"rendered":"<blockquote>\n<p data-start=\"0\" data-end=\"154\"><em><strong>It includes the production of a small publication in digital book format with the work done during the workshop + one-to-one mentoring with the mediators after the workshop is over<\/strong><\/em><\/p>\n<\/blockquote>\n<p data-start=\"0\" data-end=\"154\"><strong data-start=\"0\" data-end=\"18\">Shape &amp; Method<\/strong> is a creative writing workshop led by multidisciplinary artist <strong>Giulia Frascino<\/strong> and gallery owner and writer <strong>Stephanie Wruck<\/strong>.<\/p>\n<p data-start=\"156\" data-end=\"341\">Over the course of three collective meetings and a final individual mentoring session, each participant will be invited to deepen their creative research and develop an original poetic text.<\/p>\n<p data-start=\"343\" data-end=\"627\">The workshop offers an immersion in writing and drawing practices as complementary forms of expression. Its aim is to awaken ideas and plant seeds that energize the creative process, culminating in the collective production of a small publication of poetic texts at the end of the course.<\/p>\n<p data-start=\"629\" data-end=\"645\"><strong data-start=\"629\" data-end=\"645\">3 meetings:<\/strong><\/p>\n<ol>\n<li data-start=\"650\" data-end=\"784\"><strong data-start=\"650\" data-end=\"660\">spark<\/strong>introduction to the workshop, visual and conceptual references, exploration of artistic production methods and initial instructions<\/li>\n<li data-start=\"789\" data-end=\"881\"><strong data-start=\"789\" data-end=\"805\">affective-map<\/strong>: creative writing and drawing exercises &amp; exploration of individual themes<\/li>\n<li data-start=\"886\" data-end=\"1039\"><strong data-start=\"886\" data-end=\"904\">final offers<\/strong>: time to stitch everything together and share the final creations. Directions for the next steps &amp; individual mentoring sessions<\/li>\n<\/ol>\n<p data-start=\"682\" data-end=\"828\">DATES: 23\/09, 30\/09 and 07\/10<\/p>\n<p data-start=\"682\" data-end=\"828\">TIME: 20h-22h (Portuguese time)<\/p>\n<p data-start=\"682\" data-end=\"828\">* LIMITED PLACES<\/p>","protected":false},"featured_media":4426,"template":"","meta":{"_et_pb_use_builder":"off","_et_pb_old_content":"<table class=\" aligncenter\">\r\n<tbody>\r\n<tr>\r\n<td style=\"width: 271.016px\"><img class=\" wp-image-4205 alignnone\" src=\"https:\/\/coletivoamarelo.com\/wp-content\/uploads\/2025\/05\/IMG_8956-268x300.jpg\" alt=\"\" width=\"254\" height=\"285\" \/><\/td>\r\n<td style=\"width: 534.984px\">\r\n<p class=\"\" data-start=\"52\" data-end=\"308\"><strong data-start=\"52\" data-end=\"69\">Franka Struys<\/strong> (Roterd\u00e3o, 1966) estudou pintura na Ar.Co, em Lisboa, e \u00e9 mestre em Economia pela Erasmus University. Antes de se dedicar inteiramente \u00e0 arte, trabalhou para o Minist\u00e9rio dos Neg\u00f3cios Estrangeiros dos Pa\u00edses Baixos, em Haia e na Tanz\u00e2nia.<\/p>\r\n<p class=\"\" data-start=\"310\" data-end=\"577\">Desde 2013, o seu trabalho tem sido exposto em Portugal e nos Pa\u00edses Baixos, integrando cole\u00e7\u00f5es municipais e privadas em Portugal, nos Pa\u00edses Baixos e no Reino Unido. Participou em resid\u00eancias art\u00edsticas na RAMA (2021) e est\u00e1 confirmada para a Cortex Frontal (2025).<\/p>\r\n<p class=\"\" data-start=\"310\" data-end=\"577\">A viver em Colares desde 1998, encontra na natureza a sua principal fonte de inspira\u00e7\u00e3o e conduz workshops sobre o uso de pigmentos minerais naturais em t\u00e9cnicas de pintura.<\/p>\r\n<p class=\"\" data-start=\"754\" data-end=\"1017\">Entre os destaques recentes est\u00e3o a exposi\u00e7\u00e3o individual <em data-start=\"811\" data-end=\"825\">Mother Earth<\/em> (Lisboa, 2024), o projeto colaborativo <em data-start=\"865\" data-end=\"881\">Scorched Earth<\/em> (Cascais, 2024) e a participa\u00e7\u00e3o em exposi\u00e7\u00f5es coletivas como <em data-start=\"944\" data-end=\"960\">Corrente de Ar<\/em> (Lisboa) e <em data-start=\"972\" data-end=\"987\">Ever Emerging<\/em> durante a Amsterdam Art Week.<\/p>\r\n<\/td>\r\n<\/tr>\r\n<\/tbody>\r\n<\/table>\r\n[video width=\"540\" height=\"954\" mp4=\"https:\/\/coletivoamarelo.com\/wp-content\/uploads\/2025\/06\/Franka-Struys-Video-.mp4\"][\/video]","_et_gb_content_width":""},"product_brand":[],"product_cat":[130],"product_tag":[136],"class_list":{"0":"post-4423","1":"product","2":"type-product","3":"status-publish","4":"has-post-thumbnail","6":"product_cat-workshops","7":"product_tag-workshops","8":"cla-colections-workshops","10":"first","11":"instock","12":"purchasable","13":"product-type-simple"},"acf":[],"yoast_head":"<!-- This site is optimized with the Yoast SEO Premium plugin v15.3 - https:\/\/yoast.com\/wordpress\/plugins\/seo\/ -->\n<title>Shape &amp; Method: Creative Writing &mdash; Coletivo Amarelo<\/title>\n<meta name=\"robots\" content=\"index, follow, max-snippet:-1, max-image-preview:large, max-video-preview:-1\" \/>\n<link rel=\"canonical\" href=\"https:\/\/coletivoamarelo.com\/en\/product\/shape-method-creative-writing\/\" \/>\n<meta property=\"og:locale\" content=\"en_US\" \/>\n<meta property=\"og:type\" content=\"article\" \/>\n<meta property=\"og:title\" content=\"Shape &amp; Method: Creative Writing &mdash; Coletivo Amarelo\" \/>\n<meta property=\"og:description\" content=\"Inclui a produ\u00e7\u00e3o de uma pequena publica\u00e7\u00e3o em formato de livro digital com os trabalhos realizados durante a oficina + uma mentoria individual com as mediadoras ap\u00f3s o t\u00e9rmino da oficina  Shape &amp; Method \u00e9 uma oficina de escrita criativa conduzida pela artista multidisciplinar Giulia Frascino e pela galerista e escritora Stephanie Wruck. Ao longo de tr\u00eas encontros coletivos e uma mentoria individual final, cada participante ser\u00e1 convidado(a) a aprofundar sua investiga\u00e7\u00e3o criativa e desenvolver um texto po\u00e9tico original. A oficina prop\u00f5e uma imers\u00e3o em pr\u00e1ticas de escrita e desenho como formas complementares de express\u00e3o. Seu objetivo \u00e9 despertar ideias e plantar sementes que energizem o processo criativo, culminando na produ\u00e7\u00e3o coletiva de uma pequena publica\u00e7\u00e3o de textos po\u00e9ticos ao final do curso. 3 encontros:    fa\u00edsca: introdu\u00e7\u00e3o \u00e0 oficina, refer\u00eancias visuais e conceituais, explora\u00e7\u00e3o de m\u00e9todos de produ\u00e7\u00e3o art\u00edstica e instru\u00e7\u00f5es iniciais  mapa-afetivo: exerc\u00edcios de escrita criativa e desenho &amp; explora\u00e7\u00e3o de temas individuais  ofertas finais: momento de costurar tudo e compartilhar as cria\u00e7\u00f5es finais. Direcionamentos para os pr\u00f3ximos passos &amp; sess\u00f5es individuais de mentoria  DATAS: 23\/09, 30\/09 e 07\/10 HOR\u00c1RIO: 20h-22h (Hor\u00e1rio de Portugal) * VAGAS LIMITADAS\" \/>\n<meta property=\"og:url\" content=\"https:\/\/coletivoamarelo.com\/en\/product\/shape-method-creative-writing\/\" \/>\n<meta property=\"og:site_name\" content=\"Coletivo Amarelo\" \/>\n<meta property=\"article:modified_time\" content=\"2025-07-21T19:44:51+00:00\" \/>\n<meta property=\"og:image\" content=\"https:\/\/coletivoamarelo.com\/wp-content\/uploads\/2025\/06\/shapeandmethod.jpg\" \/>\n\t<meta property=\"og:image:width\" content=\"934\" \/>\n\t<meta property=\"og:image:height\" content=\"1168\" \/>\n<meta name=\"twitter:card\" content=\"summary_large_image\" \/>\n<meta name=\"twitter:label1\" content=\"Written by\">\n\t<meta name=\"twitter:data1\" content=\"Alexandre Cagnoni\">\n\t<meta name=\"twitter:label2\" content=\"Est. reading time\">\n\t<meta name=\"twitter:data2\" content=\"1 minute\">\n<script type=\"application\/ld+json\" class=\"yoast-schema-graph\">{\"@context\":\"https:\/\/schema.org\",\"@graph\":[{\"@type\":\"Organization\",\"@id\":\"https:\/\/coletivoamarelo.com\/#organization\",\"name\":\"Coletivo Amarelo\",\"url\":\"https:\/\/coletivoamarelo.com\/\",\"sameAs\":[],\"logo\":{\"@type\":\"ImageObject\",\"@id\":\"https:\/\/coletivoamarelo.com\/#logo\",\"inLanguage\":\"en-US\",\"url\":\"https:\/\/coletivoamarelo.com\/wp-content\/uploads\/2023\/01\/coletivo-amarelo-logo-04.svg\",\"caption\":\"Coletivo Amarelo\"},\"image\":{\"@id\":\"https:\/\/coletivoamarelo.com\/#logo\"}},{\"@type\":\"WebSite\",\"@id\":\"https:\/\/coletivoamarelo.com\/#website\",\"url\":\"https:\/\/coletivoamarelo.com\/\",\"name\":\"Coletivo Amarelo\",\"description\":\"\",\"publisher\":{\"@id\":\"https:\/\/coletivoamarelo.com\/#organization\"},\"potentialAction\":[{\"@type\":\"SearchAction\",\"target\":\"https:\/\/coletivoamarelo.com\/?s={search_term_string}\",\"query-input\":\"required name=search_term_string\"}],\"inLanguage\":\"en-US\"},{\"@type\":\"ImageObject\",\"@id\":\"https:\/\/coletivoamarelo.com\/produto\/shape-method-creative-writing\/#primaryimage\",\"inLanguage\":\"en-US\",\"url\":\"https:\/\/coletivoamarelo.com\/wp-content\/uploads\/2025\/06\/shapeandmethod.jpg\",\"width\":934,\"height\":1168},{\"@type\":\"WebPage\",\"@id\":\"https:\/\/coletivoamarelo.com\/produto\/shape-method-creative-writing\/#webpage\",\"url\":\"https:\/\/coletivoamarelo.com\/produto\/shape-method-creative-writing\/\",\"name\":\"Shape & Method: Creative Writing &mdash; Coletivo Amarelo\",\"isPartOf\":{\"@id\":\"https:\/\/coletivoamarelo.com\/#website\"},\"primaryImageOfPage\":{\"@id\":\"https:\/\/coletivoamarelo.com\/produto\/shape-method-creative-writing\/#primaryimage\"},\"datePublished\":\"2025-06-24T23:17:42+00:00\",\"dateModified\":\"2025-07-21T19:44:51+00:00\",\"breadcrumb\":{\"@id\":\"https:\/\/coletivoamarelo.com\/produto\/shape-method-creative-writing\/#breadcrumb\"},\"inLanguage\":\"en-US\",\"potentialAction\":[{\"@type\":\"ReadAction\",\"target\":[\"https:\/\/coletivoamarelo.com\/produto\/shape-method-creative-writing\/\"]}]},{\"@type\":\"BreadcrumbList\",\"@id\":\"https:\/\/coletivoamarelo.com\/produto\/shape-method-creative-writing\/#breadcrumb\",\"itemListElement\":[{\"@type\":\"ListItem\",\"position\":1,\"item\":{\"@type\":\"WebPage\",\"@id\":\"https:\/\/coletivoamarelo.com\/\",\"url\":\"https:\/\/coletivoamarelo.com\/\",\"name\":\"Home\"}},{\"@type\":\"ListItem\",\"position\":2,\"item\":{\"@type\":\"WebPage\",\"@id\":\"https:\/\/coletivoamarelo.com\/colecao\/\",\"url\":\"https:\/\/coletivoamarelo.com\/colecao\/\",\"name\":\"Cole\\u00e7\\u00e3o\"}},{\"@type\":\"ListItem\",\"position\":3,\"item\":{\"@type\":\"WebPage\",\"@id\":\"https:\/\/coletivoamarelo.com\/produto\/shape-method-creative-writing\/\",\"url\":\"https:\/\/coletivoamarelo.com\/produto\/shape-method-creative-writing\/\",\"name\":\"Shape &#038; Method: Creative Writing\"}}]}]}<\/script>\n<!-- \/ Yoast SEO Premium plugin. -->","jetpack_sharing_enabled":true,"_links":{"self":[{"href":"https:\/\/coletivoamarelo.com\/en\/wp-json\/wp\/v2\/product\/4423","targetHints":{"allow":["GET"]}}],"collection":[{"href":"https:\/\/coletivoamarelo.com\/en\/wp-json\/wp\/v2\/product"}],"about":[{"href":"https:\/\/coletivoamarelo.com\/en\/wp-json\/wp\/v2\/types\/product"}],"wp:featuredmedia":[{"embeddable":true,"href":"https:\/\/coletivoamarelo.com\/en\/wp-json\/wp\/v2\/media\/4426"}],"wp:attachment":[{"href":"https:\/\/coletivoamarelo.com\/en\/wp-json\/wp\/v2\/media?parent=4423"}],"wp:term":[{"taxonomy":"product_brand","embeddable":true,"href":"https:\/\/coletivoamarelo.com\/en\/wp-json\/wp\/v2\/product_brand?post=4423"},{"taxonomy":"product_cat","embeddable":true,"href":"https:\/\/coletivoamarelo.com\/en\/wp-json\/wp\/v2\/product_cat?post=4423"},{"taxonomy":"product_tag","embeddable":true,"href":"https:\/\/coletivoamarelo.com\/en\/wp-json\/wp\/v2\/product_tag?post=4423"}],"curies":[{"name":"wp","href":"https:\/\/api.w.org\/{rel}","templated":true}]}}