{"id":3649,"date":"2024-09-19T14:40:39","date_gmt":"2024-09-19T14:40:39","guid":{"rendered":"https:\/\/coletivoamarelo.com\/?post_type=product&#038;p=3649"},"modified":"2025-11-08T23:34:15","modified_gmt":"2025-11-08T23:34:15","slug":"me-entrego-ao-encanto-2024","status":"publish","type":"product","link":"https:\/\/coletivoamarelo.com\/en\/product\/me-entrego-ao-encanto-2024\/","title":{"rendered":"I surrender to the charm of melody, 2024"},"content":{"rendered":"<p>Acrylic on canvas (100 x 85 cm).<\/p>","protected":false},"excerpt":{"rendered":"<p>Acrylic on canvas (100 x 85 cm).<\/p>\n<blockquote><p>In creating this painting, I thought of an inner dive. I used shades of blue to represent the bottom of the sea as a psychic state of calm and introspection. Mermaids appear as symbols of the deep feminine - beings who dwell between two worlds, the conscious and the unconscious, guardians of secrets, intuition and desire. They represent a sensitive, mysterious, instinctive force that connects us to our deepest layers. Aquatic plants complete this silent and fluid environment.<\/p>\n<p><strong>- Veridiana Leite<\/strong><\/p><\/blockquote>\n<div style=\"width: 480px;\" class=\"wp-video\"><video class=\"wp-video-shortcode\" id=\"video-3649-1\" width=\"480\" height=\"848\" preload=\"metadata\" controls=\"controls\"><source type=\"video\/mp4\" src=\"https:\/\/coletivoamarelo.com\/wp-content\/uploads\/2024\/09\/Artists-Veridiana.mp4?_=1\" \/><a href=\"https:\/\/coletivoamarelo.com\/wp-content\/uploads\/2024\/09\/Artists-Veridiana.mp4\">https:\/\/coletivoamarelo.com\/wp-content\/uploads\/2024\/09\/Artists-Veridiana.mp4<\/a><\/video><\/div>","protected":false},"featured_media":3650,"template":"","meta":{"_et_pb_use_builder":"","_et_pb_old_content":"","_et_gb_content_width":""},"product_brand":[],"product_cat":[62],"product_tag":[],"class_list":{"0":"post-3649","1":"product","2":"type-product","3":"status-publish","4":"has-post-thumbnail","6":"product_cat-pintura","7":"cla-autores-veridiana-leite","8":"cla-colections-aaf-hamburg-2025","10":"first","11":"instock","12":"shipping-taxable","13":"product-type-simple"},"acf":[],"yoast_head":"<!-- This site is optimized with the Yoast SEO Premium plugin v15.3 - https:\/\/yoast.com\/wordpress\/plugins\/seo\/ -->\n<title>Me entrego ao encanto da melodia, 2024 &mdash; Coletivo Amarelo<\/title>\n<meta name=\"robots\" content=\"index, follow, max-snippet:-1, max-image-preview:large, max-video-preview:-1\" \/>\n<link rel=\"canonical\" href=\"https:\/\/coletivoamarelo.com\/en\/product\/me-entrego-ao-encanto-2024\/\" \/>\n<meta property=\"og:locale\" content=\"en_US\" \/>\n<meta property=\"og:type\" content=\"article\" \/>\n<meta property=\"og:title\" content=\"Me entrego ao encanto da melodia, 2024 &mdash; Coletivo Amarelo\" \/>\n<meta property=\"og:description\" content=\"Acr\u00edlica sobre tela (100 x 85 cm). Na cria\u00e7\u00e3o dessa pintura, pensei em um mergulho interior. Usei tons de azul para representar o fundo do mar como um estado ps\u00edquico de calma e introspec\u00e7\u00e3o. As sereias surgem como s\u00edmbolos do feminino profundo \u2014 seres que habitam entre dois mundos, o consciente e o inconsciente, guardi\u00e3s de segredos, da intui\u00e7\u00e3o e do desejo. Representam uma for\u00e7a sens\u00edvel, misteriosa, instintiva, que nos conecta \u00e0s nossas camadas mais profundas. As plantas aqu\u00e1ticas completam esse ambiente silencioso e fluido.  - Veridiana Leite\" \/>\n<meta property=\"og:url\" content=\"https:\/\/coletivoamarelo.com\/en\/product\/me-entrego-ao-encanto-2024\/\" \/>\n<meta property=\"og:site_name\" content=\"Coletivo Amarelo\" \/>\n<meta property=\"article:modified_time\" content=\"2025-11-08T23:34:15+00:00\" \/>\n<meta property=\"og:image\" content=\"https:\/\/coletivoamarelo.com\/wp-content\/uploads\/2024\/09\/Me-entrego-ao-encanto-da-melodia.jpg\" \/>\n\t<meta property=\"og:image:width\" content=\"1242\" \/>\n\t<meta property=\"og:image:height\" content=\"1042\" \/>\n<meta name=\"twitter:card\" content=\"summary_large_image\" \/>\n<meta name=\"twitter:label1\" content=\"Written by\">\n\t<meta name=\"twitter:data1\" content=\"Alexandre Cagnoni\">\n\t<meta name=\"twitter:label2\" content=\"Est. reading time\">\n\t<meta name=\"twitter:data2\" content=\"0 minutes\">\n<script type=\"application\/ld+json\" class=\"yoast-schema-graph\">{\"@context\":\"https:\/\/schema.org\",\"@graph\":[{\"@type\":\"Organization\",\"@id\":\"https:\/\/coletivoamarelo.com\/#organization\",\"name\":\"Coletivo Amarelo\",\"url\":\"https:\/\/coletivoamarelo.com\/\",\"sameAs\":[],\"logo\":{\"@type\":\"ImageObject\",\"@id\":\"https:\/\/coletivoamarelo.com\/#logo\",\"inLanguage\":\"en-US\",\"url\":\"https:\/\/coletivoamarelo.com\/wp-content\/uploads\/2023\/01\/coletivo-amarelo-logo-04.svg\",\"caption\":\"Coletivo Amarelo\"},\"image\":{\"@id\":\"https:\/\/coletivoamarelo.com\/#logo\"}},{\"@type\":\"WebSite\",\"@id\":\"https:\/\/coletivoamarelo.com\/#website\",\"url\":\"https:\/\/coletivoamarelo.com\/\",\"name\":\"Coletivo Amarelo\",\"description\":\"\",\"publisher\":{\"@id\":\"https:\/\/coletivoamarelo.com\/#organization\"},\"potentialAction\":[{\"@type\":\"SearchAction\",\"target\":\"https:\/\/coletivoamarelo.com\/?s={search_term_string}\",\"query-input\":\"required name=search_term_string\"}],\"inLanguage\":\"en-US\"},{\"@type\":\"ImageObject\",\"@id\":\"https:\/\/coletivoamarelo.com\/produto\/me-entrego-ao-encanto-2024\/#primaryimage\",\"inLanguage\":\"en-US\",\"url\":\"https:\/\/coletivoamarelo.com\/wp-content\/uploads\/2024\/09\/Me-entrego-ao-encanto-da-melodia.jpg\",\"width\":1242,\"height\":1042},{\"@type\":\"WebPage\",\"@id\":\"https:\/\/coletivoamarelo.com\/produto\/me-entrego-ao-encanto-2024\/#webpage\",\"url\":\"https:\/\/coletivoamarelo.com\/produto\/me-entrego-ao-encanto-2024\/\",\"name\":\"Me entrego ao encanto da melodia, 2024 &mdash; Coletivo Amarelo\",\"isPartOf\":{\"@id\":\"https:\/\/coletivoamarelo.com\/#website\"},\"primaryImageOfPage\":{\"@id\":\"https:\/\/coletivoamarelo.com\/produto\/me-entrego-ao-encanto-2024\/#primaryimage\"},\"datePublished\":\"2024-09-19T14:40:39+00:00\",\"dateModified\":\"2025-11-08T23:34:15+00:00\",\"breadcrumb\":{\"@id\":\"https:\/\/coletivoamarelo.com\/produto\/me-entrego-ao-encanto-2024\/#breadcrumb\"},\"inLanguage\":\"en-US\",\"potentialAction\":[{\"@type\":\"ReadAction\",\"target\":[\"https:\/\/coletivoamarelo.com\/produto\/me-entrego-ao-encanto-2024\/\"]}]},{\"@type\":\"BreadcrumbList\",\"@id\":\"https:\/\/coletivoamarelo.com\/produto\/me-entrego-ao-encanto-2024\/#breadcrumb\",\"itemListElement\":[{\"@type\":\"ListItem\",\"position\":1,\"item\":{\"@type\":\"WebPage\",\"@id\":\"https:\/\/coletivoamarelo.com\/\",\"url\":\"https:\/\/coletivoamarelo.com\/\",\"name\":\"Home\"}},{\"@type\":\"ListItem\",\"position\":2,\"item\":{\"@type\":\"WebPage\",\"@id\":\"https:\/\/coletivoamarelo.com\/colecao\/\",\"url\":\"https:\/\/coletivoamarelo.com\/colecao\/\",\"name\":\"Cole\\u00e7\\u00e3o\"}},{\"@type\":\"ListItem\",\"position\":3,\"item\":{\"@type\":\"WebPage\",\"@id\":\"https:\/\/coletivoamarelo.com\/produto\/me-entrego-ao-encanto-2024\/\",\"url\":\"https:\/\/coletivoamarelo.com\/produto\/me-entrego-ao-encanto-2024\/\",\"name\":\"Me entrego ao encanto da melodia, 2024\"}}]}]}<\/script>\n<!-- \/ Yoast SEO Premium plugin. -->","jetpack_sharing_enabled":true,"_links":{"self":[{"href":"https:\/\/coletivoamarelo.com\/en\/wp-json\/wp\/v2\/product\/3649","targetHints":{"allow":["GET"]}}],"collection":[{"href":"https:\/\/coletivoamarelo.com\/en\/wp-json\/wp\/v2\/product"}],"about":[{"href":"https:\/\/coletivoamarelo.com\/en\/wp-json\/wp\/v2\/types\/product"}],"wp:featuredmedia":[{"embeddable":true,"href":"https:\/\/coletivoamarelo.com\/en\/wp-json\/wp\/v2\/media\/3650"}],"wp:attachment":[{"href":"https:\/\/coletivoamarelo.com\/en\/wp-json\/wp\/v2\/media?parent=3649"}],"wp:term":[{"taxonomy":"product_brand","embeddable":true,"href":"https:\/\/coletivoamarelo.com\/en\/wp-json\/wp\/v2\/product_brand?post=3649"},{"taxonomy":"product_cat","embeddable":true,"href":"https:\/\/coletivoamarelo.com\/en\/wp-json\/wp\/v2\/product_cat?post=3649"},{"taxonomy":"product_tag","embeddable":true,"href":"https:\/\/coletivoamarelo.com\/en\/wp-json\/wp\/v2\/product_tag?post=3649"}],"curies":[{"name":"wp","href":"https:\/\/api.w.org\/{rel}","templated":true}]}}