{"id":3603,"date":"2024-08-08T14:06:12","date_gmt":"2024-08-08T14:06:12","guid":{"rendered":"https:\/\/coletivoamarelo.com\/?post_type=product&#038;p=3603"},"modified":"2024-09-19T14:08:58","modified_gmt":"2024-09-19T14:08:58","slug":"serie-casas-2024-21-a-28","status":"publish","type":"product","link":"https:\/\/coletivoamarelo.com\/en\/product\/serie-casas-2024-21-a-28\/","title":{"rendered":"Series: Houses, 2024 (#21 to #28)"},"content":{"rendered":"<p>\u201c<em>Only houses explain that there is a word like intimacy<\/em>\u201d Ruy Belo<\/p>\n<p>The little stick figure house, drawn in colored pencil, a somewhat untidy rectangle with a somewhat triangular roof, lost in a random landscape, with sun and clouds in the background. Next to it is a family of stick figures, with their round heads, waving and smiling and often larger than the house itself.<\/p>\n<p>This is the description of almost every human memory about their first graphic drawings.<\/p>\n<p>The house, the family, the landscape.<\/p>\n<p>Three elements that surround us throughout our lives, and also mine. Is it possible to go through the human experience avoiding these elements? I do not believe\u2026<\/p>\n<p>It seems like it&#039;s always been what we&#039;ve been longing for: a roof, a sloping roof, a window perhaps open, and friends or family nearby.<\/p>\n<p>This is the starting point of the research and execution of this series. It all started, once again, with a watercolor notebook, where houses that appeared on my real or digital paths began to be registered.<\/p>\n<p>These houses asked for space, left the notebook and began to be grouped into larger paintings, connecting or disconnecting between them, through bridges, passages, stairs, tunnels.<\/p>\n<p>Only them in the paintings, without any mention of the human figures, who certainly were or still are there. Stains in sinuous waves cover what was, or reveal what is to come.<\/p>\n<p>The houses, designed and confused in this way, are a kind of tribute to our greatest search, a safe place in this world, in this existence.<\/p>\n<p>A home should be the basic precept, the starting point of our dignity, but it is increasingly becoming a luxury. For a variety of reasons, from political and social aspects to the increasingly intense consequences of our neglect of the planet, homes are becoming a privilege. Housing is increasingly under threat, making us even further away from that first childhood ideal.<\/p>\n<p>If it is within four walls that we make our most intimate connections, our deepest pains, our best kept secrets and our most precious memories possible, how will it be possible to live without them?<\/p>\n<p>We are not prepared for the slowdown that is increasingly spreading across the world.<\/p>\n<p>These imaginary houses, cities and paths that appear in these paintings can be what was, what will no longer be or what will be. This great \u201cimaginary map\u201d is an invitation to think together, to open floodgates of imagination to new ways of living possible in the midst of \u201csuch interesting\u201d times.<\/p>","protected":false},"excerpt":{"rendered":"<p>\u201c<em>Only houses explain that there is a word like intimacy<\/em>\u201d Ruy Belo<\/p>\n<ul>\n<li>Houses #21: Watercolor and acrylic on Arches paper, 10.5 x 26 cm<\/li>\n<li>Houses #22: Watercolor and acrylic on Arches paper, 25 x 10 cm<\/li>\n<li>Houses #23: Watercolor and acrylic on Viking A5 paper<\/li>\n<li>Houses #24: Watercolor and acrylic on Viking A5 paper<\/li>\n<li>Houses #25: Watercolor and acrylic on Viking A5 paper<\/li>\n<li>Houses #26: Watercolor and acrylic on Fabriano paper, 12.5 x 18.3 cm<\/li>\n<li>Houses #27: Watercolor and acrylic on Fabriano paper, 18.3 x 12.5 cm<\/li>\n<li>Houses #28: Watercolour and acrylic on Winsor &amp; Newton paper, 30.5 x 22.9 cm<\/li>\n<\/ul>","protected":false},"featured_media":3604,"template":"","meta":{"_et_pb_use_builder":"","_et_pb_old_content":"","_et_gb_content_width":""},"product_brand":[],"product_cat":[62],"product_tag":[],"class_list":{"0":"post-3603","1":"product","2":"type-product","3":"status-publish","4":"has-post-thumbnail","6":"product_cat-pintura","7":"cla-autores-gabriela-albuquerque","9":"first","10":"instock","11":"shipping-taxable","12":"product-type-simple"},"acf":[],"yoast_head":"<!-- This site is optimized with the Yoast SEO Premium plugin v15.3 - https:\/\/yoast.com\/wordpress\/plugins\/seo\/ -->\n<title>S\u00e9rie: Casas, 2024 (#21 a #28) &mdash; Coletivo Amarelo<\/title>\n<meta name=\"robots\" content=\"index, follow, max-snippet:-1, max-image-preview:large, max-video-preview:-1\" \/>\n<link rel=\"canonical\" href=\"https:\/\/coletivoamarelo.com\/en\/product\/serie-casas-2024-21-a-28\/\" \/>\n<meta property=\"og:locale\" content=\"en_US\" \/>\n<meta property=\"og:type\" content=\"article\" \/>\n<meta property=\"og:title\" content=\"S\u00e9rie: Casas, 2024 (#21 a #28) &mdash; Coletivo Amarelo\" \/>\n<meta property=\"og:description\" content=\"\u201cS\u00f3 as casas explicam que exista uma palavra como intimidade\u201d Ruy Belo   Casas #21: Aquarela e acr\u00edlica sobre papel Arches, 10.5 x 26 cm  Casas #22: Aquarela e acr\u00edlica sobre papel Arches, 25 x 10 cm  Casas #23: Aquarela e acr\u00edlica sobre papel Viking A5  Casas #24: Aquarela e acr\u00edlica sobre papel Viking A5  Casas #25: Aquarela e acr\u00edlica sobre papel Viking A5  Casas #26: Aquarela e acr\u00edlica sobre papel Fabriano, 12.5 x 18.3 cm  Casas #27: Aquarela e acr\u00edlica sobre papel Fabriano, 18.3 x 12.5 cm  Casas #28: Aquarela e acr\u00edlica sobre papel Winsor &amp; Newton, 30.5 x 22.9 cm\" \/>\n<meta property=\"og:url\" content=\"https:\/\/coletivoamarelo.com\/en\/product\/serie-casas-2024-21-a-28\/\" \/>\n<meta property=\"og:site_name\" content=\"Coletivo Amarelo\" \/>\n<meta property=\"article:modified_time\" content=\"2024-09-19T14:08:58+00:00\" \/>\n<meta property=\"og:image\" content=\"https:\/\/coletivoamarelo.com\/wp-content\/uploads\/2024\/08\/Casas-28-scaled.jpeg\" \/>\n\t<meta property=\"og:image:width\" content=\"2560\" \/>\n\t<meta property=\"og:image:height\" content=\"1917\" \/>\n<meta name=\"twitter:card\" content=\"summary_large_image\" \/>\n<meta name=\"twitter:label1\" content=\"Written by\">\n\t<meta name=\"twitter:data1\" content=\"Alexandre Cagnoni\">\n\t<meta name=\"twitter:label2\" content=\"Est. reading time\">\n\t<meta name=\"twitter:data2\" content=\"2 minutes\">\n<script type=\"application\/ld+json\" class=\"yoast-schema-graph\">{\"@context\":\"https:\/\/schema.org\",\"@graph\":[{\"@type\":\"Organization\",\"@id\":\"https:\/\/coletivoamarelo.com\/#organization\",\"name\":\"Coletivo Amarelo\",\"url\":\"https:\/\/coletivoamarelo.com\/\",\"sameAs\":[],\"logo\":{\"@type\":\"ImageObject\",\"@id\":\"https:\/\/coletivoamarelo.com\/#logo\",\"inLanguage\":\"en-US\",\"url\":\"https:\/\/coletivoamarelo.com\/wp-content\/uploads\/2023\/01\/coletivo-amarelo-logo-04.svg\",\"caption\":\"Coletivo Amarelo\"},\"image\":{\"@id\":\"https:\/\/coletivoamarelo.com\/#logo\"}},{\"@type\":\"WebSite\",\"@id\":\"https:\/\/coletivoamarelo.com\/#website\",\"url\":\"https:\/\/coletivoamarelo.com\/\",\"name\":\"Coletivo Amarelo\",\"description\":\"\",\"publisher\":{\"@id\":\"https:\/\/coletivoamarelo.com\/#organization\"},\"potentialAction\":[{\"@type\":\"SearchAction\",\"target\":\"https:\/\/coletivoamarelo.com\/?s={search_term_string}\",\"query-input\":\"required name=search_term_string\"}],\"inLanguage\":\"en-US\"},{\"@type\":\"ImageObject\",\"@id\":\"https:\/\/coletivoamarelo.com\/produto\/serie-casas-2024-21-a-28\/#primaryimage\",\"inLanguage\":\"en-US\",\"url\":\"https:\/\/coletivoamarelo.com\/wp-content\/uploads\/2024\/08\/Casas-28-scaled.jpeg\",\"width\":2560,\"height\":1917,\"caption\":\"Aquarela e Acr\\u00edlica sobre papel Winsor e Newton 22,9 x 30,5\"},{\"@type\":\"WebPage\",\"@id\":\"https:\/\/coletivoamarelo.com\/produto\/serie-casas-2024-21-a-28\/#webpage\",\"url\":\"https:\/\/coletivoamarelo.com\/produto\/serie-casas-2024-21-a-28\/\",\"name\":\"S\\u00e9rie: Casas, 2024 (#21 a #28) &mdash; Coletivo Amarelo\",\"isPartOf\":{\"@id\":\"https:\/\/coletivoamarelo.com\/#website\"},\"primaryImageOfPage\":{\"@id\":\"https:\/\/coletivoamarelo.com\/produto\/serie-casas-2024-21-a-28\/#primaryimage\"},\"datePublished\":\"2024-08-08T14:06:12+00:00\",\"dateModified\":\"2024-09-19T14:08:58+00:00\",\"breadcrumb\":{\"@id\":\"https:\/\/coletivoamarelo.com\/produto\/serie-casas-2024-21-a-28\/#breadcrumb\"},\"inLanguage\":\"en-US\",\"potentialAction\":[{\"@type\":\"ReadAction\",\"target\":[\"https:\/\/coletivoamarelo.com\/produto\/serie-casas-2024-21-a-28\/\"]}]},{\"@type\":\"BreadcrumbList\",\"@id\":\"https:\/\/coletivoamarelo.com\/produto\/serie-casas-2024-21-a-28\/#breadcrumb\",\"itemListElement\":[{\"@type\":\"ListItem\",\"position\":1,\"item\":{\"@type\":\"WebPage\",\"@id\":\"https:\/\/coletivoamarelo.com\/\",\"url\":\"https:\/\/coletivoamarelo.com\/\",\"name\":\"Home\"}},{\"@type\":\"ListItem\",\"position\":2,\"item\":{\"@type\":\"WebPage\",\"@id\":\"https:\/\/coletivoamarelo.com\/colecao\/\",\"url\":\"https:\/\/coletivoamarelo.com\/colecao\/\",\"name\":\"Cole\\u00e7\\u00e3o\"}},{\"@type\":\"ListItem\",\"position\":3,\"item\":{\"@type\":\"WebPage\",\"@id\":\"https:\/\/coletivoamarelo.com\/produto\/serie-casas-2024-21-a-28\/\",\"url\":\"https:\/\/coletivoamarelo.com\/produto\/serie-casas-2024-21-a-28\/\",\"name\":\"S\\u00e9rie: Casas, 2024 (#21 a #28)\"}}]}]}<\/script>\n<!-- \/ Yoast SEO Premium plugin. -->","jetpack_sharing_enabled":true,"_links":{"self":[{"href":"https:\/\/coletivoamarelo.com\/en\/wp-json\/wp\/v2\/product\/3603","targetHints":{"allow":["GET"]}}],"collection":[{"href":"https:\/\/coletivoamarelo.com\/en\/wp-json\/wp\/v2\/product"}],"about":[{"href":"https:\/\/coletivoamarelo.com\/en\/wp-json\/wp\/v2\/types\/product"}],"wp:featuredmedia":[{"embeddable":true,"href":"https:\/\/coletivoamarelo.com\/en\/wp-json\/wp\/v2\/media\/3604"}],"wp:attachment":[{"href":"https:\/\/coletivoamarelo.com\/en\/wp-json\/wp\/v2\/media?parent=3603"}],"wp:term":[{"taxonomy":"product_brand","embeddable":true,"href":"https:\/\/coletivoamarelo.com\/en\/wp-json\/wp\/v2\/product_brand?post=3603"},{"taxonomy":"product_cat","embeddable":true,"href":"https:\/\/coletivoamarelo.com\/en\/wp-json\/wp\/v2\/product_cat?post=3603"},{"taxonomy":"product_tag","embeddable":true,"href":"https:\/\/coletivoamarelo.com\/en\/wp-json\/wp\/v2\/product_tag?post=3603"}],"curies":[{"name":"wp","href":"https:\/\/api.w.org\/{rel}","templated":true}]}}