{"id":2653,"date":"2024-02-05T19:27:46","date_gmt":"2024-02-05T19:27:46","guid":{"rendered":"https:\/\/coletivoamarelo.com\/?post_type=product&#038;p=2653"},"modified":"2024-04-03T14:18:46","modified_gmt":"2024-04-03T14:18:46","slug":"inuteis-paisagens-30-2023","status":"publish","type":"product","link":"https:\/\/coletivoamarelo.com\/en\/product\/inuteis-paisagens-30-2023\/","title":{"rendered":"Useless landscapes #30, 2023"},"content":{"rendered":"<p>Oil painting on paper, with frame (41.5 x 32.5 cm)<\/p>\n<p>This painting is part of a special series within \u201cIn\u00fatil Paisagem\u201d, started during the Covid pandemic in 2021.<\/p>\n<p>The exuberant beauty of the Portuguese coast is the surroundings, in the small village where the artist lives, in Cascais. The landscapes of the coast of Guincho and Cabo da Roca are present in many of his works. The memory of the gigantic ocean separating her from her affective roots present in Brazil, and the uncertainty of her return caused by the pandemic, added a layer of melancholy to the paintings, which, despite being exuberant, are always depopulated.<\/p>\n<p>The series \u201cIn\u00fatil Paisagem\u201d was created in reference to the song of the same title by Ant\u00f4nio Carlos Jobim. The lyrics of the song mention this feeling of melancholy and loneliness that the landscape sometimes evokes.<\/p>","protected":false},"excerpt":{"rendered":"<p>Oil painting on paper, with frame (41.5 x 32.5 cm)<\/p>\n<p>This painting is part of a special series within \u201cIn\u00fatil Paisagem\u201d, started during the Covid pandemic in 2021.<\/p>\n<p>The exuberant beauty of the Portuguese coast is the surroundings, in the small village where the artist lives, in Cascais. The landscapes of the coast of Guincho and Cabo da Roca are present in many of his works. The memory of the gigantic ocean separating her from her affective roots present in Brazil, and the uncertainty of her return caused by the pandemic, added a layer of melancholy to the paintings, which, despite being exuberant, are always depopulated.<\/p>\n<p>The series \u201cIn\u00fatil Paisagem\u201d was created in reference to the song of the same title by Ant\u00f4nio Carlos Jobim. The lyrics of the song mention this feeling of melancholy and loneliness that the landscape sometimes evokes.<\/p>\n<ul>\n<li>VAT already included<\/li>\n<\/ul>","protected":false},"featured_media":2654,"template":"","meta":{"_et_pb_use_builder":"","_et_pb_old_content":"","_et_gb_content_width":""},"product_brand":[],"product_cat":[62],"product_tag":[],"class_list":{"0":"post-2653","1":"product","2":"type-product","3":"status-publish","4":"has-post-thumbnail","6":"product_cat-pintura","7":"cla-autores-gabriela-albuquerque","8":"cla-colections-aaf-berlin-2024","9":"cla-colections-aaf-brussels-2024","11":"first","12":"instock","13":"featured","14":"sold-individually","15":"shipping-taxable","16":"product-type-simple"},"acf":[],"yoast_head":"<!-- This site is optimized with the Yoast SEO Premium plugin v15.3 - https:\/\/yoast.com\/wordpress\/plugins\/seo\/ -->\n<title>In\u00fateis paisagens #30, 2023 &mdash; Coletivo Amarelo<\/title>\n<meta name=\"robots\" content=\"index, follow, max-snippet:-1, max-image-preview:large, max-video-preview:-1\" \/>\n<link rel=\"canonical\" href=\"https:\/\/coletivoamarelo.com\/en\/product\/inuteis-paisagens-30-2023\/\" \/>\n<meta property=\"og:locale\" content=\"en_US\" \/>\n<meta property=\"og:type\" content=\"article\" \/>\n<meta property=\"og:title\" content=\"In\u00fateis paisagens #30, 2023 &mdash; Coletivo Amarelo\" \/>\n<meta property=\"og:description\" content=\"Pintura a \u00f3leo sobre papel, com moldura (41.5 x 32.5 cm)  Esta pintura faz parte de uma s\u00e9rie especial dentro de &quot;In\u00fatil Paisagem&quot;, iniciada durante a pandemia de Covid em 2021.  A beleza exuberante da costa portuguesa \u00e9 o entorno, na pequena aldeia em que a artista vive, em Cascais. As paisagens da costa do Guincho e do cabo da Roca est\u00e3o presentes em muitos dos seus trabalhos. A lembran\u00e7a do gigantesco oceano a separ\u00e1-la das suas ra\u00edzes afetivas presentes no Brasil, e a incerteza de retorno provocada pela pandemia, adicionou uma camada de melancolia \u00e0s pinturas, que apesar de exuberantes s\u00e3o sempre despovoadas.  A s\u00e9rie \u201cIn\u00fatil Paisagem\u201d foi criada em refer\u00eancia \u00e0 m\u00fasica de mesmo t\u00edtulo de Ant\u00f4nio Carlos Jobim. A letra da can\u00e7\u00e3o faz men\u00e7\u00e3o a esse sentimento de melancolia e solid\u00e3o que a paisagem, por vezes, evoca.   IVA j\u00e1 incluido\" \/>\n<meta property=\"og:url\" content=\"https:\/\/coletivoamarelo.com\/en\/product\/inuteis-paisagens-30-2023\/\" \/>\n<meta property=\"og:site_name\" content=\"Coletivo Amarelo\" \/>\n<meta property=\"article:modified_time\" content=\"2024-04-03T14:18:46+00:00\" \/>\n<meta property=\"og:image\" content=\"https:\/\/coletivoamarelo.com\/wp-content\/uploads\/2024\/02\/Useless-Landscapes-GALBPAINT035-30.jpg\" \/>\n\t<meta property=\"og:image:width\" content=\"962\" \/>\n\t<meta property=\"og:image:height\" content=\"692\" \/>\n<meta name=\"twitter:card\" content=\"summary_large_image\" \/>\n<meta name=\"twitter:label1\" content=\"Written by\">\n\t<meta name=\"twitter:data1\" content=\"Alexandre Cagnoni\">\n\t<meta name=\"twitter:label2\" content=\"Est. reading time\">\n\t<meta name=\"twitter:data2\" content=\"1 minute\">\n<script type=\"application\/ld+json\" class=\"yoast-schema-graph\">{\"@context\":\"https:\/\/schema.org\",\"@graph\":[{\"@type\":\"Organization\",\"@id\":\"https:\/\/coletivoamarelo.com\/#organization\",\"name\":\"Coletivo Amarelo\",\"url\":\"https:\/\/coletivoamarelo.com\/\",\"sameAs\":[],\"logo\":{\"@type\":\"ImageObject\",\"@id\":\"https:\/\/coletivoamarelo.com\/#logo\",\"inLanguage\":\"en-US\",\"url\":\"https:\/\/coletivoamarelo.com\/wp-content\/uploads\/2023\/01\/coletivo-amarelo-logo-04.svg\",\"caption\":\"Coletivo Amarelo\"},\"image\":{\"@id\":\"https:\/\/coletivoamarelo.com\/#logo\"}},{\"@type\":\"WebSite\",\"@id\":\"https:\/\/coletivoamarelo.com\/#website\",\"url\":\"https:\/\/coletivoamarelo.com\/\",\"name\":\"Coletivo Amarelo\",\"description\":\"\",\"publisher\":{\"@id\":\"https:\/\/coletivoamarelo.com\/#organization\"},\"potentialAction\":[{\"@type\":\"SearchAction\",\"target\":\"https:\/\/coletivoamarelo.com\/?s={search_term_string}\",\"query-input\":\"required name=search_term_string\"}],\"inLanguage\":\"en-US\"},{\"@type\":\"ImageObject\",\"@id\":\"https:\/\/coletivoamarelo.com\/produto\/inuteis-paisagens-30-2023\/#primaryimage\",\"inLanguage\":\"en-US\",\"url\":\"https:\/\/coletivoamarelo.com\/wp-content\/uploads\/2024\/02\/Useless-Landscapes-GALBPAINT035-30.jpg\",\"width\":962,\"height\":692},{\"@type\":\"WebPage\",\"@id\":\"https:\/\/coletivoamarelo.com\/produto\/inuteis-paisagens-30-2023\/#webpage\",\"url\":\"https:\/\/coletivoamarelo.com\/produto\/inuteis-paisagens-30-2023\/\",\"name\":\"In\\u00fateis paisagens #30, 2023 &mdash; Coletivo Amarelo\",\"isPartOf\":{\"@id\":\"https:\/\/coletivoamarelo.com\/#website\"},\"primaryImageOfPage\":{\"@id\":\"https:\/\/coletivoamarelo.com\/produto\/inuteis-paisagens-30-2023\/#primaryimage\"},\"datePublished\":\"2024-02-05T19:27:46+00:00\",\"dateModified\":\"2024-04-03T14:18:46+00:00\",\"breadcrumb\":{\"@id\":\"https:\/\/coletivoamarelo.com\/produto\/inuteis-paisagens-30-2023\/#breadcrumb\"},\"inLanguage\":\"en-US\",\"potentialAction\":[{\"@type\":\"ReadAction\",\"target\":[\"https:\/\/coletivoamarelo.com\/produto\/inuteis-paisagens-30-2023\/\"]}]},{\"@type\":\"BreadcrumbList\",\"@id\":\"https:\/\/coletivoamarelo.com\/produto\/inuteis-paisagens-30-2023\/#breadcrumb\",\"itemListElement\":[{\"@type\":\"ListItem\",\"position\":1,\"item\":{\"@type\":\"WebPage\",\"@id\":\"https:\/\/coletivoamarelo.com\/\",\"url\":\"https:\/\/coletivoamarelo.com\/\",\"name\":\"Home\"}},{\"@type\":\"ListItem\",\"position\":2,\"item\":{\"@type\":\"WebPage\",\"@id\":\"https:\/\/coletivoamarelo.com\/colecao\/\",\"url\":\"https:\/\/coletivoamarelo.com\/colecao\/\",\"name\":\"Cole\\u00e7\\u00e3o\"}},{\"@type\":\"ListItem\",\"position\":3,\"item\":{\"@type\":\"WebPage\",\"@id\":\"https:\/\/coletivoamarelo.com\/produto\/inuteis-paisagens-30-2023\/\",\"url\":\"https:\/\/coletivoamarelo.com\/produto\/inuteis-paisagens-30-2023\/\",\"name\":\"In\\u00fateis paisagens #30, 2023\"}}]}]}<\/script>\n<!-- \/ Yoast SEO Premium plugin. -->","jetpack_sharing_enabled":true,"_links":{"self":[{"href":"https:\/\/coletivoamarelo.com\/en\/wp-json\/wp\/v2\/product\/2653","targetHints":{"allow":["GET"]}}],"collection":[{"href":"https:\/\/coletivoamarelo.com\/en\/wp-json\/wp\/v2\/product"}],"about":[{"href":"https:\/\/coletivoamarelo.com\/en\/wp-json\/wp\/v2\/types\/product"}],"wp:featuredmedia":[{"embeddable":true,"href":"https:\/\/coletivoamarelo.com\/en\/wp-json\/wp\/v2\/media\/2654"}],"wp:attachment":[{"href":"https:\/\/coletivoamarelo.com\/en\/wp-json\/wp\/v2\/media?parent=2653"}],"wp:term":[{"taxonomy":"product_brand","embeddable":true,"href":"https:\/\/coletivoamarelo.com\/en\/wp-json\/wp\/v2\/product_brand?post=2653"},{"taxonomy":"product_cat","embeddable":true,"href":"https:\/\/coletivoamarelo.com\/en\/wp-json\/wp\/v2\/product_cat?post=2653"},{"taxonomy":"product_tag","embeddable":true,"href":"https:\/\/coletivoamarelo.com\/en\/wp-json\/wp\/v2\/product_tag?post=2653"}],"curies":[{"name":"wp","href":"https:\/\/api.w.org\/{rel}","templated":true}]}}