{"id":2177,"date":"2023-06-15T16:59:16","date_gmt":"2023-06-15T16:59:16","guid":{"rendered":"https:\/\/coletivoamarelo.com\/?post_type=product&#038;p=2177"},"modified":"2023-11-26T21:39:51","modified_gmt":"2023-11-26T21:39:51","slug":"brochura-coletivo-amarelo","status":"publish","type":"product","link":"https:\/\/coletivoamarelo.com\/en\/product\/brochura-coletivo-amarelo\/","title":{"rendered":"Yellow Collective Brochure"},"content":{"rendered":"<p>Printed publication in collectible catalog format.<\/p>\n<p>Each exhibition held in our gallery will have a chapter printed which the public is invited to collect, adding them to this brochure. The catalog hardware operates via a binder mechanism, opening and closing, so subsequent pages can be easily added. The brochure includes the first chapter belonging to the inaugural exhibition of the gallery <em>I hope.\u00a0<\/em>The next chapters will be distributed free of charge during the exhibitions, it is only necessary to purchase this brochure.<\/p>\n<p>Prints include risographs, prints on transparencies and special papers. This publication is the result of a collective work, made by artists, designers and curators of Coletivo Amarelo.<\/p>\n<p>&nbsp;<\/p>\n<p>&nbsp;<\/p>","protected":false},"excerpt":{"rendered":"<p>Publica\u00e7\u00e3o impressa em formato de cat\u00e1logo colecion\u00e1vel. Cada exposi\u00e7\u00e3o realizada em nossa galeria, ter\u00e1 um cap\u00edtulo impresso onde o p\u00fablico \u00e9 convidado a colecionar, adicionando-os a essa brochura. A ferragem do cat\u00e1logo opera por meio de um mecanismo de fich\u00e1rio, abrindo e fechando, para que as pr\u00f3ximas p\u00e1ginas possam ser facilmente adicionadas. A brochura inclui [&hellip;]<\/p>\n","protected":false},"featured_media":2169,"template":"","meta":{"_et_pb_use_builder":"","_et_pb_old_content":"","_et_gb_content_width":""},"product_brand":[],"product_cat":[73],"product_tag":[],"class_list":{"0":"post-2177","1":"product","2":"type-product","3":"status-publish","4":"has-post-thumbnail","6":"product_cat-livros-e-catalogos","7":"cla-colections-novidades","9":"first","10":"instock","11":"featured","12":"shipping-taxable","13":"product-type-simple"},"acf":[],"yoast_head":"<!-- This site is optimized with the Yoast SEO Premium plugin v15.3 - https:\/\/yoast.com\/wordpress\/plugins\/seo\/ -->\n<title>Brochura Coletivo Amarelo &mdash; Coletivo Amarelo<\/title>\n<meta name=\"robots\" content=\"index, follow, max-snippet:-1, max-image-preview:large, max-video-preview:-1\" \/>\n<link rel=\"canonical\" href=\"https:\/\/coletivoamarelo.com\/en\/product\/brochura-coletivo-amarelo\/\" \/>\n<meta property=\"og:locale\" content=\"en_US\" \/>\n<meta property=\"og:type\" content=\"article\" \/>\n<meta property=\"og:title\" content=\"Brochura Coletivo Amarelo &mdash; Coletivo Amarelo\" \/>\n<meta property=\"og:description\" content=\"Publica\u00e7\u00e3o impressa em formato de cat\u00e1logo colecion\u00e1vel. Cada exposi\u00e7\u00e3o realizada em nossa galeria, ter\u00e1 um cap\u00edtulo impresso onde o p\u00fablico \u00e9 convidado a colecionar, adicionando-os a essa brochura. A ferragem do cat\u00e1logo opera por meio de um mecanismo de fich\u00e1rio, abrindo e fechando, para que as pr\u00f3ximas p\u00e1ginas possam ser facilmente adicionadas. A brochura inclui [&hellip;]\" \/>\n<meta property=\"og:url\" content=\"https:\/\/coletivoamarelo.com\/en\/product\/brochura-coletivo-amarelo\/\" \/>\n<meta property=\"og:site_name\" content=\"Coletivo Amarelo\" \/>\n<meta property=\"article:modified_time\" content=\"2023-11-26T21:39:51+00:00\" \/>\n<meta property=\"og:image\" content=\"https:\/\/coletivoamarelo.com\/wp-content\/uploads\/2023\/06\/Brochura1.jpg\" \/>\n\t<meta property=\"og:image:width\" content=\"1170\" \/>\n\t<meta property=\"og:image:height\" content=\"1459\" \/>\n<meta name=\"twitter:card\" content=\"summary_large_image\" \/>\n<meta name=\"twitter:label1\" content=\"Written by\">\n\t<meta name=\"twitter:data1\" content=\"Alexandre Cagnoni\">\n\t<meta name=\"twitter:label2\" content=\"Est. reading time\">\n\t<meta name=\"twitter:data2\" content=\"1 minute\">\n<script type=\"application\/ld+json\" class=\"yoast-schema-graph\">{\"@context\":\"https:\/\/schema.org\",\"@graph\":[{\"@type\":\"Organization\",\"@id\":\"https:\/\/coletivoamarelo.com\/#organization\",\"name\":\"Coletivo Amarelo\",\"url\":\"https:\/\/coletivoamarelo.com\/\",\"sameAs\":[],\"logo\":{\"@type\":\"ImageObject\",\"@id\":\"https:\/\/coletivoamarelo.com\/#logo\",\"inLanguage\":\"en-US\",\"url\":\"https:\/\/coletivoamarelo.com\/wp-content\/uploads\/2023\/01\/coletivo-amarelo-logo-04.svg\",\"caption\":\"Coletivo Amarelo\"},\"image\":{\"@id\":\"https:\/\/coletivoamarelo.com\/#logo\"}},{\"@type\":\"WebSite\",\"@id\":\"https:\/\/coletivoamarelo.com\/#website\",\"url\":\"https:\/\/coletivoamarelo.com\/\",\"name\":\"Coletivo Amarelo\",\"description\":\"\",\"publisher\":{\"@id\":\"https:\/\/coletivoamarelo.com\/#organization\"},\"potentialAction\":[{\"@type\":\"SearchAction\",\"target\":\"https:\/\/coletivoamarelo.com\/?s={search_term_string}\",\"query-input\":\"required name=search_term_string\"}],\"inLanguage\":\"en-US\"},{\"@type\":\"ImageObject\",\"@id\":\"https:\/\/coletivoamarelo.com\/produto\/brochura-coletivo-amarelo\/#primaryimage\",\"inLanguage\":\"en-US\",\"url\":\"https:\/\/coletivoamarelo.com\/wp-content\/uploads\/2023\/06\/Brochura1.jpg\",\"width\":1170,\"height\":1459},{\"@type\":\"WebPage\",\"@id\":\"https:\/\/coletivoamarelo.com\/produto\/brochura-coletivo-amarelo\/#webpage\",\"url\":\"https:\/\/coletivoamarelo.com\/produto\/brochura-coletivo-amarelo\/\",\"name\":\"Brochura Coletivo Amarelo &mdash; Coletivo Amarelo\",\"isPartOf\":{\"@id\":\"https:\/\/coletivoamarelo.com\/#website\"},\"primaryImageOfPage\":{\"@id\":\"https:\/\/coletivoamarelo.com\/produto\/brochura-coletivo-amarelo\/#primaryimage\"},\"datePublished\":\"2023-06-15T16:59:16+00:00\",\"dateModified\":\"2023-11-26T21:39:51+00:00\",\"breadcrumb\":{\"@id\":\"https:\/\/coletivoamarelo.com\/produto\/brochura-coletivo-amarelo\/#breadcrumb\"},\"inLanguage\":\"en-US\",\"potentialAction\":[{\"@type\":\"ReadAction\",\"target\":[\"https:\/\/coletivoamarelo.com\/produto\/brochura-coletivo-amarelo\/\"]}]},{\"@type\":\"BreadcrumbList\",\"@id\":\"https:\/\/coletivoamarelo.com\/produto\/brochura-coletivo-amarelo\/#breadcrumb\",\"itemListElement\":[{\"@type\":\"ListItem\",\"position\":1,\"item\":{\"@type\":\"WebPage\",\"@id\":\"https:\/\/coletivoamarelo.com\/\",\"url\":\"https:\/\/coletivoamarelo.com\/\",\"name\":\"Home\"}},{\"@type\":\"ListItem\",\"position\":2,\"item\":{\"@type\":\"WebPage\",\"@id\":\"https:\/\/coletivoamarelo.com\/colecao\/\",\"url\":\"https:\/\/coletivoamarelo.com\/colecao\/\",\"name\":\"Cole\\u00e7\\u00e3o\"}},{\"@type\":\"ListItem\",\"position\":3,\"item\":{\"@type\":\"WebPage\",\"@id\":\"https:\/\/coletivoamarelo.com\/produto\/brochura-coletivo-amarelo\/\",\"url\":\"https:\/\/coletivoamarelo.com\/produto\/brochura-coletivo-amarelo\/\",\"name\":\"Brochura Coletivo Amarelo\"}}]}]}<\/script>\n<!-- \/ Yoast SEO Premium plugin. -->","jetpack_sharing_enabled":true,"_links":{"self":[{"href":"https:\/\/coletivoamarelo.com\/en\/wp-json\/wp\/v2\/product\/2177","targetHints":{"allow":["GET"]}}],"collection":[{"href":"https:\/\/coletivoamarelo.com\/en\/wp-json\/wp\/v2\/product"}],"about":[{"href":"https:\/\/coletivoamarelo.com\/en\/wp-json\/wp\/v2\/types\/product"}],"wp:featuredmedia":[{"embeddable":true,"href":"https:\/\/coletivoamarelo.com\/en\/wp-json\/wp\/v2\/media\/2169"}],"wp:attachment":[{"href":"https:\/\/coletivoamarelo.com\/en\/wp-json\/wp\/v2\/media?parent=2177"}],"wp:term":[{"taxonomy":"product_brand","embeddable":true,"href":"https:\/\/coletivoamarelo.com\/en\/wp-json\/wp\/v2\/product_brand?post=2177"},{"taxonomy":"product_cat","embeddable":true,"href":"https:\/\/coletivoamarelo.com\/en\/wp-json\/wp\/v2\/product_cat?post=2177"},{"taxonomy":"product_tag","embeddable":true,"href":"https:\/\/coletivoamarelo.com\/en\/wp-json\/wp\/v2\/product_tag?post=2177"}],"curies":[{"name":"wp","href":"https:\/\/api.w.org\/{rel}","templated":true}]}}