{"id":1607,"date":"2023-04-14T14:05:52","date_gmt":"2023-04-14T14:05:52","guid":{"rendered":"https:\/\/dev.coletivoamarelo.pt\/?post_type=product&#038;p=1607"},"modified":"2024-05-06T18:28:13","modified_gmt":"2024-05-06T18:28:13","slug":"o-quintal-do-artista","status":"publish","type":"product","link":"https:\/\/coletivoamarelo.com\/en\/product\/o-quintal-do-artista\/","title":{"rendered":"The Artist&#039;s Backyard, 2020"},"content":{"rendered":"<p>During the biggest health crisis of the 21st century, restrictive measures against SARS-COV2 contagion imposed new forms of artistic, professional and recreational production on everyone. It was at this time that our eyes turned to everything that exists where we live. Photographing the backyard is more than an activity resulting from isolation, it is an intention to connect distant artists with spectators through the proximity of a common situation. \u201cFrom my backyard to everyone.\u201d<\/p>\n<p>Photo taken in S\u00e3o Paulo, Brazil, 2020.<\/p>\n<p>Printed on Hahnem\u00fchle Matt Fiber 200 paper. Numbered series, 10 editions.<\/p>","protected":false},"excerpt":{"rendered":"<p>Limited series of 10 photos of the artist&#039;s backyard, available in 4 sizes, printed on certified Hahnem\u00fchle paper.<\/p>\n<ul>\n<li>VAT already included<\/li>\n<\/ul>","protected":false},"featured_media":1612,"template":"","meta":{"_et_pb_use_builder":"","_et_pb_old_content":"","_et_gb_content_width":""},"product_brand":[],"product_cat":[63],"product_tag":[],"class_list":{"0":"post-1607","1":"product","2":"type-product","3":"status-publish","4":"has-post-thumbnail","6":"product_cat-fotografia","7":"cla-autores-eduardo-dias","8":"cla-colections-aaf-amsterdam-2023","9":"cla-colections-edicoes-limitadas","11":"first","12":"instock","13":"featured","14":"shipping-taxable","15":"product-type-variable","16":"has-default-attributes"},"acf":[],"yoast_head":"<!-- This site is optimized with the Yoast SEO Premium plugin v15.3 - https:\/\/yoast.com\/wordpress\/plugins\/seo\/ -->\n<title>O quintal do artista, 2020 &mdash; Coletivo Amarelo<\/title>\n<meta name=\"robots\" content=\"index, follow, max-snippet:-1, max-image-preview:large, max-video-preview:-1\" \/>\n<link rel=\"canonical\" href=\"https:\/\/coletivoamarelo.com\/en\/product\/o-quintal-do-artista\/\" \/>\n<meta property=\"og:locale\" content=\"en_US\" \/>\n<meta property=\"og:type\" content=\"article\" \/>\n<meta property=\"og:title\" content=\"O quintal do artista, 2020 &mdash; Coletivo Amarelo\" \/>\n<meta property=\"og:description\" content=\"S\u00e9rie limitada de 10 fotos do quintal do artista, dispon\u00edvel em 4 tamanhos, impresso em papel Hahnem\u00fchle certificado.   IVA j\u00e1 incluido\" \/>\n<meta property=\"og:url\" content=\"https:\/\/coletivoamarelo.com\/en\/product\/o-quintal-do-artista\/\" \/>\n<meta property=\"og:site_name\" content=\"Coletivo Amarelo\" \/>\n<meta property=\"article:modified_time\" content=\"2024-05-06T18:28:13+00:00\" \/>\n<meta property=\"og:image\" content=\"https:\/\/coletivoamarelo.com\/wp-content\/uploads\/2023\/04\/EDIAPHOTO004.png\" \/>\n\t<meta property=\"og:image:width\" content=\"648\" \/>\n\t<meta property=\"og:image:height\" content=\"962\" \/>\n<meta name=\"twitter:card\" content=\"summary_large_image\" \/>\n<meta name=\"twitter:label1\" content=\"Written by\">\n\t<meta name=\"twitter:data1\" content=\"Alexandre Cagnoni\">\n\t<meta name=\"twitter:label2\" content=\"Est. reading time\">\n\t<meta name=\"twitter:data2\" content=\"0 minutes\">\n<script type=\"application\/ld+json\" class=\"yoast-schema-graph\">{\"@context\":\"https:\/\/schema.org\",\"@graph\":[{\"@type\":\"Organization\",\"@id\":\"https:\/\/coletivoamarelo.com\/#organization\",\"name\":\"Coletivo Amarelo\",\"url\":\"https:\/\/coletivoamarelo.com\/\",\"sameAs\":[],\"logo\":{\"@type\":\"ImageObject\",\"@id\":\"https:\/\/coletivoamarelo.com\/#logo\",\"inLanguage\":\"en-US\",\"url\":\"https:\/\/coletivoamarelo.com\/wp-content\/uploads\/2023\/01\/coletivo-amarelo-logo-04.svg\",\"caption\":\"Coletivo Amarelo\"},\"image\":{\"@id\":\"https:\/\/coletivoamarelo.com\/#logo\"}},{\"@type\":\"WebSite\",\"@id\":\"https:\/\/coletivoamarelo.com\/#website\",\"url\":\"https:\/\/coletivoamarelo.com\/\",\"name\":\"Coletivo Amarelo\",\"description\":\"\",\"publisher\":{\"@id\":\"https:\/\/coletivoamarelo.com\/#organization\"},\"potentialAction\":[{\"@type\":\"SearchAction\",\"target\":\"https:\/\/coletivoamarelo.com\/?s={search_term_string}\",\"query-input\":\"required name=search_term_string\"}],\"inLanguage\":\"en-US\"},{\"@type\":\"ImageObject\",\"@id\":\"https:\/\/coletivoamarelo.com\/produto\/o-quintal-do-artista\/#primaryimage\",\"inLanguage\":\"en-US\",\"url\":\"https:\/\/coletivoamarelo.com\/wp-content\/uploads\/2023\/04\/EDIAPHOTO004.png\",\"width\":648,\"height\":962,\"caption\":\"Quintal do Artista\"},{\"@type\":\"WebPage\",\"@id\":\"https:\/\/coletivoamarelo.com\/produto\/o-quintal-do-artista\/#webpage\",\"url\":\"https:\/\/coletivoamarelo.com\/produto\/o-quintal-do-artista\/\",\"name\":\"O quintal do artista, 2020 &mdash; Coletivo Amarelo\",\"isPartOf\":{\"@id\":\"https:\/\/coletivoamarelo.com\/#website\"},\"primaryImageOfPage\":{\"@id\":\"https:\/\/coletivoamarelo.com\/produto\/o-quintal-do-artista\/#primaryimage\"},\"datePublished\":\"2023-04-14T14:05:52+00:00\",\"dateModified\":\"2024-05-06T18:28:13+00:00\",\"breadcrumb\":{\"@id\":\"https:\/\/coletivoamarelo.com\/produto\/o-quintal-do-artista\/#breadcrumb\"},\"inLanguage\":\"en-US\",\"potentialAction\":[{\"@type\":\"ReadAction\",\"target\":[\"https:\/\/coletivoamarelo.com\/produto\/o-quintal-do-artista\/\"]}]},{\"@type\":\"BreadcrumbList\",\"@id\":\"https:\/\/coletivoamarelo.com\/produto\/o-quintal-do-artista\/#breadcrumb\",\"itemListElement\":[{\"@type\":\"ListItem\",\"position\":1,\"item\":{\"@type\":\"WebPage\",\"@id\":\"https:\/\/coletivoamarelo.com\/\",\"url\":\"https:\/\/coletivoamarelo.com\/\",\"name\":\"Home\"}},{\"@type\":\"ListItem\",\"position\":2,\"item\":{\"@type\":\"WebPage\",\"@id\":\"https:\/\/coletivoamarelo.com\/colecao\/\",\"url\":\"https:\/\/coletivoamarelo.com\/colecao\/\",\"name\":\"Cole\\u00e7\\u00e3o\"}},{\"@type\":\"ListItem\",\"position\":3,\"item\":{\"@type\":\"WebPage\",\"@id\":\"https:\/\/coletivoamarelo.com\/produto\/o-quintal-do-artista\/\",\"url\":\"https:\/\/coletivoamarelo.com\/produto\/o-quintal-do-artista\/\",\"name\":\"O quintal do artista, 2020\"}}]}]}<\/script>\n<!-- \/ Yoast SEO Premium plugin. -->","jetpack_sharing_enabled":true,"_links":{"self":[{"href":"https:\/\/coletivoamarelo.com\/en\/wp-json\/wp\/v2\/product\/1607","targetHints":{"allow":["GET"]}}],"collection":[{"href":"https:\/\/coletivoamarelo.com\/en\/wp-json\/wp\/v2\/product"}],"about":[{"href":"https:\/\/coletivoamarelo.com\/en\/wp-json\/wp\/v2\/types\/product"}],"wp:featuredmedia":[{"embeddable":true,"href":"https:\/\/coletivoamarelo.com\/en\/wp-json\/wp\/v2\/media\/1612"}],"wp:attachment":[{"href":"https:\/\/coletivoamarelo.com\/en\/wp-json\/wp\/v2\/media?parent=1607"}],"wp:term":[{"taxonomy":"product_brand","embeddable":true,"href":"https:\/\/coletivoamarelo.com\/en\/wp-json\/wp\/v2\/product_brand?post=1607"},{"taxonomy":"product_cat","embeddable":true,"href":"https:\/\/coletivoamarelo.com\/en\/wp-json\/wp\/v2\/product_cat?post=1607"},{"taxonomy":"product_tag","embeddable":true,"href":"https:\/\/coletivoamarelo.com\/en\/wp-json\/wp\/v2\/product_tag?post=1607"}],"curies":[{"name":"wp","href":"https:\/\/api.w.org\/{rel}","templated":true}]}}