{"id":3,"date":"2023-01-20T16:46:02","date_gmt":"2023-01-20T16:46:02","guid":{"rendered":"https:\/\/dev.coletivoamarelo.pt\/?page_id=3"},"modified":"2023-05-12T18:34:53","modified_gmt":"2023-05-12T18:34:53","slug":"politica_de_privacidade","status":"publish","type":"page","link":"https:\/\/coletivoamarelo.com\/en\/politica_de_privacidade\/","title":{"rendered":"Privacy Policy"},"content":{"rendered":"<p id=\"tw-target-text\" class=\"tw-data-text tw-text-large tw-ta\"><span class=\"Y2IQFc\">This Privacy Policy describes how colectivoamarelo.com (the \u201cSite\u201d or \u201cwe\u201d) collects, uses and discloses your Personal Information when you visit or make a purchase on the Site.<\/span><\/p>\r\n<h3 id=\"tw-target-text\" class=\"tw-data-text tw-text-large tw-ta wp-block-heading\"><span class=\"Y2IQFc\">COLLECTING PERSONAL INFORMATION<\/span><\/h3>\r\n<p class=\"tw-data-text tw-text-large tw-ta\"><span class=\"Y2IQFc\">When you visit the Site, we collect certain information about your device, your interaction with the Site and information necessary to process your purchases. We may also collect additional information if you contact us for customer support. In this Privacy Policy, we refer to any information that can uniquely identify an individual (including the information below) as \u201cPersonal Information\u201d. See the list below for more information about what Personal Information we collect and why.<\/span><\/p>\r\n<p><span class=\"Y2IQFc\">Device Information<\/span><\/p>\r\n<ul>\r\n<li><span class=\"Y2IQFc\"><strong>Examples of Personal Information collected:<\/strong>\u00a0web browser version, IP address, time zone, cookie information, which websites or products you view, search terms and how you interact with the Site.<\/span><\/li>\r\n<li><span class=\"Y2IQFc\"><strong>Purpose of collection:<\/strong>\u00a0accurately load the Site for you, and perform analysis on your use of our Site for optimization purposes.<\/span><\/li>\r\n<li><span class=\"Y2IQFc\"><strong>Collection source:<\/strong>\u00a0collected automatically when you access our Site using cookies, log files, web beacons, tags or pixels.<\/span><\/li>\r\n<li><span class=\"Y2IQFc\"><strong>Disclosure for commercial purposes:<\/strong>\u00a0shared with our Shopify processor.<\/span><\/li>\r\n<\/ul>\r\n<p><span class=\"Y2IQFc\">Order Information<\/span><\/p>\r\n<ul>\r\n<li><span class=\"Y2IQFc\"><strong>Examples of personal information collected:<\/strong>\u00a0name, billing address, shipping address, payment information (including credit card numbers), email address and telephone number.<\/span><\/li>\r\n<li><span class=\"Y2IQFc\"><strong>Purpose of collection:<\/strong>\u00a0provide you with products or services to fulfill our contract, process your payment information, arrange for shipping and provide you with invoices and\/or order confirmations, communicate with you, screen our orders for potential risk or fraud, and when in accordance with the preferences you have shared with us, provide you with information or advertising relating to our products or services.<\/span><\/li>\r\n<li><span class=\"Y2IQFc\"><strong>Collection source:<\/strong>\u00a0collected from you.<\/span><\/li>\r\n<li><span class=\"Y2IQFc\"><strong>Disclosure for commercial purposes:<\/strong>\u00a0shared with our Shopify processor, address information for the carrier.<\/span><\/li>\r\n<\/ul>\r\n<p><u>Customer Support Information<\/u><\/p>\r\n<ul>\r\n<li><span class=\"Y2IQFc\"><strong>Examples of Personal Information collected:<\/strong>\u00a0contact information such as name, email and phone number<\/span><\/li>\r\n<li><span class=\"Y2IQFc\"><strong>Purpose of collection:<\/strong>\u00a0provide customer support.<\/span><\/li>\r\n<li><span class=\"Y2IQFc\"><strong>Collection source:<\/strong>\u00a0collected from you.<\/span><\/li>\r\n<li><span class=\"Y2IQFc\"><strong>Disclosure for commercial purposes:<\/strong>\u00a0not shared with third parties<\/span><\/li>\r\n<\/ul>\r\n<p><u>Blog information<\/u><\/p>\r\n<ul>\r\n<li><span class=\"Y2IQFc\"><strong>Examples of Personal Information collected:<\/strong>\u00a0contact information such as name, email and phone number<\/span><\/li>\r\n<li><span class=\"Y2IQFc\"><strong>Purpose of collection:<\/strong>\u00a0send blog updates or allow blog comments.<\/span><\/li>\r\n<li><span class=\"Y2IQFc\"><strong>Collection source:<\/strong>\u00a0collected from you.<\/span><\/li>\r\n<li><span class=\"Y2IQFc\"><strong>Disclosure for commercial purposes:<\/strong>\u00a0not shared with third parties<\/span><\/li>\r\n<\/ul>\r\n<h3>SHARING PERSONAL INFORMATION<\/h3>\r\n<p>We share your personal information with service providers to help us provide our services and fulfill our contracts with you, as described above. For example:<\/p>\r\n<ul>\r\n<li>We use Shopify to power our online store. You can read more about how Shopify uses your personal information here:\u00a0<a href=\"https:\/\/www.shopify.com\/legal\/privacy\" target=\"_blank\" rel=\"null noopener\" aria-describedby=\"a11y-new-window-external-message\">https:\/\/www.shopify.com\/legal\/privacy<\/a>.<\/li>\r\n<li>We may share your personal information to comply with applicable laws and regulations, to respond to a subpoena, search warrant or other lawful request for information that we receive, or to protect our rights.<\/li>\r\n<\/ul>\r\n<h3>BEHAVIORAL ADVERTISING<\/h3>\r\n<p>As described above, we use your Personal Information to provide you with targeted advertisements or marketing communications that we believe may be of interest to you. For example:<\/p>\r\n<ul>\r\n<li>We use Google Analytics to help us understand how our customers use the Site. You can read more about how Google uses your personal information here:\u00a0<a href=\"https:\/\/policies.google.com\/privacy\" target=\"_blank\" rel=\"null noopener\" aria-describedby=\"a11y-new-window-external-message\">https:\/\/policies.google.com\/privacy<\/a>.You can also disable Google Analytics here:\u00a0<a href=\"https:\/\/tools.google.com\/%20dlpage\/gaoptout\" target=\"_blank\" rel=\"null noopener\" aria-describedby=\"a11y-new-window-external-message\">https:\/\/tools.google.com\/dlpage\/gaoptout<\/a>.<\/li>\r\n<\/ul>\r\n<p>For more information about how targeted advertising works, you can visit the Network Advertising Initiative (\u201cNAI\u201d) education page at\u00a0<a href=\"http:\/\/www.networkadvertising.org\/understanding-online-advertising\/how-does-it-work\" target=\"_blank\" rel=\"null noopener\" aria-describedby=\"a11y-new-window-external-message\">http:\/\/www.networkadvertising.org\/understanding-online-advertising\/how-does-it-work<\/a>.<br \/><br \/>You can opt out of targeted advertising:<\/p>\r\n<ul>\r\n<li>FACEBOOK -\u00a0<a href=\"https:\/\/www.facebook.com\/settings\/?tab=ads\" target=\"_blank\" rel=\"null noopener\" aria-describedby=\"a11y-new-window-external-message\">https:\/\/www.facebook.com\/settings\/?tab=ads<\/a><\/li>\r\n<li>GOOGLE -\u00a0<a href=\"https:\/\/www.google.com\/settings\/ads\/anonymous\" target=\"_blank\" rel=\"null noopener\" aria-describedby=\"a11y-new-window-external-message\">https:\/\/www.google.com\/settings\/ads\/anonymous<\/a><\/li>\r\n<li>BING \u2013\u00a0<a href=\"https:\/\/advertise.bingads.microsoft.com\/en-us\/resources\/policies\/personalized-ads\" target=\"_blank\" rel=\"null noopener\" aria-describedby=\"a11y-new-window-external-message\">https:\/\/advertise.bingads.microsoft.com\/en-us\/resources\/policies\/personalized-ads<\/a><\/li>\r\n<\/ul>\r\n<p>Additionally, you may opt out of some of these services by visiting the Digital Advertising Alliance opt-out portal at:\u00a0<a href=\"http:\/\/optout.aboutads.info\/\" target=\"_blank\" rel=\"null noopener\" aria-describedby=\"a11y-new-window-external-message\">http:\/\/optout.aboutads.info\/<\/a>.<\/p>\r\n<h3>USING PERSONAL INFORMATION<\/h3>\r\n<p>We use your personal information to provide our services to you, which include: offering products for sale, processing payments, shipping and fulfilling your order, and keeping you updated on new products, services and offers.<\/p>\r\n<h3>LEGAL BASE<\/h3>\r\n<p>In accordance with the General Data Protection Regulation (\u201cGDPR\u201d), if you are a resident of the European Economic Area (\u201cEEA\u201d), we process your personal information under the following legal bases:<\/p>\r\n<ul>\r\n<li>Your permission;<\/li>\r\n<li>The performance of the contract between you and the Site;<\/li>\r\n<li>Compliance with our legal obligations;<\/li>\r\n<li>To protect your vital interests;<\/li>\r\n<li>Perform a task in the public interest;<\/li>\r\n<li>For our legitimate interests, which do not overrule your fundamental rights and freedoms.<\/li>\r\n<\/ul>\r\n<h4>RETENTION<\/h4>\r\n<p>When you place an order through the Site, we will retain your Personal Information for our records unless and until you ask us to delete that information. For more information about your right to opt-out, please see the \u201cYour Rights\u201d section below.<\/p>\r\n<h4>AUTOMATIC DECISION MAKING<\/h4>\r\n<p>If you are a resident of the EEA, you have the right to object to processing based solely on automated decision-making (which includes profiling), where such decision-making has a legal effect on you or significantly affects you.<br \/><br \/>We engage in fully automated decision-making that has a legal or significant effect using customer data.<br \/><br \/>Our Shopify processor uses limited automated decision-making to prevent fraud that has no legal or significant effect on you.<br \/><br \/>Services that include automated decision-making elements include:<\/p>\r\n<ul>\r\n<li>Temporary deny list of IP addresses associated with repeated failed transactions. This deny list persists for a small number of hours.<\/li>\r\n<li>Temporary Deny List of Credit Cards Associated with Denied IP Addresses. This deny list persists for a small number of days.<\/li>\r\n<\/ul>\r\n<h3 id=\"tw-target-text\" class=\"tw-data-text tw-text-large tw-ta\"><span class=\"Y2IQFc\">YOUR RIGHTS<br \/><\/span><\/h3>\r\n<h4 class=\"tw-data-text tw-text-large tw-ta\"><span class=\"Y2IQFc\">GDPR<\/span><\/h4>\r\n<p class=\"tw-data-text tw-text-large tw-ta\"><span class=\"Y2IQFc\">If you are a resident of the EEA, you have the right to access the Personal Information we hold about you, transfer it to a new service, and request that your Personal Information be corrected, updated, or deleted. If you wish to exercise these rights, please contact us using the contact information available on our website.<\/span><\/p>\r\n<p class=\"tw-data-text tw-text-large tw-ta\"><span class=\"Y2IQFc\">Your Personal Information will initially be processed in Ireland and then transferred outside of Europe for further storage and processing, including to Canada and the United States. For more information on how data transfers comply with the GDPR, see Shopify&#039;s GDPR Whitepaper:\u00a0<a href=\"https:\/\/help.shopify.com\/pt-BR\/manual\/your-account\/privacy\/GDPR\" target=\"_blank\" rel=\"noopener noreferrer\" aria-describedby=\"a11y-new-window-external-message\">https:\/\/help.shopify.com\/pt-BR\/manual\/your-account\/privacy\/GDPR<\/a>.<\/span><\/p>\r\n<h4 class=\"tw-data-text tw-text-large tw-ta\"><span class=\"Y2IQFc\">CCPA<\/span><\/h4>\r\n<p class=\"tw-data-text tw-text-large tw-ta\"><span class=\"Y2IQFc\">If you are a California resident, you have the right to access the Personal Information we hold about you (also known as the &#039;Right to Know&#039;), transfer it to a new service, and request that your Personal Information be corrected, updated or deleted. If you wish to exercise these rights, please contact us using the contact information available on our website.<\/span><\/p>\r\n<p class=\"tw-data-text tw-text-large tw-ta\"><span class=\"Y2IQFc\">If you would like to designate an authorized agent to submit these requests on your behalf, please contact us at the same address.<\/span><\/p>\r\n<h3>COOKIES<\/h3>\r\n<p>A cookie is a small amount of information that is downloaded to your computer or device when you visit our Site. We use a number of different cookies, including functional, performance, advertising and social media or content cookies. Cookies make your browsing experience better by allowing the website to remember your actions and preferences (such as login and region selection). This means you don&#039;t have to re-enter this information every time you return to the site or navigate from page to page. Cookies also provide information about how people use the website, for example whether this is their first time visiting or whether they are frequent visitors.<br \/><br \/>We use the following cookies to optimize your experience on our Site and to provide our services.<br \/><br \/><strong>Cookies Necessary for the Functioning of the Store<\/strong><\/p>\r\n<table>\r\n<thead>\r\n<tr>\r\n<th><strong>Name<\/strong><\/th>\r\n<th><strong>Function<\/strong><\/th>\r\n<\/tr>\r\n<\/thead>\r\n<tbody>\r\n<tr>\r\n<td><i>_ab<\/i><\/td>\r\n<td>Used in connection with administrative access.<\/td>\r\n<\/tr>\r\n<tr>\r\n<td><i>_secure_session_id<\/i><\/td>\r\n<td>Used in connection with browsing the store page.<\/td>\r\n<\/tr>\r\n<tr>\r\n<td><i>card<\/i><\/td>\r\n<td>Used in connection with the shopping cart.<\/td>\r\n<\/tr>\r\n<tr>\r\n<td><i>cart_sig<\/i><\/td>\r\n<td>Used in connection with checkout.<\/td>\r\n<\/tr>\r\n<tr>\r\n<td><i>cart_ts<\/i><\/td>\r\n<td>Used in connection with checkout.<\/td>\r\n<\/tr>\r\n<tr>\r\n<td><i>checkout_token<\/i><\/td>\r\n<td>Used in connection with checkout.<\/td>\r\n<\/tr>\r\n<tr>\r\n<td><i>secret<\/i><\/td>\r\n<td>Used in connection with checkout.<\/td>\r\n<\/tr>\r\n<tr>\r\n<td><i>secure_customer_sig<\/i><\/td>\r\n<td>Used in connection with customer login.<\/td>\r\n<\/tr>\r\n<tr>\r\n<td><i>storefront_digest<\/i><\/td>\r\n<td>Used in connection with customer login.<\/td>\r\n<\/tr>\r\n<tr>\r\n<td><i>_shopify_u<\/i><\/td>\r\n<td>Used to facilitate updating customer account information.<\/td>\r\n<\/tr>\r\n<\/tbody>\r\n<\/table>\r\n<h4>\u00a0<\/h4>\r\n<h4>REPORTS AND ANALYTICS<\/h4>\r\n<table>\r\n<tbody>\r\n<tr>\r\n<th><strong>Name<\/strong><\/th>\r\n<th><strong>Function<\/strong><\/th>\r\n<\/tr>\r\n<tr>\r\n<td><i>_tracking_consent<\/i><\/td>\r\n<td>Tracking preferences.<\/td>\r\n<\/tr>\r\n<tr>\r\n<td><i>_landing_page<\/i><\/td>\r\n<td>Crawl landing pages.<\/td>\r\n<\/tr>\r\n<tr>\r\n<td><i>_orig_referrer<\/i><\/td>\r\n<td>Crawl landing pages.<\/td>\r\n<\/tr>\r\n<tr>\r\n<td><i>_s<\/i><\/td>\r\n<td>Shopify analytics.<\/td>\r\n<\/tr>\r\n<tr>\r\n<td><i>_shopify_fs<\/i><\/td>\r\n<td>Shopify analytics.<\/td>\r\n<\/tr>\r\n<tr>\r\n<td><i>_shopify_s<\/i><\/td>\r\n<td>Shopify analytics.<\/td>\r\n<\/tr>\r\n<tr>\r\n<td><i>_shopify_sa_p<\/i><\/td>\r\n<td>Shopify analytics related to marketing ting to marketing &amp; referrals.<\/td>\r\n<\/tr>\r\n<tr>\r\n<td><i>_shopify_sa_t<\/i><\/td>\r\n<td>Shopify analytics related to marketing ting to marketing &amp; referrals.<\/td>\r\n<\/tr>\r\n<tr>\r\n<td><i>_shopify_y<\/i><\/td>\r\n<td>Shopify analytics.<\/td>\r\n<\/tr>\r\n<tr>\r\n<td><i>_y<\/i><\/td>\r\n<td>Shopify analytics.<\/td>\r\n<\/tr>\r\n<\/tbody>\r\n<\/table>\r\n<p>&nbsp;<\/p>\r\n<p>How long a cookie remains on your computer or mobile device depends on whether it is a &quot;persistent&quot; or &quot;session&quot; cookie. Session cookies last until you stop browsing and persistent cookies last until they expire or are deleted. Most of the cookies we use are persistent and expire between 30 minutes and two years from the date they are downloaded to your device.<br \/><br \/>You can control and manage cookies in several ways. Please remember that removing or blocking cookies may negatively affect your user experience and parts of our website may no longer be fully accessible.<br \/><br \/>Most browsers automatically accept cookies, but you can choose whether or not to accept cookies through browser controls, usually found in the &quot;Tools&quot; or &quot;Preferences&quot; menu of your browser. For more information on how to modify your browser settings or how to block, manage or filter cookies, you can find in your browser&#039;s help file or on websites such as\u00a0<a href=\"http:\/\/www.allaboutcookies.org\/\" target=\"_blank\" rel=\"noopener noreferrer\" aria-describedby=\"a11y-new-window-external-message\">www.allaboutcookies.org<\/a>.<br \/><br \/>Also, please note that blocking cookies may not completely prevent how we share information with third parties, such as our advertising partners. To exercise your rights or opt out of certain uses of your information by these parties, please follow the instructions in the \u201cBehavioral Advertising\u201d section above.<\/p>\r\n<h3>DO NOT TRACK<\/h3>\r\n<p>Please note that because there is no consistent industry understanding of how to respond to \u201cDo Not Track\u201d signals, we do not change our data collection and usage practices when we detect such a signal on your browser.<\/p>\r\n<h3>CHANGES<\/h3>\r\n<p>We may update this Privacy Policy from time to time to reflect, for example, changes in our practices or for other operational, legal or regulatory reasons.<\/p>\r\n<h3>CONTACT<\/h3>\r\n<p>For more information about our privacy practices, if you have questions or would like to make a complaint, please contact us at contact@coletivoamarelo.com or by post using the details provided below:<br \/><br \/>R. Capit\u00e3o Leit\u00e3o 74, Lisbon, 1950-052, Portugal<br \/><br \/>Last updated: May 09, 2023<br \/><br \/><br \/>If you are not satisfied with our response to your complaint, you have the right to raise your complaint with the relevant data protection authority. You can contact your local data protection authority.<\/p>","protected":false},"excerpt":{"rendered":"<p>Esta Pol\u00edtica de Privacidade descreve como coletivoamarelo.com (o \u201cSite\u201d ou \u201cn\u00f3s\u201d) coleta, usa e divulga suas Informa\u00e7\u00f5es Pessoais quando voc\u00ea visita ou faz uma compra no Site. COLETANDO INFORMA\u00c7\u00d5ES PESSOAIS Quando voc\u00ea visita o Site, coletamos certas informa\u00e7\u00f5es sobre seu dispositivo, sua intera\u00e7\u00e3o com o Site e informa\u00e7\u00f5es necess\u00e1rias para processar suas compras. Tamb\u00e9m podemos [&hellip;]<\/p>\n","protected":false},"author":4,"featured_media":0,"parent":0,"menu_order":0,"comment_status":"closed","ping_status":"open","template":"","meta":{"_et_pb_use_builder":"","_et_pb_old_content":"","_et_gb_content_width":"","footnotes":""},"class_list":["post-3","page","type-page","status-publish","hentry"],"acf":[],"yoast_head":"<!-- This site is optimized with the Yoast SEO Premium plugin v15.3 - https:\/\/yoast.com\/wordpress\/plugins\/seo\/ -->\n<title>Pol\u00edtica de Privacidade &mdash; Coletivo Amarelo<\/title>\n<meta name=\"robots\" content=\"index, follow, max-snippet:-1, max-image-preview:large, max-video-preview:-1\" \/>\n<link rel=\"canonical\" href=\"https:\/\/coletivoamarelo.com\/en\/politica_de_privacidade\/\" \/>\n<meta property=\"og:locale\" content=\"en_US\" \/>\n<meta property=\"og:type\" content=\"article\" \/>\n<meta property=\"og:title\" content=\"Pol\u00edtica de Privacidade &mdash; Coletivo Amarelo\" \/>\n<meta property=\"og:description\" content=\"Esta Pol\u00edtica de Privacidade descreve como coletivoamarelo.com (o \u201cSite\u201d ou \u201cn\u00f3s\u201d) coleta, usa e divulga suas Informa\u00e7\u00f5es Pessoais quando voc\u00ea visita ou faz uma compra no Site. COLETANDO INFORMA\u00c7\u00d5ES PESSOAIS Quando voc\u00ea visita o Site, coletamos certas informa\u00e7\u00f5es sobre seu dispositivo, sua intera\u00e7\u00e3o com o Site e informa\u00e7\u00f5es necess\u00e1rias para processar suas compras. Tamb\u00e9m podemos [&hellip;]\" \/>\n<meta property=\"og:url\" content=\"https:\/\/coletivoamarelo.com\/en\/politica_de_privacidade\/\" \/>\n<meta property=\"og:site_name\" content=\"Coletivo Amarelo\" \/>\n<meta property=\"article:modified_time\" content=\"2023-05-12T18:34:53+00:00\" \/>\n<meta name=\"twitter:card\" content=\"summary_large_image\" \/>\n<meta name=\"twitter:label1\" content=\"Written by\">\n\t<meta name=\"twitter:data1\" content=\"Alexandre Cagnoni\">\n\t<meta name=\"twitter:label2\" content=\"Est. reading time\">\n\t<meta name=\"twitter:data2\" content=\"8 minutes\">\n<script type=\"application\/ld+json\" class=\"yoast-schema-graph\">{\"@context\":\"https:\/\/schema.org\",\"@graph\":[{\"@type\":\"Organization\",\"@id\":\"https:\/\/coletivoamarelo.com\/#organization\",\"name\":\"Coletivo Amarelo\",\"url\":\"https:\/\/coletivoamarelo.com\/\",\"sameAs\":[],\"logo\":{\"@type\":\"ImageObject\",\"@id\":\"https:\/\/coletivoamarelo.com\/#logo\",\"inLanguage\":\"en-US\",\"url\":\"https:\/\/coletivoamarelo.com\/wp-content\/uploads\/2023\/01\/coletivo-amarelo-logo-04.svg\",\"caption\":\"Coletivo Amarelo\"},\"image\":{\"@id\":\"https:\/\/coletivoamarelo.com\/#logo\"}},{\"@type\":\"WebSite\",\"@id\":\"https:\/\/coletivoamarelo.com\/#website\",\"url\":\"https:\/\/coletivoamarelo.com\/\",\"name\":\"Coletivo Amarelo\",\"description\":\"\",\"publisher\":{\"@id\":\"https:\/\/coletivoamarelo.com\/#organization\"},\"potentialAction\":[{\"@type\":\"SearchAction\",\"target\":\"https:\/\/coletivoamarelo.com\/?s={search_term_string}\",\"query-input\":\"required name=search_term_string\"}],\"inLanguage\":\"en-US\"},{\"@type\":\"WebPage\",\"@id\":\"https:\/\/coletivoamarelo.com\/politica_de_privacidade\/#webpage\",\"url\":\"https:\/\/coletivoamarelo.com\/politica_de_privacidade\/\",\"name\":\"Pol\\u00edtica de Privacidade &mdash; Coletivo Amarelo\",\"isPartOf\":{\"@id\":\"https:\/\/coletivoamarelo.com\/#website\"},\"datePublished\":\"2023-01-20T16:46:02+00:00\",\"dateModified\":\"2023-05-12T18:34:53+00:00\",\"breadcrumb\":{\"@id\":\"https:\/\/coletivoamarelo.com\/politica_de_privacidade\/#breadcrumb\"},\"inLanguage\":\"en-US\",\"potentialAction\":[{\"@type\":\"ReadAction\",\"target\":[\"https:\/\/coletivoamarelo.com\/politica_de_privacidade\/\"]}]},{\"@type\":\"BreadcrumbList\",\"@id\":\"https:\/\/coletivoamarelo.com\/politica_de_privacidade\/#breadcrumb\",\"itemListElement\":[{\"@type\":\"ListItem\",\"position\":1,\"item\":{\"@type\":\"WebPage\",\"@id\":\"https:\/\/coletivoamarelo.com\/\",\"url\":\"https:\/\/coletivoamarelo.com\/\",\"name\":\"Home\"}},{\"@type\":\"ListItem\",\"position\":2,\"item\":{\"@type\":\"WebPage\",\"@id\":\"https:\/\/coletivoamarelo.com\/politica_de_privacidade\/\",\"url\":\"https:\/\/coletivoamarelo.com\/politica_de_privacidade\/\",\"name\":\"Pol\\u00edtica de Privacidade\"}}]}]}<\/script>\n<!-- \/ Yoast SEO Premium plugin. -->","jetpack_sharing_enabled":true,"_links":{"self":[{"href":"https:\/\/coletivoamarelo.com\/en\/wp-json\/wp\/v2\/pages\/3","targetHints":{"allow":["GET"]}}],"collection":[{"href":"https:\/\/coletivoamarelo.com\/en\/wp-json\/wp\/v2\/pages"}],"about":[{"href":"https:\/\/coletivoamarelo.com\/en\/wp-json\/wp\/v2\/types\/page"}],"author":[{"embeddable":true,"href":"https:\/\/coletivoamarelo.com\/en\/wp-json\/wp\/v2\/users\/4"}],"replies":[{"embeddable":true,"href":"https:\/\/coletivoamarelo.com\/en\/wp-json\/wp\/v2\/comments?post=3"}],"version-history":[{"count":0,"href":"https:\/\/coletivoamarelo.com\/en\/wp-json\/wp\/v2\/pages\/3\/revisions"}],"wp:attachment":[{"href":"https:\/\/coletivoamarelo.com\/en\/wp-json\/wp\/v2\/media?parent=3"}],"curies":[{"name":"wp","href":"https:\/\/api.w.org\/{rel}","templated":true}]}}