{"id":1915,"date":"2023-05-09T11:47:01","date_gmt":"2023-05-09T11:47:01","guid":{"rendered":"https:\/\/dev.coletivoamarelo.pt\/?page_id=1915"},"modified":"2023-05-09T11:47:01","modified_gmt":"2023-05-09T11:47:01","slug":"politica-de-reembolso","status":"publish","type":"page","link":"https:\/\/coletivoamarelo.com\/en\/politica-de-reembolso\/","title":{"rendered":"Refund Policy"},"content":{"rendered":"<p>If for some reason you are not completely satisfied with your purchase, you have the right to exchange your photograph or work of art, up to 7 days after receiving the order, for one of equal value after returning the purchase to the gallery in the same condition. when it was sold. Shipping costs for the return must be paid by the customer, with care being taken to ensure the integrity of the artwork.<\/p>\n<p>In the case of exchanging a special order photograph, ie one that is not normally available, a laboratory fee of 20% will be charged.<\/p>\n<p>We do not issue cash refunds.<\/p>","protected":false},"excerpt":{"rendered":"<p>Se por algum motivo n\u00e3o ficar totalmente satisfeito com a sua compra, tem o direito de trocar a sua fotografia ou obra de arte, at\u00e9 7 dias ap\u00f3s a recep\u00e7\u00e3o da encomenda, por uma de igual valor ap\u00f3s a devolu\u00e7\u00e3o da compra \u00e0 galeria em mesma condi\u00e7\u00e3o de quando foi vendido. Os custos de envio [&hellip;]<\/p>\n","protected":false},"author":4,"featured_media":0,"parent":0,"menu_order":0,"comment_status":"closed","ping_status":"closed","template":"","meta":{"_et_pb_use_builder":"off","_et_pb_old_content":"","_et_gb_content_width":"","footnotes":""},"class_list":["post-1915","page","type-page","status-publish","hentry"],"acf":[],"yoast_head":"<!-- This site is optimized with the Yoast SEO Premium plugin v15.3 - https:\/\/yoast.com\/wordpress\/plugins\/seo\/ -->\n<title>Pol\u00edtica de Reembolso &mdash; Coletivo Amarelo<\/title>\n<meta name=\"robots\" content=\"index, follow, max-snippet:-1, max-image-preview:large, max-video-preview:-1\" \/>\n<link rel=\"canonical\" href=\"https:\/\/coletivoamarelo.com\/en\/politica-de-reembolso\/\" \/>\n<meta property=\"og:locale\" content=\"en_US\" \/>\n<meta property=\"og:type\" content=\"article\" \/>\n<meta property=\"og:title\" content=\"Pol\u00edtica de Reembolso &mdash; Coletivo Amarelo\" \/>\n<meta property=\"og:description\" content=\"Se por algum motivo n\u00e3o ficar totalmente satisfeito com a sua compra, tem o direito de trocar a sua fotografia ou obra de arte, at\u00e9 7 dias ap\u00f3s a recep\u00e7\u00e3o da encomenda, por uma de igual valor ap\u00f3s a devolu\u00e7\u00e3o da compra \u00e0 galeria em mesma condi\u00e7\u00e3o de quando foi vendido. Os custos de envio [&hellip;]\" \/>\n<meta property=\"og:url\" content=\"https:\/\/coletivoamarelo.com\/en\/politica-de-reembolso\/\" \/>\n<meta property=\"og:site_name\" content=\"Coletivo Amarelo\" \/>\n<meta name=\"twitter:card\" content=\"summary_large_image\" \/>\n<meta name=\"twitter:label1\" content=\"Written by\">\n\t<meta name=\"twitter:data1\" content=\"Alexandre Cagnoni\">\n\t<meta name=\"twitter:label2\" content=\"Est. reading time\">\n\t<meta name=\"twitter:data2\" content=\"0 minutes\">\n<script type=\"application\/ld+json\" class=\"yoast-schema-graph\">{\"@context\":\"https:\/\/schema.org\",\"@graph\":[{\"@type\":\"Organization\",\"@id\":\"https:\/\/coletivoamarelo.com\/#organization\",\"name\":\"Coletivo Amarelo\",\"url\":\"https:\/\/coletivoamarelo.com\/\",\"sameAs\":[],\"logo\":{\"@type\":\"ImageObject\",\"@id\":\"https:\/\/coletivoamarelo.com\/#logo\",\"inLanguage\":\"en-US\",\"url\":\"https:\/\/coletivoamarelo.com\/wp-content\/uploads\/2023\/01\/coletivo-amarelo-logo-04.svg\",\"caption\":\"Coletivo Amarelo\"},\"image\":{\"@id\":\"https:\/\/coletivoamarelo.com\/#logo\"}},{\"@type\":\"WebSite\",\"@id\":\"https:\/\/coletivoamarelo.com\/#website\",\"url\":\"https:\/\/coletivoamarelo.com\/\",\"name\":\"Coletivo Amarelo\",\"description\":\"\",\"publisher\":{\"@id\":\"https:\/\/coletivoamarelo.com\/#organization\"},\"potentialAction\":[{\"@type\":\"SearchAction\",\"target\":\"https:\/\/coletivoamarelo.com\/?s={search_term_string}\",\"query-input\":\"required name=search_term_string\"}],\"inLanguage\":\"en-US\"},{\"@type\":\"WebPage\",\"@id\":\"https:\/\/coletivoamarelo.com\/politica-de-reembolso\/#webpage\",\"url\":\"https:\/\/coletivoamarelo.com\/politica-de-reembolso\/\",\"name\":\"Pol\\u00edtica de Reembolso &mdash; Coletivo Amarelo\",\"isPartOf\":{\"@id\":\"https:\/\/coletivoamarelo.com\/#website\"},\"datePublished\":\"2023-05-09T11:47:01+00:00\",\"dateModified\":\"2023-05-09T11:47:01+00:00\",\"breadcrumb\":{\"@id\":\"https:\/\/coletivoamarelo.com\/politica-de-reembolso\/#breadcrumb\"},\"inLanguage\":\"en-US\",\"potentialAction\":[{\"@type\":\"ReadAction\",\"target\":[\"https:\/\/coletivoamarelo.com\/politica-de-reembolso\/\"]}]},{\"@type\":\"BreadcrumbList\",\"@id\":\"https:\/\/coletivoamarelo.com\/politica-de-reembolso\/#breadcrumb\",\"itemListElement\":[{\"@type\":\"ListItem\",\"position\":1,\"item\":{\"@type\":\"WebPage\",\"@id\":\"https:\/\/coletivoamarelo.com\/\",\"url\":\"https:\/\/coletivoamarelo.com\/\",\"name\":\"Home\"}},{\"@type\":\"ListItem\",\"position\":2,\"item\":{\"@type\":\"WebPage\",\"@id\":\"https:\/\/coletivoamarelo.com\/politica-de-reembolso\/\",\"url\":\"https:\/\/coletivoamarelo.com\/politica-de-reembolso\/\",\"name\":\"Pol\\u00edtica de Reembolso\"}}]}]}<\/script>\n<!-- \/ Yoast SEO Premium plugin. -->","jetpack_sharing_enabled":true,"_links":{"self":[{"href":"https:\/\/coletivoamarelo.com\/en\/wp-json\/wp\/v2\/pages\/1915","targetHints":{"allow":["GET"]}}],"collection":[{"href":"https:\/\/coletivoamarelo.com\/en\/wp-json\/wp\/v2\/pages"}],"about":[{"href":"https:\/\/coletivoamarelo.com\/en\/wp-json\/wp\/v2\/types\/page"}],"author":[{"embeddable":true,"href":"https:\/\/coletivoamarelo.com\/en\/wp-json\/wp\/v2\/users\/4"}],"replies":[{"embeddable":true,"href":"https:\/\/coletivoamarelo.com\/en\/wp-json\/wp\/v2\/comments?post=1915"}],"version-history":[{"count":0,"href":"https:\/\/coletivoamarelo.com\/en\/wp-json\/wp\/v2\/pages\/1915\/revisions"}],"wp:attachment":[{"href":"https:\/\/coletivoamarelo.com\/en\/wp-json\/wp\/v2\/media?parent=1915"}],"curies":[{"name":"wp","href":"https:\/\/api.w.org\/{rel}","templated":true}]}}