{"id":4475,"date":"2025-07-23T14:49:59","date_gmt":"2025-07-23T14:49:59","guid":{"rendered":"https:\/\/coletivoamarelo.com\/?post_type=product&#038;p=4475"},"modified":"2025-09-12T16:10:11","modified_gmt":"2025-09-12T16:10:11","slug":"presenting-your-artistic-practice-communicating-clearly-for-opportunities-and-audiences","status":"publish","type":"product","link":"https:\/\/coletivoamarelo.com\/de\/produkt\/presenting-your-artistic-practice-communicating-clearly-for-opportunities-and-audiences\/","title":{"rendered":"Pr\u00e4sentieren Sie Ihre k\u00fcnstlerische Praxis: Klare Kommunikation f\u00fcr Gelegenheiten und Zuh\u00f6rer"},"content":{"rendered":"<table class=\"aligncenter\" style=\"width: 1440px;height: 302px\">\n<tbody>\n<tr style=\"height: 172px\">\n<td style=\"width: 164.859px;height: 172px\"><img loading=\"lazy\" decoding=\"async\" class=\"alignnone wp-image-4477 size-medium\" src=\"https:\/\/coletivoamarelo.com\/wp-content\/uploads\/2025\/07\/alessio.profile-261x300.jpg\" alt=\"\" width=\"261\" height=\"300\" \/><\/td>\n<td style=\"width: 12.9844px;height: 172px\"><strong>\u00a0<\/strong><\/td>\n<td style=\"width: 1240.16px;height: 172px\"><strong>Alessio Antoniolli <\/strong>ist ein international t\u00e4tiger Kurator und Berater auf dem Gebiet der zeitgen\u00f6ssischen Kunst. Er ist Direktor des Triangle Network, eines globalen Netzwerks von K\u00fcnstlern und Kunstr\u00e4umen, und Kurator der Fondazione Memmo in Rom. Er war Direktor von Gasworks (London), wo er Residenzen und Ausstellungen f\u00fcr mehr als 500 K\u00fcnstler koordinierte, darunter die ersten institutionellen Ausstellungen im Vereinigten K\u00f6nigreich von Namen wie Song Dong, Lynette Yiadom-Boakye und Violet Kudzanai Hwami. Im Jahr 2025 kuratierte er die Sektion \"Portal\" der Messe Miart (Mailand) und arbeitete anschlie\u00dfend als Berater f\u00fcr Institutionen bei der Entwicklung von kuratorischen Strategien und Programmen. Alessio war Jurymitglied f\u00fcr den Turner Prize 2019 und h\u00e4lt Vortr\u00e4ge in verschiedenen internationalen Kontexten.<\/td>\n<\/tr>\n<tr>\n<td style=\"width: 164.859px\"><img loading=\"lazy\" decoding=\"async\" class=\"alignnone size-medium wp-image-4425\" src=\"https:\/\/coletivoamarelo.com\/wp-content\/uploads\/2025\/06\/Stephanie-250x300.jpg\" alt=\"\" width=\"250\" height=\"300\" srcset=\"https:\/\/coletivoamarelo.com\/wp-content\/uploads\/2025\/06\/Stephanie-250x300.jpg 250w, https:\/\/coletivoamarelo.com\/wp-content\/uploads\/2025\/06\/Stephanie-10x12.jpg 10w, https:\/\/coletivoamarelo.com\/wp-content\/uploads\/2025\/06\/Stephanie.jpg 458w\" sizes=\"(max-width: 250px) 100vw, 250px\" \/><\/td>\n<td style=\"width: 12.9844px\"><strong>\u00a0<\/strong><\/td>\n<td style=\"width: 1240.16px\"><strong>Stephanie Wruck<\/strong> ist eine unabh\u00e4ngige Schriftstellerin, Kuratorin, Englischlehrerin und Mitbegr\u00fcnderin von <strong>Gelbes Kollektiv<\/strong>ist eine Kunstgalerie, die sich der F\u00f6rderung integrativer und experimenteller Ans\u00e4tze in der Kunst, kuratorischer Methoden und eines offenen Dialogs \u00fcber die Kommerzialisierung der Kunst widmet. Ihre Arbeit konzentriert sich darauf, integrativere, affektivere und experimentellere Wege des Studiums, des Austauschs und der Erfahrung von Kunst zu schaffen. Mit ihrer Erfahrung als Mentorin von K\u00fcnstlern, Kuratorin von Ausstellungen, Organisatorin von \u00f6ffentlichen Programmen, Teilnehmerin an internationalen Kunstmessen und Beraterin von Sammlern bringt Stephanie eine breite, kollaborative Perspektive in den Kulturbereich ein. Ihre Schriften und kuratorischen Projekte beruhen auf dem Glauben an die F\u00e4higkeit der Kunst, eine Gemeinschaft aufzubauen, die Wahrnehmung zu erweitern und neue Formen des Lernens und des Austauschs vorzustellen.<\/td>\n<\/tr>\n<\/tbody>\n<\/table>","protected":false},"excerpt":{"rendered":"<article class=\"text-token-text-primary w-full\" dir=\"auto\" data-testid=\"conversation-turn-62\" data-scroll-anchor=\"true\">\n<div class=\"text-base my-auto mx-auto pb-10 [--thread-content-margin:--spacing(4)] @[37rem]:[--thread-content-margin:--spacing(6)] @[72rem]:[--thread-content-margin:--spacing(16)] px-(--thread-content-margin)\">\n<div class=\"[--thread-content-max-width:32rem] @[34rem]:[--thread-content-max-width:40rem] @[64rem]:[--thread-content-max-width:48rem] mx-auto flex max-w-(--thread-content-max-width) flex-1 text-base gap-4 md:gap-5 lg:gap-6 group\/turn-messages focus-visible:outline-hidden\">\n<div class=\"group\/conversation-turn relative flex w-full min-w-0 flex-col agent-turn\">\n<div class=\"relative flex-col gap-1 md:gap-3\">\n<div class=\"flex max-w-full flex-col grow\">\n<div class=\"min-h-8 text-message relative flex w-full flex-col items-end gap-2 text-start break-words whitespace-normal [.text-message+&amp;]:mt-5\" dir=\"auto\" data-message-author-role=\"assistant\" data-message-id=\"217da9d2-5662-4969-bf3b-58704810391f\" data-message-model-slug=\"gpt-4o\">\n<div class=\"flex w-full flex-col gap-1 empty:hidden first:pt-[3px]\">\n<div class=\"markdown prose dark:prose-invert w-full break-words dark\">\n<p data-start=\"100\" data-end=\"1013\"><strong data-start=\"100\" data-end=\"138\">Apresentando Sua Pr\u00e1tica Art\u00edstica<\/strong> \u00e9 um workshop online em dois encontros, criado para ajudar artistas a comunicarem seu trabalho com clareza, confian\u00e7a e prop\u00f3sito. Seja na hora de escrever um statement, preparar uma proposta ou se apresentar para curadores, galerias ou o p\u00fablico, a forma como voc\u00ea fala sobre sua pr\u00e1tica importa. A partir de suas experi\u00eancias combinadas como curador e galerista, Alessio e Stephanie ir\u00e3o guiar participantes por ferramentas fundamentais para apresentar seu trabalho \u2014 por escrito, presencialmente e online. Voc\u00ea vai aprender a escrever bios e statements impactantes, entrar em contato com galerias e navegar quest\u00f5es como precifica\u00e7\u00e3o, visibilidade e apresenta\u00e7\u00e3o profissional. Este workshop \u00e9 especialmente acolhedor para artistas que se expressam em ingl\u00eas como segunda l\u00edngua e para quem busca abordagens mais humanas e acess\u00edveis para a pr\u00e1tica art\u00edstica profissional.<\/p>\n<hr data-start=\"1015\" data-end=\"1018\" \/>\n<p data-start=\"1020\" data-end=\"1048\"><strong data-start=\"1020\" data-end=\"1048\">O que voc\u00ea vai aprender:<\/strong><\/p>\n<p data-start=\"1050\" data-end=\"1438\">\u2713 Como escrever bios e statements claros e confiantes<br data-start=\"1103\" data-end=\"1106\" \/>\u2713 Como apresentar seu trabalho de forma profissional \u2014 online e presencialmente<br data-start=\"1185\" data-end=\"1188\" \/>\u2713 Como entrar em contato com galerias e enviar propostas eficazes<br data-start=\"1253\" data-end=\"1256\" \/>\u2713 Como escolher (ou ser) um\/a curador\/a<br data-start=\"1295\" data-end=\"1298\" \/>\u2713 Como precificar seu trabalho + conversar com colecionadores<br data-start=\"1359\" data-end=\"1362\" \/>\u2713 Estrat\u00e9gias para artistas que se comunicam em ingl\u00eas como segunda l\u00edngua<\/p>\n<p data-start=\"1440\" data-end=\"1456\">&#8230;e muito mais!<\/p>\n<p data-start=\"1440\" data-end=\"1456\">O workshop ocorreu dia 4 e 11 de Setembro, e ambas as sess\u00f5es foram <strong>gravadas<\/strong>. A aquisi\u00e7\u00e3o do workshop d\u00e1 acesso \u00e0s grava\u00e7\u00f5es durante 30 dias.<\/p>\n<p data-start=\"1440\" data-end=\"1456\">*O workshop ser\u00e1 apresentado em ingl\u00eas<\/p>\n<p data-start=\"1440\" data-end=\"1456\">*Cancelamentos devem ser feitos com 1 semana de anteced\u00eancia para receber reembolso integral.<\/p>\n<\/div>\n<\/div>\n<\/div>\n<\/div>\n<div class=\"mx-[var(--mini-thread-content-inset)]\">\n<div class=\"flex min-h-[46px] justify-start\">\n<div class=\"touch:-me-2 touch:-ms-3.5 -ms-2.5 -me-1 flex flex-wrap items-center gap-y-4 p-1 select-none touch:w-[calc(100%+--spacing(3.5))] -mt-1 w-[calc(100%+--spacing(2.5))] duration-[1.5s] focus-within:transition-none hover:transition-none pointer-events-none [mask-image:linear-gradient(to_right,black_33%,transparent_66%)] [mask-size:300%_100%] [mask-position:100%_0%] motion-safe:transition-[mask-position] group-hover\/turn-messages:pointer-events-auto group-hover\/turn-messages:[mask-position:0_0] group-focus-within\/turn-messages:pointer-events-auto group-focus-within\/turn-messages:[mask-position:0_0] has-data-[state=open]:pointer-events-auto has-data-[state=open]:[mask-position:0_0]\"><\/div>\n<\/div>\n<\/div>\n<div class=\"mt-3 w-full empty:hidden\">\n<div class=\"text-center\"><\/div>\n<\/div>\n<\/div>\n<div class=\"aria-live=polite absolute\">\n<div class=\"flex items-center justify-center\"><\/div>\n<\/div>\n<\/div>\n<\/div>\n<\/div>\n<\/article>\n<div class=\"pointer-events-none h-px w-px\" aria-hidden=\"true\" data-edge=\"true\"><\/div>\n","protected":false},"featured_media":4476,"template":"","meta":{"_et_pb_use_builder":"off","_et_pb_old_content":"<table class=\" aligncenter\">\r\n<tbody>\r\n<tr>\r\n<td style=\"width: 271.016px\"><img class=\" wp-image-4205 alignnone\" src=\"https:\/\/coletivoamarelo.com\/wp-content\/uploads\/2025\/05\/IMG_8956-268x300.jpg\" alt=\"\" width=\"254\" height=\"285\" \/><\/td>\r\n<td style=\"width: 534.984px\">\r\n<p class=\"\" data-start=\"52\" data-end=\"308\"><strong data-start=\"52\" data-end=\"69\">Franka Struys<\/strong> (Roterd\u00e3o, 1966) estudou pintura na Ar.Co, em Lisboa, e \u00e9 mestre em Economia pela Erasmus University. Antes de se dedicar inteiramente \u00e0 arte, trabalhou para o Minist\u00e9rio dos Neg\u00f3cios Estrangeiros dos Pa\u00edses Baixos, em Haia e na Tanz\u00e2nia.<\/p>\r\n<p class=\"\" data-start=\"310\" data-end=\"577\">Desde 2013, o seu trabalho tem sido exposto em Portugal e nos Pa\u00edses Baixos, integrando cole\u00e7\u00f5es municipais e privadas em Portugal, nos Pa\u00edses Baixos e no Reino Unido. Participou em resid\u00eancias art\u00edsticas na RAMA (2021) e est\u00e1 confirmada para a Cortex Frontal (2025).<\/p>\r\n<p class=\"\" data-start=\"310\" data-end=\"577\">A viver em Colares desde 1998, encontra na natureza a sua principal fonte de inspira\u00e7\u00e3o e conduz workshops sobre o uso de pigmentos minerais naturais em t\u00e9cnicas de pintura.<\/p>\r\n<p class=\"\" data-start=\"754\" data-end=\"1017\">Entre os destaques recentes est\u00e3o a exposi\u00e7\u00e3o individual <em data-start=\"811\" data-end=\"825\">Mother Earth<\/em> (Lisboa, 2024), o projeto colaborativo <em data-start=\"865\" data-end=\"881\">Scorched Earth<\/em> (Cascais, 2024) e a participa\u00e7\u00e3o em exposi\u00e7\u00f5es coletivas como <em data-start=\"944\" data-end=\"960\">Corrente de Ar<\/em> (Lisboa) e <em data-start=\"972\" data-end=\"987\">Ever Emerging<\/em> durante a Amsterdam Art Week.<\/p>\r\n<\/td>\r\n<\/tr>\r\n<\/tbody>\r\n<\/table>\r\n[video width=\"540\" height=\"954\" mp4=\"https:\/\/coletivoamarelo.com\/wp-content\/uploads\/2025\/06\/Franka-Struys-Video-.mp4\"][\/video]","_et_gb_content_width":""},"product_brand":[],"product_cat":[130],"product_tag":[136],"class_list":{"0":"post-4475","1":"product","2":"type-product","3":"status-publish","4":"has-post-thumbnail","6":"product_cat-workshops","7":"product_tag-workshops","8":"cla-colections-workshops","10":"first","11":"instock","12":"purchasable","13":"product-type-simple"},"acf":[],"yoast_head":"<!-- This site is optimized with the Yoast SEO Premium plugin v15.3 - https:\/\/yoast.com\/wordpress\/plugins\/seo\/ -->\n<title>Presenting Your Artistic Practice: Communicating Clearly for Opportunities and Audiences &mdash; Coletivo Amarelo<\/title>\n<meta name=\"robots\" content=\"index, follow, max-snippet:-1, max-image-preview:large, max-video-preview:-1\" \/>\n<link rel=\"canonical\" href=\"https:\/\/coletivoamarelo.com\/de\/produkt\/presenting-your-artistic-practice-communicating-clearly-for-opportunities-and-audiences\/\" \/>\n<meta property=\"og:locale\" content=\"de_DE\" \/>\n<meta property=\"og:type\" content=\"article\" \/>\n<meta property=\"og:title\" content=\"Presenting Your Artistic Practice: Communicating Clearly for Opportunities and Audiences &mdash; Coletivo Amarelo\" \/>\n<meta property=\"og:description\" content=\"Apresentando Sua Pr\u00e1tica Art\u00edstica \u00e9 um workshop online em dois encontros, criado para ajudar artistas a comunicarem seu trabalho com clareza, confian\u00e7a e prop\u00f3sito. Seja na hora de escrever um statement, preparar uma proposta ou se apresentar para curadores, galerias ou o p\u00fablico, a forma como voc\u00ea fala sobre sua pr\u00e1tica importa. A partir de suas experi\u00eancias combinadas como curador e galerista, Alessio e Stephanie ir\u00e3o guiar participantes por ferramentas fundamentais para apresentar seu trabalho \u2014 por escrito, presencialmente e online. Voc\u00ea vai aprender a escrever bios e statements impactantes, entrar em contato com galerias e navegar quest\u00f5es como precifica\u00e7\u00e3o, visibilidade e apresenta\u00e7\u00e3o profissional. Este workshop \u00e9 especialmente acolhedor para artistas que se expressam em ingl\u00eas como segunda l\u00edngua e para quem busca abordagens mais humanas e acess\u00edveis para a pr\u00e1tica art\u00edstica profissional.    O que voc\u00ea vai aprender: \u2713 Como escrever bios e statements claros e confiantes\u2713 Como apresentar seu trabalho de forma profissional \u2014 online e presencialmente\u2713 Como entrar em contato com galerias e enviar propostas eficazes\u2713 Como escolher (ou ser) um\/a curador\/a\u2713 Como precificar seu trabalho + conversar com colecionadores\u2713 Estrat\u00e9gias para artistas que se comunicam em ingl\u00eas como segunda l\u00edngua ...e muito mais! O workshop ocorreu dia 4 e 11 de Setembro, e ambas as sess\u00f5es foram gravadas. A aquisi\u00e7\u00e3o do workshop d\u00e1 acesso \u00e0s grava\u00e7\u00f5es durante 30 dias. *O workshop ser\u00e1 apresentado em ingl\u00eas *Cancelamentos devem ser feitos com 1 semana de anteced\u00eancia para receber reembolso integral.\" \/>\n<meta property=\"og:url\" content=\"https:\/\/coletivoamarelo.com\/de\/produkt\/presenting-your-artistic-practice-communicating-clearly-for-opportunities-and-audiences\/\" \/>\n<meta property=\"og:site_name\" content=\"Coletivo Amarelo\" \/>\n<meta property=\"article:modified_time\" content=\"2025-09-12T16:10:11+00:00\" \/>\n<meta property=\"og:image\" content=\"https:\/\/coletivoamarelo.com\/wp-content\/uploads\/2025\/07\/Workshop-Alessio-scaled.jpg\" \/>\n\t<meta property=\"og:image:width\" content=\"2048\" \/>\n\t<meta property=\"og:image:height\" content=\"2560\" \/>\n<meta name=\"twitter:card\" content=\"summary_large_image\" \/>\n<meta name=\"twitter:label1\" content=\"Verfasst von\">\n\t<meta name=\"twitter:data1\" content=\"Stephanie Wruck\">\n\t<meta name=\"twitter:label2\" content=\"Gesch\u00e4tzte Lesezeit\">\n\t<meta name=\"twitter:data2\" content=\"1\u00a0Minute\">\n<script type=\"application\/ld+json\" class=\"yoast-schema-graph\">{\"@context\":\"https:\/\/schema.org\",\"@graph\":[{\"@type\":\"Organization\",\"@id\":\"https:\/\/coletivoamarelo.com\/#organization\",\"name\":\"Coletivo Amarelo\",\"url\":\"https:\/\/coletivoamarelo.com\/\",\"sameAs\":[],\"logo\":{\"@type\":\"ImageObject\",\"@id\":\"https:\/\/coletivoamarelo.com\/#logo\",\"inLanguage\":\"de\",\"url\":\"https:\/\/coletivoamarelo.com\/wp-content\/uploads\/2023\/01\/coletivo-amarelo-logo-04.svg\",\"caption\":\"Coletivo Amarelo\"},\"image\":{\"@id\":\"https:\/\/coletivoamarelo.com\/#logo\"}},{\"@type\":\"WebSite\",\"@id\":\"https:\/\/coletivoamarelo.com\/#website\",\"url\":\"https:\/\/coletivoamarelo.com\/\",\"name\":\"Coletivo Amarelo\",\"description\":\"\",\"publisher\":{\"@id\":\"https:\/\/coletivoamarelo.com\/#organization\"},\"potentialAction\":[{\"@type\":\"SearchAction\",\"target\":\"https:\/\/coletivoamarelo.com\/?s={search_term_string}\",\"query-input\":\"required name=search_term_string\"}],\"inLanguage\":\"de\"},{\"@type\":\"ImageObject\",\"@id\":\"https:\/\/coletivoamarelo.com\/produto\/presenting-your-artistic-practice-communicating-clearly-for-opportunities-and-audiences\/#primaryimage\",\"inLanguage\":\"de\",\"url\":\"https:\/\/coletivoamarelo.com\/wp-content\/uploads\/2025\/07\/Workshop-Alessio-scaled.jpg\",\"width\":2048,\"height\":2560},{\"@type\":\"WebPage\",\"@id\":\"https:\/\/coletivoamarelo.com\/produto\/presenting-your-artistic-practice-communicating-clearly-for-opportunities-and-audiences\/#webpage\",\"url\":\"https:\/\/coletivoamarelo.com\/produto\/presenting-your-artistic-practice-communicating-clearly-for-opportunities-and-audiences\/\",\"name\":\"Presenting Your Artistic Practice: Communicating Clearly for Opportunities and Audiences &mdash; Coletivo Amarelo\",\"isPartOf\":{\"@id\":\"https:\/\/coletivoamarelo.com\/#website\"},\"primaryImageOfPage\":{\"@id\":\"https:\/\/coletivoamarelo.com\/produto\/presenting-your-artistic-practice-communicating-clearly-for-opportunities-and-audiences\/#primaryimage\"},\"datePublished\":\"2025-07-23T14:49:59+00:00\",\"dateModified\":\"2025-09-12T16:10:11+00:00\",\"breadcrumb\":{\"@id\":\"https:\/\/coletivoamarelo.com\/produto\/presenting-your-artistic-practice-communicating-clearly-for-opportunities-and-audiences\/#breadcrumb\"},\"inLanguage\":\"de\",\"potentialAction\":[{\"@type\":\"ReadAction\",\"target\":[\"https:\/\/coletivoamarelo.com\/produto\/presenting-your-artistic-practice-communicating-clearly-for-opportunities-and-audiences\/\"]}]},{\"@type\":\"BreadcrumbList\",\"@id\":\"https:\/\/coletivoamarelo.com\/produto\/presenting-your-artistic-practice-communicating-clearly-for-opportunities-and-audiences\/#breadcrumb\",\"itemListElement\":[{\"@type\":\"ListItem\",\"position\":1,\"item\":{\"@type\":\"WebPage\",\"@id\":\"https:\/\/coletivoamarelo.com\/\",\"url\":\"https:\/\/coletivoamarelo.com\/\",\"name\":\"Home\"}},{\"@type\":\"ListItem\",\"position\":2,\"item\":{\"@type\":\"WebPage\",\"@id\":\"https:\/\/coletivoamarelo.com\/colecao\/\",\"url\":\"https:\/\/coletivoamarelo.com\/colecao\/\",\"name\":\"Cole\\u00e7\\u00e3o\"}},{\"@type\":\"ListItem\",\"position\":3,\"item\":{\"@type\":\"WebPage\",\"@id\":\"https:\/\/coletivoamarelo.com\/produto\/presenting-your-artistic-practice-communicating-clearly-for-opportunities-and-audiences\/\",\"url\":\"https:\/\/coletivoamarelo.com\/produto\/presenting-your-artistic-practice-communicating-clearly-for-opportunities-and-audiences\/\",\"name\":\"Presenting Your Artistic Practice: Communicating Clearly for Opportunities and Audiences\"}}]}]}<\/script>\n<!-- \/ Yoast SEO Premium plugin. -->","jetpack_sharing_enabled":true,"_links":{"self":[{"href":"https:\/\/coletivoamarelo.com\/de\/wp-json\/wp\/v2\/product\/4475","targetHints":{"allow":["GET"]}}],"collection":[{"href":"https:\/\/coletivoamarelo.com\/de\/wp-json\/wp\/v2\/product"}],"about":[{"href":"https:\/\/coletivoamarelo.com\/de\/wp-json\/wp\/v2\/types\/product"}],"wp:featuredmedia":[{"embeddable":true,"href":"https:\/\/coletivoamarelo.com\/de\/wp-json\/wp\/v2\/media\/4476"}],"wp:attachment":[{"href":"https:\/\/coletivoamarelo.com\/de\/wp-json\/wp\/v2\/media?parent=4475"}],"wp:term":[{"taxonomy":"product_brand","embeddable":true,"href":"https:\/\/coletivoamarelo.com\/de\/wp-json\/wp\/v2\/product_brand?post=4475"},{"taxonomy":"product_cat","embeddable":true,"href":"https:\/\/coletivoamarelo.com\/de\/wp-json\/wp\/v2\/product_cat?post=4475"},{"taxonomy":"product_tag","embeddable":true,"href":"https:\/\/coletivoamarelo.com\/de\/wp-json\/wp\/v2\/product_tag?post=4475"}],"curies":[{"name":"wp","href":"https:\/\/api.w.org\/{rel}","templated":true}]}}