{"id":4203,"date":"2025-05-28T11:41:37","date_gmt":"2025-05-28T11:41:37","guid":{"rendered":"https:\/\/coletivoamarelo.com\/?post_type=product&#038;p=4203"},"modified":"2025-09-05T17:26:35","modified_gmt":"2025-09-05T17:26:35","slug":"pintando-com-pigmentos-minerais","status":"publish","type":"product","link":"https:\/\/coletivoamarelo.com\/de\/produkt\/pintando-com-pigmentos-minerais\/","title":{"rendered":"Malen mit Mineralpigmenten"},"content":{"rendered":"<table class=\"aligncenter\">\n<tbody>\n<tr>\n<td style=\"width: 271.016px;\"><img loading=\"lazy\" decoding=\"async\" class=\"wp-image-4205 alignnone\" src=\"https:\/\/coletivoamarelo.com\/wp-content\/uploads\/2025\/05\/IMG_8956-268x300.jpg\" alt=\"\" width=\"254\" height=\"285\" \/><\/td>\n<td style=\"width: 534.984px;\">\n<p class=\"\" data-start=\"52\" data-end=\"308\"><strong data-start=\"52\" data-end=\"69\">Franka Struys<\/strong> (Rotterdam, 1966) hat Malerei bei Ar.Co in Lissabon studiert und einen Master-Abschluss in Wirtschaftswissenschaften von der Erasmus-Universit\u00e4t. Bevor er sich ganz der Kunst widmete, arbeitete er f\u00fcr das niederl\u00e4ndische Au\u00dfenministerium in Den Haag und Tansania.<\/p>\n<p class=\"\" data-start=\"310\" data-end=\"577\">Seit 2013 werden ihre Arbeiten in Portugal und den Niederlanden ausgestellt und befinden sich in kommunalen und privaten Sammlungen in Portugal, den Niederlanden und dem Vereinigten K\u00f6nigreich. Sie hat an K\u00fcnstlerresidenzen bei RAMA (2021) teilgenommen und ist f\u00fcr Cortex Frontal (2025) best\u00e4tigt.<\/p>\n<p class=\"\" data-start=\"310\" data-end=\"577\">Sie lebt seit 1998 in Colares und findet ihre Hauptinspirationsquelle in der Natur. Sie leitet Workshops \u00fcber die Verwendung von nat\u00fcrlichen Mineralpigmenten in der Malerei.<\/p>\n<p class=\"\" data-start=\"754\" data-end=\"1017\">Zu den j\u00fcngsten H\u00f6hepunkten geh\u00f6rt die Einzelausstellung <em data-start=\"811\" data-end=\"825\">Mutter Erde<\/em> (Lissabon, 2024), das Gemeinschaftsprojekt <em data-start=\"865\" data-end=\"881\">Verbrannte Erde<\/em> (Cascais, 2024) und die Teilnahme an Gruppenausstellungen wie <em data-start=\"944\" data-end=\"960\">Luftstrom<\/em> (Lissabon) und <em data-start=\"972\" data-end=\"987\">Immer aufstrebend<\/em> w\u00e4hrend der Amsterdam Art Week.<\/p>\n<\/td>\n<\/tr>\n<\/tbody>\n<\/table>\n<div style=\"width: 396px;\" class=\"wp-video\"><video class=\"wp-video-shortcode\" id=\"video-4203-1\" width=\"396\" height=\"700\" preload=\"metadata\" controls=\"controls\"><source type=\"video\/mp4\" src=\"https:\/\/coletivoamarelo.com\/wp-content\/uploads\/2025\/06\/Franka-Struys-Video-.mp4?_=1\" \/><a href=\"https:\/\/coletivoamarelo.com\/wp-content\/uploads\/2025\/06\/Franka-Struys-Video-.mp4\">https:\/\/coletivoamarelo.com\/wp-content\/uploads\/2025\/06\/Franka-Struys-Video-.mp4<\/a><\/video><\/div>","protected":false},"excerpt":{"rendered":"<p class=\"\" data-start=\"52\" data-end=\"86\"><strong data-start=\"52\" data-end=\"86\">MALEN MIT MINERALISCHEN PIGMENTEN<\/strong><\/p>\n<p class=\"\" data-start=\"52\" data-end=\"86\">Entdecken Sie die raue Sch\u00f6nheit von Naturpigmenten in diesem Workshop, der sich auf die Malpraxis mit Mineral- und Erdpigmenten konzentriert.<\/p>\n<p class=\"\" data-start=\"225\" data-end=\"471\">Wir beginnen mit einer Einf\u00fchrung in die Geschichte der Pigmente und einer Pr\u00e4sentation von Werken, die mit Mineralien geschaffen wurden, gefolgt von praktischen Experimenten mit Gouache, Acryl und Mineralpigmenten auf verschiedenen Oberfl\u00e4chen - Papier, Stoff, Jute und Leinwand.<\/p>\n<p class=\"\" data-start=\"473\" data-end=\"493\">Sie werden es lernen:<\/p>\n<ul data-start=\"494\" data-end=\"680\">\n<li class=\"\" data-start=\"494\" data-end=\"550\">\n<p class=\"\" data-start=\"496\" data-end=\"550\">Wie man Mineralien f\u00fcr die Verwendung als Pigmente mahlt und vorbereitet<\/p>\n<\/li>\n<li class=\"\" data-start=\"551\" data-end=\"607\">\n<p class=\"\" data-start=\"553\" data-end=\"607\">Farbauftragstechniken mit Pinsel und Spachtel<\/p>\n<\/li>\n<li class=\"\" data-start=\"608\" data-end=\"680\">\n<p class=\"\" data-start=\"610\" data-end=\"680\">Wie man mit einfarbigen Paletten und Schichten von Erdt\u00f6nen arbeitet<\/p>\n<\/li>\n<\/ul>\n<p class=\"\" data-start=\"682\" data-end=\"828\">Dieser Workshop l\u00e4dt dazu ein, zu entschleunigen und mit der Materialit\u00e4t der Farbe in Kontakt zu kommen.<\/p>\n<p data-start=\"682\" data-end=\"828\">Offen f\u00fcr Personen, die Englisch und\/oder Portugiesisch sprechen.<\/p>","protected":false},"featured_media":4204,"template":"","meta":{"_et_pb_use_builder":"off","_et_pb_old_content":"<table class=\" aligncenter\">\r\n<tbody>\r\n<tr>\r\n<td style=\"width: 271.016px\"><img class=\" wp-image-4205 alignnone\" src=\"https:\/\/coletivoamarelo.com\/wp-content\/uploads\/2025\/05\/IMG_8956-268x300.jpg\" alt=\"\" width=\"254\" height=\"285\" \/><\/td>\r\n<td style=\"width: 534.984px\">\r\n<p class=\"\" data-start=\"52\" data-end=\"308\"><strong data-start=\"52\" data-end=\"69\">Franka Struys<\/strong> (Roterd\u00e3o, 1966) estudou pintura na Ar.Co, em Lisboa, e \u00e9 mestre em Economia pela Erasmus University. Antes de se dedicar inteiramente \u00e0 arte, trabalhou para o Minist\u00e9rio dos Neg\u00f3cios Estrangeiros dos Pa\u00edses Baixos, em Haia e na Tanz\u00e2nia.<\/p>\r\n<p class=\"\" data-start=\"310\" data-end=\"577\">Desde 2013, o seu trabalho tem sido exposto em Portugal e nos Pa\u00edses Baixos, integrando cole\u00e7\u00f5es municipais e privadas em Portugal, nos Pa\u00edses Baixos e no Reino Unido. Participou em resid\u00eancias art\u00edsticas na RAMA (2021) e est\u00e1 confirmada para a Cortex Frontal (2025).<\/p>\r\n<p class=\"\" data-start=\"310\" data-end=\"577\">A viver em Colares desde 1998, encontra na natureza a sua principal fonte de inspira\u00e7\u00e3o e conduz workshops sobre o uso de pigmentos minerais naturais em t\u00e9cnicas de pintura.<\/p>\r\n<p class=\"\" data-start=\"754\" data-end=\"1017\">Entre os destaques recentes est\u00e3o a exposi\u00e7\u00e3o individual <em data-start=\"811\" data-end=\"825\">Mother Earth<\/em> (Lisboa, 2024), o projeto colaborativo <em data-start=\"865\" data-end=\"881\">Scorched Earth<\/em> (Cascais, 2024) e a participa\u00e7\u00e3o em exposi\u00e7\u00f5es coletivas como <em data-start=\"944\" data-end=\"960\">Corrente de Ar<\/em> (Lisboa) e <em data-start=\"972\" data-end=\"987\">Ever Emerging<\/em> durante a Amsterdam Art Week.<\/p>\r\n<\/td>\r\n<\/tr>\r\n<\/tbody>\r\n<\/table>\r\n[video width=\"540\" height=\"954\" mp4=\"https:\/\/coletivoamarelo.com\/wp-content\/uploads\/2025\/06\/Franka-Struys-Video-.mp4\"][\/video]","_et_gb_content_width":""},"product_brand":[],"product_cat":[130],"product_tag":[136],"class_list":{"0":"post-4203","1":"product","2":"type-product","3":"status-publish","4":"has-post-thumbnail","6":"product_cat-workshops","7":"product_tag-workshops","8":"cla-colections-workshops","10":"first","11":"instock","12":"purchasable","13":"product-type-simple"},"acf":[],"yoast_head":"<!-- This site is optimized with the Yoast SEO Premium plugin v15.3 - https:\/\/yoast.com\/wordpress\/plugins\/seo\/ -->\n<title>Pintando com pigmentos minerais &mdash; Coletivo Amarelo<\/title>\n<meta name=\"robots\" content=\"index, follow, max-snippet:-1, max-image-preview:large, max-video-preview:-1\" \/>\n<link rel=\"canonical\" href=\"https:\/\/coletivoamarelo.com\/de\/produkt\/pintando-com-pigmentos-minerais\/\" \/>\n<meta property=\"og:locale\" content=\"de_DE\" \/>\n<meta property=\"og:type\" content=\"article\" \/>\n<meta property=\"og:title\" content=\"Pintando com pigmentos minerais &mdash; Coletivo Amarelo\" \/>\n<meta property=\"og:description\" content=\"PINTURA COM PIGMENTOS MINERAIS Descubra a beleza bruta dos pigmentos naturais neste workshop imersivo focado em pr\u00e1ticas de pintura com pigmentos minerais e terrosos. Come\u00e7aremos com uma introdu\u00e7\u00e3o \u00e0 hist\u00f3ria dos pigmentos e \u00e0 apresenta\u00e7\u00e3o de obras criadas com minerais, seguindo para uma experimenta\u00e7\u00e3o pr\u00e1tica com guache, acr\u00edlico e pigmentos minerais em diferentes superf\u00edcies\u2014papel, tecido, juta e tela. Voc\u00ea vai aprender:     Como moer e preparar minerais para uso como pigmento    T\u00e9cnicas de aplica\u00e7\u00e3o da cor com pinc\u00e9is e esp\u00e1tulas    Como trabalhar com paletas monocrom\u00e1ticas e camadas de tons terrosos   Este workshop convida \u00e0 desacelera\u00e7\u00e3o e ao contato profundo com a materialidade da cor. Aberto para pessoas que falam Ingl\u00eas e\/ou Portugu\u00eas.\" \/>\n<meta property=\"og:url\" content=\"https:\/\/coletivoamarelo.com\/de\/produkt\/pintando-com-pigmentos-minerais\/\" \/>\n<meta property=\"og:site_name\" content=\"Coletivo Amarelo\" \/>\n<meta property=\"article:modified_time\" content=\"2025-09-05T17:26:35+00:00\" \/>\n<meta property=\"og:image\" content=\"https:\/\/coletivoamarelo.com\/wp-content\/uploads\/2025\/05\/PaintingMineralPigments-Workshop-scaled.jpg\" \/>\n\t<meta property=\"og:image:width\" content=\"2048\" \/>\n\t<meta property=\"og:image:height\" content=\"2560\" \/>\n<meta name=\"twitter:card\" content=\"summary_large_image\" \/>\n<meta name=\"twitter:label1\" content=\"Verfasst von\">\n\t<meta name=\"twitter:data1\" content=\"Stephanie Wruck\">\n\t<meta name=\"twitter:label2\" content=\"Gesch\u00e4tzte Lesezeit\">\n\t<meta name=\"twitter:data2\" content=\"1\u00a0Minute\">\n<script type=\"application\/ld+json\" class=\"yoast-schema-graph\">{\"@context\":\"https:\/\/schema.org\",\"@graph\":[{\"@type\":\"Organization\",\"@id\":\"https:\/\/coletivoamarelo.com\/#organization\",\"name\":\"Coletivo Amarelo\",\"url\":\"https:\/\/coletivoamarelo.com\/\",\"sameAs\":[],\"logo\":{\"@type\":\"ImageObject\",\"@id\":\"https:\/\/coletivoamarelo.com\/#logo\",\"inLanguage\":\"de\",\"url\":\"https:\/\/coletivoamarelo.com\/wp-content\/uploads\/2023\/01\/coletivo-amarelo-logo-04.svg\",\"caption\":\"Coletivo Amarelo\"},\"image\":{\"@id\":\"https:\/\/coletivoamarelo.com\/#logo\"}},{\"@type\":\"WebSite\",\"@id\":\"https:\/\/coletivoamarelo.com\/#website\",\"url\":\"https:\/\/coletivoamarelo.com\/\",\"name\":\"Coletivo Amarelo\",\"description\":\"\",\"publisher\":{\"@id\":\"https:\/\/coletivoamarelo.com\/#organization\"},\"potentialAction\":[{\"@type\":\"SearchAction\",\"target\":\"https:\/\/coletivoamarelo.com\/?s={search_term_string}\",\"query-input\":\"required name=search_term_string\"}],\"inLanguage\":\"de\"},{\"@type\":\"ImageObject\",\"@id\":\"https:\/\/coletivoamarelo.com\/produto\/pintando-com-pigmentos-minerais\/#primaryimage\",\"inLanguage\":\"de\",\"url\":\"https:\/\/coletivoamarelo.com\/wp-content\/uploads\/2025\/05\/PaintingMineralPigments-Workshop-scaled.jpg\",\"width\":2048,\"height\":2560},{\"@type\":\"WebPage\",\"@id\":\"https:\/\/coletivoamarelo.com\/produto\/pintando-com-pigmentos-minerais\/#webpage\",\"url\":\"https:\/\/coletivoamarelo.com\/produto\/pintando-com-pigmentos-minerais\/\",\"name\":\"Pintando com pigmentos minerais &mdash; Coletivo Amarelo\",\"isPartOf\":{\"@id\":\"https:\/\/coletivoamarelo.com\/#website\"},\"primaryImageOfPage\":{\"@id\":\"https:\/\/coletivoamarelo.com\/produto\/pintando-com-pigmentos-minerais\/#primaryimage\"},\"datePublished\":\"2025-05-28T11:41:37+00:00\",\"dateModified\":\"2025-09-05T17:26:35+00:00\",\"breadcrumb\":{\"@id\":\"https:\/\/coletivoamarelo.com\/produto\/pintando-com-pigmentos-minerais\/#breadcrumb\"},\"inLanguage\":\"de\",\"potentialAction\":[{\"@type\":\"ReadAction\",\"target\":[\"https:\/\/coletivoamarelo.com\/produto\/pintando-com-pigmentos-minerais\/\"]}]},{\"@type\":\"BreadcrumbList\",\"@id\":\"https:\/\/coletivoamarelo.com\/produto\/pintando-com-pigmentos-minerais\/#breadcrumb\",\"itemListElement\":[{\"@type\":\"ListItem\",\"position\":1,\"item\":{\"@type\":\"WebPage\",\"@id\":\"https:\/\/coletivoamarelo.com\/\",\"url\":\"https:\/\/coletivoamarelo.com\/\",\"name\":\"Home\"}},{\"@type\":\"ListItem\",\"position\":2,\"item\":{\"@type\":\"WebPage\",\"@id\":\"https:\/\/coletivoamarelo.com\/colecao\/\",\"url\":\"https:\/\/coletivoamarelo.com\/colecao\/\",\"name\":\"Cole\\u00e7\\u00e3o\"}},{\"@type\":\"ListItem\",\"position\":3,\"item\":{\"@type\":\"WebPage\",\"@id\":\"https:\/\/coletivoamarelo.com\/produto\/pintando-com-pigmentos-minerais\/\",\"url\":\"https:\/\/coletivoamarelo.com\/produto\/pintando-com-pigmentos-minerais\/\",\"name\":\"Pintando com pigmentos minerais\"}}]}]}<\/script>\n<!-- \/ Yoast SEO Premium plugin. -->","jetpack_sharing_enabled":true,"_links":{"self":[{"href":"https:\/\/coletivoamarelo.com\/de\/wp-json\/wp\/v2\/product\/4203","targetHints":{"allow":["GET"]}}],"collection":[{"href":"https:\/\/coletivoamarelo.com\/de\/wp-json\/wp\/v2\/product"}],"about":[{"href":"https:\/\/coletivoamarelo.com\/de\/wp-json\/wp\/v2\/types\/product"}],"wp:featuredmedia":[{"embeddable":true,"href":"https:\/\/coletivoamarelo.com\/de\/wp-json\/wp\/v2\/media\/4204"}],"wp:attachment":[{"href":"https:\/\/coletivoamarelo.com\/de\/wp-json\/wp\/v2\/media?parent=4203"}],"wp:term":[{"taxonomy":"product_brand","embeddable":true,"href":"https:\/\/coletivoamarelo.com\/de\/wp-json\/wp\/v2\/product_brand?post=4203"},{"taxonomy":"product_cat","embeddable":true,"href":"https:\/\/coletivoamarelo.com\/de\/wp-json\/wp\/v2\/product_cat?post=4203"},{"taxonomy":"product_tag","embeddable":true,"href":"https:\/\/coletivoamarelo.com\/de\/wp-json\/wp\/v2\/product_tag?post=4203"}],"curies":[{"name":"wp","href":"https:\/\/api.w.org\/{rel}","templated":true}]}}