{"id":3594,"date":"2024-08-08T13:59:52","date_gmt":"2024-08-08T13:59:52","guid":{"rendered":"https:\/\/coletivoamarelo.com\/?post_type=product&#038;p=3594"},"modified":"2024-09-19T14:09:06","modified_gmt":"2024-09-19T14:09:06","slug":"serie-casas-2024-11-a-20","status":"publish","type":"product","link":"https:\/\/coletivoamarelo.com\/de\/produkt\/serie-casas-2024-11-a-20\/","title":{"rendered":"Serie: H\u00e4user, 2024 (#11 bis #20)"},"content":{"rendered":"<p>\u201e<em>Nur H\u00e4user erkl\u00e4ren, warum es ein Wort wie Intimit\u00e4t gibt<\/em>\u201eRuy Belo<\/p>\n<p>Das mit Buntstiften gezeichnete Stockhaus, ein etwas unordentliches Rechteck, ein etwas dreieckiges Dach, verloren in einer Landschaft, mit Sonne und Wolken im Hintergrund. Daneben steht eine Strichm\u00e4nnchenfamilie mit runden K\u00f6pfen, die winkt und l\u00e4chelt und um ein Vielfaches gr\u00f6\u00dfer ist als das Haus selbst.<\/p>\n<p>Dies ist die Beschreibung fast aller menschlichen Erinnerungen an ihre ersten grafischen Zeichnungen.<\/p>\n<p>Das Haus, die Familie, die Landschaft.<\/p>\n<p>Drei Elemente, die uns unser ganzes Leben lang umgeben, und auch meins. Ist es m\u00f6glich, die menschliche Erfahrung zu durchlaufen und diese Elemente zu vermeiden? Glaube ich nicht\u2026<\/p>\n<p>Es scheint, als w\u00e4re es schon immer das gewesen, wonach wir uns gesehnt haben: ein Dach, eine Dachschr\u00e4ge, ein vielleicht offenes Fenster und Freunde oder Familie in der N\u00e4he.<\/p>\n<p>Dies ist der Ausgangspunkt der Recherche und Durchf\u00fchrung dieser Serie. Alles begann wieder einmal mit einem Aquarell-Notizbuch, in dem ich begann, H\u00e4user zu registrieren, die auf meinen realen oder digitalen Wegen auftauchten.<\/p>\n<p>Diese H\u00e4user verlangten nach Platz, verlie\u00dfen das Notizbuch und wurden zu gr\u00f6\u00dferen Gem\u00e4lden gruppiert, die durch Br\u00fccken, Durchg\u00e4nge, Treppen und Tunnel miteinander verbunden oder getrennt wurden.<\/p>\n<p>Nur sie auf den Gem\u00e4lden, ohne die menschlichen Figuren zu erw\u00e4hnen, die sicherlich da waren oder noch sind. Flecken in gewundenen Wellen verdecken, was war, oder offenbaren, was kommen wird.<\/p>\n<p>Die so gestalteten und verwirrten H\u00e4user sind eine Art Hommage an unsere gr\u00f6\u00dfte Suche, einen sicheren Ort auf dieser Welt, in dieser Existenz.<\/p>\n<p>Ein Zuhause sollte das Grundprinzip sein, der Ausgangspunkt unserer W\u00fcrde, aber es wird immer mehr zum Luxus. Aus verschiedenen Gr\u00fcnden, von politischen und sozialen Aspekten bis hin zu den immer schwerwiegenderen Folgen unserer Missachtung des Planeten, werden H\u00e4user zu einem Privileg. Das Wohnen ist zunehmend gef\u00e4hrdet, was uns noch weiter von unserem ersten Kindheitsideal entfernt.<\/p>\n<p>Wenn wir in unseren vier W\u00e4nden unsere intimsten Verbindungen, unsere tiefsten Schmerzen, unsere bestgeh\u00fcteten Geheimnisse und unsere wertvollsten Erinnerungen kn\u00fcpfen, wie wird es dann m\u00f6glich sein, ohne sie zu leben?<\/p>\n<p>Wir sind nicht auf den Abschwung vorbereitet, der sich weltweit zunehmend ausbreitet.<\/p>\n<p>Diese imagin\u00e4ren H\u00e4user, St\u00e4dte und Wege, die in diesen Gem\u00e4lden erscheinen, k\u00f6nnen das sein, was war, was nicht mehr sein wird oder was sein wird. Diese gro\u00dfartige \u201eimagin\u00e4re Karte\u201c ist eine Einladung zum gemeinsamen Nachdenken und \u00f6ffnet der Fantasie Schleusen f\u00fcr neue Lebensweisen, die inmitten \u201eso interessanter\u201c Zeiten m\u00f6glich sind.<\/p>","protected":false},"excerpt":{"rendered":"<p>\u201e<em>Nur H\u00e4user erkl\u00e4ren, warum es ein Wort wie Intimit\u00e4t gibt<\/em>\u201eRuy Belo<\/p>\n<ul>\n<li>Casas #11: Aquarell und Acryl auf Arches-Papier, 42 x 29,7 cm<\/li>\n<li>Casas #12: Aquarell und Acryl auf Arches-Papier, 29,7 x 42 cm<\/li>\n<li>Casas #13: Aquarell und Acryl auf Arches-Papier, 29,7 x 42 cm<\/li>\n<li>Casas #14: Aquarell und Acryl auf Arches-Papier, 42 x 29,7 cm<\/li>\n<li>Casas #15: Aquarell und Acryl auf Arches-Papier, 29,7 x 42 cm<\/li>\n<li>Casas #16: Aquarell und Acryl auf Arches-Papier, 36 x 26 cm<\/li>\n<li>Casas #17: Aquarell und Acryl auf Arches-Papier, 26 x 36 cm<\/li>\n<li>Casas #19: Aquarell und Acryl auf Hahnem\u00fchle-Papier, 32 x 24 cm<\/li>\n<\/ul>","protected":false},"featured_media":3596,"template":"","meta":{"_et_pb_use_builder":"","_et_pb_old_content":"","_et_gb_content_width":""},"product_brand":[],"product_cat":[62],"product_tag":[],"class_list":{"0":"post-3594","1":"product","2":"type-product","3":"status-publish","4":"has-post-thumbnail","6":"product_cat-pintura","7":"cla-autores-gabriela-albuquerque","9":"first","10":"instock","11":"shipping-taxable","12":"product-type-simple"},"acf":[],"yoast_head":"<!-- This site is optimized with the Yoast SEO Premium plugin v15.3 - https:\/\/yoast.com\/wordpress\/plugins\/seo\/ -->\n<title>S\u00e9rie: Casas, 2024 (#11 a #20) &mdash; Coletivo Amarelo<\/title>\n<meta name=\"robots\" content=\"index, follow, max-snippet:-1, max-image-preview:large, max-video-preview:-1\" \/>\n<link rel=\"canonical\" href=\"https:\/\/coletivoamarelo.com\/de\/produkt\/serie-casas-2024-11-a-20\/\" \/>\n<meta property=\"og:locale\" content=\"de_DE\" \/>\n<meta property=\"og:type\" content=\"article\" \/>\n<meta property=\"og:title\" content=\"S\u00e9rie: Casas, 2024 (#11 a #20) &mdash; Coletivo Amarelo\" \/>\n<meta property=\"og:description\" content=\"\u201cS\u00f3 as casas explicam que exista uma palavra como intimidade\u201d Ruy Belo   Casas #11: Aquarela e acr\u00edlica sobre papel Arches, 42 x 29.7 cm  Casas #12: Aquarela e acr\u00edlica sobre papel Arches, 29.7 x 42 cm  Casas #13: Aquarela e acr\u00edlica sobre papel Arches, 29.7 x 42 cm  Casas #14: Aquarela e acr\u00edlica sobre papel Arches, 42 x 29.7 cm  Casas #15: Aquarela e acr\u00edlica sobre papel Arches, 29.7 x 42 cm  Casas #16: Aquarela e acr\u00edlica sobre papel Arches, 36 x 26 cm  Casas #17: Aquarela e acr\u00edlica sobre papel Arches, 26 x 36 cm  Casas #19: Aquarela e acr\u00edlica sobre papel Hahnem\u00fchle, 32 x 24 cm\" \/>\n<meta property=\"og:url\" content=\"https:\/\/coletivoamarelo.com\/de\/produkt\/serie-casas-2024-11-a-20\/\" \/>\n<meta property=\"og:site_name\" content=\"Coletivo Amarelo\" \/>\n<meta property=\"article:modified_time\" content=\"2024-09-19T14:09:06+00:00\" \/>\n<meta property=\"og:image\" content=\"https:\/\/coletivoamarelo.com\/wp-content\/uploads\/2024\/08\/Casas-11.jpeg\" \/>\n\t<meta property=\"og:image:width\" content=\"2245\" \/>\n\t<meta property=\"og:image:height\" content=\"1366\" \/>\n<meta name=\"twitter:card\" content=\"summary_large_image\" \/>\n<meta name=\"twitter:label1\" content=\"Verfasst von\">\n\t<meta name=\"twitter:data1\" content=\"Alexandre Cagnoni\">\n\t<meta name=\"twitter:label2\" content=\"Gesch\u00e4tzte Lesezeit\">\n\t<meta name=\"twitter:data2\" content=\"2\u00a0Minuten\">\n<script type=\"application\/ld+json\" class=\"yoast-schema-graph\">{\"@context\":\"https:\/\/schema.org\",\"@graph\":[{\"@type\":\"Organization\",\"@id\":\"https:\/\/coletivoamarelo.com\/#organization\",\"name\":\"Coletivo Amarelo\",\"url\":\"https:\/\/coletivoamarelo.com\/\",\"sameAs\":[],\"logo\":{\"@type\":\"ImageObject\",\"@id\":\"https:\/\/coletivoamarelo.com\/#logo\",\"inLanguage\":\"de\",\"url\":\"https:\/\/coletivoamarelo.com\/wp-content\/uploads\/2023\/01\/coletivo-amarelo-logo-04.svg\",\"caption\":\"Coletivo Amarelo\"},\"image\":{\"@id\":\"https:\/\/coletivoamarelo.com\/#logo\"}},{\"@type\":\"WebSite\",\"@id\":\"https:\/\/coletivoamarelo.com\/#website\",\"url\":\"https:\/\/coletivoamarelo.com\/\",\"name\":\"Coletivo Amarelo\",\"description\":\"\",\"publisher\":{\"@id\":\"https:\/\/coletivoamarelo.com\/#organization\"},\"potentialAction\":[{\"@type\":\"SearchAction\",\"target\":\"https:\/\/coletivoamarelo.com\/?s={search_term_string}\",\"query-input\":\"required name=search_term_string\"}],\"inLanguage\":\"de\"},{\"@type\":\"ImageObject\",\"@id\":\"https:\/\/coletivoamarelo.com\/produto\/serie-casas-2024-11-a-20\/#primaryimage\",\"inLanguage\":\"de\",\"url\":\"https:\/\/coletivoamarelo.com\/wp-content\/uploads\/2024\/08\/Casas-11.jpeg\",\"width\":2245,\"height\":1366,\"caption\":\"Casa 4 Aquarela e Acr\\u00edlica sobre papel Arches 29,7 x 42 cm\"},{\"@type\":\"WebPage\",\"@id\":\"https:\/\/coletivoamarelo.com\/produto\/serie-casas-2024-11-a-20\/#webpage\",\"url\":\"https:\/\/coletivoamarelo.com\/produto\/serie-casas-2024-11-a-20\/\",\"name\":\"S\\u00e9rie: Casas, 2024 (#11 a #20) &mdash; Coletivo Amarelo\",\"isPartOf\":{\"@id\":\"https:\/\/coletivoamarelo.com\/#website\"},\"primaryImageOfPage\":{\"@id\":\"https:\/\/coletivoamarelo.com\/produto\/serie-casas-2024-11-a-20\/#primaryimage\"},\"datePublished\":\"2024-08-08T13:59:52+00:00\",\"dateModified\":\"2024-09-19T14:09:06+00:00\",\"breadcrumb\":{\"@id\":\"https:\/\/coletivoamarelo.com\/produto\/serie-casas-2024-11-a-20\/#breadcrumb\"},\"inLanguage\":\"de\",\"potentialAction\":[{\"@type\":\"ReadAction\",\"target\":[\"https:\/\/coletivoamarelo.com\/produto\/serie-casas-2024-11-a-20\/\"]}]},{\"@type\":\"BreadcrumbList\",\"@id\":\"https:\/\/coletivoamarelo.com\/produto\/serie-casas-2024-11-a-20\/#breadcrumb\",\"itemListElement\":[{\"@type\":\"ListItem\",\"position\":1,\"item\":{\"@type\":\"WebPage\",\"@id\":\"https:\/\/coletivoamarelo.com\/\",\"url\":\"https:\/\/coletivoamarelo.com\/\",\"name\":\"Home\"}},{\"@type\":\"ListItem\",\"position\":2,\"item\":{\"@type\":\"WebPage\",\"@id\":\"https:\/\/coletivoamarelo.com\/colecao\/\",\"url\":\"https:\/\/coletivoamarelo.com\/colecao\/\",\"name\":\"Cole\\u00e7\\u00e3o\"}},{\"@type\":\"ListItem\",\"position\":3,\"item\":{\"@type\":\"WebPage\",\"@id\":\"https:\/\/coletivoamarelo.com\/produto\/serie-casas-2024-11-a-20\/\",\"url\":\"https:\/\/coletivoamarelo.com\/produto\/serie-casas-2024-11-a-20\/\",\"name\":\"S\\u00e9rie: Casas, 2024 (#11 a #20)\"}}]}]}<\/script>\n<!-- \/ Yoast SEO Premium plugin. -->","jetpack_sharing_enabled":true,"_links":{"self":[{"href":"https:\/\/coletivoamarelo.com\/de\/wp-json\/wp\/v2\/product\/3594","targetHints":{"allow":["GET"]}}],"collection":[{"href":"https:\/\/coletivoamarelo.com\/de\/wp-json\/wp\/v2\/product"}],"about":[{"href":"https:\/\/coletivoamarelo.com\/de\/wp-json\/wp\/v2\/types\/product"}],"wp:featuredmedia":[{"embeddable":true,"href":"https:\/\/coletivoamarelo.com\/de\/wp-json\/wp\/v2\/media\/3596"}],"wp:attachment":[{"href":"https:\/\/coletivoamarelo.com\/de\/wp-json\/wp\/v2\/media?parent=3594"}],"wp:term":[{"taxonomy":"product_brand","embeddable":true,"href":"https:\/\/coletivoamarelo.com\/de\/wp-json\/wp\/v2\/product_brand?post=3594"},{"taxonomy":"product_cat","embeddable":true,"href":"https:\/\/coletivoamarelo.com\/de\/wp-json\/wp\/v2\/product_cat?post=3594"},{"taxonomy":"product_tag","embeddable":true,"href":"https:\/\/coletivoamarelo.com\/de\/wp-json\/wp\/v2\/product_tag?post=3594"}],"curies":[{"name":"wp","href":"https:\/\/api.w.org\/{rel}","templated":true}]}}