{"id":3533,"date":"2024-08-08T12:06:43","date_gmt":"2024-08-08T12:06:43","guid":{"rendered":"https:\/\/coletivoamarelo.com\/?post_type=product&#038;p=3533"},"modified":"2024-09-19T14:11:06","modified_gmt":"2024-09-19T14:11:06","slug":"serie-outros-mundos-2023-2024-17-a-24","status":"publish","type":"product","link":"https:\/\/coletivoamarelo.com\/de\/produkt\/serie-outros-mundos-2023-2024-17-a-24\/","title":{"rendered":"Serie: Andere Welten, 2023\u20132024 (#17 bis #24)"},"content":{"rendered":"<p>Eduarda Rosa, portugiesische K\u00fcnstlerin, die haupts\u00e4chlich in Pharmazeutik und organischer Chemie ausgebildet ist, schafft Werke, die auf visueller Poetik basieren und mit der Dekonstruktion wissenschaftlicher Methoden verbunden sind. Wie ein Reliquiar bieten die Werke akribische, aber sensible Arbeiten und umfangreiche Bildkategorien, in denen alles die Art und Weise, wie der Geist des K\u00fcnstlers funktioniert, sehr gut veranschaulicht.<\/p>","protected":false},"excerpt":{"rendered":"<p>Collage auf Canson-Papier, jedes Werk misst 15 x 21 cm, separat erh\u00e4ltlich.<\/p>\n<p>Ausgestellt in der Galerie Coletivo Amarelo in Lissabon als Wandgem\u00e4lde, wo die Werke miteinander verbunden sind und miteinander sprechen. Wir empfehlen den Kauf von mindestens 4 Werken gleichzeitig, die im Wandformat montiert werden sollen.<\/p>","protected":false},"featured_media":3538,"template":"","meta":{"_et_pb_use_builder":"","_et_pb_old_content":"","_et_gb_content_width":""},"product_brand":[],"product_cat":[122],"product_tag":[],"class_list":{"0":"post-3533","1":"product","2":"type-product","3":"status-publish","4":"has-post-thumbnail","6":"product_cat-colagem","7":"cla-autores-eduarda-rosa","9":"first","10":"instock","11":"shipping-taxable","12":"product-type-simple"},"acf":[],"yoast_head":"<!-- This site is optimized with the Yoast SEO Premium plugin v15.3 - https:\/\/yoast.com\/wordpress\/plugins\/seo\/ -->\n<title>S\u00e9rie: Outros Mundos, 2023-2024 (#17 a #24) &mdash; Coletivo Amarelo<\/title>\n<meta name=\"robots\" content=\"index, follow, max-snippet:-1, max-image-preview:large, max-video-preview:-1\" \/>\n<link rel=\"canonical\" href=\"https:\/\/coletivoamarelo.com\/de\/produkt\/serie-outros-mundos-2023-2024-17-a-24\/\" \/>\n<meta property=\"og:locale\" content=\"de_DE\" \/>\n<meta property=\"og:type\" content=\"article\" \/>\n<meta property=\"og:title\" content=\"S\u00e9rie: Outros Mundos, 2023-2024 (#17 a #24) &mdash; Coletivo Amarelo\" \/>\n<meta property=\"og:description\" content=\"Colagem sobre papel Canson, cada obra com 15 x 21 cm, vendidas separadamente.  Expostas na galeria Coletivo Amarelo em Lisboa como um mural, aonde as obras se conectam e conversam entre si. Sugerimos a aquisi\u00e7\u00e3o m\u00ednima de 4 obras por vez, para montagem em formato de mural.\" \/>\n<meta property=\"og:url\" content=\"https:\/\/coletivoamarelo.com\/de\/produkt\/serie-outros-mundos-2023-2024-17-a-24\/\" \/>\n<meta property=\"og:site_name\" content=\"Coletivo Amarelo\" \/>\n<meta property=\"article:modified_time\" content=\"2024-09-19T14:11:06+00:00\" \/>\n<meta property=\"og:image\" content=\"https:\/\/coletivoamarelo.com\/wp-content\/uploads\/2024\/08\/Outros-Mundos-020.jpg\" \/>\n\t<meta property=\"og:image:width\" content=\"404\" \/>\n\t<meta property=\"og:image:height\" content=\"576\" \/>\n<meta name=\"twitter:card\" content=\"summary_large_image\" \/>\n<meta name=\"twitter:label1\" content=\"Verfasst von\">\n\t<meta name=\"twitter:data1\" content=\"Alexandre Cagnoni\">\n\t<meta name=\"twitter:label2\" content=\"Gesch\u00e4tzte Lesezeit\">\n\t<meta name=\"twitter:data2\" content=\"0\u00a0Minuten\">\n<script type=\"application\/ld+json\" class=\"yoast-schema-graph\">{\"@context\":\"https:\/\/schema.org\",\"@graph\":[{\"@type\":\"Organization\",\"@id\":\"https:\/\/coletivoamarelo.com\/#organization\",\"name\":\"Coletivo Amarelo\",\"url\":\"https:\/\/coletivoamarelo.com\/\",\"sameAs\":[],\"logo\":{\"@type\":\"ImageObject\",\"@id\":\"https:\/\/coletivoamarelo.com\/#logo\",\"inLanguage\":\"de\",\"url\":\"https:\/\/coletivoamarelo.com\/wp-content\/uploads\/2023\/01\/coletivo-amarelo-logo-04.svg\",\"caption\":\"Coletivo Amarelo\"},\"image\":{\"@id\":\"https:\/\/coletivoamarelo.com\/#logo\"}},{\"@type\":\"WebSite\",\"@id\":\"https:\/\/coletivoamarelo.com\/#website\",\"url\":\"https:\/\/coletivoamarelo.com\/\",\"name\":\"Coletivo Amarelo\",\"description\":\"\",\"publisher\":{\"@id\":\"https:\/\/coletivoamarelo.com\/#organization\"},\"potentialAction\":[{\"@type\":\"SearchAction\",\"target\":\"https:\/\/coletivoamarelo.com\/?s={search_term_string}\",\"query-input\":\"required name=search_term_string\"}],\"inLanguage\":\"de\"},{\"@type\":\"ImageObject\",\"@id\":\"https:\/\/coletivoamarelo.com\/produto\/serie-outros-mundos-2023-2024-17-a-24\/#primaryimage\",\"inLanguage\":\"de\",\"url\":\"https:\/\/coletivoamarelo.com\/wp-content\/uploads\/2024\/08\/Outros-Mundos-020.jpg\",\"width\":404,\"height\":576},{\"@type\":\"WebPage\",\"@id\":\"https:\/\/coletivoamarelo.com\/produto\/serie-outros-mundos-2023-2024-17-a-24\/#webpage\",\"url\":\"https:\/\/coletivoamarelo.com\/produto\/serie-outros-mundos-2023-2024-17-a-24\/\",\"name\":\"S\\u00e9rie: Outros Mundos, 2023-2024 (#17 a #24) &mdash; Coletivo Amarelo\",\"isPartOf\":{\"@id\":\"https:\/\/coletivoamarelo.com\/#website\"},\"primaryImageOfPage\":{\"@id\":\"https:\/\/coletivoamarelo.com\/produto\/serie-outros-mundos-2023-2024-17-a-24\/#primaryimage\"},\"datePublished\":\"2024-08-08T12:06:43+00:00\",\"dateModified\":\"2024-09-19T14:11:06+00:00\",\"breadcrumb\":{\"@id\":\"https:\/\/coletivoamarelo.com\/produto\/serie-outros-mundos-2023-2024-17-a-24\/#breadcrumb\"},\"inLanguage\":\"de\",\"potentialAction\":[{\"@type\":\"ReadAction\",\"target\":[\"https:\/\/coletivoamarelo.com\/produto\/serie-outros-mundos-2023-2024-17-a-24\/\"]}]},{\"@type\":\"BreadcrumbList\",\"@id\":\"https:\/\/coletivoamarelo.com\/produto\/serie-outros-mundos-2023-2024-17-a-24\/#breadcrumb\",\"itemListElement\":[{\"@type\":\"ListItem\",\"position\":1,\"item\":{\"@type\":\"WebPage\",\"@id\":\"https:\/\/coletivoamarelo.com\/\",\"url\":\"https:\/\/coletivoamarelo.com\/\",\"name\":\"Home\"}},{\"@type\":\"ListItem\",\"position\":2,\"item\":{\"@type\":\"WebPage\",\"@id\":\"https:\/\/coletivoamarelo.com\/colecao\/\",\"url\":\"https:\/\/coletivoamarelo.com\/colecao\/\",\"name\":\"Cole\\u00e7\\u00e3o\"}},{\"@type\":\"ListItem\",\"position\":3,\"item\":{\"@type\":\"WebPage\",\"@id\":\"https:\/\/coletivoamarelo.com\/produto\/serie-outros-mundos-2023-2024-17-a-24\/\",\"url\":\"https:\/\/coletivoamarelo.com\/produto\/serie-outros-mundos-2023-2024-17-a-24\/\",\"name\":\"S\\u00e9rie: Outros Mundos, 2023-2024 (#17 a #24)\"}}]}]}<\/script>\n<!-- \/ Yoast SEO Premium plugin. -->","jetpack_sharing_enabled":true,"_links":{"self":[{"href":"https:\/\/coletivoamarelo.com\/de\/wp-json\/wp\/v2\/product\/3533","targetHints":{"allow":["GET"]}}],"collection":[{"href":"https:\/\/coletivoamarelo.com\/de\/wp-json\/wp\/v2\/product"}],"about":[{"href":"https:\/\/coletivoamarelo.com\/de\/wp-json\/wp\/v2\/types\/product"}],"wp:featuredmedia":[{"embeddable":true,"href":"https:\/\/coletivoamarelo.com\/de\/wp-json\/wp\/v2\/media\/3538"}],"wp:attachment":[{"href":"https:\/\/coletivoamarelo.com\/de\/wp-json\/wp\/v2\/media?parent=3533"}],"wp:term":[{"taxonomy":"product_brand","embeddable":true,"href":"https:\/\/coletivoamarelo.com\/de\/wp-json\/wp\/v2\/product_brand?post=3533"},{"taxonomy":"product_cat","embeddable":true,"href":"https:\/\/coletivoamarelo.com\/de\/wp-json\/wp\/v2\/product_cat?post=3533"},{"taxonomy":"product_tag","embeddable":true,"href":"https:\/\/coletivoamarelo.com\/de\/wp-json\/wp\/v2\/product_tag?post=3533"}],"curies":[{"name":"wp","href":"https:\/\/api.w.org\/{rel}","templated":true}]}}