{"id":3169,"date":"2024-05-18T11:15:59","date_gmt":"2024-05-18T11:15:59","guid":{"rendered":"https:\/\/coletivoamarelo.com\/?post_type=product&#038;p=3169"},"modified":"2024-05-18T11:25:54","modified_gmt":"2024-05-18T11:25:54","slug":"relevo-cap2-sobre-os-afetos-2024","status":"publish","type":"product","link":"https:\/\/coletivoamarelo.com\/de\/produkt\/relevo-cap2-sobre-os-afetos-2024\/","title":{"rendered":"Relief Kapitel 2 \u00fcber Zuneigungen, 2024"},"content":{"rendered":"<p>Limitierte Serie in 8 gepr\u00e4gter Typografie mit der Aufschrift \u201eCAP. 2 ON AFFECTIONS\u201c, mit den Ma\u00dfen 35 x 25 cm.<\/p>","protected":false},"excerpt":{"rendered":"<p>AUSGESTELLT AUF DER AUSSTELLUNG \u201eAFTER DEPARTURE\u201c IM NIRGENDWO-RAUM<\/p>\n<p>Rua Poiais de S\u00e3o Bento, 102 \u2013 Lissabon, Portugal<\/p>\n<p>Limitierte Serie in 8 gepr\u00e4gter Typografie mit der Aufschrift \u201eCAP. 2 ON AFFECTIONS\u201c, mit den Ma\u00dfen 35 x 25 cm.<\/p>","protected":false},"featured_media":3171,"template":"","meta":{"_et_pb_use_builder":"","_et_pb_old_content":"","_et_gb_content_width":""},"product_brand":[],"product_cat":[119],"product_tag":[],"class_list":{"0":"post-3169","1":"product","2":"type-product","3":"status-publish","4":"has-post-thumbnail","6":"product_cat-tipografia","7":"cla-autores-flavia-regaldo","8":"cla-colections-edicoes-limitadas","9":"cla-colections-flavia-regaldo-no-nowhere","11":"first","12":"instock","13":"shipping-taxable","14":"product-type-variable"},"acf":[],"yoast_head":"<!-- This site is optimized with the Yoast SEO Premium plugin v15.3 - https:\/\/yoast.com\/wordpress\/plugins\/seo\/ -->\n<title>Relevo Cap. 2 Sobre os Afetos, 2024 &mdash; Coletivo Amarelo<\/title>\n<meta name=\"robots\" content=\"index, follow, max-snippet:-1, max-image-preview:large, max-video-preview:-1\" \/>\n<link rel=\"canonical\" href=\"https:\/\/coletivoamarelo.com\/de\/produkt\/relevo-cap2-sobre-os-afetos-2024\/\" \/>\n<meta property=\"og:locale\" content=\"de_DE\" \/>\n<meta property=\"og:type\" content=\"article\" \/>\n<meta property=\"og:title\" content=\"Relevo Cap. 2 Sobre os Afetos, 2024 &mdash; Coletivo Amarelo\" \/>\n<meta property=\"og:description\" content=\"EM EXIBI\u00c7\u00c3O NA EXPOSI\u00c7\u00c3O &quot;DEPOIS DA PARTIDA&quot;, NO ESPA\u00c7O NOWHERE  Rua Poiais de S\u00e3o Bento, 102 - Lisboa, Portugal  S\u00e9rie limitada em 8 tipografias com relevo, escrito &quot;CAP. 2 SOBRE OS AFETOS&quot;, com 35 x 25 cm.\" \/>\n<meta property=\"og:url\" content=\"https:\/\/coletivoamarelo.com\/de\/produkt\/relevo-cap2-sobre-os-afetos-2024\/\" \/>\n<meta property=\"og:site_name\" content=\"Coletivo Amarelo\" \/>\n<meta property=\"article:modified_time\" content=\"2024-05-18T11:25:54+00:00\" \/>\n<meta property=\"og:image\" content=\"https:\/\/coletivoamarelo.com\/wp-content\/uploads\/2024\/05\/Relevo-Cap-2-Afetos-FREGTIPO004.jpg\" \/>\n\t<meta property=\"og:image:width\" content=\"2010\" \/>\n\t<meta property=\"og:image:height\" content=\"1436\" \/>\n<meta name=\"twitter:card\" content=\"summary_large_image\" \/>\n<meta name=\"twitter:label1\" content=\"Verfasst von\">\n\t<meta name=\"twitter:data1\" content=\"Alexandre Cagnoni\">\n\t<meta name=\"twitter:label2\" content=\"Gesch\u00e4tzte Lesezeit\">\n\t<meta name=\"twitter:data2\" content=\"0\u00a0Minuten\">\n<script type=\"application\/ld+json\" class=\"yoast-schema-graph\">{\"@context\":\"https:\/\/schema.org\",\"@graph\":[{\"@type\":\"Organization\",\"@id\":\"https:\/\/coletivoamarelo.com\/#organization\",\"name\":\"Coletivo Amarelo\",\"url\":\"https:\/\/coletivoamarelo.com\/\",\"sameAs\":[],\"logo\":{\"@type\":\"ImageObject\",\"@id\":\"https:\/\/coletivoamarelo.com\/#logo\",\"inLanguage\":\"de\",\"url\":\"https:\/\/coletivoamarelo.com\/wp-content\/uploads\/2023\/01\/coletivo-amarelo-logo-04.svg\",\"caption\":\"Coletivo Amarelo\"},\"image\":{\"@id\":\"https:\/\/coletivoamarelo.com\/#logo\"}},{\"@type\":\"WebSite\",\"@id\":\"https:\/\/coletivoamarelo.com\/#website\",\"url\":\"https:\/\/coletivoamarelo.com\/\",\"name\":\"Coletivo Amarelo\",\"description\":\"\",\"publisher\":{\"@id\":\"https:\/\/coletivoamarelo.com\/#organization\"},\"potentialAction\":[{\"@type\":\"SearchAction\",\"target\":\"https:\/\/coletivoamarelo.com\/?s={search_term_string}\",\"query-input\":\"required name=search_term_string\"}],\"inLanguage\":\"de\"},{\"@type\":\"ImageObject\",\"@id\":\"https:\/\/coletivoamarelo.com\/produto\/relevo-cap2-sobre-os-afetos-2024\/#primaryimage\",\"inLanguage\":\"de\",\"url\":\"https:\/\/coletivoamarelo.com\/wp-content\/uploads\/2024\/05\/Relevo-Cap-2-Afetos-FREGTIPO004.jpg\",\"width\":2010,\"height\":1436},{\"@type\":\"WebPage\",\"@id\":\"https:\/\/coletivoamarelo.com\/produto\/relevo-cap2-sobre-os-afetos-2024\/#webpage\",\"url\":\"https:\/\/coletivoamarelo.com\/produto\/relevo-cap2-sobre-os-afetos-2024\/\",\"name\":\"Relevo Cap. 2 Sobre os Afetos, 2024 &mdash; Coletivo Amarelo\",\"isPartOf\":{\"@id\":\"https:\/\/coletivoamarelo.com\/#website\"},\"primaryImageOfPage\":{\"@id\":\"https:\/\/coletivoamarelo.com\/produto\/relevo-cap2-sobre-os-afetos-2024\/#primaryimage\"},\"datePublished\":\"2024-05-18T11:15:59+00:00\",\"dateModified\":\"2024-05-18T11:25:54+00:00\",\"breadcrumb\":{\"@id\":\"https:\/\/coletivoamarelo.com\/produto\/relevo-cap2-sobre-os-afetos-2024\/#breadcrumb\"},\"inLanguage\":\"de\",\"potentialAction\":[{\"@type\":\"ReadAction\",\"target\":[\"https:\/\/coletivoamarelo.com\/produto\/relevo-cap2-sobre-os-afetos-2024\/\"]}]},{\"@type\":\"BreadcrumbList\",\"@id\":\"https:\/\/coletivoamarelo.com\/produto\/relevo-cap2-sobre-os-afetos-2024\/#breadcrumb\",\"itemListElement\":[{\"@type\":\"ListItem\",\"position\":1,\"item\":{\"@type\":\"WebPage\",\"@id\":\"https:\/\/coletivoamarelo.com\/\",\"url\":\"https:\/\/coletivoamarelo.com\/\",\"name\":\"Home\"}},{\"@type\":\"ListItem\",\"position\":2,\"item\":{\"@type\":\"WebPage\",\"@id\":\"https:\/\/coletivoamarelo.com\/colecao\/\",\"url\":\"https:\/\/coletivoamarelo.com\/colecao\/\",\"name\":\"Cole\\u00e7\\u00e3o\"}},{\"@type\":\"ListItem\",\"position\":3,\"item\":{\"@type\":\"WebPage\",\"@id\":\"https:\/\/coletivoamarelo.com\/produto\/relevo-cap2-sobre-os-afetos-2024\/\",\"url\":\"https:\/\/coletivoamarelo.com\/produto\/relevo-cap2-sobre-os-afetos-2024\/\",\"name\":\"Relevo Cap. 2 Sobre os Afetos, 2024\"}}]}]}<\/script>\n<!-- \/ Yoast SEO Premium plugin. -->","jetpack_sharing_enabled":true,"_links":{"self":[{"href":"https:\/\/coletivoamarelo.com\/de\/wp-json\/wp\/v2\/product\/3169","targetHints":{"allow":["GET"]}}],"collection":[{"href":"https:\/\/coletivoamarelo.com\/de\/wp-json\/wp\/v2\/product"}],"about":[{"href":"https:\/\/coletivoamarelo.com\/de\/wp-json\/wp\/v2\/types\/product"}],"wp:featuredmedia":[{"embeddable":true,"href":"https:\/\/coletivoamarelo.com\/de\/wp-json\/wp\/v2\/media\/3171"}],"wp:attachment":[{"href":"https:\/\/coletivoamarelo.com\/de\/wp-json\/wp\/v2\/media?parent=3169"}],"wp:term":[{"taxonomy":"product_brand","embeddable":true,"href":"https:\/\/coletivoamarelo.com\/de\/wp-json\/wp\/v2\/product_brand?post=3169"},{"taxonomy":"product_cat","embeddable":true,"href":"https:\/\/coletivoamarelo.com\/de\/wp-json\/wp\/v2\/product_cat?post=3169"},{"taxonomy":"product_tag","embeddable":true,"href":"https:\/\/coletivoamarelo.com\/de\/wp-json\/wp\/v2\/product_tag?post=3169"}],"curies":[{"name":"wp","href":"https:\/\/api.w.org\/{rel}","templated":true}]}}