{"id":3048,"date":"2024-05-01T16:36:38","date_gmt":"2024-05-01T16:36:38","guid":{"rendered":"https:\/\/coletivoamarelo.com\/?post_type=product&#038;p=3048"},"modified":"2024-08-07T16:59:48","modified_gmt":"2024-08-07T16:59:48","slug":"janela-1-2019-2020","status":"publish","type":"product","link":"https:\/\/coletivoamarelo.com\/de\/produkt\/janela-1-2019-2020\/","title":{"rendered":"Fenster 1, 2019 \u2013 2020"},"content":{"rendered":"<p>\u201eJanela\u201c (2019-2020) ist ein Projekt, das im Rahmen des k\u00fcnstlerischen Residenzprojekts GR\u00c3O (Albergaria-a-Velha) konzipiert wurde, das zwischen Oktober und November 2019 stattfand. In \u201eJanela 1\u201c ein transparenter, mit Tinte bemalter Stoff und Blattgold wurde auf einem Baum angebracht, an einer Grenzstelle (zwischen Vegetationsarten), wo Licht die Komposition integriert. Die Arbeit untersucht die japanischen und afro-brasilianischen Traditionen seiner Gro\u00dfm\u00fctter, die sich in einer \u00e4hnlichen Zeit verzauberten, und die Erweiterung seines plastischen Vokabulars.<\/p>","protected":false},"excerpt":{"rendered":"<p>Teil des Projekts \u201eJanela\u201c (2019-2020), konzipiert im Rahmen des k\u00fcnstlerischen Residenzprojekts GR\u00c3O (Albergaria-a-Velha), das zwischen Oktober und November 2019 stattfand.<\/p>\n<p>Kunstdruck, Auflage 1 von 3, 45,5 x 60 cm.<\/p>","protected":false},"featured_media":3049,"template":"","meta":{"_et_pb_use_builder":"","_et_pb_old_content":"","_et_gb_content_width":""},"product_brand":[],"product_cat":[63],"product_tag":[],"class_list":{"0":"post-3048","1":"product","2":"type-product","3":"status-publish","4":"has-post-thumbnail","6":"product_cat-fotografia","7":"cla-autores-juliana-matsumura","8":"cla-colections-escolha-do-curador","9":"cla-colections-novidades","11":"first","12":"instock","13":"shipping-taxable","14":"product-type-simple"},"acf":[],"yoast_head":"<!-- This site is optimized with the Yoast SEO Premium plugin v15.3 - https:\/\/yoast.com\/wordpress\/plugins\/seo\/ -->\n<title>Janela 1, 2019 - 2020 &mdash; Coletivo Amarelo<\/title>\n<meta name=\"robots\" content=\"index, follow, max-snippet:-1, max-image-preview:large, max-video-preview:-1\" \/>\n<link rel=\"canonical\" href=\"https:\/\/coletivoamarelo.com\/de\/produkt\/janela-1-2019-2020\/\" \/>\n<meta property=\"og:locale\" content=\"de_DE\" \/>\n<meta property=\"og:type\" content=\"article\" \/>\n<meta property=\"og:title\" content=\"Janela 1, 2019 - 2020 &mdash; Coletivo Amarelo\" \/>\n<meta property=\"og:description\" content=\"Parte do projeto \u201cJanela\u201d (2019-2020) , concebido no contexto do projeto art\u00edstico de resid\u00eancia GR\u00c3O (Albergaria-a-Velha), que decorreu entre outubro e novembro do ano de 2019.  Fine art print, edi\u00e7\u00e3o 1 de 3, 45.5 x 60cm.\" \/>\n<meta property=\"og:url\" content=\"https:\/\/coletivoamarelo.com\/de\/produkt\/janela-1-2019-2020\/\" \/>\n<meta property=\"og:site_name\" content=\"Coletivo Amarelo\" \/>\n<meta property=\"article:modified_time\" content=\"2024-08-07T16:59:48+00:00\" \/>\n<meta property=\"og:image\" content=\"https:\/\/coletivoamarelo.com\/wp-content\/uploads\/2024\/05\/Janela-JMATPHOTO001.jpg\" \/>\n\t<meta property=\"og:image:width\" content=\"968\" \/>\n\t<meta property=\"og:image:height\" content=\"1270\" \/>\n<meta name=\"twitter:card\" content=\"summary_large_image\" \/>\n<meta name=\"twitter:label1\" content=\"Verfasst von\">\n\t<meta name=\"twitter:data1\" content=\"Alexandre Cagnoni\">\n\t<meta name=\"twitter:label2\" content=\"Gesch\u00e4tzte Lesezeit\">\n\t<meta name=\"twitter:data2\" content=\"0\u00a0Minuten\">\n<script type=\"application\/ld+json\" class=\"yoast-schema-graph\">{\"@context\":\"https:\/\/schema.org\",\"@graph\":[{\"@type\":\"Organization\",\"@id\":\"https:\/\/coletivoamarelo.com\/#organization\",\"name\":\"Coletivo Amarelo\",\"url\":\"https:\/\/coletivoamarelo.com\/\",\"sameAs\":[],\"logo\":{\"@type\":\"ImageObject\",\"@id\":\"https:\/\/coletivoamarelo.com\/#logo\",\"inLanguage\":\"de\",\"url\":\"https:\/\/coletivoamarelo.com\/wp-content\/uploads\/2023\/01\/coletivo-amarelo-logo-04.svg\",\"caption\":\"Coletivo Amarelo\"},\"image\":{\"@id\":\"https:\/\/coletivoamarelo.com\/#logo\"}},{\"@type\":\"WebSite\",\"@id\":\"https:\/\/coletivoamarelo.com\/#website\",\"url\":\"https:\/\/coletivoamarelo.com\/\",\"name\":\"Coletivo Amarelo\",\"description\":\"\",\"publisher\":{\"@id\":\"https:\/\/coletivoamarelo.com\/#organization\"},\"potentialAction\":[{\"@type\":\"SearchAction\",\"target\":\"https:\/\/coletivoamarelo.com\/?s={search_term_string}\",\"query-input\":\"required name=search_term_string\"}],\"inLanguage\":\"de\"},{\"@type\":\"ImageObject\",\"@id\":\"https:\/\/coletivoamarelo.com\/produto\/janela-1-2019-2020\/#primaryimage\",\"inLanguage\":\"de\",\"url\":\"https:\/\/coletivoamarelo.com\/wp-content\/uploads\/2024\/05\/Janela-JMATPHOTO001.jpg\",\"width\":968,\"height\":1270},{\"@type\":\"WebPage\",\"@id\":\"https:\/\/coletivoamarelo.com\/produto\/janela-1-2019-2020\/#webpage\",\"url\":\"https:\/\/coletivoamarelo.com\/produto\/janela-1-2019-2020\/\",\"name\":\"Janela 1, 2019 - 2020 &mdash; Coletivo Amarelo\",\"isPartOf\":{\"@id\":\"https:\/\/coletivoamarelo.com\/#website\"},\"primaryImageOfPage\":{\"@id\":\"https:\/\/coletivoamarelo.com\/produto\/janela-1-2019-2020\/#primaryimage\"},\"datePublished\":\"2024-05-01T16:36:38+00:00\",\"dateModified\":\"2024-08-07T16:59:48+00:00\",\"breadcrumb\":{\"@id\":\"https:\/\/coletivoamarelo.com\/produto\/janela-1-2019-2020\/#breadcrumb\"},\"inLanguage\":\"de\",\"potentialAction\":[{\"@type\":\"ReadAction\",\"target\":[\"https:\/\/coletivoamarelo.com\/produto\/janela-1-2019-2020\/\"]}]},{\"@type\":\"BreadcrumbList\",\"@id\":\"https:\/\/coletivoamarelo.com\/produto\/janela-1-2019-2020\/#breadcrumb\",\"itemListElement\":[{\"@type\":\"ListItem\",\"position\":1,\"item\":{\"@type\":\"WebPage\",\"@id\":\"https:\/\/coletivoamarelo.com\/\",\"url\":\"https:\/\/coletivoamarelo.com\/\",\"name\":\"Home\"}},{\"@type\":\"ListItem\",\"position\":2,\"item\":{\"@type\":\"WebPage\",\"@id\":\"https:\/\/coletivoamarelo.com\/colecao\/\",\"url\":\"https:\/\/coletivoamarelo.com\/colecao\/\",\"name\":\"Cole\\u00e7\\u00e3o\"}},{\"@type\":\"ListItem\",\"position\":3,\"item\":{\"@type\":\"WebPage\",\"@id\":\"https:\/\/coletivoamarelo.com\/produto\/janela-1-2019-2020\/\",\"url\":\"https:\/\/coletivoamarelo.com\/produto\/janela-1-2019-2020\/\",\"name\":\"Janela 1, 2019 &#8211; 2020\"}}]}]}<\/script>\n<!-- \/ Yoast SEO Premium plugin. -->","jetpack_sharing_enabled":true,"_links":{"self":[{"href":"https:\/\/coletivoamarelo.com\/de\/wp-json\/wp\/v2\/product\/3048","targetHints":{"allow":["GET"]}}],"collection":[{"href":"https:\/\/coletivoamarelo.com\/de\/wp-json\/wp\/v2\/product"}],"about":[{"href":"https:\/\/coletivoamarelo.com\/de\/wp-json\/wp\/v2\/types\/product"}],"wp:featuredmedia":[{"embeddable":true,"href":"https:\/\/coletivoamarelo.com\/de\/wp-json\/wp\/v2\/media\/3049"}],"wp:attachment":[{"href":"https:\/\/coletivoamarelo.com\/de\/wp-json\/wp\/v2\/media?parent=3048"}],"wp:term":[{"taxonomy":"product_brand","embeddable":true,"href":"https:\/\/coletivoamarelo.com\/de\/wp-json\/wp\/v2\/product_brand?post=3048"},{"taxonomy":"product_cat","embeddable":true,"href":"https:\/\/coletivoamarelo.com\/de\/wp-json\/wp\/v2\/product_cat?post=3048"},{"taxonomy":"product_tag","embeddable":true,"href":"https:\/\/coletivoamarelo.com\/de\/wp-json\/wp\/v2\/product_tag?post=3048"}],"curies":[{"name":"wp","href":"https:\/\/api.w.org\/{rel}","templated":true}]}}