{"id":2781,"date":"2024-02-10T19:03:48","date_gmt":"2024-02-10T19:03:48","guid":{"rendered":"https:\/\/coletivoamarelo.com\/?post_type=product&#038;p=2781"},"modified":"2024-10-19T09:55:10","modified_gmt":"2024-10-19T09:55:10","slug":"erupcao-v-2023","status":"publish","type":"product","link":"https:\/\/coletivoamarelo.com\/de\/produkt\/erupcao-v-2023\/","title":{"rendered":"Ausbruch V, 2023"},"content":{"rendered":"<p>Limitierte Serie von 7 Metallstichen, Aquatinta-Heliograv\u00fcre<\/p>","protected":false},"excerpt":{"rendered":"<p>AUSGESTELLT AUF DER AUSSTELLUNG \u201eAFTER DEPARTURE\u201c IM NIRGENDWO-RAUM<\/p>\n<p>Rua Poiais de S\u00e3o Bento, 102 \u2013 Lissabon, Portugal<\/p>\n<p>Limitierte Serie von 7 Metallstichen, Heliograv\u00fcre in Aquatinta.<\/p>\n<p>Bildabmessungen: 39,5 x 27 cm<\/p>\n<p>Bildschirmabmessungen: 53 x 41 cm<\/p>\n<p>Ma\u00dfe mit Rahmen: 55,5 x 44,5 cm<\/p>\n<ul>\n<li>Mehrwertsteuer bereits enthalten<\/li>\n<\/ul>","protected":false},"featured_media":2784,"template":"","meta":{"_et_pb_use_builder":"","_et_pb_old_content":"","_et_gb_content_width":""},"product_brand":[],"product_cat":[64],"product_tag":[],"class_list":{"0":"post-2781","1":"product","2":"type-product","3":"status-publish","4":"has-post-thumbnail","6":"product_cat-gravura","7":"cla-autores-flavia-regaldo","8":"cla-colections-aaf-berlin-2024","9":"cla-colections-aaf-brussels-2025","10":"cla-colections-edicoes-limitadas","11":"cla-colections-flavia-regaldo-no-nowhere","13":"first","14":"instock","15":"shipping-taxable","16":"product-type-variable"},"acf":[],"yoast_head":"<!-- This site is optimized with the Yoast SEO Premium plugin v15.3 - https:\/\/yoast.com\/wordpress\/plugins\/seo\/ -->\n<title>Erup\u00e7\u00e3o V, 2023 &mdash; Coletivo Amarelo<\/title>\n<meta name=\"robots\" content=\"index, follow, max-snippet:-1, max-image-preview:large, max-video-preview:-1\" \/>\n<link rel=\"canonical\" href=\"https:\/\/coletivoamarelo.com\/de\/produkt\/erupcao-v-2023\/\" \/>\n<meta property=\"og:locale\" content=\"de_DE\" \/>\n<meta property=\"og:type\" content=\"article\" \/>\n<meta property=\"og:title\" content=\"Erup\u00e7\u00e3o V, 2023 &mdash; Coletivo Amarelo\" \/>\n<meta property=\"og:description\" content=\"EM EXIBI\u00c7\u00c3O NA EXPOSI\u00c7\u00c3O &quot;DEPOIS DA PARTIDA&quot;, NO ESPA\u00c7O NOWHERE  Rua Poiais de S\u00e3o Bento, 102 - Lisboa, Portugal  S\u00e9rie limitada em 7 gravuras em metal, fotogravura em \u00e1gua-tinta.  Dimens\u00f5es da imagem: 39,5 x 27cm  Dimens\u00f5es da tela: 53 x 41cm  Dimens\u00f5es com moldura: 55.5 x 44.5 cm   IVA j\u00e1 incluido\" \/>\n<meta property=\"og:url\" content=\"https:\/\/coletivoamarelo.com\/de\/produkt\/erupcao-v-2023\/\" \/>\n<meta property=\"og:site_name\" content=\"Coletivo Amarelo\" \/>\n<meta property=\"article:modified_time\" content=\"2024-10-19T09:55:10+00:00\" \/>\n<meta property=\"og:image\" content=\"https:\/\/coletivoamarelo.com\/wp-content\/uploads\/2024\/02\/Erupcao-V-FREGPAINT021.jpg\" \/>\n\t<meta property=\"og:image:width\" content=\"1084\" \/>\n\t<meta property=\"og:image:height\" content=\"812\" \/>\n<meta name=\"twitter:card\" content=\"summary_large_image\" \/>\n<meta name=\"twitter:label1\" content=\"Verfasst von\">\n\t<meta name=\"twitter:data1\" content=\"Alexandre Cagnoni\">\n\t<meta name=\"twitter:label2\" content=\"Gesch\u00e4tzte Lesezeit\">\n\t<meta name=\"twitter:data2\" content=\"0\u00a0Minuten\">\n<script type=\"application\/ld+json\" class=\"yoast-schema-graph\">{\"@context\":\"https:\/\/schema.org\",\"@graph\":[{\"@type\":\"Organization\",\"@id\":\"https:\/\/coletivoamarelo.com\/#organization\",\"name\":\"Coletivo Amarelo\",\"url\":\"https:\/\/coletivoamarelo.com\/\",\"sameAs\":[],\"logo\":{\"@type\":\"ImageObject\",\"@id\":\"https:\/\/coletivoamarelo.com\/#logo\",\"inLanguage\":\"de\",\"url\":\"https:\/\/coletivoamarelo.com\/wp-content\/uploads\/2023\/01\/coletivo-amarelo-logo-04.svg\",\"caption\":\"Coletivo Amarelo\"},\"image\":{\"@id\":\"https:\/\/coletivoamarelo.com\/#logo\"}},{\"@type\":\"WebSite\",\"@id\":\"https:\/\/coletivoamarelo.com\/#website\",\"url\":\"https:\/\/coletivoamarelo.com\/\",\"name\":\"Coletivo Amarelo\",\"description\":\"\",\"publisher\":{\"@id\":\"https:\/\/coletivoamarelo.com\/#organization\"},\"potentialAction\":[{\"@type\":\"SearchAction\",\"target\":\"https:\/\/coletivoamarelo.com\/?s={search_term_string}\",\"query-input\":\"required name=search_term_string\"}],\"inLanguage\":\"de\"},{\"@type\":\"ImageObject\",\"@id\":\"https:\/\/coletivoamarelo.com\/produto\/erupcao-v-2023\/#primaryimage\",\"inLanguage\":\"de\",\"url\":\"https:\/\/coletivoamarelo.com\/wp-content\/uploads\/2024\/02\/Erupcao-V-FREGPAINT021.jpg\",\"width\":1084,\"height\":812},{\"@type\":\"WebPage\",\"@id\":\"https:\/\/coletivoamarelo.com\/produto\/erupcao-v-2023\/#webpage\",\"url\":\"https:\/\/coletivoamarelo.com\/produto\/erupcao-v-2023\/\",\"name\":\"Erup\\u00e7\\u00e3o V, 2023 &mdash; Coletivo Amarelo\",\"isPartOf\":{\"@id\":\"https:\/\/coletivoamarelo.com\/#website\"},\"primaryImageOfPage\":{\"@id\":\"https:\/\/coletivoamarelo.com\/produto\/erupcao-v-2023\/#primaryimage\"},\"datePublished\":\"2024-02-10T19:03:48+00:00\",\"dateModified\":\"2024-10-19T09:55:10+00:00\",\"breadcrumb\":{\"@id\":\"https:\/\/coletivoamarelo.com\/produto\/erupcao-v-2023\/#breadcrumb\"},\"inLanguage\":\"de\",\"potentialAction\":[{\"@type\":\"ReadAction\",\"target\":[\"https:\/\/coletivoamarelo.com\/produto\/erupcao-v-2023\/\"]}]},{\"@type\":\"BreadcrumbList\",\"@id\":\"https:\/\/coletivoamarelo.com\/produto\/erupcao-v-2023\/#breadcrumb\",\"itemListElement\":[{\"@type\":\"ListItem\",\"position\":1,\"item\":{\"@type\":\"WebPage\",\"@id\":\"https:\/\/coletivoamarelo.com\/\",\"url\":\"https:\/\/coletivoamarelo.com\/\",\"name\":\"Home\"}},{\"@type\":\"ListItem\",\"position\":2,\"item\":{\"@type\":\"WebPage\",\"@id\":\"https:\/\/coletivoamarelo.com\/colecao\/\",\"url\":\"https:\/\/coletivoamarelo.com\/colecao\/\",\"name\":\"Cole\\u00e7\\u00e3o\"}},{\"@type\":\"ListItem\",\"position\":3,\"item\":{\"@type\":\"WebPage\",\"@id\":\"https:\/\/coletivoamarelo.com\/produto\/erupcao-v-2023\/\",\"url\":\"https:\/\/coletivoamarelo.com\/produto\/erupcao-v-2023\/\",\"name\":\"Erup\\u00e7\\u00e3o V, 2023\"}}]}]}<\/script>\n<!-- \/ Yoast SEO Premium plugin. -->","jetpack_sharing_enabled":true,"_links":{"self":[{"href":"https:\/\/coletivoamarelo.com\/de\/wp-json\/wp\/v2\/product\/2781","targetHints":{"allow":["GET"]}}],"collection":[{"href":"https:\/\/coletivoamarelo.com\/de\/wp-json\/wp\/v2\/product"}],"about":[{"href":"https:\/\/coletivoamarelo.com\/de\/wp-json\/wp\/v2\/types\/product"}],"wp:featuredmedia":[{"embeddable":true,"href":"https:\/\/coletivoamarelo.com\/de\/wp-json\/wp\/v2\/media\/2784"}],"wp:attachment":[{"href":"https:\/\/coletivoamarelo.com\/de\/wp-json\/wp\/v2\/media?parent=2781"}],"wp:term":[{"taxonomy":"product_brand","embeddable":true,"href":"https:\/\/coletivoamarelo.com\/de\/wp-json\/wp\/v2\/product_brand?post=2781"},{"taxonomy":"product_cat","embeddable":true,"href":"https:\/\/coletivoamarelo.com\/de\/wp-json\/wp\/v2\/product_cat?post=2781"},{"taxonomy":"product_tag","embeddable":true,"href":"https:\/\/coletivoamarelo.com\/de\/wp-json\/wp\/v2\/product_tag?post=2781"}],"curies":[{"name":"wp","href":"https:\/\/api.w.org\/{rel}","templated":true}]}}